{"id":491,"date":"2014-11-12T14:41:47","date_gmt":"2014-11-12T14:41:47","guid":{"rendered":"https:\/\/kiefonline.com\/?page_id=491"},"modified":"2026-01-20T13:43:37","modified_gmt":"2026-01-20T13:43:37","slug":"how-to-order","status":"publish","type":"page","link":"https:\/\/kiefonline.com\/tr\/how-to-order\/","title":{"rendered":"Nas\u0131l sipari\u015f verilir"},"content":{"rendered":"<h2><em>Sizi anneniz gibi \u00f6nemsiyoruz<\/em><\/h2>\n<h2><em>olurdu.\"<\/em><\/h2>\n<h3>\u00c7al\u0131\u015fma saatleri<\/h3>\n<p>Telefonla sipari\u015fler: Pazartesi-Cumartesi 10:00-22:00  ||  Pazar 10:00-20:00<br \/>\nOnline sipari\u015fler: 24 saat, 7 g\u00fcn<br \/>\n<strong>Teslimat Saatleri: Pazartesi-Cumartesi 12:30-21:00 || Pazar 11:30-20:00<\/strong><\/p>\n<p><strong>\u00dcCRETS\u0130Z TESL\u0130MAT \u2013 posta koduna g\u00f6re belirlenen minimum sipari\u015f tutar\u0131<br \/>\n<\/strong><\/p>\n<p><strong>Teslimat \u00d6deme Se\u00e7enekleri: Bitcoin, Cash App \u00fczerinden banka kartlar\u0131 ve E-Transferleri kabul ediyoruz (PayPal \u00f6demesi i\u00e7in kimlik gereklidir).<\/strong><\/p>\n<h3>Teslimat Planlay\u0131n<\/h3>\n<p>Normal \u00e7al\u0131\u015fma saatlerimiz i\u00e7inde telefonla sipari\u015f al\u0131yoruz. Ayr\u0131ca, web sitemizden 7 g\u00fcn 24 saat sipari\u015f verebilirsiniz.<br \/>\nSipari\u015finizin verildi\u011fi anda, \u015fof\u00f6r\u00fcm\u00fcz teslimat saatinizi* telefonla teyit edecektir. Teyit edildikten sonra, m\u00fc\u015fteri belirtilen adreste teslimat saatinde haz\u0131r bulunmal\u0131d\u0131r.<\/p>\n<p>Teslimat, USPS, UPS, Fedex veya Royal Mail arac\u0131l\u0131\u011f\u0131yla Discreet Dropoff taraf\u0131ndan ger\u00e7ekle\u015ftirilir. Discreet Dropoff, paketin toplanmas\u0131ndan ve belirtilen teslimat adresine teslim edilmesinden de sorumludur.<br \/>\n*T\u00fcm saatler yakla\u015f\u0131k olup trafik durumuna g\u00f6re de\u011fi\u015fiklik g\u00f6sterebilir.<\/p>\n<h3>G\u00fcvenlik Kurallar\u0131<\/h3>\n<ul>\n<li>Hizmetin veya personelimizin k\u00f6t\u00fcye kullan\u0131lmas\u0131, hizmetin reddedilmesine neden olacakt\u0131r.<\/li>\n<li>S\u00fcr\u00fcc\u00fc, sipari\u015finiz d\u0131\u015f\u0131nda ba\u015fka hi\u00e7bir \u00fcr\u00fcn ta\u015f\u0131maz.<\/li>\n<li>\u201cG\u00f6nder\u201d d\u00fc\u011fmesine t\u0131klad\u0131\u011f\u0131n\u0131zda sipari\u015f kesinle\u015fmelidir.<\/li>\n<li>S\u00fcr\u00fcc\u00fc ara\u00e7lar\u0131nda g\u00fcvenlik kameralar\u0131 bulunmakta ve g\u00fcvenlik merkezi taraf\u0131ndan GPS arac\u0131l\u0131\u011f\u0131yla takip edilmektedir.<\/li>\n<li>S\u00fcr\u00fcc\u00fcler, herhangi bir ki\u015fiye hizmet vermeyi reddetme hakk\u0131n\u0131 sakl\u0131 tutar.<\/li>\n<li>Sadece ikamet etti\u011finiz adrese, i\u015f yerinize veya kay\u0131tl\u0131 oldu\u011funuz otele teslimat yap\u0131yoruz. Adresler ve ileti\u015fim numaralar\u0131 do\u011frulanacakt\u0131r.<\/li>\n<\/ul>\n<p>S\u00fcr\u00fcc\u00fclerimiz \u00fcniforma giyecek ve i\u015faretli ara\u00e7 kullanmayacakt\u0131r. S\u00fcr\u00fcc\u00fcler, en iyi uygulamalar\u0131 sa\u011flamak i\u00e7in e\u011fitimli g\u00fcvenlik personelimiz taraf\u0131ndan rastgele ve anonim olarak takip edilmektedir.<\/p>\n<p>Teslimatlar, gizlenmi\u015f ila\u00e7 kutular\u0131nda paketlenir ve al\u00fcminyum laminasyonlu mylar m\u00fch\u00fcrl\u00fc po\u015fetler kullan\u0131larak vakumla kapat\u0131lm\u0131\u015f esrar i\u00e7eri\u011fi ile birlikte g\u00f6nderilir.<\/p>","protected":false},"excerpt":{"rendered":"<p>We take care of you like your mama would.\u201d Hours Phone orders: Mon-Sat 10am-10pm\u00a0 ||\u00a0 Sun 10am-8pm Online orders: 24 hours a day 7 days a week Delivery Hours:\u00a0Mon-Sat 12:30am-9pm || Sun 11:30am-8pm FREE DELIVERY \u2013 minimum order amount determined by zip code Delivery Payment Options: We accept bitcoin, debit cards via Cash App and [&hellip;]<\/p>","protected":false},"author":1,"featured_media":0,"parent":0,"menu_order":0,"comment_status":"closed","ping_status":"closed","template":"","meta":{"_monsterinsights_skip_tracking":false,"_monsterinsights_sitenote_active":false,"_monsterinsights_sitenote_note":"","_monsterinsights_sitenote_category":0,"_joinchat":[],"footnotes":""},"yst_prominent_words":[],"class_list":["post-491","page","type-page","status-publish","hentry"],"yoast_head":"<!-- This site is optimized with the Yoast SEO Premium plugin v14.5 - https:\/\/yoast.com\/wordpress\/plugins\/seo\/ -->\n<title>How to order - Kief Online Shop<\/title>\n<meta name=\"robots\" content=\"index, follow\" \/>\n<meta name=\"googlebot\" content=\"index, follow, max-snippet:-1, max-image-preview:large, max-video-preview:-1\" \/>\n<meta name=\"bingbot\" content=\"index, follow, max-snippet:-1, max-image-preview:large, max-video-preview:-1\" \/>\n<link rel=\"canonical\" href=\"https:\/\/kiefonline.com\/tr\/how-to-order\/\" \/>\n<meta property=\"og:locale\" content=\"tr_TR\" \/>\n<meta property=\"og:type\" content=\"article\" \/>\n<meta property=\"og:title\" content=\"How to order - Kief Online Shop\" \/>\n<meta property=\"og:description\" content=\"We take care of you like your mama would.\u201d Hours Phone orders: Mon-Sat 10am-10pm\u00a0 ||\u00a0 Sun 10am-8pm Online orders: 24 hours a day 7 days a week Delivery Hours:\u00a0Mon-Sat 12:30am-9pm || Sun 11:30am-8pm FREE DELIVERY \u2013 minimum order amount determined by zip code Delivery Payment Options: We accept bitcoin, debit cards via Cash App and [&hellip;]\" \/>\n<meta property=\"og:url\" content=\"https:\/\/kiefonline.com\/tr\/how-to-order\/\" \/>\n<meta property=\"og:site_name\" content=\"Kief Online Shop\" \/>\n<meta property=\"article:modified_time\" content=\"2026-01-20T13:43:37+00:00\" \/>\n<meta name=\"twitter:card\" content=\"summary_large_image\" \/>\n<script type=\"application\/ld+json\" class=\"yoast-schema-graph\">{\"@context\":\"https:\/\/schema.org\",\"@graph\":[{\"@type\":\"WebSite\",\"@id\":\"https:\/\/kiefonline.com\/tr\/#website\",\"url\":\"https:\/\/kiefonline.com\/tr\/\",\"name\":\"Kief Online Shop\",\"description\":\"Cannabis products for sale\",\"potentialAction\":[{\"@type\":\"SearchAction\",\"target\":\"https:\/\/kiefonline.com\/tr\/?s={search_term_string}\",\"query-input\":\"required name=search_term_string\"}],\"inLanguage\":\"tr\"},{\"@type\":\"WebPage\",\"@id\":\"https:\/\/kiefonline.com\/how-to-order\/#webpage\",\"url\":\"https:\/\/kiefonline.com\/how-to-order\/\",\"name\":\"How to order - Kief Online Shop\",\"isPartOf\":{\"@id\":\"https:\/\/kiefonline.com\/tr\/#website\"},\"datePublished\":\"2014-11-12T14:41:47+00:00\",\"dateModified\":\"2026-01-20T13:43:37+00:00\",\"inLanguage\":\"tr\",\"potentialAction\":[{\"@type\":\"ReadAction\",\"target\":[\"https:\/\/kiefonline.com\/how-to-order\/\"]}]},{\"@type\":\"Place\",\"@id\":\"https:\/\/kiefonline.com\/how-to-order\/#local-place\",\"address\":{\"@type\":\"PostalAddress\",\"@id\":\"https:\/\/kiefonline.com\/how-to-order\/#local-place-address\",\"streetAddress\":\"\",\"addressLocality\":\"\",\"postalCode\":\"\",\"addressRegion\":\"\",\"addressCountry\":\"\"},\"geo\":{\"@type\":\"GeoCoordinates\",\"latitude\":\"\",\"longitude\":\"\"},\"openingHoursSpecification\":[{\"@type\":\"OpeningHoursSpecification\",\"dayOfWeek\":[\"Monday\",\"Tuesday\",\"Wednesday\",\"Thursday\",\"Friday\",\"Saturday\",\"Sunday\"],\"opens\":\"09:00\",\"closes\":\"17:00\"}]}]}<\/script>\n<!-- \/ Yoast SEO Premium plugin. -->","jetpack_sharing_enabled":true,"_links":{"self":[{"href":"https:\/\/kiefonline.com\/tr\/wp-json\/wp\/v2\/pages\/491","targetHints":{"allow":["GET"]}}],"collection":[{"href":"https:\/\/kiefonline.com\/tr\/wp-json\/wp\/v2\/pages"}],"about":[{"href":"https:\/\/kiefonline.com\/tr\/wp-json\/wp\/v2\/types\/page"}],"author":[{"embeddable":true,"href":"https:\/\/kiefonline.com\/tr\/wp-json\/wp\/v2\/users\/1"}],"replies":[{"embeddable":true,"href":"https:\/\/kiefonline.com\/tr\/wp-json\/wp\/v2\/comments?post=491"}],"version-history":[{"count":2,"href":"https:\/\/kiefonline.com\/tr\/wp-json\/wp\/v2\/pages\/491\/revisions"}],"predecessor-version":[{"id":8588,"href":"https:\/\/kiefonline.com\/tr\/wp-json\/wp\/v2\/pages\/491\/revisions\/8588"}],"wp:attachment":[{"href":"https:\/\/kiefonline.com\/tr\/wp-json\/wp\/v2\/media?parent=491"}],"wp:term":[{"taxonomy":"yst_prominent_words","embeddable":true,"href":"https:\/\/kiefonline.com\/tr\/wp-json\/wp\/v2\/yst_prominent_words?post=491"}],"curies":[{"name":"wp","href":"https:\/\/api.w.org\/{rel}","templated":true}]}}