{"id":3,"date":"2020-05-06T01:32:59","date_gmt":"2020-05-06T01:32:59","guid":{"rendered":"https:\/\/kiefonline.com\/?page_id=3"},"modified":"2026-01-20T13:17:38","modified_gmt":"2026-01-20T13:17:38","slug":"privacy-policy","status":"publish","type":"page","link":"https:\/\/kiefonline.com\/tr\/privacy-policy\/","title":{"rendered":"Gizlilik Politikas\u0131"},"content":{"rendered":"<p><strong>Gizlilik Hakk\u0131n\u0131z<\/strong><\/p>\n<p>Bu bildirimde, \u201cKief Online\u201dun bu web sitesi ve herhangi bir Kief Online Store Uygulamas\u0131 ile etkile\u015fimlerinizde gizlili\u011finizi nas\u0131l korudu\u011funu a\u00e7\u0131kl\u0131yoruz. Uygulamalardan bahsederken, bir yaz\u0131l\u0131m uygulamas\u0131ndan mobil cihaza indirilebilen ve Kief Online Store \u0130nternet Sitelerine ve\/veya herhangi bir Kief Online Store Inc Hizmetine eri\u015fmek i\u00e7in kullan\u0131labilen bir Kief Online Store uygulamas\u0131n\u0131 kastediyoruz.<\/p>\n<p>When we talk about \u201dkanashop Store\u201d or \u201cus\u201d or \u201cwe\u201d in this statement we are referring to Buds4high\u00a0 \u201cKief Online\u201d refers to Kief Online, its subsidiaries, affiliates and their respective parent and subsidiary companies.<\/p>\n<p><strong>Bilgilerin Toplanmas\u0131 ve Kullan\u0131m\u0131<\/strong><\/p>\n<p>M\u00fc\u015fteri olarak sizinle ilgili ki\u015fisel verileri ve Kief Online gibi \u00e7evrimi\u00e7i kanallar\u0131m\u0131zla olan etkile\u015fimlerinize ili\u015fkin verileri toplar\u0131z. Bilgilerinizi toplamadan \u00f6nce, bu bilgileri nas\u0131l kullanmay\u0131 planlad\u0131\u011f\u0131m\u0131z\u0131 her zaman size bildiririz, b\u00f6ylece bu bilgileri sa\u011flamak isteyip istemedi\u011finize karar verebilirsiniz. Bilgilerinizi nas\u0131l kulland\u0131\u011f\u0131m\u0131z hakk\u0131nda daha fazla bilgi i\u00e7in Veri Koruma Bildirimimizi okumal\u0131 veya do\u011frudan bizimle ileti\u015fime ge\u00e7melisiniz.<\/p>\n<p>Web sitemizi gezdi\u011finizde ve uygulamalar\u0131m\u0131z\u0131 kulland\u0131\u011f\u0131n\u0131zda, web sunucular\u0131m\u0131z ziyaretinizle ilgili \u015fu t\u00fcr verileri toplar:<\/p>\n<ul>\n<li>G\u00f6r\u00fcnt\u00fcledi\u011finiz sayfalar;<\/li>\n<li>Bu sayfalarda ger\u00e7ekle\u015ftirdi\u011finiz belirli etkile\u015fimler;<\/li>\n<li>Belirli bir sayfay\u0131 ka\u00e7 kez ziyaret etmi\u015f olabilece\u011finiz; veya<\/li>\n<li>Belirli sayfalarda ge\u00e7irdi\u011finiz s\u00fcre.<\/li>\n<\/ul>\n<p>&nbsp;<\/p>\n<p>Baz\u0131 durumlarda, toplad\u0131\u011f\u0131m\u0131z veriler anonim olacak ve bize sadece hangi sayfalar\u0131n en fazla aktivite g\u00f6rd\u00fc\u011f\u00fcn\u00fc ve genel olarak m\u00fc\u015fterilerimizin \u00f6zellikle ilgisini \u00e7ekti\u011fini g\u00f6sterecektir. Kief Online \u0130nternet Sitelerine ve\/veya herhangi bir Kief Online Hizmetine giri\u015f yapt\u0131\u011f\u0131n\u0131zda ve bunlar\u0131 kulland\u0131\u011f\u0131n\u0131zda, hangi sayfalara \u00f6zellikle ilgi g\u00f6sterdi\u011finizi, hangi sayfalar\u0131 birden fazla kez ziyaret etti\u011finizi ve ayr\u0131ca hangi sayfalarda en fazla zaman ge\u00e7irdi\u011finizi belirleyebilece\u011fiz. Bu i\u015fi \u00e7o\u011funlukla kendimiz yapaca\u011f\u0131z, ancak bazen Google Analytics'i kullanarak yard\u0131m alaca\u011f\u0131z. Her durumda, bu i\u015fi sorumlu bir \u015fekilde y\u00fcr\u00fctece\u011fiz.<\/p>\n<p>Bu veriler, m\u00fc\u015fteri taban\u0131m\u0131z\u0131 daha iyi anlayarak ve takdir ederek size daha verimli ve etkili bir m\u00fc\u015fteri hizmeti sunmam\u0131z\u0131 sa\u011flar. Sizi \u00f6zel olarak tan\u0131mlad\u0131\u011f\u0131m\u0131z durumlarda, size daha ki\u015fiselle\u015ftirilmi\u015f bir kullan\u0131c\u0131 deneyimi sunabilir ve ya\u015fad\u0131\u011f\u0131n\u0131z veya ya\u015fayabilece\u011finiz m\u00fc\u015fteri hizmetleri sorunlar\u0131nda size yard\u0131mc\u0131 olabiliriz.<\/p>\n<p><strong>Etkile\u015fimli Alanlar<\/strong><\/p>\n<p>Web sitemiz ve uygulamalar\u0131m\u0131z, \u00e7evrimi\u00e7i gezinirken Kief Online Inc \u00e7al\u0131\u015fanlar\u0131yla do\u011frudan konu\u015fman\u0131za olanak tan\u0131yan sohbet se\u00e7enekleri sunabilir. Bu sohbet se\u00e7enekleri bazen ekran\u0131n\u0131zda otomatik olarak g\u00f6r\u00fcn\u00fcr, bunlar iste\u011fe ba\u011fl\u0131 bir hizmettir ve bunlarla etkile\u015fim kurmak isteyip istemedi\u011finize karar verebilirsiniz. Bu sohbet hizmeti, web sitemizde bulunan ve sohbet se\u00e7ene\u011fini kullanmadan \u00f6nce okuman\u0131z gereken Kief Online Inc kullan\u0131m \u015fartlar\u0131 ve ko\u015fullar\u0131na tabidir. Bu sohbet se\u00e7enekleri ve di\u011fer Etkile\u015fimli Alanlar (tart\u0131\u015fma forumlar\u0131, b\u00fclten panolar\u0131, bloglar) ile etkile\u015fim kurarken bunu sorumlu bir \u015fekilde yapman\u0131z \u00f6nemlidir. Bu hizmetleri kullan\u0131rken hi\u00e7bir ko\u015fulda ki\u015fisel veya finansal bilgilerinizi vermemelisiniz. Ancak, bizimle do\u011frudan ileti\u015fime ge\u00e7mek isterseniz, ad\u0131n\u0131z ve ileti\u015fim bilgileriniz gibi belirli bilgileri bize vermeyi tercih edebilirsiniz. Bunu yaparsan\u0131z, bu bilgileri yaln\u0131zca yorumlar\u0131n\u0131za veya sorular\u0131n\u0131za yan\u0131t vermek ve bunlar\u0131 ele almak i\u00e7in kullanaca\u011f\u0131z.<\/p>\n<p><strong>Bilgilerinizi Nas\u0131l G\u00fcvende Tutuyoruz<\/strong><\/p>\n<p>Bilgilerinizin nas\u0131l kullan\u0131ld\u0131\u011f\u0131, sakland\u0131\u011f\u0131 ve payla\u015f\u0131ld\u0131\u011f\u0131 konusunda hassas oldu\u011funuzu biliyoruz. Bu konuda bize g\u00fcvendi\u011finiz i\u00e7in te\u015fekk\u00fcr ederiz. Bilgilerinizi korumak i\u00e7in Kanada yasalar\u0131na uygun ve Avrupa Birli\u011fi standartlar\u0131n\u0131 kar\u015f\u0131layan g\u00fcvenlik \u00f6nlemleri kullan\u0131yoruz. Bu \u00f6nlemler aras\u0131nda bilgisayar g\u00fcvenli\u011fi, g\u00fcvenli dosyalar ve binalar bulunmaktad\u0131r. Kief Online web sitesinde, gizlili\u011finizi ve ki\u015fisel verilerinizi nas\u0131l korudu\u011fumuz hakk\u0131nda daha fazla bilgi edinebilirsiniz.<\/p>\n<p><strong>Eri\u015fim Hakk\u0131n\u0131z<\/strong><\/p>\n<p>Veri Koruma Kanunlar\u0131 uyar\u0131nca, hakk\u0131n\u0131zda tuttu\u011fumuz ki\u015fisel bilgileri g\u00f6rme hakk\u0131na sahipsiniz. Bu bilgilerin bir kopyas\u0131n\u0131 almak i\u00e7in bize \u015fu adrese yaz\u0131n: Subject Access Request (SARS), Kief Online., 18 Canso Road Toronto, ON M9W 4L8. Bilgilerinizde de\u011fi\u015fiklik olursa veya bilgilerinimizin yanl\u0131\u015f veya g\u00fcncel olmad\u0131\u011f\u0131n\u0131 d\u00fc\u015f\u00fcn\u00fcyorsan\u0131z l\u00fctfen bize bildirin, bilgileri de\u011fi\u015ftirece\u011fiz.<\/p>\n<p>&nbsp;<\/p>\n<p><strong>\u00c7erezler<\/strong><\/p>\n<p>Bu b\u00f6l\u00fcmde genel olarak \u00e7erezler, \u00e7erezleri nas\u0131l kulland\u0131\u011f\u0131m\u0131z, neden kulland\u0131\u011f\u0131m\u0131z ve bunun size sundu\u011fumuz hizmeti nas\u0131l iyile\u015ftirdi\u011fimiz hakk\u0131nda bilgi verilmektedir. Web sitelerimizi ve uygulamalar\u0131m\u0131z\u0131 (herhangi bir cihaz arac\u0131l\u0131\u011f\u0131yla) kullanarak, \u00e7erezlerin bu \u015fekilde kullan\u0131m\u0131n\u0131n, ge\u00e7erli olabilecek di\u011fer \u015fart ve ko\u015fullara ek olarak bu kullan\u0131ma da uyguland\u0131\u011f\u0131n\u0131 kabul etmi\u015f olursunuz. Kief Online Inc'in \u00e7erez kullan\u0131m\u0131 zaman zaman de\u011fi\u015febilir. Bu t\u00fcr de\u011fi\u015fiklikler burada yay\u0131nlanacak ve hemen y\u00fcr\u00fcrl\u00fc\u011fe girecektir. Web sitelerimizi ve uygulamalar\u0131m\u0131z\u0131 kullanmaya devam etmeniz, bu t\u00fcr de\u011fi\u015fiklikleri kabul etti\u011finiz anlam\u0131na gelir.<\/p>\n<ul>\n<li>\u00c7erez nedir? \u2013 \u00c7erezler, bir web sitesini ziyaret etti\u011finizde veya \u00e7evrimi\u00e7i uygulamalar\u0131m\u0131z\u0131 kulland\u0131\u011f\u0131n\u0131zda, internet eri\u015fimi i\u00e7in bilgisayar\u0131n\u0131za, ak\u0131ll\u0131 telefonunuza, tabletinize veya di\u011fer cihazlar\u0131n\u0131za g\u00f6nderilen ve bu cihazlarda depolanan k\u00fc\u00e7\u00fck metin dosyalar\u0131d\u0131r. \u00c7erezler, bir web sitesini ziyaret etti\u011finizde tarama faaliyetlerinizin b\u00fct\u00fcnl\u00fc\u011f\u00fcn\u00fc korumak i\u00e7in kullan\u0131l\u0131r ve ayr\u0131ca bireysel m\u00fc\u015fteri deneyimini \u00f6zelle\u015ftirmek ve iyile\u015ftirmek i\u00e7in de kullan\u0131labilir. \u00c7erezler, bilgisayar\u0131n\u0131z\u0131n g\u00fcvenli\u011fini hi\u00e7bir \u015fekilde tehlikeye atmaz. Bilgisayar\u0131n\u0131zda \u00e7erezleri devre d\u0131\u015f\u0131 b\u0131rakmay\u0131 se\u00e7erseniz, bu web sitesini i\u015flevsellik kayb\u0131 olmadan kullanmaya devam edebilirsiniz. Ancak, Kief Online web sitelerinin ve uygulamalar\u0131n\u0131n kullan\u0131m\u0131, hizmetlerimizin g\u00fcvenli ve do\u011fru bir \u015fekilde \u00e7al\u0131\u015fmas\u0131 i\u00e7in \u00e7erezlerin etkinle\u015ftirilmesini gerektirir. \u00c7erezler hakk\u0131nda daha genel bilgiler aboutcookies.org adresinde bulunabilir. Bu bilgiler, \u00e7erezleri nas\u0131l devre d\u0131\u015f\u0131 b\u0131rakaca\u011f\u0131n\u0131zla ilgili bilgileri de i\u00e7erir. \u00c7erezler i\u00e7in beklenen standartlar da dahil olmak \u00fczere, web sitelerindeki Gizlilik Beyanlar\u0131n\u0131n i\u00e7eri\u011fi ve kullan\u0131m\u0131 ile ilgili Veri Koruma Komiseri Ofisi'nin y\u00f6nergeleri http:\/\/www.dataprotection.ie\/docs\/PrivStatements\/290.htm adresinde bulunabilir.<\/li>\n<li>\u00c7erezleri Nas\u0131l Kullan\u0131yoruz \u2013 Kief Online Inc, web sitemizin trafi\u011fini izlemek, daha iyi hizmet seviyeleri sa\u011flamak ve size \u00f6zelle\u015ftirilmi\u015f hizmet sunumu gibi ek \u00f6zellikler sunabilmek i\u00e7in \u00e7erezler kullan\u0131r. Bunu ba\u015farmak i\u00e7in farkl\u0131 t\u00fcrde \u00e7erezler kullan\u0131l\u0131r. Hepsi ayn\u0131 \u015fekilde \u00e7al\u0131\u015f\u0131r, ancak a\u015fa\u011f\u0131da a\u00e7\u0131klanan k\u00fc\u00e7\u00fck farkl\u0131l\u0131klar vard\u0131r.<\/li>\n<li>\u00c7erez T\u00fcrleri \u2013\n<ul>\n<li>Oturum \u00c7erezleri \u2013 Oturum \u00e7erezleri yaln\u0131zca ziyaretiniz s\u00fcresince ge\u00e7erlidir ve taray\u0131c\u0131n\u0131z\u0131 kapatt\u0131\u011f\u0131n\u0131zda silinir. Bu \u00e7erezler, sitenin g\u00fcvenli bir \u015fekilde gezinilebilmesi ve temel i\u015flevlerin sunulabilmesi i\u00e7in gereklidir. \u00d6zellikle, oturumunuzun g\u00fcvenli\u011fini ve b\u00fct\u00fcnl\u00fc\u011f\u00fcn\u00fc sa\u011flar, sahte kullan\u0131mlar\u0131 \u00f6nler ve sayfalar aras\u0131nda ge\u00e7i\u015f yaparken ve hesab\u0131n\u0131zla ilgili i\u015flemler yaparken oturumunuzun a\u00e7\u0131k kalmas\u0131n\u0131 sa\u011flar.<\/li>\n<li>Kal\u0131c\u0131 \u00c7erezler \u2013 Kal\u0131c\u0131 \u00e7erezler, taray\u0131c\u0131n\u0131z\u0131 kapatt\u0131ktan sonra da kal\u0131r ve eylemlerinizi ve web sitesi tercihlerinizi hat\u0131rlamam\u0131z\u0131 sa\u011flar. Kief Online Inc, sitelerimize yap\u0131lan m\u00fc\u015fteri ziyaretlerini analiz etmek i\u00e7in kal\u0131c\u0131 \u00e7erezler kullan\u0131r. Bu \u00e7erezler, m\u00fc\u015fterilerin sitelerimize nas\u0131l ula\u015ft\u0131\u011f\u0131n\u0131 ve sitelerimizi nas\u0131l kulland\u0131\u011f\u0131n\u0131 anlamam\u0131za yard\u0131mc\u0131 olur, b\u00f6ylece Kief Online'\u0131n genel \u00e7evrimi\u00e7i deneyimini iyile\u015ftirebiliriz.<\/li>\n<li>Analitik \u00c7erezler \u2013 Son olarak, web sitelerimizi d\u00fczenli olarak ziyaret edenler i\u00e7in daha da iyile\u015ftirmek amac\u0131yla analitik \u00e7erezler kullan\u0131yoruz. Bu t\u00fcr \u00e7erezler, bireysel ziyaret\u00e7ilerin \u00e7evrimi\u00e7i hizmetlerimizi nas\u0131l kulland\u0131\u011f\u0131n\u0131 daha iyi anlamam\u0131za yard\u0131mc\u0131 olur ve size sundu\u011fumuz genel hizmet ve \u00fcr\u00fcnleri iyile\u015ftirmemizi sa\u011flar.<\/li>\n<\/ul>\n<\/li>\n<\/ul>\n<p>&nbsp;<\/p>\n<p><strong>Feragatname<\/strong><\/p>\n<p>Bu Site ve Uygulamalar\u0131m\u0131z, Kief Online Inc taraf\u0131ndan y\u00f6netilen ilgili web sitelerine hipermetin ba\u011flant\u0131lar\u0131 i\u00e7erebilir ve bu t\u00fcr sitelere girdi\u011finizde, s\u00f6z konusu sitelerin h\u00fck\u00fcm ve ko\u015fullar\u0131na tabi olaca\u011f\u0131n\u0131z konusunda uyar\u0131l\u0131rs\u0131n\u0131z. Kief Online taraf\u0131ndan y\u00f6netilmeyen web sitelerine ba\u011flant\u0131lar da olabilir ve bu t\u00fcr k\u00f6pr\u00fc metin ba\u011flant\u0131lar\u0131 arac\u0131l\u0131\u011f\u0131yla di\u011fer web sitelerine girdi\u011finizde, Kief Online'\u0131n h\u00fck\u00fcm ve ko\u015fullar\u0131na tabi olmayaca\u011f\u0131n\u0131z ve Sitemizi kullan\u0131rken size sa\u011flanan korumalardan yararlanamayaca\u011f\u0131n\u0131z konusunda uyar\u0131l\u0131rs\u0131n\u0131z. Kief Online Dispensary Store Inc, bu t\u00fcr \u00fc\u00e7\u00fcnc\u00fc taraf web sitelerinin i\u00e7eri\u011fi, kullan\u0131labilirli\u011fi veya kullan\u0131m\u0131ndan hi\u00e7bir \u015fekilde sorumlu olmayacakt\u0131r ve bu t\u00fcr ba\u011flant\u0131lar\u0131 tamamen kendi sorumlulu\u011funuzda kullan\u0131rs\u0131n\u0131z.<\/p>\n<p><strong>Ek Bilgiler<\/strong><\/p>\n<p>Kief Online Inc, bize hizmet sa\u011flayan \u00fc\u00e7\u00fcnc\u00fc taraflarla i\u015fbirli\u011fi yapmaktad\u0131r. Web sitemizden bu taraflar\u0131n web sitelerine ula\u015fabilirsiniz. Ortaklar\u0131m\u0131z \u00e7erez kullanabilir ve bu konuda daha fazla bilgiyi onlar\u0131n web sitelerinde bulabilirsiniz.<\/p>\n<p><strong>De\u011fi\u015fiklikler<\/strong><\/p>\n<p>Kief Online Inc, bu gizlilik beyan\u0131n\u0131 herhangi bir zamanda kendi takdirine ba\u011fl\u0131 olarak de\u011fi\u015ftirme hakk\u0131n\u0131 sakl\u0131 tutar. Bu gizlilik beyan\u0131n\u0131 d\u00fczenli olarak kontrol ederek de\u011fi\u015fiklikleri takip etmelisiniz.<\/p>\n<p><strong>\u015eartlar ve Ko\u015fullar<\/strong><\/p>\n<p>Bu Gizlilik Beyan\u0131, Kief Online web sitesinin Kullan\u0131m \u015eartlar\u0131 ve Ko\u015fullar\u0131na tabidir. Bu \u015fartlar\u0131n ve ko\u015fullar\u0131n bir kopyas\u0131 www.cannmart.com adresinde mevcuttur. Bu Gizlilik Beyan\u0131 ile Kullan\u0131m \u015eartlar\u0131 ve Ko\u015fullar\u0131 aras\u0131nda bir \u00e7eli\u015fki olmas\u0131 durumunda, Kullan\u0131m \u015eartlar\u0131 ve Ko\u015fullar\u0131 ge\u00e7erli olaca\u011f\u0131ndan, kullan\u0131m \u015fartlar\u0131n\u0131 ve ko\u015fullar\u0131n\u0131 okuman\u0131z \u00f6nemlidir.<\/p>\n<p>Bu web sitesine eri\u015ferek ve gezinmeye devam ederek veya Uygulamalar\u0131m\u0131z\u0131 indirip kullanarak, ki\u015fisel verilerinizin yukar\u0131da belirtilen \u015fekilde i\u015flenmesini kabul ve onaylam\u0131\u015f olursunuz. Ayr\u0131ca, belirli durumlarda doland\u0131r\u0131c\u0131l\u0131\u011f\u0131 \u00f6nlemek, tespit etmek veya engellemek i\u00e7in sizinle ilgili ki\u015fisel bilgileri \u00fc\u00e7\u00fcnc\u00fc taraflara if\u015fa etmek zorunda kalabilece\u011fimizi de kabul edersiniz.<\/p>","protected":false},"excerpt":{"rendered":"<p>Your Right to Privacy In this statement, we explain how \u201cKief Online\u201d respect your privacy in relation to interactions with this website and any Kief Online Store App. When we talk about Apps we mean a Kief Online Store application which can either be downloaded from a software application to a mobile device and can [&hellip;]<\/p>","protected":false},"author":1,"featured_media":0,"parent":0,"menu_order":0,"comment_status":"closed","ping_status":"open","template":"","meta":{"_monsterinsights_skip_tracking":false,"_monsterinsights_sitenote_active":false,"_monsterinsights_sitenote_note":"","_monsterinsights_sitenote_category":0,"_joinchat":[],"footnotes":""},"yst_prominent_words":[],"class_list":["post-3","page","type-page","status-publish","hentry"],"yoast_head":"<!-- This site is optimized with the Yoast SEO Premium plugin v14.5 - https:\/\/yoast.com\/wordpress\/plugins\/seo\/ -->\n<title>Privacy Policy - Kief Online Shop<\/title>\n<meta name=\"robots\" content=\"index, follow\" \/>\n<meta name=\"googlebot\" content=\"index, follow, max-snippet:-1, max-image-preview:large, max-video-preview:-1\" \/>\n<meta name=\"bingbot\" content=\"index, follow, max-snippet:-1, max-image-preview:large, max-video-preview:-1\" \/>\n<link rel=\"canonical\" href=\"https:\/\/kiefonline.com\/tr\/privacy-policy\/\" \/>\n<meta property=\"og:locale\" content=\"tr_TR\" \/>\n<meta property=\"og:type\" content=\"article\" \/>\n<meta property=\"og:title\" content=\"Privacy Policy - Kief Online Shop\" \/>\n<meta property=\"og:description\" content=\"Your Right to Privacy In this statement, we explain how \u201cKief Online\u201d respect your privacy in relation to interactions with this website and any Kief Online Store App. When we talk about Apps we mean a Kief Online Store application which can either be downloaded from a software application to a mobile device and can [&hellip;]\" \/>\n<meta property=\"og:url\" content=\"https:\/\/kiefonline.com\/tr\/privacy-policy\/\" \/>\n<meta property=\"og:site_name\" content=\"Kief Online Shop\" \/>\n<meta property=\"article:modified_time\" content=\"2026-01-20T13:17:38+00:00\" \/>\n<meta name=\"twitter:card\" content=\"summary_large_image\" \/>\n<script type=\"application\/ld+json\" class=\"yoast-schema-graph\">{\"@context\":\"https:\/\/schema.org\",\"@graph\":[{\"@type\":\"WebSite\",\"@id\":\"https:\/\/kiefonline.com\/tr\/#website\",\"url\":\"https:\/\/kiefonline.com\/tr\/\",\"name\":\"Kief Online Shop\",\"description\":\"Cannabis products for sale\",\"potentialAction\":[{\"@type\":\"SearchAction\",\"target\":\"https:\/\/kiefonline.com\/tr\/?s={search_term_string}\",\"query-input\":\"required name=search_term_string\"}],\"inLanguage\":\"tr\"},{\"@type\":\"WebPage\",\"@id\":\"https:\/\/kiefonline.com\/privacy-policy\/#webpage\",\"url\":\"https:\/\/kiefonline.com\/privacy-policy\/\",\"name\":\"Privacy Policy - Kief Online Shop\",\"isPartOf\":{\"@id\":\"https:\/\/kiefonline.com\/tr\/#website\"},\"datePublished\":\"2020-05-06T01:32:59+00:00\",\"dateModified\":\"2026-01-20T13:17:38+00:00\",\"inLanguage\":\"tr\",\"potentialAction\":[{\"@type\":\"ReadAction\",\"target\":[\"https:\/\/kiefonline.com\/privacy-policy\/\"]}]},{\"@type\":\"Place\",\"@id\":\"https:\/\/kiefonline.com\/privacy-policy\/#local-place\",\"address\":{\"@type\":\"PostalAddress\",\"@id\":\"https:\/\/kiefonline.com\/privacy-policy\/#local-place-address\",\"streetAddress\":\"\",\"addressLocality\":\"\",\"postalCode\":\"\",\"addressRegion\":\"\",\"addressCountry\":\"\"},\"geo\":{\"@type\":\"GeoCoordinates\",\"latitude\":\"\",\"longitude\":\"\"},\"openingHoursSpecification\":[{\"@type\":\"OpeningHoursSpecification\",\"dayOfWeek\":[\"Monday\",\"Tuesday\",\"Wednesday\",\"Thursday\",\"Friday\",\"Saturday\",\"Sunday\"],\"opens\":\"09:00\",\"closes\":\"17:00\"}]}]}<\/script>\n<!-- \/ Yoast SEO Premium plugin. -->","jetpack_sharing_enabled":true,"_links":{"self":[{"href":"https:\/\/kiefonline.com\/tr\/wp-json\/wp\/v2\/pages\/3","targetHints":{"allow":["GET"]}}],"collection":[{"href":"https:\/\/kiefonline.com\/tr\/wp-json\/wp\/v2\/pages"}],"about":[{"href":"https:\/\/kiefonline.com\/tr\/wp-json\/wp\/v2\/types\/page"}],"author":[{"embeddable":true,"href":"https:\/\/kiefonline.com\/tr\/wp-json\/wp\/v2\/users\/1"}],"replies":[{"embeddable":true,"href":"https:\/\/kiefonline.com\/tr\/wp-json\/wp\/v2\/comments?post=3"}],"version-history":[{"count":4,"href":"https:\/\/kiefonline.com\/tr\/wp-json\/wp\/v2\/pages\/3\/revisions"}],"predecessor-version":[{"id":9325,"href":"https:\/\/kiefonline.com\/tr\/wp-json\/wp\/v2\/pages\/3\/revisions\/9325"}],"wp:attachment":[{"href":"https:\/\/kiefonline.com\/tr\/wp-json\/wp\/v2\/media?parent=3"}],"wp:term":[{"taxonomy":"yst_prominent_words","embeddable":true,"href":"https:\/\/kiefonline.com\/tr\/wp-json\/wp\/v2\/yst_prominent_words?post=3"}],"curies":[{"name":"wp","href":"https:\/\/api.w.org\/{rel}","templated":true}]}}