{"id":2,"date":"2020-05-06T01:32:59","date_gmt":"2020-05-06T01:32:59","guid":{"rendered":"https:\/\/kiefonline.com\/?page_id=2"},"modified":"2026-01-20T12:05:01","modified_gmt":"2026-01-20T12:05:01","slug":"terms-and-conditions","status":"publish","type":"page","link":"https:\/\/kiefonline.com\/tr\/terms-and-conditions\/","title":{"rendered":"\u015eartlar ve ko\u015fullar"},"content":{"rendered":"<p><p><strong>Hizmetimizi kullanmadan \u00f6nce l\u00fctfen bu \u015fartlar ve ko\u015fullar\u0131 dikkatlice okuyunuz.<\/strong><\/p><br><p>Hizmetimize eri\u015fiminiz ve hizmetimizi kullan\u0131m\u0131n\u0131z, a\u015fa\u011f\u0131daki \u015fartlar\u0131 kabul etmenize ve bunlara uyman\u0131za ba\u011fl\u0131d\u0131r. Bu \u015fartlar, hizmete eri\u015fen veya hizmeti kullanan herkes i\u00e7in ge\u00e7erlidir.<\/p><br><p>Hizmetimize eri\u015ferek veya kullanarak, bu \u015fartlara ba\u011fl\u0131 kalmay\u0131 ve t\u00fcm yasal sonu\u00e7lar\u0131 kabul etmeyi kabul edersiniz. \u015eart ve ko\u015fullar\u0131m\u0131z\u0131n tamam\u0131n\u0131 veya bir k\u0131sm\u0131n\u0131 kabul etmiyorsan\u0131z, l\u00fctfen hizmetimizi kullanmay\u0131n\u0131z.<\/p><br><p><strong>Sat\u0131n al\u0131mlar<\/strong><\/p><br><p>Hizmet arac\u0131l\u0131\u011f\u0131yla sunulan \u00fcr\u00fcn veya hizmetlerden herhangi birini sat\u0131n almak isterseniz, sat\u0131n alma i\u015fleminizle ilgili baz\u0131 bilgileri sa\u011flaman\u0131z gerekebilir. Bu bilgiler aras\u0131nda \u015funlar yer al\u0131r, ancak bunlarla s\u0131n\u0131rl\u0131 de\u011fildir: Kredi kart\u0131 numaran\u0131z ve son kullanma tarihi; fatura adresiniz; ve g\u00f6nderim bilgileri.<\/p><br><p>\u015eunlar\u0131 beyan ve taahh\u00fct edersiniz: (i) herhangi bir sat\u0131n alma i\u015flemiyle ba\u011flant\u0131l\u0131 olarak herhangi bir kredi kart\u0131n\u0131 veya di\u011fer \u00f6deme y\u00f6ntemlerini kullanma konusunda yasal hakk\u0131n\u0131z oldu\u011funu ve (ii) bize sa\u011flad\u0131\u011f\u0131n\u0131z bilgilerin do\u011fru, eksiksiz ve tam oldu\u011funu.<\/p><br><p>By submitting this information, you grant us the right to provide the information to third parties for purposes of facilitating the completion of purchases.<\/p><br><p>A\u015fa\u011f\u0131dakiler dahil ancak bunlarla s\u0131n\u0131rl\u0131 olmamak \u00fczere, herhangi bir zamanda sipari\u015finizi reddetme veya iptal etme hakk\u0131n\u0131 sakl\u0131 tutar\u0131z: \u00dcr\u00fcn veya hizmetin bulunabilirli\u011fi, \u00fcr\u00fcn veya hizmetin a\u00e7\u0131klamas\u0131nda veya fiyat\u0131nda hatalar, sipari\u015finizde hata veya di\u011fer nedenler.<\/p><br><p>Doland\u0131r\u0131c\u0131l\u0131k, yetkisiz veya yasa d\u0131\u015f\u0131 bir i\u015flem \u015f\u00fcphesi olmas\u0131 durumunda sipari\u015finizi reddetme veya iptal etme hakk\u0131n\u0131 sakl\u0131 tutar\u0131z. Sat\u0131n alma i\u015fleminin tamamlanamamas\u0131 veya bunun sonucunda size do\u011fabilecek herhangi bir kay\u0131p veya zarardan sorumlu veya y\u00fck\u00fcml\u00fc tutulmayaca\u011f\u0131z.<\/p><br><p><strong>Kullan\u0131labilirlik, Hatalar ve Yanl\u0131\u015fl\u0131klar<\/strong><\/p><br><p>En iyi hizmeti ve do\u011frulu\u011fu sa\u011flamak i\u00e7in \u00fcr\u00fcn ve hizmetlerimizi d\u00fczenli olarak g\u00fcncelliyoruz.<\/p><br><p>Fiyatlar, \u00fcr\u00fcn resimleri, \u00f6zellikler, stok durumu ve hizmetler dahil olmak \u00fczere hi\u00e7bir bilginin do\u011frulu\u011funu veya eksiksizli\u011fini garanti edemeyiz ve etmiyoruz. \u00d6nceden haber vermeksizin herhangi bir zamanda bilgileri de\u011fi\u015ftirme veya g\u00fcncelleme ve hatalar\u0131, yanl\u0131\u015fl\u0131klar\u0131 veya eksiklikleri d\u00fczeltme hakk\u0131n\u0131 sakl\u0131 tutar\u0131z.<\/p><br><p>Do\u011fruluk i\u00e7in g\u00f6sterilen \u00e7abalara ra\u011fmen, hizmetimizde sunulan \u00fcr\u00fcn veya hizmetlerin fiyatlar\u0131nda hata olabilir, yanl\u0131\u015f tan\u0131mlanm\u0131\u015f olabilir veya mevcut olmayabilir.<\/p><br><p><strong>Hesaplar<\/strong><\/p><br><p>Bizde bir hesap olu\u015fturdu\u011funuzda, bize do\u011fru, eksiksiz ve g\u00fcncel bilgiler sa\u011flamal\u0131s\u0131n\u0131z. Bu bilgileri sa\u011flamaman\u0131z, \u015fartlar\u0131m\u0131z\u0131 ihlal etmek anlam\u0131na gelir ve bu da hizmetimizdeki hesab\u0131n\u0131z\u0131n derhal feshedilmesine neden olabilir.<\/p><br><p>Hizmetimize eri\u015fmek i\u00e7in kulland\u0131\u011f\u0131n\u0131z \u015fifrenin g\u00fcvenli\u011fini sa\u011flamak ve \u015fifrenizle ger\u00e7ekle\u015ftirilen t\u00fcm faaliyetler veya eylemlerden, \u015fifreniz ister bizim hizmetimizde ister \u00fc\u00e7\u00fcnc\u00fc taraf bir hizmette olsun, ki\u015fisel olarak siz sorumlusunuz.<\/p><br><p>Hizmetimizi kullanarak, \u015fifrenizi \u00fc\u00e7\u00fcnc\u00fc \u015fah\u0131slara if\u015fa etmemeyi kabul etmi\u015f olursunuz. Herhangi bir g\u00fcvenlik ihlali veya hesab\u0131n\u0131z\u0131n yetkisiz kullan\u0131m\u0131 fark etti\u011finizde, derhal bize bildirmelisiniz.<\/p><br><p>Kullan\u0131c\u0131 ad\u0131 olarak ba\u015fka bir ki\u015fi veya kurulu\u015fun ad\u0131n\u0131 veya yasal olarak kullan\u0131ma uygun olmayan bir ad\u0131, uygun yetki olmadan ba\u015fka bir ki\u015fi veya kurulu\u015fun haklar\u0131na tabi olan bir ad\u0131 veya ticari markay\u0131 ya da ba\u015fka bir \u015fekilde sald\u0131rgan, kaba veya m\u00fcstehcen bir ad\u0131 kullanamazs\u0131n\u0131z.<\/p><br><p><strong>Fikri M\u00fclkiyet<\/strong><\/p><br><p>Hizmetimiz ve metin, resim, grafik veya kod dahil ancak bunlarla s\u0131n\u0131rl\u0131 olmamak \u00fczere t\u00fcm i\u00e7erikler dalvin online dispensary Store'un m\u00fclkiyetindedir ve telif hakk\u0131, ticari marka, veritaban\u0131 ve di\u011fer fikri m\u00fclkiyet haklar\u0131 ile korunmaktad\u0131r. Hizmetin farkl\u0131 alanlar\u0131ndaki materyallerin bir k\u0131sm\u0131n\u0131 yaln\u0131zca kendi ticari olmayan kullan\u0131m\u0131n\u0131z i\u00e7in veya sipari\u015f vermek amac\u0131yla g\u00f6r\u00fcnt\u00fcleyebilir, kopyalayabilir, indirebilir veya yazd\u0131rabilirsiniz. <strong>Kief Online<\/strong>  dispensary Store. Ba\u015fka herhangi bir kullan\u0131m kesinlikle yasakt\u0131r ve telif hakk\u0131, ticari marka ve di\u011fer yasalar\u0131 ihlal edebilir. Bu \u015fartlar, dalvin online dispensary Store veya ba\u011fl\u0131 kurulu\u015flar\u0131n\u0131n ticari markalar\u0131n\u0131 kullanma lisans\u0131 vermez. Ayr\u0131ca, hizmetten indirilen materyallerdeki m\u00fclkiyet bildirimlerini kullanmayaca\u011f\u0131n\u0131z\u0131, de\u011fi\u015ftirmeyece\u011finizi veya silmeyece\u011finizi kabul edersiniz.<\/p><br><p><strong>Di\u011fer Web Sitelerine Ba\u011flant\u0131lar<\/strong><\/p><br><p>Hizmet, sahibi veya kontrol\u00fc alt\u0131nda olmayan \u00fc\u00e7\u00fcnc\u00fc taraf web sitelerine veya hizmetlerine ba\u011flant\u0131lar i\u00e7erebilir. <strong>Kief Online<\/strong> eczane Ma\u011faza.<\/p><br><p><strong>Kief Online<\/strong> dispensary Store, \u00fc\u00e7\u00fcnc\u00fc taraf web sitelerinin veya hizmetlerinin i\u00e7eri\u011fi, gizlilik politikalar\u0131 veya uygulamalar\u0131 \u00fczerinde herhangi bir kontrol\u00fc bulunmamakta ve bunlarla ilgili herhangi bir sorumluluk \u00fcstlenmemektedir. Ayr\u0131ca, a\u015fa\u011f\u0131dakileri kabul ve beyan etmektesiniz: <strong>Kief Online<\/strong> dispensary Store, bu t\u00fcr web sitelerinde veya hizmetlerde bulunan veya bunlar arac\u0131l\u0131\u011f\u0131yla sunulan i\u00e7erik, \u00fcr\u00fcn veya hizmetlerin kullan\u0131m\u0131 veya bunlara g\u00fcvenilmesi nedeniyle veya bunlarla ba\u011flant\u0131l\u0131 olarak ortaya \u00e7\u0131kan veya ortaya \u00e7\u0131kt\u0131\u011f\u0131 iddia edilen herhangi bir zarar veya kay\u0131ptan do\u011frudan veya dolayl\u0131 olarak sorumlu veya y\u00fck\u00fcml\u00fc olmayacakt\u0131r.<\/p><br><p>Ziyaret etti\u011finiz \u00fc\u00e7\u00fcnc\u00fc taraf web sitelerinin veya hizmetlerin kullan\u0131m ko\u015fullar\u0131n\u0131 ve gizlilik politikalar\u0131n\u0131 okuman\u0131z\u0131 \u015fiddetle tavsiye ederiz.<\/p><br><p><strong>Fesih<\/strong><\/p><br><p>\u015eartlar\u0131 ihlal etmeniz dahil olmak \u00fczere, ancak bununla s\u0131n\u0131rl\u0131 olmamak \u00fczere, herhangi bir nedenle \u00f6nceden bildirimde bulunmaks\u0131z\u0131n veya sorumluluk \u00fcstlenmeksizin hizmetimize eri\u015fimi derhal sonland\u0131rabilir veya ask\u0131ya alabiliriz.<\/p><br><p>\u015eartlar\u0131n t\u00fcm h\u00fck\u00fcmleri, s\u0131n\u0131rlama olmaks\u0131z\u0131n, m\u00fclkiyet h\u00fck\u00fcmleri, garanti feragatnameleri, tazminat ve sorumluluk s\u0131n\u0131rlamalar\u0131 dahil olmak \u00fczere, fesih sonras\u0131nda da ge\u00e7erlili\u011fini koruyacakt\u0131r.<\/p><br><p>Fesih \u00fczerine, hizmeti kullanma hakk\u0131n\u0131z derhal sona erecektir. Hesab\u0131n\u0131z\u0131 feshetmek isterseniz, Hizmeti kullanmay\u0131 b\u0131rakman\u0131z yeterlidir.<\/p><br><p><strong>Tazminat<\/strong><\/p><br><p>Tazminat \u00f6demeyi, savunmay\u0131 ve zarars\u0131z tutmay\u0131 kabul edersiniz. <strong>Kief Online<\/strong> dispensary Store, onun y\u00f6neticileri, g\u00f6revlileri, direkt\u00f6rleri, temsilcileri, \u00e7al\u0131\u015fanlar\u0131, y\u00fcklenicileri, lisans verenleri, lisans sahipleri, tedarik\u00e7ileri ve acenteleri, her t\u00fcrl\u00fc iddia, kay\u0131p, hasar, y\u00fck\u00fcml\u00fcl\u00fck, masraf, dava veya talepten muaf tutar.<\/p><br><p>Bunlar aras\u0131nda \u015funlar yer al\u0131r, ancak bunlarla s\u0131n\u0131rl\u0131 de\u011fildir: (a) Hizmeti kullan\u0131m\u0131n\u0131zdan kaynaklanan yasal ve muhasebe \u00fccretleri; (b) bu Ko\u015fullar\u0131n herhangi birini ihlal etmeniz; (c) Hizmete g\u00f6nderdi\u011finiz veya y\u00fckledi\u011finiz her \u015fey; ve (d) hesab\u0131n\u0131zla ilgili her t\u00fcrl\u00fc faaliyet. Buna, sizin, hesab\u0131n\u0131z\u0131 kullanarak hizmete eri\u015fen herhangi bir ki\u015fi veya kurulu\u015fun, bu eri\u015fimin sahte veya yasad\u0131\u015f\u0131 yollarla elde edilip edilmedi\u011fine bak\u0131lmaks\u0131z\u0131n, ihmal veya yasad\u0131\u015f\u0131 davran\u0131\u015flar\u0131 da dahildir.<\/p><br><p><strong>Sorumluluk S\u0131n\u0131rlamas\u0131<\/strong><\/p><br><p><strong>Kief Online<\/strong> Dispensary Store, y\u00f6neticileri, \u00e7al\u0131\u015fanlar\u0131, ortaklar\u0131, temsilcileri, tedarik\u00e7ileri veya ba\u011fl\u0131 kurulu\u015flar\u0131, (i) Hizmete eri\u015fiminiz veya Hizmeti kullan\u0131m\u0131n\u0131z; (ii) Hizmete eri\u015fememeniz veya Hizmeti kullanamaman\u0131z; (iii) hizmet \u00fczerinde veya hizmetle ilgili herhangi bir \u00fc\u00e7\u00fcnc\u00fc taraf\u0131n davran\u0131\u015f\u0131 veya i\u00e7eri\u011fi; (iv) hizmetten veya hizmet arac\u0131l\u0131\u011f\u0131yla elde edilen herhangi bir i\u00e7erik; ve (v) iletilerinizin veya i\u00e7eri\u011finizin yetkisiz eri\u015fimi, kullan\u0131m\u0131 veya de\u011fi\u015ftirilmesi, garanti, s\u00f6zle\u015fme, haks\u0131z fiil (ihmal dahil) veya yasadaki di\u011fer herhangi bir talebe dayal\u0131 olsun, bu t\u00fcr bir zarar\u0131n olas\u0131l\u0131\u011f\u0131 konusunda bilgilendirilmi\u015f olsak da olmasak da ve burada belirtilen bir \u00e7\u00f6z\u00fcm\u00fcn temel amac\u0131na ula\u015famad\u0131\u011f\u0131 tespit edilse bile.<\/p><br><p><strong>Feragatname ve Haklardan Vazge\u00e7meme<\/strong><\/p><br><p><strong>Kief Online<\/strong> dispensary Store, web sitesi ve ilgili teknoloji ile ilgili olarak hi\u00e7bir garanti, beyan veya taahh\u00fctte bulunmaz. Yasal olarak izin verilen en geni\u015f \u00f6l\u00e7\u00fcde, ge\u00e7erli oldu\u011fu iddia edilen t\u00fcm garantiler, \u015fartlar ve ko\u015fullar hari\u00e7 tutulur. Hizmeti kullanman\u0131z\u0131n riski tamamen size aittir. Hizmet, \u201cOldu\u011fu Gibi\u201d ve \u201cMevcut Oldu\u011fu Gibi\u201d esas\u0131na g\u00f6re sa\u011flanmaktad\u0131r. Hizmet, Kanada'n\u0131n herhangi bir eyaletinin kanunlar\u0131nda \u00f6ng\u00f6r\u00fclenler hari\u00e7 olmak \u00fczere, ticari elveri\u015flilik, belirli bir amaca uygunluk, ihlal etmeme veya performans s\u00fcreci dahil ancak bunlarla s\u0131n\u0131rl\u0131 olmamak \u00fczere, a\u00e7\u0131k veya z\u0131mni hi\u00e7bir t\u00fcr garanti olmaks\u0131z\u0131n sa\u011flanmaktad\u0131r. Bu gibi durumlarda, eyalet kanunlar\u0131 gerekli oldu\u011fu \u00f6l\u00e7\u00fcde uygulanacakt\u0131r.<\/p><br><p><strong>Kief Online<\/strong> dispensary Store. i\u015ftirakleri, ba\u011fl\u0131 kurulu\u015flar\u0131 ve lisans verenleri, a) hizmetin kesintisiz, g\u00fcvenli veya belirli bir zamanda veya yerde kullan\u0131labilir olaca\u011f\u0131n\u0131; b) hatalar\u0131n veya kusurlar\u0131n d\u00fczeltilece\u011fini; c) hizmetin vir\u00fcs veya di\u011fer zararl\u0131 bile\u015fenlerden ar\u0131nm\u0131\u015f oldu\u011funu; veya d) hizmetin kullan\u0131m\u0131n\u0131n sonu\u00e7lar\u0131n\u0131n gereksinimlerinizi kar\u015f\u0131layaca\u011f\u0131n\u0131 garanti etmez.<\/p><br><p>Bu \u015fartlardan herhangi birini ihlal ederseniz ve <strong>Kief Online<\/strong> eczane Ma\u011faza. hemen harekete ge\u00e7memeyi veya hi\u00e7 harekete ge\u00e7memeyi tercih eder, <strong>Kief Online<\/strong> dispensary Store. bu \u015fartlar\u0131 ihlal etti\u011finizde, daha sonraki bir tarihte veya ba\u015fka bir durumda t\u00fcm hak ve hukuk yollar\u0131na ba\u015fvurma hakk\u0131n\u0131 sakl\u0131 tutar. <strong>Kief Online<\/strong> Dispanser Ma\u011fazas\u0131, hi\u00e7bir hakk\u0131ndan feragat etmez. <strong>Kief Online<\/strong> dispensary Store. kendi kontrol\u00fc d\u0131\u015f\u0131ndaki durumlardan kaynaklanan bu \u015fartlar\u0131n ihlalinden sorumlu tutulamaz. Bu \u015fartlar\u0131n taraf\u0131 olmayan ki\u015filer, bu \u015fartlar\u0131 uygulama hakk\u0131na sahip de\u011fildir.<\/p><br><p>Bu Ko\u015fullar kapsam\u0131ndaki haklar\u0131n\u0131z\u0131 devredemez, alt lisans veremez veya ba\u015fka bir \u015fekilde aktaramazs\u0131n\u0131z.<\/p><br><p><strong>Hari\u00e7 tutulanlar<\/strong><\/p><br><p>Yukar\u0131da belirtildi\u011fi gibi, baz\u0131 yarg\u0131 b\u00f6lgeleri belirli garantilerin hari\u00e7 tutulmas\u0131n\u0131 veya dolayl\u0131 veya ar\u0131zi zararlar i\u00e7in sorumlulu\u011fun hari\u00e7 tutulmas\u0131n\u0131 veya s\u0131n\u0131rland\u0131r\u0131lmas\u0131n\u0131 izin vermemektedir, bu nedenle yukar\u0131daki s\u0131n\u0131rlamalar sizin i\u00e7in ge\u00e7erli olmayabilir. Kanada eyalet yasalar\u0131, sa\u011flanan belirli \u00fcr\u00fcn ve hizmetler i\u00e7in ge\u00e7erli olabilir.<\/p><br><p><strong>Y\u00fcr\u00fcrl\u00fckteki Hukuk<\/strong><\/p><br><p>Bu \u015fartlar, Ontario Eyaleti yasalar\u0131 ve Kanada yasalar\u0131 ile y\u00f6netilecek, bu yasalara g\u00f6re yorumlanacak ve uygulanacakt\u0131r.<\/p><br><p>Bu \u015fartlar\u0131n herhangi bir h\u00fckm\u00fc yetkili bir mahkeme taraf\u0131ndan ge\u00e7ersiz veya uygulanamaz bulunursa, bu \u015fartlar\u0131n geri kalan h\u00fck\u00fcmleri y\u00fcr\u00fcrl\u00fckte kalacakt\u0131r. Bu \u015fartlar, Hizmetimizle ilgili olarak aram\u0131zdaki t\u00fcm anla\u015fmay\u0131 olu\u015fturur ve hizmetle ilgili \u00f6nceki t\u00fcm s\u00f6zl\u00fc veya di\u011fer anla\u015fmalar\u0131n yerine ge\u00e7er ve bunlar\u0131 ge\u00e7ersiz k\u0131lar.<\/p><br><p><strong>De\u011fi\u015fiklikler<\/strong><\/p><br><p>Kendi takdirimize ba\u011fl\u0131 olarak, bu \u015fartlar\u0131 herhangi bir zamanda de\u011fi\u015ftirme veya yenisiyle de\u011fi\u015ftirme hakk\u0131n\u0131 sakl\u0131 tutar\u0131z. De\u011fi\u015fiklik \u00f6nemli ise, yeni \u015fartlar\u0131n y\u00fcr\u00fcrl\u00fc\u011fe girmesinden en az 30 g\u00fcn \u00f6nce bildirimde bulunmak i\u00e7in makul \u00e7abay\u0131 g\u00f6sterece\u011fiz. \u00d6nemli bir de\u011fi\u015fikli\u011fin ne oldu\u011funu belirleme hakk\u0131 tamamen bize aittir.<\/p><br><p>Bu de\u011fi\u015fiklikler y\u00fcr\u00fcrl\u00fc\u011fe girdikten sonra hizmetimize eri\u015fmeye veya kullanmaya devam ederek, de\u011fi\u015ftirilen \u015fartlara ba\u011fl\u0131 kalmay\u0131 kabul etmi\u015f olursunuz. Yeni \u015fartlar\u0131n tamam\u0131n\u0131 veya bir k\u0131sm\u0131n\u0131 kabul etmiyorsan\u0131z, l\u00fctfen web sitesini ve hizmeti kullanmay\u0131 b\u0131rak\u0131n.<\/p><br><p><strong>\u0130adeler<\/strong><\/p><br><p><strong>Kief Online<\/strong> Dispanser Ma\u011fazas\u0131, yaln\u0131zca geri \u00e7a\u011f\u0131rma karar\u0131 al\u0131nd\u0131\u011f\u0131nda para iadesi yapar ve \u00fcr\u00fcn\u00fc geri kabul eder. Bu durum, <strong>Kief Online<\/strong> Eczane ma\u011fazas\u0131, verileri Health Canada'ya etkili bir \u015fekilde bildirebilir. \u0130adeler ACMPR y\u00f6nergelerine g\u00f6re yap\u0131lmal\u0131d\u0131r.<\/p><br><p><strong>Bize Ula\u015f\u0131n<\/strong><\/p><br><p>Bu Ko\u015fullar hakk\u0131nda herhangi bir sorunuz varsa, l\u00fctfen bizimle ileti\u015fime ge\u00e7in.<\/p><\/p>","protected":false},"excerpt":{"rendered":"<p>Please read these terms and conditions carefully before using our service. Your access to and use of our service is based on your acceptance of and compliance to the following terms. These terms apply to all who access or use the service. By accessing or using our service you agree to be bound by these [&hellip;]<\/p>","protected":false},"author":1,"featured_media":0,"parent":0,"menu_order":0,"comment_status":"closed","ping_status":"closed","template":"","meta":{"_monsterinsights_skip_tracking":false,"_monsterinsights_sitenote_active":false,"_monsterinsights_sitenote_note":"","_monsterinsights_sitenote_category":0,"_joinchat":[],"footnotes":""},"yst_prominent_words":[],"class_list":["post-2","page","type-page","status-publish","hentry"],"yoast_head":"<!-- This site is optimized with the Yoast SEO Premium plugin v14.5 - https:\/\/yoast.com\/wordpress\/plugins\/seo\/ -->\n<title>Terms and conditions - Kief Online Shop<\/title>\n<meta name=\"robots\" content=\"index, follow\" \/>\n<meta name=\"googlebot\" content=\"index, follow, max-snippet:-1, max-image-preview:large, max-video-preview:-1\" \/>\n<meta name=\"bingbot\" content=\"index, follow, max-snippet:-1, max-image-preview:large, max-video-preview:-1\" \/>\n<link rel=\"canonical\" href=\"https:\/\/kiefonline.com\/tr\/terms-and-conditions\/\" \/>\n<meta property=\"og:locale\" content=\"tr_TR\" \/>\n<meta property=\"og:type\" content=\"article\" \/>\n<meta property=\"og:title\" content=\"Terms and conditions - Kief Online Shop\" \/>\n<meta property=\"og:description\" content=\"Please read these terms and conditions carefully before using our service. Your access to and use of our service is based on your acceptance of and compliance to the following terms. These terms apply to all who access or use the service. By accessing or using our service you agree to be bound by these [&hellip;]\" \/>\n<meta property=\"og:url\" content=\"https:\/\/kiefonline.com\/tr\/terms-and-conditions\/\" \/>\n<meta property=\"og:site_name\" content=\"Kief Online Shop\" \/>\n<meta property=\"article:modified_time\" content=\"2026-01-20T12:05:01+00:00\" \/>\n<meta name=\"twitter:card\" content=\"summary_large_image\" \/>\n<script type=\"application\/ld+json\" class=\"yoast-schema-graph\">{\"@context\":\"https:\/\/schema.org\",\"@graph\":[{\"@type\":\"WebSite\",\"@id\":\"https:\/\/kiefonline.com\/tr\/#website\",\"url\":\"https:\/\/kiefonline.com\/tr\/\",\"name\":\"Kief Online Shop\",\"description\":\"Cannabis products for sale\",\"potentialAction\":[{\"@type\":\"SearchAction\",\"target\":\"https:\/\/kiefonline.com\/tr\/?s={search_term_string}\",\"query-input\":\"required name=search_term_string\"}],\"inLanguage\":\"tr\"},{\"@type\":\"WebPage\",\"@id\":\"https:\/\/kiefonline.com\/terms-and-conditions\/#webpage\",\"url\":\"https:\/\/kiefonline.com\/terms-and-conditions\/\",\"name\":\"Terms and conditions - Kief Online Shop\",\"isPartOf\":{\"@id\":\"https:\/\/kiefonline.com\/tr\/#website\"},\"datePublished\":\"2020-05-06T01:32:59+00:00\",\"dateModified\":\"2026-01-20T12:05:01+00:00\",\"inLanguage\":\"tr\",\"potentialAction\":[{\"@type\":\"ReadAction\",\"target\":[\"https:\/\/kiefonline.com\/terms-and-conditions\/\"]}]},{\"@type\":\"Place\",\"@id\":\"https:\/\/kiefonline.com\/terms-and-conditions\/#local-place\",\"address\":{\"@type\":\"PostalAddress\",\"@id\":\"https:\/\/kiefonline.com\/terms-and-conditions\/#local-place-address\",\"streetAddress\":\"\",\"addressLocality\":\"\",\"postalCode\":\"\",\"addressRegion\":\"\",\"addressCountry\":\"\"},\"geo\":{\"@type\":\"GeoCoordinates\",\"latitude\":\"\",\"longitude\":\"\"},\"openingHoursSpecification\":[{\"@type\":\"OpeningHoursSpecification\",\"dayOfWeek\":[\"Monday\",\"Tuesday\",\"Wednesday\",\"Thursday\",\"Friday\",\"Saturday\",\"Sunday\"],\"opens\":\"09:00\",\"closes\":\"17:00\"}]}]}<\/script>\n<!-- \/ Yoast SEO Premium plugin. -->","jetpack_sharing_enabled":true,"_links":{"self":[{"href":"https:\/\/kiefonline.com\/tr\/wp-json\/wp\/v2\/pages\/2","targetHints":{"allow":["GET"]}}],"collection":[{"href":"https:\/\/kiefonline.com\/tr\/wp-json\/wp\/v2\/pages"}],"about":[{"href":"https:\/\/kiefonline.com\/tr\/wp-json\/wp\/v2\/types\/page"}],"author":[{"embeddable":true,"href":"https:\/\/kiefonline.com\/tr\/wp-json\/wp\/v2\/users\/1"}],"replies":[{"embeddable":true,"href":"https:\/\/kiefonline.com\/tr\/wp-json\/wp\/v2\/comments?post=2"}],"version-history":[{"count":2,"href":"https:\/\/kiefonline.com\/tr\/wp-json\/wp\/v2\/pages\/2\/revisions"}],"predecessor-version":[{"id":9327,"href":"https:\/\/kiefonline.com\/tr\/wp-json\/wp\/v2\/pages\/2\/revisions\/9327"}],"wp:attachment":[{"href":"https:\/\/kiefonline.com\/tr\/wp-json\/wp\/v2\/media?parent=2"}],"wp:term":[{"taxonomy":"yst_prominent_words","embeddable":true,"href":"https:\/\/kiefonline.com\/tr\/wp-json\/wp\/v2\/yst_prominent_words?post=2"}],"curies":[{"name":"wp","href":"https:\/\/api.w.org\/{rel}","templated":true}]}}