{"id":491,"date":"2014-11-12T14:41:47","date_gmt":"2014-11-12T14:41:47","guid":{"rendered":"https:\/\/kiefonline.com\/?page_id=491"},"modified":"2026-01-20T13:43:37","modified_gmt":"2026-01-20T13:43:37","slug":"how-to-order","status":"publish","type":"page","link":"https:\/\/kiefonline.com\/sv\/how-to-order\/","title":{"rendered":"Hur man best\u00e4ller"},"content":{"rendered":"<h2><em>Vi tar hand om dig som din mamma<\/em><\/h2>\n<h2><em>skulle.\"<\/em><\/h2>\n<h3>\u00d6ppettider<\/h3>\n<p>Telefonbest\u00e4llningar: m\u00e5ndag\u2013l\u00f6rdag kl. 10.00\u201322.00  ||  s\u00f6ndag kl. 10.00\u201320.00<br \/>\nOnlinebest\u00e4llningar: 24 timmar om dygnet, 7 dagar i veckan<br \/>\n<strong>Leveranstider: m\u00e5ndag\u2013l\u00f6rdag kl. 12.30\u201321.00 || s\u00f6ndag kl. 11.30\u201320.00<\/strong><\/p>\n<p><strong>GRATIS LEVERANS \u2013 minsta orderbelopp best\u00e4ms av postnummer<br \/>\n<\/strong><\/p>\n<p><strong>Leveransbetalningsalternativ: Vi accepterar bitcoin, betalkort via Cash App och E-Transfers (ID kr\u00e4vs f\u00f6r PayPal-betalning)<\/strong><\/p>\n<h3>Boka leverans<\/h3>\n<p>Vi tar emot best\u00e4llningar per telefon under v\u00e5ra ordinarie \u00f6ppettider. Du kan ocks\u00e5 g\u00f6ra best\u00e4llningar p\u00e5 v\u00e5r webbplats dygnet runt, alla dagar i veckan.<br \/>\nVid best\u00e4llningstillf\u00e4llet bekr\u00e4ftar v\u00e5r chauff\u00f6r leveranstiden* per telefon. Efter bekr\u00e4ftelsen m\u00e5ste kunden vara tillg\u00e4nglig p\u00e5 den angivna adressen under leveranstiden.<\/p>\n<p>Leveransen sker via USPS, UPS, Fedex eller Royal Mail genom Discreet Dropoff, som ocks\u00e5 ansvarar f\u00f6r att h\u00e4mta och leverera paketet till den angivna leveransadressen.<br \/>\n*Alla tider \u00e4r ungef\u00e4rliga och kan p\u00e5verkas av trafiken.<\/p>\n<h3>S\u00e4kerhetsriktlinjer<\/h3>\n<ul>\n<li>Missbruk av tj\u00e4nsten eller v\u00e5r personal kommer att resultera i nekad tj\u00e4nst.<\/li>\n<li>F\u00f6raren transporterar inga andra produkter \u00e4n din best\u00e4llning.<\/li>\n<li>Best\u00e4llningen m\u00e5ste vara slutgiltig n\u00e4r du klickar p\u00e5 \u201dskicka\u201d.<\/li>\n<li>F\u00f6rarfordon har s\u00e4kerhetskameror och sp\u00e5ras via GPS genom s\u00e4kerhetscentralen.<\/li>\n<li>F\u00f6rarna f\u00f6rbeh\u00e5ller sig r\u00e4tten att v\u00e4gra att transportera vem som helst.<\/li>\n<li>Vi levererar endast till din bostad, din arbetsplats eller det hotell d\u00e4r du \u00e4r incheckad. Adresser och kontaktnummer kommer att verifieras.<\/li>\n<\/ul>\n<p>V\u00e5ra chauff\u00f6rer b\u00e4r uniform och k\u00f6r inte m\u00e4rkta bilar. Chauff\u00f6rerna f\u00f6ljs slumpm\u00e4ssigt och anonymt av v\u00e5r utbildade s\u00e4kerhetspersonal f\u00f6r att s\u00e4kerst\u00e4lla b\u00e4sta praxis.<\/p>\n<p>Leveranserna f\u00f6rpackas i f\u00f6rkl\u00e4dda l\u00e4kemedelsf\u00f6rpackningar och vakuumf\u00f6rseglas med hj\u00e4lp av aluminiumlaminerade mylarp\u00e5sar.<\/p>","protected":false},"excerpt":{"rendered":"<p>We take care of you like your mama would.\u201d Hours Phone orders: Mon-Sat 10am-10pm\u00a0 ||\u00a0 Sun 10am-8pm Online orders: 24 hours a day 7 days a week Delivery Hours:\u00a0Mon-Sat 12:30am-9pm || Sun 11:30am-8pm FREE DELIVERY \u2013 minimum order amount determined by zip code Delivery Payment Options: We accept bitcoin, debit cards via Cash App and [&hellip;]<\/p>","protected":false},"author":1,"featured_media":0,"parent":0,"menu_order":0,"comment_status":"closed","ping_status":"closed","template":"","meta":{"_monsterinsights_skip_tracking":false,"_monsterinsights_sitenote_active":false,"_monsterinsights_sitenote_note":"","_monsterinsights_sitenote_category":0,"_joinchat":[],"footnotes":""},"yst_prominent_words":[],"class_list":["post-491","page","type-page","status-publish","hentry"],"yoast_head":"<!-- This site is optimized with the Yoast SEO Premium plugin v14.5 - https:\/\/yoast.com\/wordpress\/plugins\/seo\/ -->\n<title>How to order - Kief Online Shop<\/title>\n<meta name=\"robots\" content=\"index, follow\" \/>\n<meta name=\"googlebot\" content=\"index, follow, max-snippet:-1, max-image-preview:large, max-video-preview:-1\" \/>\n<meta name=\"bingbot\" content=\"index, follow, max-snippet:-1, max-image-preview:large, max-video-preview:-1\" \/>\n<link rel=\"canonical\" href=\"https:\/\/kiefonline.com\/sv\/how-to-order\/\" \/>\n<meta property=\"og:locale\" content=\"sv_SE\" \/>\n<meta property=\"og:type\" content=\"article\" \/>\n<meta property=\"og:title\" content=\"How to order - Kief Online Shop\" \/>\n<meta property=\"og:description\" content=\"We take care of you like your mama would.\u201d Hours Phone orders: Mon-Sat 10am-10pm\u00a0 ||\u00a0 Sun 10am-8pm Online orders: 24 hours a day 7 days a week Delivery Hours:\u00a0Mon-Sat 12:30am-9pm || Sun 11:30am-8pm FREE DELIVERY \u2013 minimum order amount determined by zip code Delivery Payment Options: We accept bitcoin, debit cards via Cash App and [&hellip;]\" \/>\n<meta property=\"og:url\" content=\"https:\/\/kiefonline.com\/sv\/how-to-order\/\" \/>\n<meta property=\"og:site_name\" content=\"Kief Online Shop\" \/>\n<meta property=\"article:modified_time\" content=\"2026-01-20T13:43:37+00:00\" \/>\n<meta name=\"twitter:card\" content=\"summary_large_image\" \/>\n<script type=\"application\/ld+json\" class=\"yoast-schema-graph\">{\"@context\":\"https:\/\/schema.org\",\"@graph\":[{\"@type\":\"WebSite\",\"@id\":\"https:\/\/kiefonline.com\/sv\/#website\",\"url\":\"https:\/\/kiefonline.com\/sv\/\",\"name\":\"Kief Online Shop\",\"description\":\"Cannabis products for sale\",\"potentialAction\":[{\"@type\":\"SearchAction\",\"target\":\"https:\/\/kiefonline.com\/sv\/?s={search_term_string}\",\"query-input\":\"required name=search_term_string\"}],\"inLanguage\":\"sv-SE\"},{\"@type\":\"WebPage\",\"@id\":\"https:\/\/kiefonline.com\/how-to-order\/#webpage\",\"url\":\"https:\/\/kiefonline.com\/how-to-order\/\",\"name\":\"How to order - Kief Online Shop\",\"isPartOf\":{\"@id\":\"https:\/\/kiefonline.com\/sv\/#website\"},\"datePublished\":\"2014-11-12T14:41:47+00:00\",\"dateModified\":\"2026-01-20T13:43:37+00:00\",\"inLanguage\":\"sv-SE\",\"potentialAction\":[{\"@type\":\"ReadAction\",\"target\":[\"https:\/\/kiefonline.com\/how-to-order\/\"]}]},{\"@type\":\"Place\",\"@id\":\"https:\/\/kiefonline.com\/how-to-order\/#local-place\",\"address\":{\"@type\":\"PostalAddress\",\"@id\":\"https:\/\/kiefonline.com\/how-to-order\/#local-place-address\",\"streetAddress\":\"\",\"addressLocality\":\"\",\"postalCode\":\"\",\"addressRegion\":\"\",\"addressCountry\":\"\"},\"geo\":{\"@type\":\"GeoCoordinates\",\"latitude\":\"\",\"longitude\":\"\"},\"openingHoursSpecification\":[{\"@type\":\"OpeningHoursSpecification\",\"dayOfWeek\":[\"Monday\",\"Tuesday\",\"Wednesday\",\"Thursday\",\"Friday\",\"Saturday\",\"Sunday\"],\"opens\":\"09:00\",\"closes\":\"17:00\"}]}]}<\/script>\n<!-- \/ Yoast SEO Premium plugin. -->","jetpack_sharing_enabled":true,"_links":{"self":[{"href":"https:\/\/kiefonline.com\/sv\/wp-json\/wp\/v2\/pages\/491","targetHints":{"allow":["GET"]}}],"collection":[{"href":"https:\/\/kiefonline.com\/sv\/wp-json\/wp\/v2\/pages"}],"about":[{"href":"https:\/\/kiefonline.com\/sv\/wp-json\/wp\/v2\/types\/page"}],"author":[{"embeddable":true,"href":"https:\/\/kiefonline.com\/sv\/wp-json\/wp\/v2\/users\/1"}],"replies":[{"embeddable":true,"href":"https:\/\/kiefonline.com\/sv\/wp-json\/wp\/v2\/comments?post=491"}],"version-history":[{"count":2,"href":"https:\/\/kiefonline.com\/sv\/wp-json\/wp\/v2\/pages\/491\/revisions"}],"predecessor-version":[{"id":8588,"href":"https:\/\/kiefonline.com\/sv\/wp-json\/wp\/v2\/pages\/491\/revisions\/8588"}],"wp:attachment":[{"href":"https:\/\/kiefonline.com\/sv\/wp-json\/wp\/v2\/media?parent=491"}],"wp:term":[{"taxonomy":"yst_prominent_words","embeddable":true,"href":"https:\/\/kiefonline.com\/sv\/wp-json\/wp\/v2\/yst_prominent_words?post=491"}],"curies":[{"name":"wp","href":"https:\/\/api.w.org\/{rel}","templated":true}]}}