{"id":4182,"date":"2015-06-20T16:11:19","date_gmt":"2015-06-20T16:11:19","guid":{"rendered":"https:\/\/kiefonline.com\/?page_id=4182"},"modified":"2026-01-20T14:00:34","modified_gmt":"2026-01-20T14:00:34","slug":"about-us","status":"publish","type":"page","link":"https:\/\/kiefonline.com\/sv\/about-us\/","title":{"rendered":"Om oss"},"content":{"rendered":"<div class=\"wpb-content-wrapper\"><div class=\"vc_row wpb_row vc_row-fluid vc_row-o-content-middle vc_row-flex ts-row-wide\"  ><div class=\"wpb_column vc_column_container vc_col-sm-6 vc_custom_1479046050772\">\n\t<div class=\"wpb_wrapper\">\n\t\n\t<div class=\"wpb_text_column wpb_content_element\" >\n\t\t<div class=\"wpb_wrapper\">\n\t\t\t<h4><span style=\"color: #000000;\">VEM \u00c4R VI?<\/span><\/h4>\n<blockquote><p>\nVid <strong>Kief Online<\/strong>Vi fokuserar p\u00e5 att tillhandah\u00e5lla medicinska marijuana-produkter och tj\u00e4nster med h\u00f6gsta m\u00f6jliga kundn\u00f6jdhet \u2013 vi kommer att g\u00f6ra allt vi kan f\u00f6r att uppfylla dina f\u00f6rv\u00e4ntningar. Med ett brett utbud att v\u00e4lja mellan \u00e4r vi s\u00e4kra p\u00e5 att du kommer att bli n\u00f6jd med att samarbeta med oss. Ta en titt p\u00e5 v\u00e5r webbplats och kontakta oss g\u00e4rna om du har n\u00e5gra kommentarer eller fr\u00e5gor. Vi hoppas att vi ses igen! Kom tillbaka senare f\u00f6r nya uppdateringar p\u00e5 v\u00e5r webbplats. Det kommer mycket mer! Med Buds4high \u00e4r det b\u00e4sta \u00e4nnu inte h\u00e4r.<\/p>\n<p>V\u00e5ra v\u00e4rderingar \u00e4r de tre Roche-v\u00e4rderingarna \u2013 integritet, mod och passion \u2013 som \u00e4r centrala f\u00f6r hur vi vill agera, b\u00e5de som individer och som organisation. Passion inneb\u00e4r att vi anv\u00e4nder v\u00e5r drivkraft och v\u00e5rt engagemang f\u00f6r att inspirera, engagera och motivera andra. Mod inneb\u00e4r att vi \u00e4r entrepren\u00f6riella och d\u00e4rmed tar risker, \u00f6verskrider gr\u00e4nser och experimenterar. Integritet inneb\u00e4r att vi alltid \u00e4r \u00f6ppna, \u00e4rliga, etiska och genuina. Dessa v\u00e4rderingar definierar grundl\u00e4ggande egenskaper som styr beslut och handlingar som leder till \u00f6kad innovation och b\u00e4ttre aff\u00e4rsresultat.\n<\/p><\/blockquote>\n\n\t\t<\/div>\n\t<\/div>\n<div class=\"ts-button-wrapper\"><div class=\"ts-shortcode-custom-style hidden\">.ts-button-wrapper a.ts-button-1{background:#ffffff;border-color:#cccccc;border-width:1px ;color:#000000;}.ts-button-wrapper a.ts-button-1:hover{background:#000000;border-color:#000000;color:#ffffff;}<\/div><a href=\"https:\/\/kiefonline.com\/sv\/?page_id=1613\" target=\"_self\" class=\"ts-button ts-button-1 medium\">KONTAKTA OSS NU<\/a><\/div>\t<\/div>\n<\/div><div class=\"wpb_column vc_column_container vc_col-sm-6 vc_custom_1435218298098\">\n\t<div class=\"wpb_wrapper\">\n\t\n\t<div class=\"wpb_text_column wpb_content_element\" >\n\t\t<div class=\"wpb_wrapper\">\n\t\t\t<p><img loading=\"lazy\" decoding=\"async\" class=\"alignnone wp-image-8551\" src=\"https:\/\/kiefonline.com\/wp-content\/uploads\/2020\/05\/kush-in-close-up-photography-3676962-300x195.jpg\" alt=\"\" width=\"580\" height=\"377\" srcset=\"https:\/\/kiefonline.com\/wp-content\/uploads\/2020\/05\/kush-in-close-up-photography-3676962-300x195.jpg 300w, https:\/\/kiefonline.com\/wp-content\/uploads\/2020\/05\/kush-in-close-up-photography-3676962-550x358.jpg 550w, https:\/\/kiefonline.com\/wp-content\/uploads\/2020\/05\/kush-in-close-up-photography-3676962.jpg 580w\" sizes=\"auto, (max-width: 580px) 100vw, 580px\" \/><\/p>\n\n\t\t<\/div>\n\t<\/div>\n\t<\/div>\n<\/div><\/div>\t<div  class=\"vc_row wpb_row vc_row-fluid ts-row-wide\"  ><div class=\"wpb_column vc_column_container vc_col-sm-12 vc_custom_1494128134903\">\n\t<div class=\"wpb_wrapper\">\n\t\n\t<div class=\"wpb_text_column wpb_content_element vc_custom_1589288812594\" >\n\t\t<div class=\"wpb_wrapper\">\n\t\t\t<h4><span style=\"color: #000000;\">V\u00c5RA GRUNDL\u00c4GGANDE V\u00c4RDEN<\/span><\/h4>\n\n\t\t<\/div>\n\t<\/div>\n<div class=\"vc_row wpb_row vc_inner vc_row-fluid\"><div class=\"wpb_column vc_column_container vc_col-sm-3\"><div class=\"vc_column-inner\"><div class=\"wpb_wrapper\">\n\t<div class=\"wpb_text_column wpb_content_element\" >\n\t\t<div class=\"wpb_wrapper\">\n\t\t\t<h5>Kvalitetss\u00e4kring<\/h5>\n<p>V\u00e5rt team av v\u00e4lutbildade experter erbjuder support dygnet runt f\u00f6r att hj\u00e4lpa dig med dina behov.<\/p>\n\n\t\t<\/div>\n\t<\/div>\n<\/div><\/div><\/div><div class=\"wpb_column vc_column_container vc_col-sm-3\"><div class=\"vc_column-inner\"><div class=\"wpb_wrapper\">\n\t<div class=\"wpb_text_column wpb_content_element\" >\n\t\t<div class=\"wpb_wrapper\">\n\t\t\t<h5>M\u00e5nga olika valm\u00f6jligheter<\/h5>\n<p>Njut av ett brett utbud av sorter och koncentrat fr\u00e5n globala varum\u00e4rken och v\u00e4l tillagade produkter.<\/p>\n\n\t\t<\/div>\n\t<\/div>\n<\/div><\/div><\/div><div class=\"wpb_column vc_column_container vc_col-sm-3\"><div class=\"vc_column-inner\"><div class=\"wpb_wrapper\">\n\t<div class=\"wpb_text_column wpb_content_element\" >\n\t\t<div class=\"wpb_wrapper\">\n\t\t\t<h5>K\u00f6pskydd<\/h5>\n<p>Vi delar inte dina personuppgifter med n\u00e5gra tredje parter. L\u00e4s v\u00e5r integritetspolicy.<\/p>\n\n\t\t<\/div>\n\t<\/div>\n<\/div><\/div><\/div><div class=\"wpb_column vc_column_container vc_col-sm-3\"><div class=\"vc_column-inner\"><div class=\"wpb_wrapper\">\n\t<div class=\"wpb_text_column wpb_content_element\" >\n\t\t<div class=\"wpb_wrapper\">\n\t\t\t<h5>Bekv\u00e4m leverans<\/h5>\n<p>Vi erbjuder gratis frakt f\u00f6r kunder bosatta i Santa Cruz, Kalifornien, och f\u00f6r best\u00e4llningar \u00f6ver 500,00 dollar. <em>\u20ac<\/em><\/p>\n\n\t\t<\/div>\n\t<\/div>\n<\/div><\/div><\/div><\/div>\t<\/div>\n<\/div><\/div>\t<div  class=\"vc_row wpb_row vc_row-fluid vc_custom_1589302474518 ts-row-wide ts-parallax-bg\"  data-vc-full-width=\"true\" data-vc-full-width-init=\"false\"  style=\"background-image: url(https:\/\/kiefonline.com\/wp-content\/uploads\/2020\/05\/testi_cover.jpg);\"><div class=\"wpb_column vc_column_container vc_col-sm-12\">\n\t<div class=\"wpb_wrapper\">\n\t\n\t<div class=\"wpb_text_column wpb_content_element\" >\n\t\t<div class=\"wpb_wrapper\">\n\t\t\t<h5 class=\"heading-title\" style=\"text-align: center; margin: 0 0 -20px 0;\"><span style=\"color: #ffffff;\">VAD DE SA<\/span><\/h5>\n\n\t\t<\/div>\n\t<\/div>\n\t\t<div class=\"ts-testimonial-wrapper text-light  show-dots ts-slider loading\" \n\t\t\tdata-nav=\"0\" data-dots=\"1\" data-autoplay=\"1\">\n\t\t\t\t\t<div class=\"item has-image\">\n\t\t\t\t<div class=\"testimonial-content\">\n\t\t\t\t\t\t\t\t\t\t<div class=\"image\">\n\t\t\t\t\t\t<img loading=\"lazy\" decoding=\"async\" width=\"100\" height=\"100\" src=\"https:\/\/kiefonline.com\/wp-content\/uploads\/2017\/05\/100x100-100x100.png\" class=\"attachment-100x100 size-100x100 wp-post-image\" alt=\"\" \/>\t\t\t\t\t<\/div>\n\t\t\t\t\t\t\t\t\t\t\n\t\t\t\t\t\t\t\t\t\t<div class=\"rating\" title=\"Rated 3 out of 5\">\n\t\t\t\t\t\t<span style=\"width: 60%\">Rated 3 out of 5<\/span>\n\t\t\t\t\t<\/div>\n\t\t\t\t\t\t\t\t\t\t\n\t\t\t\t\t<div class=\"content\">\n\t\t\t\t\t\tDet h\u00e4r \u00e4r utan tvekan service av h\u00f6gsta kvalitet! Ett mycket v\u00e4nligt bem\u00f6tande med f\u00f6rfriskningar. V\u00e5r budtender Nicole \u00e4r fantastisk. Manny \u00e4r kunnig och mycket kundorienterad. Jag kommer inte att g\u00e5 n\u00e5gon annanstans.\t\t\t\t\t<\/div>\n\t\t\t\t\t\n\t\t\t\t\t<h4 class=\"name\">\n\t\t\t\t\t\t<a href=\"#\" target=\"_blank\">\n\t\t\t\t\t\t\tWilliam\t\t\t\t\t\t<\/a>\n\t\t\t\t\t<\/h4>\n\t\t\t\t\t\n\t\t\t\t\t\t\t\t\t\t\n\t\t\t\t<\/div>\n\t\t\t<\/div>\n\t\t\t\t\t\t<div class=\"item has-image\">\n\t\t\t\t<div class=\"testimonial-content\">\n\t\t\t\t\t\t\t\t\t\t<div class=\"image\">\n\t\t\t\t\t\t<img loading=\"lazy\" decoding=\"async\" width=\"100\" height=\"100\" src=\"https:\/\/kiefonline.com\/wp-content\/uploads\/2017\/05\/100x100-100x100.png\" class=\"attachment-100x100 size-100x100 wp-post-image\" alt=\"\" \/>\t\t\t\t\t<\/div>\n\t\t\t\t\t\t\t\t\t\t\n\t\t\t\t\t\t\t\t\t\t<div class=\"rating\" title=\"Rated 4.5 out of 5\">\n\t\t\t\t\t\t<span style=\"width: 90%\">Rated 4.5 out of 5<\/span>\n\t\t\t\t\t<\/div>\n\t\t\t\t\t\t\t\t\t\t\n\t\t\t\t\t<div class=\"content\">\n\t\t\t\t\t\tLeveransen var snabb. Jag tycker att kvaliteten \u00e4r mycket bra. Omedelbar effekt p\u00e5 hum\u00f6ret och s\u00f6mnkvaliteten. Efter cirka 5 dagar m\u00e4rkte jag att den kroniska sm\u00e4rtan i nacken var borta. Jag har fortfarande sm\u00e4rtor, men en har f\u00f6rsvunnit och andra har minskat.\t\t\t\t\t<\/div>\n\t\t\t\t\t\n\t\t\t\t\t<h4 class=\"name\">\n\t\t\t\t\t\t<a href=\"http:\/\/theme-sky.com\" target=\"_blank\">\n\t\t\t\t\t\t\tMiss. Bonni\t\t\t\t\t\t<\/a>\n\t\t\t\t\t<\/h4>\n\t\t\t\t\t\n\t\t\t\t\t\t\t\t\t\t<div class=\"byline\">\n\t\t\t\t\t\tCEO - Themesky\t\t\t\t\t<\/div>\n\t\t\t\t\t\t\t\t\t\t\n\t\t\t\t<\/div>\n\t\t\t<\/div>\n\t\t\t\t\t\t<div class=\"item has-image\">\n\t\t\t\t<div class=\"testimonial-content\">\n\t\t\t\t\t\t\t\t\t\t<div class=\"image\">\n\t\t\t\t\t\t<img loading=\"lazy\" decoding=\"async\" width=\"100\" height=\"100\" src=\"https:\/\/kiefonline.com\/wp-content\/uploads\/2017\/05\/100x100-100x100.png\" class=\"attachment-100x100 size-100x100 wp-post-image\" alt=\"\" \/>\t\t\t\t\t<\/div>\n\t\t\t\t\t\t\t\t\t\t\n\t\t\t\t\t\t\t\t\t\t<div class=\"rating\" title=\"Rated 5 out of 5\">\n\t\t\t\t\t\t<span style=\"width: 100%\">Rated 5 out of 5<\/span>\n\t\t\t\t\t<\/div>\n\t\t\t\t\t\t\t\t\t\t\n\t\t\t\t\t<div class=\"content\">\n\t\t\t\t\t\tDe produkter jag har f\u00e5tt fr\u00e5n dem har alla varit av h\u00f6gsta kvalitet! Varje sort behandlas p\u00e5 r\u00e4tt s\u00e4tt och levereras perfekt torkad och lagrad. Och deras destillatpennor \u00e4r perfekta f\u00f6r diskret medicinering n\u00e4r man \u00e4r p\u00e5 spr\u00e5ng! Jag rekommenderar dem varmt.\t\t\t\t\t<\/div>\n\t\t\t\t\t\n\t\t\t\t\t<h4 class=\"name\">\n\t\t\t\t\t\t<a href=\"http:\/\/theme-sky.com\" target=\"_blank\">\n\t\t\t\t\t\t\tMrs.Jane\t\t\t\t\t\t<\/a>\n\t\t\t\t\t<\/h4>\n\t\t\t\t\t\n\t\t\t\t\t\t\t\t\t\t<div class=\"byline\">\n\t\t\t\t\t\tCEO - Themesky\t\t\t\t\t<\/div>\n\t\t\t\t\t\t\t\t\t\t\n\t\t\t\t<\/div>\n\t\t\t<\/div>\n\t\t\t\t\t<\/div>\n\t\t\t<\/div>\n<\/div><\/div><div class=\"vc_row-full-width\"><\/div>\n<\/div>","protected":false},"excerpt":{"rendered":"De produkter jag har f\u00e5tt fr\u00e5n dem har alla varit av h\u00f6gsta kvalitet! Varje sort behandlas p\u00e5 r\u00e4tt s\u00e4tt och levereras perfekt torkad och lagrad. Och deras destillatpennor \u00e4r perfekta f\u00f6r diskret medicinering n\u00e4r man \u00e4r p\u00e5 spr\u00e5ng! Jag rekommenderar dem varmt.","protected":false},"author":1,"featured_media":0,"parent":0,"menu_order":0,"comment_status":"closed","ping_status":"closed","template":"","meta":{"_monsterinsights_skip_tracking":false,"_monsterinsights_sitenote_active":false,"_monsterinsights_sitenote_note":"","_monsterinsights_sitenote_category":0,"_joinchat":[],"footnotes":""},"yst_prominent_words":[],"class_list":["post-4182","page","type-page","status-publish","hentry"],"yoast_head":"<!-- This site is optimized with the Yoast SEO Premium plugin v14.5 - https:\/\/yoast.com\/wordpress\/plugins\/seo\/ -->\n<title>About us - Kief Online Shop<\/title>\n<meta name=\"robots\" content=\"index, follow\" \/>\n<meta name=\"googlebot\" content=\"index, follow, max-snippet:-1, max-image-preview:large, max-video-preview:-1\" \/>\n<meta name=\"bingbot\" content=\"index, follow, max-snippet:-1, max-image-preview:large, max-video-preview:-1\" \/>\n<link rel=\"canonical\" href=\"https:\/\/kiefonline.com\/sv\/about-us\/\" \/>\n<meta property=\"og:locale\" content=\"sv_SE\" \/>\n<meta property=\"og:type\" content=\"article\" \/>\n<meta property=\"og:title\" content=\"About us - Kief Online Shop\" \/>\n<meta property=\"og:url\" content=\"https:\/\/kiefonline.com\/sv\/about-us\/\" \/>\n<meta property=\"og:site_name\" content=\"Kief Online Shop\" \/>\n<meta property=\"article:modified_time\" content=\"2026-01-20T14:00:34+00:00\" \/>\n<meta property=\"og:image\" content=\"https:\/\/kiefonline.com\/wp-content\/uploads\/2020\/05\/kush-in-close-up-photography-3676962-300x195.jpg\" \/>\n<meta name=\"twitter:card\" content=\"summary_large_image\" \/>\n<script type=\"application\/ld+json\" class=\"yoast-schema-graph\">{\"@context\":\"https:\/\/schema.org\",\"@graph\":[{\"@type\":\"WebSite\",\"@id\":\"https:\/\/kiefonline.com\/sv\/#website\",\"url\":\"https:\/\/kiefonline.com\/sv\/\",\"name\":\"Kief Online Shop\",\"description\":\"Cannabis products for sale\",\"potentialAction\":[{\"@type\":\"SearchAction\",\"target\":\"https:\/\/kiefonline.com\/sv\/?s={search_term_string}\",\"query-input\":\"required name=search_term_string\"}],\"inLanguage\":\"sv-SE\"},{\"@type\":\"ImageObject\",\"@id\":\"https:\/\/kiefonline.com\/about-us\/#primaryimage\",\"inLanguage\":\"sv-SE\",\"url\":\"https:\/\/kiefonline.com\/wp-content\/uploads\/2020\/05\/kush-in-close-up-photography-3676962.jpg\",\"width\":580,\"height\":377},{\"@type\":\"WebPage\",\"@id\":\"https:\/\/kiefonline.com\/about-us\/#webpage\",\"url\":\"https:\/\/kiefonline.com\/about-us\/\",\"name\":\"About us - Kief Online Shop\",\"isPartOf\":{\"@id\":\"https:\/\/kiefonline.com\/sv\/#website\"},\"primaryImageOfPage\":{\"@id\":\"https:\/\/kiefonline.com\/about-us\/#primaryimage\"},\"datePublished\":\"2015-06-20T16:11:19+00:00\",\"dateModified\":\"2026-01-20T14:00:34+00:00\",\"inLanguage\":\"sv-SE\",\"potentialAction\":[{\"@type\":\"ReadAction\",\"target\":[\"https:\/\/kiefonline.com\/about-us\/\"]}]},{\"@type\":\"Place\",\"@id\":\"https:\/\/kiefonline.com\/about-us\/#local-place\",\"address\":{\"@type\":\"PostalAddress\",\"@id\":\"https:\/\/kiefonline.com\/about-us\/#local-place-address\",\"streetAddress\":\"\",\"addressLocality\":\"\",\"postalCode\":\"\",\"addressRegion\":\"\",\"addressCountry\":\"\"},\"geo\":{\"@type\":\"GeoCoordinates\",\"latitude\":\"\",\"longitude\":\"\"},\"openingHoursSpecification\":[{\"@type\":\"OpeningHoursSpecification\",\"dayOfWeek\":[\"Monday\",\"Tuesday\",\"Wednesday\",\"Thursday\",\"Friday\",\"Saturday\",\"Sunday\"],\"opens\":\"09:00\",\"closes\":\"17:00\"}]}]}<\/script>\n<!-- \/ Yoast SEO Premium plugin. -->","jetpack_sharing_enabled":true,"_links":{"self":[{"href":"https:\/\/kiefonline.com\/sv\/wp-json\/wp\/v2\/pages\/4182","targetHints":{"allow":["GET"]}}],"collection":[{"href":"https:\/\/kiefonline.com\/sv\/wp-json\/wp\/v2\/pages"}],"about":[{"href":"https:\/\/kiefonline.com\/sv\/wp-json\/wp\/v2\/types\/page"}],"author":[{"embeddable":true,"href":"https:\/\/kiefonline.com\/sv\/wp-json\/wp\/v2\/users\/1"}],"replies":[{"embeddable":true,"href":"https:\/\/kiefonline.com\/sv\/wp-json\/wp\/v2\/comments?post=4182"}],"version-history":[{"count":23,"href":"https:\/\/kiefonline.com\/sv\/wp-json\/wp\/v2\/pages\/4182\/revisions"}],"predecessor-version":[{"id":9346,"href":"https:\/\/kiefonline.com\/sv\/wp-json\/wp\/v2\/pages\/4182\/revisions\/9346"}],"wp:attachment":[{"href":"https:\/\/kiefonline.com\/sv\/wp-json\/wp\/v2\/media?parent=4182"}],"wp:term":[{"taxonomy":"yst_prominent_words","embeddable":true,"href":"https:\/\/kiefonline.com\/sv\/wp-json\/wp\/v2\/yst_prominent_words?post=4182"}],"curies":[{"name":"wp","href":"https:\/\/api.w.org\/{rel}","templated":true}]}}