{"id":3,"date":"2020-05-06T01:32:59","date_gmt":"2020-05-06T01:32:59","guid":{"rendered":"https:\/\/kiefonline.com\/?page_id=3"},"modified":"2026-01-20T13:17:38","modified_gmt":"2026-01-20T13:17:38","slug":"privacy-policy","status":"publish","type":"page","link":"https:\/\/kiefonline.com\/sv\/privacy-policy\/","title":{"rendered":"Integritetspolicy"},"content":{"rendered":"<p><strong>Din r\u00e4tt till integritet<\/strong><\/p>\n<p>I detta uttalande f\u00f6rklarar vi hur \u201dKief Online\u201d respekterar din integritet i samband med interaktioner med denna webbplats och alla Kief Online Store-appar. N\u00e4r vi talar om appar menar vi en Kief Online Store-applikation som antingen kan laddas ner fr\u00e5n en programvara till en mobil enhet och kan anv\u00e4ndas f\u00f6r att f\u00e5 \u00e5tkomst till Kief Online Store-webbplatser och\/eller alla Kief Online Store Inc-tj\u00e4nster.<\/p>\n<p>When we talk about \u201dkanashop Store\u201d or \u201cus\u201d or \u201cwe\u201d in this statement we are referring to Buds4high\u00a0 \u201cKief Online\u201d refers to Kief Online, its subsidiaries, affiliates and their respective parent and subsidiary companies.<\/p>\n<p><strong>Insamling och anv\u00e4ndning av information<\/strong><\/p>\n<p>Vi samlar in personuppgifter om dig som kund och uppgifter om dina interaktioner med v\u00e5ra onlinekanaler, s\u00e5som, men inte begr\u00e4nsat till, Kief Online. Vi kommer alltid att informera dig om hur vi avser att anv\u00e4nda dina uppgifter innan vi samlar in dem, s\u00e5 att du kan besluta om du vill l\u00e4mna dessa uppgifter eller inte. Du b\u00f6r l\u00e4sa v\u00e5rt dataskyddsmeddelande eller kontakta oss direkt f\u00f6r mer information om hur vi anv\u00e4nder dina uppgifter.<\/p>\n<p>N\u00e4r du bes\u00f6ker v\u00e5r webbplats och anv\u00e4nder v\u00e5ra appar samlar v\u00e5ra webbservrar in data som r\u00f6r ditt bes\u00f6k, till exempel:<\/p>\n<ul>\n<li>Vilka sidor du har bes\u00f6kt;<\/li>\n<li>Vissa interaktioner du har haft p\u00e5 dessa sidor;<\/li>\n<li>Antalet g\u00e5nger du har bes\u00f6kt en viss sida; eller<\/li>\n<li>Den tid du kan ha tillbringat p\u00e5 vissa sidor.<\/li>\n<\/ul>\n<p>&nbsp;<\/p>\n<p>I vissa fall kommer de uppgifter vi samlar in att vara anonyma och de kommer endast att visa vilka sidor som har haft mest aktivitet och \u00e4r av s\u00e4rskilt intresse f\u00f6r v\u00e5ra kunder i allm\u00e4nhet. N\u00e4r du loggar in p\u00e5 och anv\u00e4nder Kief Online-webbplatser och\/eller Kief Online-tj\u00e4nster kan vi identifiera vilka sidor du har visat s\u00e4rskilt intresse f\u00f6r, vilka sidor du har bes\u00f6kt flera g\u00e5nger och \u00e4ven vilka sidor du har tillbringat mest tid p\u00e5. Vi utf\u00f6r detta arbete mestadels sj\u00e4lva, men ibland anv\u00e4nder vi Google Analytics som hj\u00e4lp. I alla fall utf\u00f6r vi detta arbete p\u00e5 ett ansvarsfullt s\u00e4tt.<\/p>\n<p>Dessa uppgifter g\u00f6r det m\u00f6jligt f\u00f6r oss att erbjuda dig en mer effektiv och \u00e4ndam\u00e5lsenlig kundservice genom att vi f\u00e5r en bredare f\u00f6rst\u00e5else och insikt om v\u00e5r kundbas. N\u00e4r vi har identifierat dig specifikt kan vi erbjuda dig en mer skr\u00e4ddarsydd anv\u00e4ndarupplevelse och hj\u00e4lpa dig med eventuella kundservice\u00e4renden som du har haft eller kan komma att ha.<\/p>\n<p><strong>Interaktiva omr\u00e5den<\/strong><\/p>\n<p>V\u00e5r webbplats och v\u00e5ra appar erbjuder ibland chattfunktioner som g\u00f6r att du kan prata direkt med en anst\u00e4lld p\u00e5 Kief Online Inc medan du surfar online. Ibland visas dessa chattalternativ automatiskt p\u00e5 din sk\u00e4rm. De \u00e4r en valfri tj\u00e4nst och du kan sj\u00e4lv best\u00e4mma om du vill interagera med dem eller inte. Denna chattj\u00e4nst regleras av Kief Online Inc:s anv\u00e4ndarvillkor, som finns tillg\u00e4ngliga p\u00e5 v\u00e5r webbplats och som du b\u00f6r l\u00e4sa innan du anv\u00e4nder ett chattalternativ. Det \u00e4r viktigt att du agerar p\u00e5 ett ansvarsfullt s\u00e4tt n\u00e4r du interagerar med dessa chattalternativ och andra interaktiva omr\u00e5den (diskussionsforum, anslagstavlor, bloggar). Under inga omst\u00e4ndigheter ska du l\u00e4mna ut personlig eller finansiell information n\u00e4r du anv\u00e4nder dessa tj\u00e4nster. Du kan dock v\u00e4lja att l\u00e4mna viss information till oss, s\u00e5som ditt namn och dina kontaktuppgifter, om du vill att vi ska kontakta dig direkt. Om du g\u00f6r det kommer vi att anv\u00e4nda denna information enbart f\u00f6r att svara p\u00e5 och hantera dina kommentarer eller fr\u00e5gor.<\/p>\n<p><strong>Hur vi skyddar dina uppgifter<\/strong><\/p>\n<p>Vi vet att du bryr dig om hur din information anv\u00e4nds, lagras och delas. Vi uppskattar ditt f\u00f6rtroende f\u00f6r oss i detta avseende. F\u00f6r att skydda din information anv\u00e4nder vi s\u00e4kerhets\u00e5tg\u00e4rder som \u00f6verensst\u00e4mmer med kanadensisk lag och uppfyller EU:s standarder. Detta inkluderar datorskydd och s\u00e4kra filer och byggnader. P\u00e5 Kief Onlines webbplats kan du l\u00e4sa mer information om hur vi skyddar din integritet och dina personuppgifter.<\/p>\n<p><strong>Din r\u00e4tt till tillg\u00e5ng<\/strong><\/p>\n<p>Enligt dataskyddslagarna har du r\u00e4tt att se den personliga information vi har om dig. F\u00f6r att f\u00e5 en kopia av denna information, skriv till oss p\u00e5: Subject Access Request (SARS), Kief Online., 18 Canso Road Toronto, ON M9W 4L8. Om din information \u00e4ndras eller om du tror att vi har information som \u00e4r felaktig eller inte uppdaterad, v\u00e4nligen meddela oss s\u00e5 \u00e4ndrar vi den.<\/p>\n<p>&nbsp;<\/p>\n<p><strong>Cookies<\/strong><\/p>\n<p>I detta avsnitt beskrivs cookies i allm\u00e4nhet, hur vi anv\u00e4nder cookies, varf\u00f6r vi anv\u00e4nder dem och hur detta g\u00f6r det m\u00f6jligt f\u00f6r oss att f\u00f6rb\u00e4ttra v\u00e5r service till dig. Genom att anv\u00e4nda v\u00e5ra webbplatser och appar (via valfri enhet) samtycker du till att denna anv\u00e4ndning av cookies g\u00e4ller f\u00f6r den anv\u00e4ndningen ut\u00f6ver andra villkor som kan vara till\u00e4mpliga. Kief Online Inc:s anv\u00e4ndning av cookies kan komma att \u00e4ndras fr\u00e5n tid till annan. S\u00e5dana \u00e4ndringar kommer att publiceras h\u00e4r och tr\u00e4da i kraft omedelbart. Din fortsatta anv\u00e4ndning av v\u00e5ra webbplatser och appar tolkas som att du samtycker till s\u00e5dana \u00e4ndringar.<\/p>\n<ul>\n<li>Vad \u00e4r en cookie? \u2013 Cookies \u00e4r sm\u00e5 textfiler som skickas till och lagras p\u00e5 din dator, smartphone, surfplatta eller andra enheter f\u00f6r \u00e5tkomst till internet n\u00e4r du bes\u00f6ker en webbplats eller anv\u00e4nder v\u00e5ra onlineappar. Cookies anv\u00e4nds f\u00f6r att uppr\u00e4tth\u00e5lla integriteten f\u00f6r dina surfaktiviteter n\u00e4r du bes\u00f6ker en webbplats och kan ocks\u00e5 anv\u00e4ndas f\u00f6r att anpassa och d\u00e4rmed f\u00f6rb\u00e4ttra den individuella kundupplevelsen. Cookies \u00e4ventyrar inte p\u00e5 n\u00e5got s\u00e4tt s\u00e4kerheten f\u00f6r din dator. Du kan forts\u00e4tta att anv\u00e4nda denna webbplats utan f\u00f6rlust av funktionalitet om du v\u00e4ljer att inaktivera cookies p\u00e5 din dator. Anv\u00e4ndningen av Kief Online-webbplatser och -applikationer kr\u00e4ver dock att cookies \u00e4r aktiverade f\u00f6r att v\u00e5ra tj\u00e4nster ska fungera s\u00e4kert och korrekt. Mer allm\u00e4n information om cookies finns p\u00e5 aboutcookies.org. Detta inkluderar information om hur du inaktiverar cookies. Riktlinjer fr\u00e5n Dataskyddsmyndigheten f\u00f6r inneh\u00e5llet och anv\u00e4ndningen av integritetspolicyer p\u00e5 webbplatser, inklusive f\u00f6rv\u00e4ntade standarder f\u00f6r cookies, finns p\u00e5 http:\/\/www.dataprotection.ie\/docs\/PrivStatements\/290.htm.<\/li>\n<li>Hur vi anv\u00e4nder cookies \u2013 Kief Online Inc anv\u00e4nder cookies f\u00f6r att \u00f6vervaka trafiken p\u00e5 v\u00e5r webbplats, s\u00e4kerst\u00e4lla b\u00e4ttre serviceniv\u00e5er och f\u00f6r att kunna erbjuda dig ytterligare funktioner, s\u00e5som anpassad leverans av tj\u00e4nster. F\u00f6r att uppn\u00e5 detta anv\u00e4nds olika typer av cookies. De fungerar alla p\u00e5 samma s\u00e4tt, men har mindre skillnader som f\u00f6rklaras nedan.<\/li>\n<li>Typer av cookies \u2013\n<ul>\n<li>Sessionscookies \u2013 Sessionscookies varar endast under ditt bes\u00f6k och raderas n\u00e4r du st\u00e4nger din webbl\u00e4sare. De \u00e4r n\u00f6dv\u00e4ndiga f\u00f6r s\u00e4ker navigering p\u00e5 webbplatsen och m\u00f6jligg\u00f6r leverans av grundl\u00e4ggande funktioner. Mer specifikt s\u00e4kerst\u00e4ller de s\u00e4kerheten och integriteten f\u00f6r din session, f\u00f6rhindrar bedr\u00e4glig anv\u00e4ndning och h\u00e5ller dig inloggad medan du navigerar mellan sidor och anv\u00e4nder ditt konto.<\/li>\n<li>Permanenta cookies \u2013 Permanenta cookies finns kvar efter att du har st\u00e4ngt din webbl\u00e4sare och g\u00f6r det m\u00f6jligt f\u00f6r oss att komma ih\u00e5g dina \u00e5tg\u00e4rder och webbplatsinst\u00e4llningar. Kief Online Inc anv\u00e4nder permanenta cookies f\u00f6r att analysera kundbes\u00f6k p\u00e5 v\u00e5ra webbplatser. Dessa cookies hj\u00e4lper oss att f\u00f6rst\u00e5 hur kunderna kommer till och anv\u00e4nder v\u00e5ra webbplatser s\u00e5 att vi kan f\u00f6rb\u00e4ttra den \u00f6vergripande onlineupplevelsen hos Kief Online.<\/li>\n<li>Analytics-cookies \u2013 Slutligen anv\u00e4nder vi analytics-cookies f\u00f6r att g\u00f6ra v\u00e5ra webbplatser \u00e4nnu b\u00e4ttre f\u00f6r dem som bes\u00f6ker dem regelbundet. Denna typ av cookie hj\u00e4lper oss att b\u00e4ttre f\u00f6rst\u00e5 hur enskilda bes\u00f6kare anv\u00e4nder v\u00e5ra onlinetj\u00e4nster och g\u00f6r det m\u00f6jligt f\u00f6r oss att f\u00f6rb\u00e4ttra de tj\u00e4nster och produkter som erbjuds dig.<\/li>\n<\/ul>\n<\/li>\n<\/ul>\n<p>&nbsp;<\/p>\n<p><strong>Ansvarsfriskrivning<\/strong><\/p>\n<p>Denna webbplats och v\u00e5ra appar kan inneh\u00e5lla hypertextl\u00e4nkar till associerade webbplatser som underh\u00e5lls av Kief Online Inc, och du varnas f\u00f6r att n\u00e4r du bes\u00f6ker s\u00e5dana webbplatser kommer du att omfattas av villkoren f\u00f6r dessa webbplatser. Det kan ocks\u00e5 finnas l\u00e4nkar till webbplatser som inte underh\u00e5lls av Kief Online, och du varnas f\u00f6r att n\u00e4r du bes\u00f6ker andra webbplatser via s\u00e5dana hypertextl\u00e4nkar omfattas du inte av Kief Onlines villkor och du omfattas inte av det skydd som du har n\u00e4r du anv\u00e4nder v\u00e5r webbplats. Kief Online Dispensary Store Inc ansvarar inte p\u00e5 n\u00e5got s\u00e4tt f\u00f6r inneh\u00e5llet, tillg\u00e4ngligheten eller anv\u00e4ndningen av s\u00e5dana tredjepartswebbplatser, och du anv\u00e4nder s\u00e5dana l\u00e4nkar helt p\u00e5 egen risk.<\/p>\n<p><strong>Ytterligare information<\/strong><\/p>\n<p>Kief Online Inc samarbetar med tredje parter som tillhandah\u00e5ller tj\u00e4nster till oss. Du kan navigera till dessa parters webbplatser fr\u00e5n v\u00e5r webbplats. V\u00e5ra partners kan anv\u00e4nda cookies, och du kan l\u00e4sa mer om detta p\u00e5 deras webbplats.<\/p>\n<p><strong>\u00c4ndringar<\/strong><\/p>\n<p>Kief Online Inc f\u00f6rbeh\u00e5ller sig r\u00e4tten att efter eget gottfinnande \u00e4ndra denna integritetspolicy n\u00e4r som helst. Du b\u00f6r regelbundet kontrollera denna integritetspolicy f\u00f6r eventuella \u00e4ndringar.<\/p>\n<p><strong>Allm\u00e4nna villkor<\/strong><\/p>\n<p>Denna sekretesspolicy omfattas av anv\u00e4ndarvillkoren f\u00f6r webbplatsen Kief Online. En kopia av dessa finns tillg\u00e4nglig p\u00e5 www.cannmart.com. Det \u00e4r viktigt att du l\u00e4ser anv\u00e4ndarvillkoren, eftersom anv\u00e4ndarvillkoren har f\u00f6retr\u00e4de framf\u00f6r denna sekretesspolicy i h\u00e4ndelse av konflikt mellan dessa.<\/p>\n<p>Genom att bes\u00f6ka och forts\u00e4tta navigera p\u00e5 denna webbplats eller genom att ladda ner och anv\u00e4nda v\u00e5ra appar bekr\u00e4ftar och samtycker du till att dina personuppgifter behandlas p\u00e5 det s\u00e4tt som beskrivs ovan. Du samtycker ocks\u00e5 till att vi under vissa omst\u00e4ndigheter kan vara skyldiga att l\u00e4mna ut personuppgifter om dig till tredje part f\u00f6r att f\u00f6rebygga, uppt\u00e4cka eller f\u00f6rhindra bedr\u00e4geri.<\/p>","protected":false},"excerpt":{"rendered":"<p>Your Right to Privacy In this statement, we explain how \u201cKief Online\u201d respect your privacy in relation to interactions with this website and any Kief Online Store App. When we talk about Apps we mean a Kief Online Store application which can either be downloaded from a software application to a mobile device and can [&hellip;]<\/p>","protected":false},"author":1,"featured_media":0,"parent":0,"menu_order":0,"comment_status":"closed","ping_status":"open","template":"","meta":{"_monsterinsights_skip_tracking":false,"_monsterinsights_sitenote_active":false,"_monsterinsights_sitenote_note":"","_monsterinsights_sitenote_category":0,"_joinchat":[],"footnotes":""},"yst_prominent_words":[],"class_list":["post-3","page","type-page","status-publish","hentry"],"yoast_head":"<!-- This site is optimized with the Yoast SEO Premium plugin v14.5 - https:\/\/yoast.com\/wordpress\/plugins\/seo\/ -->\n<title>Privacy Policy - Kief Online Shop<\/title>\n<meta name=\"robots\" content=\"index, follow\" \/>\n<meta name=\"googlebot\" content=\"index, follow, max-snippet:-1, max-image-preview:large, max-video-preview:-1\" \/>\n<meta name=\"bingbot\" content=\"index, follow, max-snippet:-1, max-image-preview:large, max-video-preview:-1\" \/>\n<link rel=\"canonical\" href=\"https:\/\/kiefonline.com\/sv\/privacy-policy\/\" \/>\n<meta property=\"og:locale\" content=\"sv_SE\" \/>\n<meta property=\"og:type\" content=\"article\" \/>\n<meta property=\"og:title\" content=\"Privacy Policy - Kief Online Shop\" \/>\n<meta property=\"og:description\" content=\"Your Right to Privacy In this statement, we explain how \u201cKief Online\u201d respect your privacy in relation to interactions with this website and any Kief Online Store App. When we talk about Apps we mean a Kief Online Store application which can either be downloaded from a software application to a mobile device and can [&hellip;]\" \/>\n<meta property=\"og:url\" content=\"https:\/\/kiefonline.com\/sv\/privacy-policy\/\" \/>\n<meta property=\"og:site_name\" content=\"Kief Online Shop\" \/>\n<meta property=\"article:modified_time\" content=\"2026-01-20T13:17:38+00:00\" \/>\n<meta name=\"twitter:card\" content=\"summary_large_image\" \/>\n<script type=\"application\/ld+json\" class=\"yoast-schema-graph\">{\"@context\":\"https:\/\/schema.org\",\"@graph\":[{\"@type\":\"WebSite\",\"@id\":\"https:\/\/kiefonline.com\/sv\/#website\",\"url\":\"https:\/\/kiefonline.com\/sv\/\",\"name\":\"Kief Online Shop\",\"description\":\"Cannabis products for sale\",\"potentialAction\":[{\"@type\":\"SearchAction\",\"target\":\"https:\/\/kiefonline.com\/sv\/?s={search_term_string}\",\"query-input\":\"required name=search_term_string\"}],\"inLanguage\":\"sv-SE\"},{\"@type\":\"WebPage\",\"@id\":\"https:\/\/kiefonline.com\/privacy-policy\/#webpage\",\"url\":\"https:\/\/kiefonline.com\/privacy-policy\/\",\"name\":\"Privacy Policy - Kief Online Shop\",\"isPartOf\":{\"@id\":\"https:\/\/kiefonline.com\/sv\/#website\"},\"datePublished\":\"2020-05-06T01:32:59+00:00\",\"dateModified\":\"2026-01-20T13:17:38+00:00\",\"inLanguage\":\"sv-SE\",\"potentialAction\":[{\"@type\":\"ReadAction\",\"target\":[\"https:\/\/kiefonline.com\/privacy-policy\/\"]}]},{\"@type\":\"Place\",\"@id\":\"https:\/\/kiefonline.com\/privacy-policy\/#local-place\",\"address\":{\"@type\":\"PostalAddress\",\"@id\":\"https:\/\/kiefonline.com\/privacy-policy\/#local-place-address\",\"streetAddress\":\"\",\"addressLocality\":\"\",\"postalCode\":\"\",\"addressRegion\":\"\",\"addressCountry\":\"\"},\"geo\":{\"@type\":\"GeoCoordinates\",\"latitude\":\"\",\"longitude\":\"\"},\"openingHoursSpecification\":[{\"@type\":\"OpeningHoursSpecification\",\"dayOfWeek\":[\"Monday\",\"Tuesday\",\"Wednesday\",\"Thursday\",\"Friday\",\"Saturday\",\"Sunday\"],\"opens\":\"09:00\",\"closes\":\"17:00\"}]}]}<\/script>\n<!-- \/ Yoast SEO Premium plugin. -->","jetpack_sharing_enabled":true,"_links":{"self":[{"href":"https:\/\/kiefonline.com\/sv\/wp-json\/wp\/v2\/pages\/3","targetHints":{"allow":["GET"]}}],"collection":[{"href":"https:\/\/kiefonline.com\/sv\/wp-json\/wp\/v2\/pages"}],"about":[{"href":"https:\/\/kiefonline.com\/sv\/wp-json\/wp\/v2\/types\/page"}],"author":[{"embeddable":true,"href":"https:\/\/kiefonline.com\/sv\/wp-json\/wp\/v2\/users\/1"}],"replies":[{"embeddable":true,"href":"https:\/\/kiefonline.com\/sv\/wp-json\/wp\/v2\/comments?post=3"}],"version-history":[{"count":4,"href":"https:\/\/kiefonline.com\/sv\/wp-json\/wp\/v2\/pages\/3\/revisions"}],"predecessor-version":[{"id":9325,"href":"https:\/\/kiefonline.com\/sv\/wp-json\/wp\/v2\/pages\/3\/revisions\/9325"}],"wp:attachment":[{"href":"https:\/\/kiefonline.com\/sv\/wp-json\/wp\/v2\/media?parent=3"}],"wp:term":[{"taxonomy":"yst_prominent_words","embeddable":true,"href":"https:\/\/kiefonline.com\/sv\/wp-json\/wp\/v2\/yst_prominent_words?post=3"}],"curies":[{"name":"wp","href":"https:\/\/api.w.org\/{rel}","templated":true}]}}