{"id":2,"date":"2020-05-06T01:32:59","date_gmt":"2020-05-06T01:32:59","guid":{"rendered":"https:\/\/kiefonline.com\/?page_id=2"},"modified":"2026-01-20T12:05:01","modified_gmt":"2026-01-20T12:05:01","slug":"terms-and-conditions","status":"publish","type":"page","link":"https:\/\/kiefonline.com\/sv\/terms-and-conditions\/","title":{"rendered":"Allm\u00e4nna villkor"},"content":{"rendered":"<p><p><strong>L\u00e4s dessa villkor noggrant innan du anv\u00e4nder v\u00e5r tj\u00e4nst.<\/strong><\/p><br><p>Din tillg\u00e5ng till och anv\u00e4ndning av v\u00e5r tj\u00e4nst baseras p\u00e5 att du accepterar och f\u00f6ljer f\u00f6ljande villkor. Dessa villkor g\u00e4ller f\u00f6r alla som anv\u00e4nder eller har tillg\u00e5ng till tj\u00e4nsten.<\/p><br><p>Genom att anv\u00e4nda v\u00e5r tj\u00e4nst samtycker du till att f\u00f6lja dessa villkor och accepterar alla r\u00e4ttsliga konsekvenser. Om du inte samtycker till v\u00e5ra villkor, helt eller delvis, v\u00e4nligen anv\u00e4nd inte v\u00e5r tj\u00e4nst.<\/p><br><p><strong>Ink\u00f6p<\/strong><\/p><br><p>Om du vill k\u00f6pa n\u00e5gon av de produkter eller tj\u00e4nster som erbjuds via tj\u00e4nsten kan du beh\u00f6va uppge viss information som \u00e4r relevant f\u00f6r ditt k\u00f6p, inklusive men inte begr\u00e4nsat till: ditt kreditkortsnummer och giltighetsdatum, din faktureringsadress och leveransinformation.<\/p><br><p>Du intygar och garanterar att: (i) du har laglig r\u00e4tt att anv\u00e4nda kreditkort eller andra betalningsmetoder i samband med k\u00f6p och att (ii) den information du l\u00e4mnar till oss \u00e4r sann, korrekt och fullst\u00e4ndig.<\/p><br><p>By submitting this information, you grant us the right to provide the information to third parties for purposes of facilitating the completion of purchases.<\/p><br><p>Vi f\u00f6rbeh\u00e5ller oss r\u00e4tten att n\u00e4r som helst v\u00e4gra eller annullera din best\u00e4llning av sk\u00e4l som inkluderar, men inte \u00e4r begr\u00e4nsade till: Produkt- eller tj\u00e4nstetillg\u00e4nglighet, fel i beskrivningen eller priset p\u00e5 produkten eller tj\u00e4nsten, fel i din best\u00e4llning eller andra sk\u00e4l.<\/p><br><p>Vi f\u00f6rbeh\u00e5ller oss r\u00e4tten att v\u00e4gra eller annullera din best\u00e4llning om vi misst\u00e4nker bedr\u00e4geri, obeh\u00f6rig eller olaglig transaktion. Vi tar inte ansvar f\u00f6r att k\u00f6pet inte fullf\u00f6ljs eller f\u00f6r eventuella f\u00f6rluster eller skador som detta kan medf\u00f6ra f\u00f6r dig.<\/p><br><p><strong>Tillg\u00e4nglighet, fel och felaktigheter<\/strong><\/p><br><p>F\u00f6r att kunna erbjuda b\u00e4sta m\u00f6jliga service och noggrannhet uppdaterar vi regelbundet v\u00e5ra produkter och tj\u00e4nster.<\/p><br><p>Vi kan inte garantera och garanterar inte att informationen \u00e4r korrekt eller fullst\u00e4ndig, inklusive priser, produktbilder, specifikationer, tillg\u00e4nglighet och tj\u00e4nster. Vi f\u00f6rbeh\u00e5ller oss r\u00e4tten att \u00e4ndra eller uppdatera information och att korrigera fel, felaktigheter eller utel\u00e4mnanden n\u00e4r som helst utan f\u00f6reg\u00e5ende meddelande.<\/p><br><p>Trots v\u00e5ra anstr\u00e4ngningar f\u00f6r att uppn\u00e5 noggrannhet kan de produkter eller tj\u00e4nster som erbjuds p\u00e5 v\u00e5r tj\u00e4nst inneh\u00e5lla felaktiga prisuppgifter, vara felaktigt beskrivna eller vara otillg\u00e4ngliga.<\/p><br><p><strong>Konton<\/strong><\/p><br><p>N\u00e4r du skapar ett konto hos oss m\u00e5ste du tillhandah\u00e5lla oss information som \u00e4r korrekt, fullst\u00e4ndig och aktuell. Underl\u00e5tenhet att tillhandah\u00e5lla denna information utg\u00f6r ett brott mot v\u00e5ra villkor, vilket kan leda till omedelbar upps\u00e4gning av ditt konto p\u00e5 v\u00e5r tj\u00e4nst.<\/p><br><p>Du \u00e4r personligen ansvarig f\u00f6r att skydda det l\u00f6senord som du anv\u00e4nder f\u00f6r att f\u00e5 tillg\u00e5ng till tj\u00e4nsten och f\u00f6r alla aktiviteter eller \u00e5tg\u00e4rder som utf\u00f6rs med ditt l\u00f6senord, oavsett om l\u00f6senordet anv\u00e4nds f\u00f6r v\u00e5r tj\u00e4nst eller en tredjepartstj\u00e4nst.<\/p><br><p>Genom att anv\u00e4nda v\u00e5r tj\u00e4nst samtycker du till att inte avsl\u00f6ja ditt l\u00f6senord f\u00f6r n\u00e5gon tredje part. Du m\u00e5ste omedelbart meddela oss om du uppt\u00e4cker n\u00e5got s\u00e4kerhetsbrott eller obeh\u00f6rig anv\u00e4ndning av ditt konto.<\/p><br><p>Du f\u00e5r inte anv\u00e4nda namnet p\u00e5 en annan person eller enhet som anv\u00e4ndarnamn, eller ett namn som inte \u00e4r lagligt tillg\u00e4ngligt f\u00f6r anv\u00e4ndning, ett namn eller varum\u00e4rke som \u00e4r f\u00f6rem\u00e5l f\u00f6r n\u00e5gon annan persons eller enhets r\u00e4ttigheter utan l\u00e4mplig beh\u00f6righet, eller ett namn som p\u00e5 annat s\u00e4tt \u00e4r st\u00f6tande, vulg\u00e4rt eller obscent.<\/p><br><p><strong>Immateriella r\u00e4ttigheter<\/strong><\/p><br><p>V\u00e5r tj\u00e4nst och allt inneh\u00e5ll, inklusive men inte begr\u00e4nsat till text, bilder, grafik eller kod, tillh\u00f6r dalvin online dispensary Store. och skyddas av upphovsr\u00e4tt, varum\u00e4rken, databaser och andra immateriella r\u00e4ttigheter. Du f\u00e5r visa, kopiera, ladda ner eller skriva ut delar av materialet fr\u00e5n olika delar av tj\u00e4nsten endast f\u00f6r eget icke-kommersiellt bruk eller f\u00f6r att l\u00e4gga en best\u00e4llning hos <strong>Kief Online<\/strong>  Dispensary Store. All annan anv\u00e4ndning \u00e4r str\u00e4ngt f\u00f6rbjuden och kan utg\u00f6ra ett brott mot upphovsr\u00e4tt, varum\u00e4rkesr\u00e4tt och andra lagar. Dessa villkor ger dig inte r\u00e4tt att anv\u00e4nda n\u00e5got varum\u00e4rke som tillh\u00f6r Dalvin Online Dispensary Store eller dess dotterbolag. Du samtycker vidare till att inte anv\u00e4nda, \u00e4ndra eller ta bort n\u00e5gra \u00e4gander\u00e4ttsmeddelanden fr\u00e5n material som laddats ned fr\u00e5n tj\u00e4nsten.<\/p><br><p><strong>L\u00e4nkar till andra webbplatser<\/strong><\/p><br><p>Tj\u00e4nsten kan inneh\u00e5lla l\u00e4nkar till tredje parts webbplatser eller tj\u00e4nster som inte \u00e4gs eller kontrolleras av <strong>Kief Online<\/strong> apotek Butik.<\/p><br><p><strong>Kief Online<\/strong> dispensary Store. har ingen kontroll \u00f6ver och tar inget ansvar f\u00f6r inneh\u00e5llet, sekretesspolicyn eller rutinerna p\u00e5 tredje parts webbplatser eller tj\u00e4nster. Du bekr\u00e4ftar och samtycker vidare till att <strong>Kief Online<\/strong> Dispensary Store. ansvarar inte, direkt eller indirekt, f\u00f6r skador eller f\u00f6rluster som orsakats eller p\u00e5st\u00e5s ha orsakats av eller i samband med anv\u00e4ndning av eller f\u00f6rlitan p\u00e5 s\u00e5dant inneh\u00e5ll, varor eller tj\u00e4nster som finns tillg\u00e4ngliga p\u00e5 eller via s\u00e5dana webbplatser eller tj\u00e4nster.<\/p><br><p>Vi rekommenderar starkt att du l\u00e4ser villkoren och sekretesspolicyn f\u00f6r alla webbplatser eller tj\u00e4nster fr\u00e5n tredje part som du bes\u00f6ker.<\/p><br><p><strong>Upps\u00e4gning<\/strong><\/p><br><p>Vi kan avsluta eller avbryta \u00e5tkomsten till v\u00e5r tj\u00e4nst omedelbart, utan f\u00f6reg\u00e5ende meddelande eller ansvar, av vilken anledning som helst, inklusive, utan begr\u00e4nsning, om du bryter mot Villkoren.<\/p><br><p>Alla best\u00e4mmelser i Villkoren ska forts\u00e4tta att g\u00e4lla efter upps\u00e4gningen, inklusive, utan begr\u00e4nsning, best\u00e4mmelser om \u00e4gander\u00e4tt, ansvarsfriskrivningar, skadest\u00e5nd och ansvarsbegr\u00e4nsningar.<\/p><br><p>Vid upps\u00e4gning upph\u00f6r din r\u00e4tt att anv\u00e4nda tj\u00e4nsten omedelbart. Om du vill s\u00e4ga upp ditt konto kan du helt enkelt sluta anv\u00e4nda tj\u00e4nsten.<\/p><br><p><strong>Skadeers\u00e4ttning<\/strong><\/p><br><p>Du samtycker till att ers\u00e4tta, f\u00f6rsvara och h\u00e5lla skadesl\u00f6s <strong>Kief Online<\/strong> dispensary Store, dess huvudm\u00e4n, tj\u00e4nstem\u00e4n, direkt\u00f6rer, representanter, anst\u00e4llda, entrepren\u00f6rer, licensgivare, licenstagare, leverant\u00f6rer och ombud, fr\u00e5n och mot alla anspr\u00e5k, f\u00f6rluster, skador, f\u00f6rpliktelser, kostnader, \u00e5tg\u00e4rder eller krav.<\/p><br><p>Bunlar aras\u0131nda \u015funlar yer al\u0131r, ancak bunlarla s\u0131n\u0131rl\u0131 de\u011fildir: (a) Hizmeti kullan\u0131m\u0131n\u0131zdan kaynaklanan yasal ve muhasebe \u00fccretleri; (b) bu Ko\u015fullar\u0131n herhangi birini ihlal etmeniz; (c) Hizmete g\u00f6nderdi\u011finiz veya y\u00fckledi\u011finiz her \u015fey; ve (d) hesab\u0131n\u0131zla ilgili her t\u00fcrl\u00fc faaliyet. Buna, sizin, hesab\u0131n\u0131z\u0131 kullanarak hizmete eri\u015fen herhangi bir ki\u015fi veya kurulu\u015fun, bu eri\u015fimin sahte veya yasad\u0131\u015f\u0131 yollarla elde edilip edilmedi\u011fine bak\u0131lmaks\u0131z\u0131n, ihmal veya yasad\u0131\u015f\u0131 davran\u0131\u015flar\u0131 da dahildir.<\/p><br><p><strong>Ansvarsbegr\u00e4nsning<\/strong><\/p><br><p><strong>Kief Online<\/strong> Dispensary Store, dess styrelseledam\u00f6ter, anst\u00e4llda, partners, ombud, leverant\u00f6rer eller dotterbolag, ska inte h\u00e5llas ansvariga f\u00f6r n\u00e5gra f\u00f6rluster eller skador, direkta eller indirekta, tillf\u00e4lliga, s\u00e4rskilda, f\u00f6ljdskador eller straffskadest\u00e5nd, inklusive utan begr\u00e4nsning, ekonomiska f\u00f6rluster, f\u00f6rlust eller skada p\u00e5 elektroniska medier eller data, goodwill eller andra immateriella f\u00f6rluster, som uppst\u00e5r till f\u00f6ljd av (i) din \u00e5tkomst till eller anv\u00e4ndning av Tj\u00e4nsten; (ii) din of\u00f6rm\u00e5ga att f\u00e5 \u00e5tkomst till eller anv\u00e4nda Tj\u00e4nsten; (iii) beteende eller inneh\u00e5ll fr\u00e5n tredje part p\u00e5 eller relaterat till tj\u00e4nsten; (iv) inneh\u00e5ll som erh\u00e5llits fr\u00e5n eller genom tj\u00e4nsten; och (v) obeh\u00f6rig \u00e5tkomst till, anv\u00e4ndning av eller \u00e4ndring av dina \u00f6verf\u00f6ringar eller ditt inneh\u00e5ll, oavsett om det baseras p\u00e5 garanti, avtal, skadest\u00e5nd (inklusive v\u00e5rdsl\u00f6shet) eller n\u00e5gon annan r\u00e4ttslig grund, oavsett om vi har informerats om risken f\u00f6r s\u00e5dan skada eller inte, och \u00e4ven om en \u00e5tg\u00e4rd som anges h\u00e4r har misslyckats med sitt v\u00e4sentliga syfte.<\/p><br><p><strong>Ansvarsfriskrivning och icke-avst\u00e5ende fr\u00e5n r\u00e4ttigheter<\/strong><\/p><br><p><strong>Kief Online<\/strong> Dispensary Store. ger inga garantier, utf\u00e4stelser eller f\u00f6rs\u00e4kringar av n\u00e5got slag avseende webbplatsen och tillh\u00f6rande teknik. Alla p\u00e5st\u00e5dda till\u00e4mpliga garantier, villkor och best\u00e4mmelser \u00e4r undantagna i den utstr\u00e4ckning som lagen till\u00e5ter. Din anv\u00e4ndning av tj\u00e4nsten sker p\u00e5 egen risk. Tj\u00e4nsten tillhandah\u00e5lls i befintligt skick och i m\u00e5n av tillg\u00e4nglighet. Tj\u00e4nsten tillhandah\u00e5lls utan garantier av n\u00e5got slag, vare sig uttryckliga eller underf\u00f6rst\u00e5dda, inklusive, men inte begr\u00e4nsat till, underf\u00f6rst\u00e5dda garantier om s\u00e4ljbarhet, l\u00e4mplighet f\u00f6r ett visst \u00e4ndam\u00e5l, icke-intr\u00e5ng eller prestanda, med undantag f\u00f6r vad som f\u00f6reskrivs i lagarna i n\u00e5gon provins i Kanada. I s\u00e5dana fall ska provinslagstiftningen till\u00e4mpas i den utstr\u00e4ckning som \u00e4r n\u00f6dv\u00e4ndig.<\/p><br><p><strong>Kief Online<\/strong> Dispensary Store, dess dotterbolag, n\u00e4rst\u00e5ende bolag och licensgivare garanterar inte att a) tj\u00e4nsten kommer att fungera utan avbrott, vara s\u00e4ker eller tillg\u00e4nglig vid en viss tidpunkt eller p\u00e5 en viss plats, b) eventuella fel eller brister kommer att korrigeras, c) tj\u00e4nsten \u00e4r fri fr\u00e5n virus eller andra skadliga komponenter, eller d) resultatet av anv\u00e4ndningen av tj\u00e4nsten kommer att uppfylla dina krav.<\/p><br><p>Om du bryter mot n\u00e5gon av dessa villkor och <strong>Kief Online<\/strong> apotek Butik. v\u00e4ljer att inte agera omedelbart, eller v\u00e4ljer att inte agera alls, <strong>Kief Online<\/strong> Dispensary Store. kommer fortfarande att ha r\u00e4tt till alla r\u00e4ttigheter och r\u00e4ttsmedel vid ett senare tillf\u00e4lle, eller i n\u00e5gon annan situation, d\u00e4r du bryter mot dessa villkor. <strong>Kief Online<\/strong> Apoteket. avst\u00e5r inte fr\u00e5n n\u00e5gra av sina r\u00e4ttigheter. <strong>Kief Online<\/strong> Dispensary Store. ansvarar inte f\u00f6r p\u00e5st\u00e5dda \u00f6vertr\u00e4delser av dessa villkor som orsakats av omst\u00e4ndigheter utanf\u00f6r dess kontroll. En person som inte \u00e4r part i dessa villkor har ingen r\u00e4tt att kr\u00e4va att de efterlevs.<\/p><br><p>Du f\u00e5r inte \u00f6verl\u00e5ta, underlicensiera eller p\u00e5 annat s\u00e4tt \u00f6verf\u00f6ra n\u00e5gra av dina r\u00e4ttigheter enligt dessa villkor.<\/p><br><p><strong>Undantag<\/strong><\/p><br><p>Som anges ovan till\u00e5ter vissa jurisdiktioner inte uteslutande av vissa garantier eller uteslutande eller begr\u00e4nsning av ansvar f\u00f6r f\u00f6ljdskador eller of\u00f6rutsedda skador, varf\u00f6r ovanst\u00e5ende begr\u00e4nsningar kanske inte g\u00e4ller f\u00f6r dig. Kanadensiska provinslagar kan g\u00e4lla f\u00f6r vissa produkter och tj\u00e4nster som tillhandah\u00e5lls.<\/p><br><p><strong>Till\u00e4mplig lag<\/strong><\/p><br><p>Dessa villkor ska regleras av, tolkas och till\u00e4mpas i enlighet med lagarna i provinsen Ontario och Kanadas lagar, i till\u00e4mpliga fall.<\/p><br><p>Om n\u00e5gon best\u00e4mmelse i dessa villkor anses ogiltig eller icke verkst\u00e4llbar av en beh\u00f6rig domstol, ska \u00f6vriga best\u00e4mmelser i dessa villkor forts\u00e4tta att g\u00e4lla. Dessa villkor utg\u00f6r hela avtalet mellan oss avseende v\u00e5r tj\u00e4nst och ers\u00e4tter alla tidigare avtal, muntliga eller andra, avseende tj\u00e4nsten.<\/p><br><p><strong>F\u00f6r\u00e4ndringar<\/strong><\/p><br><p>Vi f\u00f6rbeh\u00e5ller oss r\u00e4tten att, efter eget gottfinnande, n\u00e4r som helst \u00e4ndra eller ers\u00e4tta dessa villkor. Om en \u00e4ndring \u00e4r v\u00e4sentlig kommer vi att g\u00f6ra rimliga anstr\u00e4ngningar f\u00f6r att meddela detta minst 30 dagar innan de nya villkoren tr\u00e4der i kraft. Vad som utg\u00f6r en v\u00e4sentlig \u00e4ndring avg\u00f6rs efter v\u00e5rt eget gottfinnande.<\/p><br><p>Genom att forts\u00e4tta att anv\u00e4nda v\u00e5r tj\u00e4nst efter att dessa \u00e4ndringar tr\u00e4tt i kraft samtycker du till att vara bunden av de reviderade villkoren. Om du inte samtycker till de nya villkoren, helt eller delvis, v\u00e4nligen sluta anv\u00e4nda webbplatsen och tj\u00e4nsten.<\/p><br><p><strong>Returer<\/strong><\/p><br><p><strong>Kief Online<\/strong> Apoteket kommer endast att utf\u00e4rda en \u00e5terbetalning vid utf\u00e4rdande av ett \u00e5terkallande och kommer att ta tillbaka produkten. Detta \u00e4r s\u00e5 <strong>Kief Online<\/strong> Apoteket kan rapportera uppgifterna till Health Canada p\u00e5 ett effektivt s\u00e4tt. Returer m\u00e5ste utf\u00f6ras enligt ACMPR:s riktlinjer.<\/p><br><p><strong>Kontakta oss<\/strong><\/p><br><p>Om du har n\u00e5gra fr\u00e5gor om dessa villkor, v\u00e4nligen kontakta oss.<\/p><\/p>","protected":false},"excerpt":{"rendered":"<p>Please read these terms and conditions carefully before using our service. Your access to and use of our service is based on your acceptance of and compliance to the following terms. These terms apply to all who access or use the service. By accessing or using our service you agree to be bound by these [&hellip;]<\/p>","protected":false},"author":1,"featured_media":0,"parent":0,"menu_order":0,"comment_status":"closed","ping_status":"closed","template":"","meta":{"_monsterinsights_skip_tracking":false,"_monsterinsights_sitenote_active":false,"_monsterinsights_sitenote_note":"","_monsterinsights_sitenote_category":0,"_joinchat":[],"footnotes":""},"yst_prominent_words":[],"class_list":["post-2","page","type-page","status-publish","hentry"],"yoast_head":"<!-- This site is optimized with the Yoast SEO Premium plugin v14.5 - https:\/\/yoast.com\/wordpress\/plugins\/seo\/ -->\n<title>Terms and conditions - Kief Online Shop<\/title>\n<meta name=\"robots\" content=\"index, follow\" \/>\n<meta name=\"googlebot\" content=\"index, follow, max-snippet:-1, max-image-preview:large, max-video-preview:-1\" \/>\n<meta name=\"bingbot\" content=\"index, follow, max-snippet:-1, max-image-preview:large, max-video-preview:-1\" \/>\n<link rel=\"canonical\" href=\"https:\/\/kiefonline.com\/sv\/terms-and-conditions\/\" \/>\n<meta property=\"og:locale\" content=\"sv_SE\" \/>\n<meta property=\"og:type\" content=\"article\" \/>\n<meta property=\"og:title\" content=\"Terms and conditions - Kief Online Shop\" \/>\n<meta property=\"og:description\" content=\"Please read these terms and conditions carefully before using our service. Your access to and use of our service is based on your acceptance of and compliance to the following terms. These terms apply to all who access or use the service. By accessing or using our service you agree to be bound by these [&hellip;]\" \/>\n<meta property=\"og:url\" content=\"https:\/\/kiefonline.com\/sv\/terms-and-conditions\/\" \/>\n<meta property=\"og:site_name\" content=\"Kief Online Shop\" \/>\n<meta property=\"article:modified_time\" content=\"2026-01-20T12:05:01+00:00\" \/>\n<meta name=\"twitter:card\" content=\"summary_large_image\" \/>\n<script type=\"application\/ld+json\" class=\"yoast-schema-graph\">{\"@context\":\"https:\/\/schema.org\",\"@graph\":[{\"@type\":\"WebSite\",\"@id\":\"https:\/\/kiefonline.com\/sv\/#website\",\"url\":\"https:\/\/kiefonline.com\/sv\/\",\"name\":\"Kief Online Shop\",\"description\":\"Cannabis products for sale\",\"potentialAction\":[{\"@type\":\"SearchAction\",\"target\":\"https:\/\/kiefonline.com\/sv\/?s={search_term_string}\",\"query-input\":\"required name=search_term_string\"}],\"inLanguage\":\"sv-SE\"},{\"@type\":\"WebPage\",\"@id\":\"https:\/\/kiefonline.com\/terms-and-conditions\/#webpage\",\"url\":\"https:\/\/kiefonline.com\/terms-and-conditions\/\",\"name\":\"Terms and conditions - Kief Online Shop\",\"isPartOf\":{\"@id\":\"https:\/\/kiefonline.com\/sv\/#website\"},\"datePublished\":\"2020-05-06T01:32:59+00:00\",\"dateModified\":\"2026-01-20T12:05:01+00:00\",\"inLanguage\":\"sv-SE\",\"potentialAction\":[{\"@type\":\"ReadAction\",\"target\":[\"https:\/\/kiefonline.com\/terms-and-conditions\/\"]}]},{\"@type\":\"Place\",\"@id\":\"https:\/\/kiefonline.com\/terms-and-conditions\/#local-place\",\"address\":{\"@type\":\"PostalAddress\",\"@id\":\"https:\/\/kiefonline.com\/terms-and-conditions\/#local-place-address\",\"streetAddress\":\"\",\"addressLocality\":\"\",\"postalCode\":\"\",\"addressRegion\":\"\",\"addressCountry\":\"\"},\"geo\":{\"@type\":\"GeoCoordinates\",\"latitude\":\"\",\"longitude\":\"\"},\"openingHoursSpecification\":[{\"@type\":\"OpeningHoursSpecification\",\"dayOfWeek\":[\"Monday\",\"Tuesday\",\"Wednesday\",\"Thursday\",\"Friday\",\"Saturday\",\"Sunday\"],\"opens\":\"09:00\",\"closes\":\"17:00\"}]}]}<\/script>\n<!-- \/ Yoast SEO Premium plugin. -->","jetpack_sharing_enabled":true,"_links":{"self":[{"href":"https:\/\/kiefonline.com\/sv\/wp-json\/wp\/v2\/pages\/2","targetHints":{"allow":["GET"]}}],"collection":[{"href":"https:\/\/kiefonline.com\/sv\/wp-json\/wp\/v2\/pages"}],"about":[{"href":"https:\/\/kiefonline.com\/sv\/wp-json\/wp\/v2\/types\/page"}],"author":[{"embeddable":true,"href":"https:\/\/kiefonline.com\/sv\/wp-json\/wp\/v2\/users\/1"}],"replies":[{"embeddable":true,"href":"https:\/\/kiefonline.com\/sv\/wp-json\/wp\/v2\/comments?post=2"}],"version-history":[{"count":2,"href":"https:\/\/kiefonline.com\/sv\/wp-json\/wp\/v2\/pages\/2\/revisions"}],"predecessor-version":[{"id":9327,"href":"https:\/\/kiefonline.com\/sv\/wp-json\/wp\/v2\/pages\/2\/revisions\/9327"}],"wp:attachment":[{"href":"https:\/\/kiefonline.com\/sv\/wp-json\/wp\/v2\/media?parent=2"}],"wp:term":[{"taxonomy":"yst_prominent_words","embeddable":true,"href":"https:\/\/kiefonline.com\/sv\/wp-json\/wp\/v2\/yst_prominent_words?post=2"}],"curies":[{"name":"wp","href":"https:\/\/api.w.org\/{rel}","templated":true}]}}