{"id":3,"date":"2020-05-06T01:32:59","date_gmt":"2020-05-06T01:32:59","guid":{"rendered":"https:\/\/kiefonline.com\/?page_id=3"},"modified":"2026-01-20T13:17:38","modified_gmt":"2026-01-20T13:17:38","slug":"privacy-policy","status":"publish","type":"page","link":"https:\/\/kiefonline.com\/ro\/privacy-policy\/","title":{"rendered":"Politica de confiden\u021bialitate"},"content":{"rendered":"<p><strong>Dreptul dumneavoastr\u0103 la confiden\u021bialitate<\/strong><\/p>\n<p>\u00cen aceast\u0103 declara\u021bie, explic\u0103m modul \u00een care \u201eKief Online\u201d respect\u0103 confiden\u021bialitatea dvs. \u00een leg\u0103tur\u0103 cu interac\u021biunile cu acest site web \u0219i cu orice aplica\u021bie Kief Online Store. C\u00e2nd vorbim despre aplica\u021bii, ne referim la o aplica\u021bie Kief Online Store care poate fi desc\u0103rcat\u0103 de pe o aplica\u021bie software pe un dispozitiv mobil \u0219i poate fi utilizat\u0103 pentru a accesa site-urile de internet Kief Online Store \u0219i\/sau orice servicii Kief Online Store Inc.<\/p>\n<p>When we talk about \u201dkanashop Store\u201d or \u201cus\u201d or \u201cwe\u201d in this statement we are referring to Buds4high\u00a0 \u201cKief Online\u201d refers to Kief Online, its subsidiaries, affiliates and their respective parent and subsidiary companies.<\/p>\n<p><strong>Colectarea \u0219i utilizarea informa\u021biilor<\/strong><\/p>\n<p>Colect\u0103m date personale despre dvs. \u00een calitate de client \u0219i date referitoare la interac\u021biunile dvs. cu canalele noastre online, cum ar fi, dar f\u0103r\u0103 a se limita la, Kief Online. V\u0103 vom informa \u00eentotdeauna despre modul \u00een care inten\u021bion\u0103m s\u0103 utiliz\u0103m informa\u021biile dvs. \u00eenainte de a le colecta, astfel \u00eenc\u00e2t s\u0103 pute\u021bi decide dac\u0103 dori\u021bi sau nu s\u0103 furniza\u021bi aceste informa\u021bii. V\u0103 recomand\u0103m s\u0103 citi\u021bi Notificarea noastr\u0103 privind protec\u021bia datelor sau s\u0103 ne contacta\u021bi direct pentru mai multe informa\u021bii despre modul \u00een care utiliz\u0103m informa\u021biile dvs.<\/p>\n<p>C\u00e2nd naviga\u021bi pe site-ul nostru web \u0219i utiliza\u021bi aplica\u021biile noastre, serverele noastre web colecteaz\u0103 date referitoare la vizita dvs., cum ar fi:<\/p>\n<ul>\n<li>Paginile pe care le-a\u021bi vizualizat;<\/li>\n<li>Anumite interac\u021biuni pe care le-a\u021bi avut pe acele pagini;<\/li>\n<li>Num\u0103rul de vizite pe o anumit\u0103 pagin\u0103; sau<\/li>\n<li>Timpul pe care l-a\u021bi petrecut pe anumite pagini.<\/li>\n<\/ul>\n<p>&nbsp;<\/p>\n<p>\u00cen unele cazuri, datele pe care le colect\u0103m vor fi anonime \u0219i ne vor indica pur \u0219i simplu paginile care au \u00eenregistrat cea mai mare activitate \u0219i care prezint\u0103 un interes deosebit pentru clien\u021bii no\u0219tri \u00een general. Atunci c\u00e2nd v\u0103 conecta\u021bi \u0219i utiliza\u021bi site-urile internet Kief Online \u0219i\/sau orice servicii Kief Online, vom putea identifica paginile care v-au interesat \u00een mod deosebit, paginile pe care le-a\u021bi vizitat de mai multe ori, precum \u0219i paginile pe care a\u021bi petrecut cel mai mult timp. \u00cen majoritatea cazurilor, vom efectua noi \u00een\u0219ine aceast\u0103 activitate, \u00eens\u0103 uneori vom utiliza Google Analytics pentru a ne ajuta. \u00cen toate cazurile, vom efectua aceast\u0103 activitate \u00een mod responsabil.<\/p>\n<p>Aceste date ne permit s\u0103 v\u0103 oferim un serviciu pentru clien\u021bi mai eficient \u0219i mai eficace, dezvolt\u00e2nd o \u00een\u021belegere \u0219i o apreciere mai ampl\u0103 a bazei noastre de clien\u021bi. \u00cen cazul \u00een care v-am identificat \u00een mod specific, v\u0103 putem oferi o experien\u021b\u0103 de utilizare mai personalizat\u0103 \u0219i v\u0103 putem ajuta cu orice probleme legate de serviciul pentru clien\u021bi pe care le-a\u021bi \u00eent\u00e2mpinat sau le-a\u021bi putea \u00eent\u00e2mpina.<\/p>\n<p><strong>Zone interactive<\/strong><\/p>\n<p>Site-ul nostru web \u0219i aplica\u021biile noastre vor oferi uneori op\u021biuni de chat care v\u0103 permit s\u0103 discuta\u021bi direct cu un membru al personalului Kief Online Inc \u00een timp ce naviga\u021bi online. Uneori, aceste op\u021biuni de chat vor ap\u0103rea automat pe ecranul dvs., ele fiind un serviciu op\u021bional, iar dvs. pute\u021bi decide dac\u0103 dori\u021bi sau nu s\u0103 interac\u021biona\u021bi cu ele. Acest serviciu de chat este guvernat de termenii \u0219i condi\u021biile de utilizare ale Kief Online Inc, care sunt disponibile pe site-ul nostru web \u0219i pe care ar trebui s\u0103 le citi\u021bi \u00eenainte de a utiliza o op\u021biune de chat. Este important ca, atunci c\u00e2nd interac\u021biona\u021bi cu aceste op\u021biuni de chat \u0219i alte zone interactive (forumuri de discu\u021bii, panouri de anun\u021buri, bloguri), s\u0103 o face\u021bi \u00eentr-un mod responsabil. \u00cen niciun caz nu trebuie s\u0103 furniza\u021bi informa\u021bii personale sau financiare atunci c\u00e2nd utiliza\u021bi aceste servicii. Cu toate acestea, pute\u021bi alege s\u0103 ne furniza\u021bi anumite informa\u021bii, cum ar fi numele \u0219i datele de contact, dac\u0103 dori\u021bi s\u0103 v\u0103 contact\u0103m direct. Dac\u0103 face\u021bi acest lucru, vom utiliza aceste informa\u021bii exclusiv pentru a r\u0103spunde \u0219i a trata comentariile sau \u00eentreb\u0103rile dvs.<\/p>\n<p><strong>Cum v\u0103 protej\u0103m informa\u021biile<\/strong><\/p>\n<p>\u0218tim c\u0103 v\u0103 pas\u0103 de modul \u00een care sunt utilizate, stocate \u0219i partajate informa\u021biile dvs. Apreciem \u00eencrederea pe care ne-o acorda\u021bi \u00een acest sens. Pentru a v\u0103 proteja informa\u021biile, utiliz\u0103m m\u0103suri de securitate care respect\u0103 legisla\u021bia canadian\u0103 \u0219i standardele Uniunii Europene. Acestea includ m\u0103suri de protec\u021bie a computerelor, fi\u0219iere securizate \u0219i cl\u0103diri securizate. Pe site-ul web Kief Online, ve\u021bi putea citi mai multe informa\u021bii despre modul \u00een care v\u0103 protej\u0103m confiden\u021bialitatea \u0219i datele personale.<\/p>\n<p><strong>Dreptul dumneavoastr\u0103 de acces<\/strong><\/p>\n<p>\u00cen conformitate cu Legile privind protec\u021bia datelor, ave\u021bi dreptul s\u0103 consulta\u021bi informa\u021biile personale pe care le de\u021binem despre dvs. Pentru a ob\u021bine o copie a acestor informa\u021bii, scrie\u021bi-ne la: Subject Access Request (SARS), Kief Online., 18 Canso Road Toronto, ON M9W 4L8. Dac\u0103 informa\u021biile dvs. se modific\u0103 sau considera\u021bi c\u0103 de\u021binem informa\u021bii inexacte sau neactualizate, v\u0103 rug\u0103m s\u0103 ne informa\u021bi \u0219i le vom modifica.<\/p>\n<p>&nbsp;<\/p>\n<p><strong>Cookie-uri<\/strong><\/p>\n<p>Aceast\u0103 sec\u021biune v\u0103 ofer\u0103 informa\u021bii generale despre cookie-uri, modul \u00een care le utiliz\u0103m, motivul pentru care le utiliz\u0103m \u0219i modul \u00een care acestea ne permit s\u0103 \u00eembun\u0103t\u0103\u021bim serviciile pe care vi le oferim. Prin utilizarea site-urilor \u0219i aplica\u021biilor noastre (pe orice dispozitiv), sunte\u021bi de acord c\u0103 aceast\u0103 utilizare a cookie-urilor se aplic\u0103 \u00een plus fa\u021b\u0103 de orice al\u021bi termeni \u0219i condi\u021bii care ar putea fi aplicabili. Utilizarea cookie-urilor de c\u0103tre Kief Online Inc poate fi supus\u0103 modific\u0103rilor din c\u00e2nd \u00een c\u00e2nd. Orice astfel de modific\u0103ri vor ap\u0103rea aici \u0219i vor intra \u00een vigoare imediat. Utilizarea \u00een continuare a site-urilor \u0219i aplica\u021biilor noastre web este considerat\u0103 ca fiind de acord cu orice astfel de modific\u0103ri.<\/p>\n<ul>\n<li>Ce este un cookie? \u2013 Cookie-urile sunt mici fi\u0219iere text care sunt trimise \u0219i stocate pe computerul, smartphone-ul, tableta sau alte dispozitive pentru accesarea internetului, ori de c\u00e2te ori vizita\u021bi un site web sau utiliza\u021bi aplica\u021biile noastre online. Cookie-urile sunt utilizate pentru a men\u021bine integritatea activit\u0103\u021bilor dvs. de navigare atunci c\u00e2nd vizita\u021bi un site web \u0219i pot fi utilizate \u0219i pentru a personaliza \u0219i \u00eembun\u0103t\u0103\u021bi experien\u021ba individual\u0103 a clien\u021bilor. Cookie-urile nu compromit \u00een niciun fel securitatea computerului dvs. Pute\u021bi continua s\u0103 utiliza\u021bi acest site web f\u0103r\u0103 pierderi de func\u021bionalitate dac\u0103 alege\u021bi s\u0103 dezactiva\u021bi cookie-urile pe computerul dvs. Cu toate acestea, utilizarea site-urilor web \u0219i a aplica\u021biilor Kief Online necesit\u0103 activarea cookie-urilor pentru ca serviciile noastre s\u0103 func\u021bioneze \u00een siguran\u021b\u0103 \u0219i corect. Mai multe informa\u021bii generale despre cookie-uri pot fi g\u0103site pe aboutcookies.org. Acestea includ informa\u021bii despre cum s\u0103 dezactiva\u021bi cookie-urile. Liniile directoare ale Oficiului Comisarului pentru Protec\u021bia Datelor privind con\u021binutul \u0219i utilizarea declara\u021biilor de confiden\u021bialitate pe site-urile web, inclusiv standardele preconizate pentru cookie-uri, pot fi g\u0103site pe http:\/\/www.dataprotection.ie\/docs\/PrivStatements\/290.htm.<\/li>\n<li>Cum utiliz\u0103m cookie-urile \u2013 Kief Online Inc utilizeaz\u0103 cookie-uri pentru a monitoriza traficul pe site-ul nostru web, pentru a asigura un nivel mai bun al serviciilor \u0219i pentru a ne permite s\u0103 v\u0103 oferim func\u021bii suplimentare, cum ar fi furnizarea de servicii personalizate. Pentru a realiza acest lucru, utiliz\u0103m diferite tipuri de cookie-uri. Toate func\u021bioneaz\u0103 \u00een acela\u0219i mod, dar prezint\u0103 diferen\u021be minore, care sunt explicate mai jos.<\/li>\n<li>Tipuri de cookie-uri \u2013\n<ul>\n<li>Cookie-uri de sesiune \u2013 Cookie-urile de sesiune dureaz\u0103 doar pe durata vizitei dvs. \u0219i sunt \u0219terse c\u00e2nd \u00eenchide\u021bi browserul. Sunt esen\u021biale pentru navigarea sigur\u0103 a utilizatorului pe site \u0219i permit furnizarea func\u021bionalit\u0103\u021bilor de baz\u0103. Mai exact, ele asigur\u0103 securitatea \u0219i integritatea sesiunii dvs., \u00eempiedic\u00e2nd utilizarea frauduloas\u0103 \u0219i men\u021bin\u00e2ndu-v\u0103 conectat \u00een timp ce naviga\u021bi \u00eentre pagini \u0219i utiliza\u021bi contul dvs.<\/li>\n<li>Cookie-uri persistente \u2013 Cookie-urile persistente r\u0103m\u00e2n active dup\u0103 ce a\u021bi \u00eenchis browserul \u0219i ne permit s\u0103 re\u021binem ac\u021biunile \u0219i preferin\u021bele dvs. pe site. Kief Online Inc utilizeaz\u0103 cookie-uri persistente pentru a analiza vizitele clien\u021bilor pe site-urile noastre. Aceste cookie-uri ne ajut\u0103 s\u0103 \u00een\u021belegem modul \u00een care clien\u021bii ajung pe site-urile noastre \u0219i le utilizeaz\u0103, astfel \u00eenc\u00e2t s\u0103 putem \u00eembun\u0103t\u0103\u021bi experien\u021ba online general\u0103 oferit\u0103 de Kief Online.<\/li>\n<li>Cookie-uri analitice \u2013 \u00cen cele din urm\u0103, utiliz\u0103m cookie-uri analitice pentru a ne ajuta s\u0103 \u00eembun\u0103t\u0103\u021bim site-urile noastre web pentru cei care le viziteaz\u0103 \u00een mod regulat. Acest tip de cookie ne ajut\u0103 s\u0103 \u00een\u021belegem mai bine modul \u00een care vizitatorii individuali utilizeaz\u0103 serviciile noastre online \u0219i ne permite s\u0103 \u00eembun\u0103t\u0103\u021bim serviciile \u0219i produsele oferite \u00een ansamblu.<\/li>\n<\/ul>\n<\/li>\n<\/ul>\n<p>&nbsp;<\/p>\n<p><strong>Declinarea responsabilit\u0103\u021bii<\/strong><\/p>\n<p>Acest site \u0219i aplica\u021biile noastre pot con\u021bine linkuri hipertext c\u0103tre site-uri web asociate \u00eentre\u021binute de Kief Online Inc \u0219i sunte\u021bi avertizat c\u0103, atunci c\u00e2nd accesa\u021bi astfel de site-uri, ve\u021bi fi supus termenilor \u0219i condi\u021biilor acelor site-uri. De asemenea, pot exista linkuri c\u0103tre site-uri web care nu sunt \u00eentre\u021binute de Kief Online, \u0219i sunte\u021bi avertizat c\u0103, atunci c\u00e2nd accesa\u021bi alte site-uri web prin intermediul acestor linkuri hipertext, nu ve\u021bi fi supus termenilor \u0219i condi\u021biilor Kief Online \u0219i nu ve\u021bi beneficia de protec\u021bia oferit\u0103 de utilizarea site-ului nostru. Kief Online Dispensary Store Inc nu va fi r\u0103spunz\u0103toare \u00een niciun fel pentru con\u021binutul, disponibilitatea sau utilizarea acestor site-uri web ale ter\u021bilor, iar utilizarea acestor linkuri se face pe propriul risc.<\/p>\n<p><strong>Informa\u021bii suplimentare<\/strong><\/p>\n<p>Kief Online Inc colaboreaz\u0103 cu ter\u021be p\u0103r\u021bi care ne furnizeaz\u0103 servicii. Pute\u021bi accesa site-urile web ale acestor p\u0103r\u021bi de pe site-ul nostru web. Partenerii no\u0219tri pot utiliza cookie-uri, iar dvs. pute\u021bi afla mai multe informa\u021bii pe site-ul lor web.<\/p>\n<p><strong>Modific\u0103ri<\/strong><\/p>\n<p>Kief Online Inc \u00ee\u0219i rezerv\u0103 dreptul, la propria discre\u021bie, de a modifica aceast\u0103 declara\u021bie de confiden\u021bialitate \u00een orice moment. V\u0103 recomand\u0103m s\u0103 verifica\u021bi periodic aceast\u0103 declara\u021bie de confiden\u021bialitate pentru a vedea dac\u0103 au fost aduse modific\u0103ri.<\/p>\n<p><strong>Termeni \u0219i condi\u021bii<\/strong><\/p>\n<p>Prezenta Declara\u021bie de confiden\u021bialitate este supus\u0103 Termenilor \u0219i condi\u021biilor de utilizare ale site-ului web Kief Online. O copie a acestora este disponibil\u0103 la adresa www.cannmart.com. Este important s\u0103 citi\u021bi termenii \u0219i condi\u021biile de utilizare, deoarece \u00een cazul unui conflict \u00eentre prezenta Declara\u021bie de confiden\u021bialitate \u0219i Termenii \u0219i condi\u021biile de utilizare, Termenii \u0219i condi\u021biile de utilizare vor prevala.<\/p>\n<p>Prin accesarea \u0219i continuarea navig\u0103rii pe acest site web sau prin desc\u0103rcarea \u0219i utilizarea aplica\u021biilor noastre, recunoa\u0219te\u021bi \u0219i sunte\u021bi de acord cu prelucrarea datelor dvs. personale \u00een modul descris mai sus. De asemenea, sunte\u021bi de acord c\u0103, \u00een anumite circumstan\u021be, putem fi obliga\u021bi s\u0103 divulg\u0103m informa\u021bii personale referitoare la dvs. c\u0103tre ter\u021bi, \u00een scopul prevenirii, detect\u0103rii sau combaterii fraudei.<\/p>","protected":false},"excerpt":{"rendered":"<p>Your Right to Privacy In this statement, we explain how \u201cKief Online\u201d respect your privacy in relation to interactions with this website and any Kief Online Store App. When we talk about Apps we mean a Kief Online Store application which can either be downloaded from a software application to a mobile device and can [&hellip;]<\/p>","protected":false},"author":1,"featured_media":0,"parent":0,"menu_order":0,"comment_status":"closed","ping_status":"open","template":"","meta":{"_monsterinsights_skip_tracking":false,"_monsterinsights_sitenote_active":false,"_monsterinsights_sitenote_note":"","_monsterinsights_sitenote_category":0,"_joinchat":[],"footnotes":""},"yst_prominent_words":[],"class_list":["post-3","page","type-page","status-publish","hentry"],"yoast_head":"<!-- This site is optimized with the Yoast SEO Premium plugin v14.5 - https:\/\/yoast.com\/wordpress\/plugins\/seo\/ -->\n<title>Privacy Policy - Kief Online Shop<\/title>\n<meta name=\"robots\" content=\"index, follow\" \/>\n<meta name=\"googlebot\" content=\"index, follow, max-snippet:-1, max-image-preview:large, max-video-preview:-1\" \/>\n<meta name=\"bingbot\" content=\"index, follow, max-snippet:-1, max-image-preview:large, max-video-preview:-1\" \/>\n<link rel=\"canonical\" href=\"https:\/\/kiefonline.com\/ro\/privacy-policy\/\" \/>\n<meta property=\"og:locale\" content=\"ro_RO\" \/>\n<meta property=\"og:type\" content=\"article\" \/>\n<meta property=\"og:title\" content=\"Privacy Policy - Kief Online Shop\" \/>\n<meta property=\"og:description\" content=\"Your Right to Privacy In this statement, we explain how \u201cKief Online\u201d respect your privacy in relation to interactions with this website and any Kief Online Store App. When we talk about Apps we mean a Kief Online Store application which can either be downloaded from a software application to a mobile device and can [&hellip;]\" \/>\n<meta property=\"og:url\" content=\"https:\/\/kiefonline.com\/ro\/privacy-policy\/\" \/>\n<meta property=\"og:site_name\" content=\"Kief Online Shop\" \/>\n<meta property=\"article:modified_time\" content=\"2026-01-20T13:17:38+00:00\" \/>\n<meta name=\"twitter:card\" content=\"summary_large_image\" \/>\n<script type=\"application\/ld+json\" class=\"yoast-schema-graph\">{\"@context\":\"https:\/\/schema.org\",\"@graph\":[{\"@type\":\"WebSite\",\"@id\":\"https:\/\/kiefonline.com\/ro\/#website\",\"url\":\"https:\/\/kiefonline.com\/ro\/\",\"name\":\"Kief Online Shop\",\"description\":\"Cannabis products for sale\",\"potentialAction\":[{\"@type\":\"SearchAction\",\"target\":\"https:\/\/kiefonline.com\/ro\/?s={search_term_string}\",\"query-input\":\"required name=search_term_string\"}],\"inLanguage\":\"ro-RO\"},{\"@type\":\"WebPage\",\"@id\":\"https:\/\/kiefonline.com\/privacy-policy\/#webpage\",\"url\":\"https:\/\/kiefonline.com\/privacy-policy\/\",\"name\":\"Privacy Policy - Kief Online Shop\",\"isPartOf\":{\"@id\":\"https:\/\/kiefonline.com\/ro\/#website\"},\"datePublished\":\"2020-05-06T01:32:59+00:00\",\"dateModified\":\"2026-01-20T13:17:38+00:00\",\"inLanguage\":\"ro-RO\",\"potentialAction\":[{\"@type\":\"ReadAction\",\"target\":[\"https:\/\/kiefonline.com\/privacy-policy\/\"]}]},{\"@type\":\"Place\",\"@id\":\"https:\/\/kiefonline.com\/privacy-policy\/#local-place\",\"address\":{\"@type\":\"PostalAddress\",\"@id\":\"https:\/\/kiefonline.com\/privacy-policy\/#local-place-address\",\"streetAddress\":\"\",\"addressLocality\":\"\",\"postalCode\":\"\",\"addressRegion\":\"\",\"addressCountry\":\"\"},\"geo\":{\"@type\":\"GeoCoordinates\",\"latitude\":\"\",\"longitude\":\"\"},\"openingHoursSpecification\":[{\"@type\":\"OpeningHoursSpecification\",\"dayOfWeek\":[\"Monday\",\"Tuesday\",\"Wednesday\",\"Thursday\",\"Friday\",\"Saturday\",\"Sunday\"],\"opens\":\"09:00\",\"closes\":\"17:00\"}]}]}<\/script>\n<!-- \/ Yoast SEO Premium plugin. -->","jetpack_sharing_enabled":true,"_links":{"self":[{"href":"https:\/\/kiefonline.com\/ro\/wp-json\/wp\/v2\/pages\/3","targetHints":{"allow":["GET"]}}],"collection":[{"href":"https:\/\/kiefonline.com\/ro\/wp-json\/wp\/v2\/pages"}],"about":[{"href":"https:\/\/kiefonline.com\/ro\/wp-json\/wp\/v2\/types\/page"}],"author":[{"embeddable":true,"href":"https:\/\/kiefonline.com\/ro\/wp-json\/wp\/v2\/users\/1"}],"replies":[{"embeddable":true,"href":"https:\/\/kiefonline.com\/ro\/wp-json\/wp\/v2\/comments?post=3"}],"version-history":[{"count":4,"href":"https:\/\/kiefonline.com\/ro\/wp-json\/wp\/v2\/pages\/3\/revisions"}],"predecessor-version":[{"id":9325,"href":"https:\/\/kiefonline.com\/ro\/wp-json\/wp\/v2\/pages\/3\/revisions\/9325"}],"wp:attachment":[{"href":"https:\/\/kiefonline.com\/ro\/wp-json\/wp\/v2\/media?parent=3"}],"wp:term":[{"taxonomy":"yst_prominent_words","embeddable":true,"href":"https:\/\/kiefonline.com\/ro\/wp-json\/wp\/v2\/yst_prominent_words?post=3"}],"curies":[{"name":"wp","href":"https:\/\/api.w.org\/{rel}","templated":true}]}}