{"id":8787,"date":"2020-10-25T10:53:59","date_gmt":"2020-10-25T10:53:59","guid":{"rendered":"https:\/\/kiefonline.com\/product\/import-placeholder-for-113\/"},"modified":"2020-10-25T10:56:37","modified_gmt":"2020-10-25T10:56:37","slug":"amnesia-haze-3","status":"publish","type":"product","link":"https:\/\/kiefonline.com\/pl\/product\/amnesia-haze-3\/","title":{"rendered":"Amnesia Haze"},"content":{"rendered":"<h1 style=\"text-align: center;\">ABOUT AMNEZIA HAZE<\/h1>\n<p>With\u00a0<a href=\"https:\/\/www.leafly.com\/strains\/lists\/flavor\/earthy\">earthy<\/a>\u00a0flavors of\u00a0<a href=\"https:\/\/www.leafly.com\/strains\/lists\/flavor\/lemon\">lemons<\/a>\u00a0and\u00a0<a href=\"https:\/\/www.leafly.com\/strains\/lists\/flavor\/citrus\">citrus<\/a>, Amnesia Haze is a perfect strain to start your day with a\u00a0<a href=\"https:\/\/www.leafly.com\/strains\/lists\/effect\/happy\">smile<\/a>. The\u00a0<a href=\"https:\/\/www.leafly.com\/strains\/lists\/effect\/uplifted\">uplifting<\/a>,\u00a0<a href=\"https:\/\/www.leafly.com\/strains\/lists\/effect\/energetic\">energetic<\/a>\u00a0buzz is one you won\u2019t soon forget. Its genetics have been traced back to the\u00a0<a href=\"https:\/\/www.leafly.com\/strains\/south-asian\">South Asian<\/a>\u00a0and\u00a0<a href=\"https:\/\/www.leafly.com\/strains\/jamaican\">Jamaican<\/a>\u00a0<a href=\"https:\/\/www.leafly.com\/news\/cannabis-101\/the-cannabis-origin-what-is-a-landrace-strain\">landrace<\/a>\u00a0strains, and this Cannabis Cup winner (1st place 2004, 1st place Sativa Cup 2012) has since been popularized in the coffee shops of Amsterdam.<\/p>\n<p>Amnezia Haze!<\/p>\n<ul>\n<li>World Famous!<\/li>\n<li>Best QualityAmnezia Haze!\n<ul>\n<li>Growed in the Netherlands<\/li>\n<li>Very Intensiv High<\/li>\n<\/ul>\n<p>The World Famous Amnezia Haze!<\/p>\n<p>We Supply Coffeshops like Grasshopper in Amsterdam with our Famous Amnezia Haze<\/li>\n<li>Growed in the Netherlands<\/li>\n<li>Very Intensiv High<\/li>\n<\/ul>\n<p>The World Famous Amnezia <a href=\"https:\/\/buymarijuanameds.online\/product-category\/marijuana\/\">Haze!<\/a><\/p>\n<p>We Supply Coffeshops like Grasshopper in Amsterdam with our Famous Amnezia Haze<\/p>\n<p>Amnesia Haze has a somewhat misleading name: it&#8217;s a sativa-dominant hybrid that, despite its potency, won&#8217;t leave you with a severely impaired memory. Composed from a cross of staple <a href=\"https:\/\/buymarijuanameds.online\/product-category\/marijuana\/\">strain<\/a> Haze and several different worldwide landraces, including\u00a0<a href=\"https:\/\/www.wikileaf.com\/strain\/thai\/\" data-abc=\"true\">Thai<\/a>,\u00a0<a href=\"https:\/\/www.wikileaf.com\/strain\/hawaiian\/\" data-abc=\"true\">Hawaiian<\/a>, and\u00a0<a href=\"https:\/\/www.wikileaf.com\/strain\/afghani\/\" data-abc=\"true\">Afghani<\/a>, Amnesia Haze may actually drive inspiration rather than forgetfulness. The Afghani indica in its genetics makes for a well-balanced, albeit somewhat cerebral high.<\/p>\n<p>This strain is distinguished by its chunky, dense flowers which show a synthesis of indica and sativa bud structures: although tightly-packed, the buds are more tapered and comical than round. Depending on how they&#8217;re cured, buds will have a greenish to yellow tint. Rust-colored pistils, meant for the flowers to catch pollen from other male cannabis plants, stand out against the leaves .<\/p>\n<h2 style=\"text-align: center;\">AMNESIA HAZE PRODUCT QUALITY<\/h2>\n<p>It can also be a strong appetite stimulant. On the negative side, those prone to anxiety may experience some degree of paranoia due to Amnesia Haze&#8217;s tendency to bring on a sense of frantic mind-race; as such, cannabis newcomers may want to temper initial dosage of this strain. This variety&#8217;s strong high also tends to last longer than average.<\/p>","protected":false},"excerpt":{"rendered":"<p>Amnezia Haze!<\/p>\n<ul>\n<li>World Famous!<\/li>\n<li>Najwy\u017csza jako\u015b\u0107<\/li>\n<li>Growed in the Netherlands<\/li>\n<li>Very Intensiv High<\/li>\n<\/ul>\n<p>The World Famous Amnezia Haze!<\/p>\n<p>We Supply Coffeshops like Grasshopper in Amsterdam with our Famous Amnezia Haze<\/p>","protected":false},"featured_media":8817,"comment_status":"open","ping_status":"closed","template":"","meta":{"_monsterinsights_skip_tracking":false,"_monsterinsights_sitenote_active":false,"_monsterinsights_sitenote_note":"","_monsterinsights_sitenote_category":0,"_joinchat":[]},"product_brand":[],"product_cat":[180],"product_tag":[],"yst_prominent_words":[],"class_list":{"0":"post-8787","1":"product","2":"type-product","3":"status-publish","4":"has-post-thumbnail","6":"product_cat-indica-strains","8":"first","9":"instock","10":"shipping-taxable","11":"purchasable","12":"product-type-variable"},"yoast_head":"<!-- This site is optimized with the Yoast SEO Premium plugin v14.5 - https:\/\/yoast.com\/wordpress\/plugins\/seo\/ -->\n<title>amnesia haze - amnesia haze strain - amnesia strain - best amnesia strain<\/title>\n<meta name=\"robots\" content=\"index, follow\" \/>\n<meta name=\"googlebot\" content=\"index, follow, max-snippet:-1, max-image-preview:large, max-video-preview:-1\" \/>\n<meta name=\"bingbot\" content=\"index, follow, max-snippet:-1, max-image-preview:large, max-video-preview:-1\" \/>\n<link rel=\"canonical\" href=\"https:\/\/kiefonline.com\/pl\/product\/amnesia-haze-3\/\" \/>\n<meta property=\"og:locale\" content=\"pl_PL\" \/>\n<meta property=\"og:type\" content=\"article\" \/>\n<meta property=\"og:title\" content=\"amnesia haze - amnesia haze strain - amnesia strain - best amnesia strain\" \/>\n<meta property=\"og:description\" content=\"Amnezia Haze!   World Famous!  Best Quality  Growed in the Netherlands  Very Intensiv High  The World Famous Amnezia Haze!  We Supply Coffeshops like Grasshopper in Amsterdam with our Famous Amnezia Haze\" \/>\n<meta property=\"og:url\" content=\"https:\/\/kiefonline.com\/pl\/product\/amnesia-haze-3\/\" \/>\n<meta property=\"og:site_name\" content=\"Kief Online Shop\" \/>\n<meta property=\"article:modified_time\" content=\"2020-10-25T10:56:37+00:00\" \/>\n<meta name=\"twitter:card\" content=\"summary_large_image\" \/>\n<script type=\"application\/ld+json\" class=\"yoast-schema-graph\">{\"@context\":\"https:\/\/schema.org\",\"@graph\":[{\"@type\":\"WebSite\",\"@id\":\"https:\/\/kiefonline.com\/pl\/#website\",\"url\":\"https:\/\/kiefonline.com\/pl\/\",\"name\":\"Kief Online Shop\",\"description\":\"Cannabis products for sale\",\"potentialAction\":[{\"@type\":\"SearchAction\",\"target\":\"https:\/\/kiefonline.com\/pl\/?s={search_term_string}\",\"query-input\":\"required name=search_term_string\"}],\"inLanguage\":\"pl-PL\"},{\"@type\":\"ImageObject\",\"@id\":\"https:\/\/kiefonline.com\/product\/amnesia-haze-3\/#primaryimage\",\"inLanguage\":\"pl-PL\",\"url\":\"https:\/\/kiefonline.com\/wp-content\/uploads\/2020\/10\/download-AMNEZIa-1.jpg\",\"width\":224,\"height\":224},{\"@type\":\"WebPage\",\"@id\":\"https:\/\/kiefonline.com\/product\/amnesia-haze-3\/#webpage\",\"url\":\"https:\/\/kiefonline.com\/product\/amnesia-haze-3\/\",\"name\":\"amnesia haze - amnesia haze strain - amnesia strain - best amnesia strain\",\"isPartOf\":{\"@id\":\"https:\/\/kiefonline.com\/pl\/#website\"},\"primaryImageOfPage\":{\"@id\":\"https:\/\/kiefonline.com\/product\/amnesia-haze-3\/#primaryimage\"},\"datePublished\":\"2020-10-25T10:53:59+00:00\",\"dateModified\":\"2020-10-25T10:56:37+00:00\",\"inLanguage\":\"pl-PL\",\"potentialAction\":[{\"@type\":\"ReadAction\",\"target\":[\"https:\/\/kiefonline.com\/product\/amnesia-haze-3\/\"]}]},{\"@type\":\"Place\",\"@id\":\"https:\/\/kiefonline.com\/product\/amnesia-haze-3\/#local-place\",\"address\":{\"@type\":\"PostalAddress\",\"@id\":\"https:\/\/kiefonline.com\/product\/amnesia-haze-3\/#local-place-address\",\"streetAddress\":\"\",\"addressLocality\":\"\",\"postalCode\":\"\",\"addressRegion\":\"\",\"addressCountry\":\"\"},\"geo\":{\"@type\":\"GeoCoordinates\",\"latitude\":\"\",\"longitude\":\"\"},\"openingHoursSpecification\":[{\"@type\":\"OpeningHoursSpecification\",\"dayOfWeek\":[\"Monday\",\"Tuesday\",\"Wednesday\",\"Thursday\",\"Friday\",\"Saturday\",\"Sunday\"],\"opens\":\"09:00\",\"closes\":\"17:00\"}]}]}<\/script>\n<!-- \/ Yoast SEO Premium plugin. -->","jetpack_sharing_enabled":true,"_links":{"self":[{"href":"https:\/\/kiefonline.com\/pl\/wp-json\/wp\/v2\/product\/8787","targetHints":{"allow":["GET"]}}],"collection":[{"href":"https:\/\/kiefonline.com\/pl\/wp-json\/wp\/v2\/product"}],"about":[{"href":"https:\/\/kiefonline.com\/pl\/wp-json\/wp\/v2\/types\/product"}],"replies":[{"embeddable":true,"href":"https:\/\/kiefonline.com\/pl\/wp-json\/wp\/v2\/comments?post=8787"}],"wp:featuredmedia":[{"embeddable":true,"href":"https:\/\/kiefonline.com\/pl\/wp-json\/wp\/v2\/media\/8817"}],"wp:attachment":[{"href":"https:\/\/kiefonline.com\/pl\/wp-json\/wp\/v2\/media?parent=8787"}],"wp:term":[{"taxonomy":"product_brand","embeddable":true,"href":"https:\/\/kiefonline.com\/pl\/wp-json\/wp\/v2\/product_brand?post=8787"},{"taxonomy":"product_cat","embeddable":true,"href":"https:\/\/kiefonline.com\/pl\/wp-json\/wp\/v2\/product_cat?post=8787"},{"taxonomy":"product_tag","embeddable":true,"href":"https:\/\/kiefonline.com\/pl\/wp-json\/wp\/v2\/product_tag?post=8787"},{"taxonomy":"yst_prominent_words","embeddable":true,"href":"https:\/\/kiefonline.com\/pl\/wp-json\/wp\/v2\/yst_prominent_words?post=8787"}],"curies":[{"name":"wp","href":"https:\/\/api.w.org\/{rel}","templated":true}]}}