{"id":491,"date":"2014-11-12T14:41:47","date_gmt":"2014-11-12T14:41:47","guid":{"rendered":"https:\/\/kiefonline.com\/?page_id=491"},"modified":"2026-01-20T13:43:37","modified_gmt":"2026-01-20T13:43:37","slug":"how-to-order","status":"publish","type":"page","link":"https:\/\/kiefonline.com\/pl\/how-to-order\/","title":{"rendered":"Jak z\u0142o\u017cy\u0107 zam\u00f3wienie"},"content":{"rendered":"<h2><em>Dbamy o Ciebie jak Twoja mama.<\/em><\/h2>\n<h2><em>by\u0142oby.<\/em><\/h2>\n<h3>Godziny<\/h3>\n<p>Zam\u00f3wienia telefoniczne: poniedzia\u0142ek\u2013sobota 10:00\u201322:00  ||  niedziela 10:00\u201320:00<br \/>\nZam\u00f3wienia online: 24 godziny na dob\u0119, 7 dni w tygodniu<br \/>\n<strong>Godziny dostawy: poniedzia\u0142ek\u2013sobota 12:30\u201321:00 || niedziela 11:30\u201320:00<\/strong><\/p>\n<p><strong>BEZP\u0141ATNA DOSTAWA \u2013 minimalna kwota zam\u00f3wienia ustalana na podstawie kodu pocztowego<br \/>\n<\/strong><\/p>\n<p><strong>Opcje p\u0142atno\u015bci za dostaw\u0119: Akceptujemy bitcoiny, karty debetowe za po\u015brednictwem aplikacji Cash App oraz przelewy elektroniczne (do p\u0142atno\u015bci PayPal wymagany jest dokument to\u017csamo\u015bci).<\/strong><\/p>\n<h3>Zaplanuj dostaw\u0119<\/h3>\n<p>Zam\u00f3wienia przyjmujemy telefonicznie w godzinach pracy. Mo\u017cna je r\u00f3wnie\u017c sk\u0142ada\u0107 na naszej stronie internetowej przez ca\u0142\u0105 dob\u0119, siedem dni w tygodniu.<br \/>\nW momencie z\u0142o\u017cenia zam\u00f3wienia nasz kierowca potwierdzi telefonicznie czas dostawy*. Po potwierdzeniu klient musi by\u0107 dost\u0119pny pod wskazanym adresem w wyznaczonym czasie dostawy.<\/p>\n<p>Dostawa jest realizowana przez USPS, UPS, Fedex lub Royal Mail za po\u015brednictwem Discreet Dropoff, kt\u00f3ry zajmuje si\u0119 r\u00f3wnie\u017c odbiorem i dostarczeniem paczki pod wskazany adres dostawy.<br \/>\n*Wszystkie czasy s\u0105 przybli\u017cone i mog\u0105 ulec zmianie w zale\u017cno\u015bci od warunk\u00f3w na drodze.<\/p>\n<h3>Wytyczne dotycz\u0105ce bezpiecze\u0144stwa<\/h3>\n<ul>\n<li>Nadu\u017cywanie us\u0142ug lub nadu\u017cywanie wobec naszego personelu spowoduje odmow\u0119 \u015bwiadczenia us\u0142ug.<\/li>\n<li>Kierowca przewozi wy\u0142\u0105cznie zam\u00f3wiony przez Pa\u0144stwa produkt.<\/li>\n<li>Zam\u00f3wienie musi by\u0107 ostateczne po klikni\u0119ciu przycisku \u201eWy\u015blij\u201d.<\/li>\n<li>Pojazdy kierowc\u00f3w s\u0105 wyposa\u017cone w kamery bezpiecze\u0144stwa i s\u0105 \u015bledzone za pomoc\u0105 GPS przez centrum bezpiecze\u0144stwa.<\/li>\n<li>Kierowcy maj\u0105 prawo odm\u00f3wi\u0107 \u015bwiadczenia us\u0142ug dowolnej osobie.<\/li>\n<li>Dostawy realizujemy wy\u0142\u0105cznie do miejsca zamieszkania, miejsca pracy lub hotelu, w kt\u00f3rym jeste\u015b zameldowany. Adresy i numery kontaktowe zostan\u0105 zweryfikowane.<\/li>\n<\/ul>\n<p>Nasi kierowcy b\u0119d\u0105 ubrani w uniformy i nie b\u0119d\u0105 je\u017adzi\u0107 oznakowanymi samochodami. Kierowcy s\u0105 losowo i anonimowo \u015bledzeni przez nasz przeszkolony personel ds. bezpiecze\u0144stwa, aby zapewni\u0107 przestrzeganie najlepszych praktyk.<\/p>\n<p>Dostawy s\u0105 pakowane w nieoznakowane pude\u0142ka farmaceutyczne, a marihuana jest pakowana pr\u00f3\u017cniowo w laminowane aluminiowe woreczki z zamkni\u0119ciem strunowym.<\/p>","protected":false},"excerpt":{"rendered":"<p>We take care of you like your mama would.\u201d Hours Phone orders: Mon-Sat 10am-10pm\u00a0 ||\u00a0 Sun 10am-8pm Online orders: 24 hours a day 7 days a week Delivery Hours:\u00a0Mon-Sat 12:30am-9pm || Sun 11:30am-8pm FREE DELIVERY \u2013 minimum order amount determined by zip code Delivery Payment Options: We accept bitcoin, debit cards via Cash App and [&hellip;]<\/p>","protected":false},"author":1,"featured_media":0,"parent":0,"menu_order":0,"comment_status":"closed","ping_status":"closed","template":"","meta":{"_monsterinsights_skip_tracking":false,"_monsterinsights_sitenote_active":false,"_monsterinsights_sitenote_note":"","_monsterinsights_sitenote_category":0,"_joinchat":[],"footnotes":""},"yst_prominent_words":[],"class_list":["post-491","page","type-page","status-publish","hentry"],"yoast_head":"<!-- This site is optimized with the Yoast SEO Premium plugin v14.5 - https:\/\/yoast.com\/wordpress\/plugins\/seo\/ -->\n<title>How to order - Kief Online Shop<\/title>\n<meta name=\"robots\" content=\"index, follow\" \/>\n<meta name=\"googlebot\" content=\"index, follow, max-snippet:-1, max-image-preview:large, max-video-preview:-1\" \/>\n<meta name=\"bingbot\" content=\"index, follow, max-snippet:-1, max-image-preview:large, max-video-preview:-1\" \/>\n<link rel=\"canonical\" href=\"https:\/\/kiefonline.com\/pl\/how-to-order\/\" \/>\n<meta property=\"og:locale\" content=\"pl_PL\" \/>\n<meta property=\"og:type\" content=\"article\" \/>\n<meta property=\"og:title\" content=\"How to order - Kief Online Shop\" \/>\n<meta property=\"og:description\" content=\"We take care of you like your mama would.\u201d Hours Phone orders: Mon-Sat 10am-10pm\u00a0 ||\u00a0 Sun 10am-8pm Online orders: 24 hours a day 7 days a week Delivery Hours:\u00a0Mon-Sat 12:30am-9pm || Sun 11:30am-8pm FREE DELIVERY \u2013 minimum order amount determined by zip code Delivery Payment Options: We accept bitcoin, debit cards via Cash App and [&hellip;]\" \/>\n<meta property=\"og:url\" content=\"https:\/\/kiefonline.com\/pl\/how-to-order\/\" \/>\n<meta property=\"og:site_name\" content=\"Kief Online Shop\" \/>\n<meta property=\"article:modified_time\" content=\"2026-01-20T13:43:37+00:00\" \/>\n<meta name=\"twitter:card\" content=\"summary_large_image\" \/>\n<script type=\"application\/ld+json\" class=\"yoast-schema-graph\">{\"@context\":\"https:\/\/schema.org\",\"@graph\":[{\"@type\":\"WebSite\",\"@id\":\"https:\/\/kiefonline.com\/pl\/#website\",\"url\":\"https:\/\/kiefonline.com\/pl\/\",\"name\":\"Kief Online Shop\",\"description\":\"Cannabis products for sale\",\"potentialAction\":[{\"@type\":\"SearchAction\",\"target\":\"https:\/\/kiefonline.com\/pl\/?s={search_term_string}\",\"query-input\":\"required name=search_term_string\"}],\"inLanguage\":\"pl-PL\"},{\"@type\":\"WebPage\",\"@id\":\"https:\/\/kiefonline.com\/how-to-order\/#webpage\",\"url\":\"https:\/\/kiefonline.com\/how-to-order\/\",\"name\":\"How to order - Kief Online Shop\",\"isPartOf\":{\"@id\":\"https:\/\/kiefonline.com\/pl\/#website\"},\"datePublished\":\"2014-11-12T14:41:47+00:00\",\"dateModified\":\"2026-01-20T13:43:37+00:00\",\"inLanguage\":\"pl-PL\",\"potentialAction\":[{\"@type\":\"ReadAction\",\"target\":[\"https:\/\/kiefonline.com\/how-to-order\/\"]}]},{\"@type\":\"Place\",\"@id\":\"https:\/\/kiefonline.com\/how-to-order\/#local-place\",\"address\":{\"@type\":\"PostalAddress\",\"@id\":\"https:\/\/kiefonline.com\/how-to-order\/#local-place-address\",\"streetAddress\":\"\",\"addressLocality\":\"\",\"postalCode\":\"\",\"addressRegion\":\"\",\"addressCountry\":\"\"},\"geo\":{\"@type\":\"GeoCoordinates\",\"latitude\":\"\",\"longitude\":\"\"},\"openingHoursSpecification\":[{\"@type\":\"OpeningHoursSpecification\",\"dayOfWeek\":[\"Monday\",\"Tuesday\",\"Wednesday\",\"Thursday\",\"Friday\",\"Saturday\",\"Sunday\"],\"opens\":\"09:00\",\"closes\":\"17:00\"}]}]}<\/script>\n<!-- \/ Yoast SEO Premium plugin. -->","jetpack_sharing_enabled":true,"_links":{"self":[{"href":"https:\/\/kiefonline.com\/pl\/wp-json\/wp\/v2\/pages\/491","targetHints":{"allow":["GET"]}}],"collection":[{"href":"https:\/\/kiefonline.com\/pl\/wp-json\/wp\/v2\/pages"}],"about":[{"href":"https:\/\/kiefonline.com\/pl\/wp-json\/wp\/v2\/types\/page"}],"author":[{"embeddable":true,"href":"https:\/\/kiefonline.com\/pl\/wp-json\/wp\/v2\/users\/1"}],"replies":[{"embeddable":true,"href":"https:\/\/kiefonline.com\/pl\/wp-json\/wp\/v2\/comments?post=491"}],"version-history":[{"count":2,"href":"https:\/\/kiefonline.com\/pl\/wp-json\/wp\/v2\/pages\/491\/revisions"}],"predecessor-version":[{"id":8588,"href":"https:\/\/kiefonline.com\/pl\/wp-json\/wp\/v2\/pages\/491\/revisions\/8588"}],"wp:attachment":[{"href":"https:\/\/kiefonline.com\/pl\/wp-json\/wp\/v2\/media?parent=491"}],"wp:term":[{"taxonomy":"yst_prominent_words","embeddable":true,"href":"https:\/\/kiefonline.com\/pl\/wp-json\/wp\/v2\/yst_prominent_words?post=491"}],"curies":[{"name":"wp","href":"https:\/\/api.w.org\/{rel}","templated":true}]}}