{"id":2,"date":"2020-05-06T01:32:59","date_gmt":"2020-05-06T01:32:59","guid":{"rendered":"https:\/\/kiefonline.com\/?page_id=2"},"modified":"2026-01-20T12:05:01","modified_gmt":"2026-01-20T12:05:01","slug":"terms-and-conditions","status":"publish","type":"page","link":"https:\/\/kiefonline.com\/pl\/terms-and-conditions\/","title":{"rendered":"Warunki"},"content":{"rendered":"<p><p><strong>Przed skorzystaniem z naszych us\u0142ug prosimy o uwa\u017cne zapoznanie si\u0119 z niniejszymi warunkami.<\/strong><\/p><br><p>Dost\u0119p do naszej us\u0142ugi i korzystanie z niej opiera si\u0119 na akceptacji i przestrzeganiu poni\u017cszych warunk\u00f3w. Warunki te maj\u0105 zastosowanie do wszystkich os\u00f3b, kt\u00f3re uzyskuj\u0105 dost\u0119p do us\u0142ugi lub z niej korzystaj\u0105.<\/p><br><p>Korzystaj\u0105c z naszych us\u0142ug, wyra\u017casz zgod\u0119 na przestrzeganie niniejszych warunk\u00f3w i akceptujesz wszelkie konsekwencje prawne. Je\u015bli nie zgadzasz si\u0119 z naszymi warunkami, w ca\u0142o\u015bci lub w cz\u0119\u015bci, prosimy o niekorzystanie z naszych us\u0142ug.<\/p><br><p><strong>Zakupy<\/strong><\/p><br><p>Je\u015bli chcesz kupi\u0107 kt\u00f3rykolwiek z produkt\u00f3w lub us\u0142ug dost\u0119pnych za po\u015brednictwem serwisu, mo\u017ce by\u0107 konieczne podanie pewnych informacji zwi\u0105zanych z zakupem, w tym mi\u0119dzy innymi: numeru karty kredytowej i daty jej wa\u017cno\u015bci, adresu rozliczeniowego oraz informacji dotycz\u0105cych wysy\u0142ki.<\/p><br><p>O\u015bwiadczasz i gwarantujesz, \u017ce: (i) masz prawo do korzystania z kart kredytowych lub innych metod p\u0142atno\u015bci w zwi\u0105zku z zakupami oraz \u017ce (ii) informacje, kt\u00f3re nam przekazujesz, s\u0105 prawdziwe, poprawne i kompletne.<\/p><br><p>By submitting this information, you grant us the right to provide the information to third parties for purposes of facilitating the completion of purchases.<\/p><br><p>Zastrzegamy sobie prawo do odmowy lub anulowania zam\u00f3wienia w dowolnym momencie z powod\u00f3w, kt\u00f3re obejmuj\u0105 mi\u0119dzy innymi: dost\u0119pno\u015b\u0107 produktu lub us\u0142ugi, b\u0142\u0119dy w opisie lub cenie produktu lub us\u0142ugi, b\u0142\u0105d w zam\u00f3wieniu lub inne przyczyny.<\/p><br><p>Zastrzegamy sobie prawo do odmowy lub anulowania zam\u00f3wienia w przypadku podejrzenia oszustwa, nieautoryzowanej lub nielegalnej transakcji. Nie ponosimy odpowiedzialno\u015bci za niepowodzenie zakupu ani za wynikaj\u0105ce z tego straty lub szkody poniesione przez u\u017cytkownika.<\/p><br><p><strong>Dost\u0119pno\u015b\u0107, b\u0142\u0119dy i nie\u015bcis\u0142o\u015bci<\/strong><\/p><br><p>Aby zapewni\u0107 jak najlepsz\u0105 obs\u0142ug\u0119 i dok\u0142adno\u015b\u0107, regularnie aktualizujemy nasze produkty i us\u0142ugi.<\/p><br><p>Nie mo\u017cemy zagwarantowa\u0107 dok\u0142adno\u015bci ani kompletno\u015bci \u017cadnych informacji, w tym cen, zdj\u0119\u0107 produkt\u00f3w, specyfikacji, dost\u0119pno\u015bci i us\u0142ug. Zastrzegamy sobie prawo do zmiany lub aktualizacji informacji oraz poprawiania b\u0142\u0119d\u00f3w, nie\u015bcis\u0142o\u015bci lub pomini\u0119\u0107 w dowolnym momencie bez uprzedniego powiadomienia.<\/p><br><p>Pomimo stara\u0144 o dok\u0142adno\u015b\u0107, produkty lub us\u0142ugi dost\u0119pne w naszym serwisie mog\u0105 zawiera\u0107 b\u0142\u0119dy dotycz\u0105ce ceny, by\u0107 nieprawid\u0142owo opisane lub niedost\u0119pne.<\/p><br><p><strong>Konta<\/strong><\/p><br><p>Podczas tworzenia konta w naszym serwisie nale\u017cy poda\u0107 prawdziwe, kompletne i aktualne informacje. Niepodanie tych informacji stanowi naruszenie naszych warunk\u00f3w, co mo\u017ce skutkowa\u0107 natychmiastowym zamkni\u0119ciem konta w naszym serwisie.<\/p><br><p>U\u017cytkownik ponosi osobist\u0105 odpowiedzialno\u015b\u0107 za ochron\u0119 has\u0142a u\u017cywanego do uzyskania dost\u0119pu do us\u0142ugi oraz za wszelkie dzia\u0142ania lub czynno\u015bci wykonywane przy u\u017cyciu tego has\u0142a, niezale\u017cnie od tego, czy has\u0142o to jest zwi\u0105zane z nasz\u0105 us\u0142ug\u0105, czy us\u0142ug\u0105 strony trzeciej.<\/p><br><p>Korzystaj\u0105c z naszych us\u0142ug, u\u017cytkownik zobowi\u0105zuje si\u0119 nie ujawnia\u0107 swojego has\u0142a osobom trzecim. W przypadku stwierdzenia naruszenia bezpiecze\u0144stwa lub nieuprawnionego u\u017cycia konta nale\u017cy niezw\u0142ocznie powiadomi\u0107 nas o tym fakcie.<\/p><br><p>Nie wolno u\u017cywa\u0107 jako nazwy u\u017cytkownika imienia innej osoby lub nazwy innego podmiotu, imienia lub znaku towarowego, kt\u00f3re nie s\u0105 legalnie dost\u0119pne do u\u017cytku, imienia lub znaku towarowego, kt\u00f3re podlegaj\u0105 prawom innej osoby lub podmiotu bez odpowiedniego upowa\u017cnienia, ani imienia, kt\u00f3re jest obra\u017aliwe, wulgarne lub obsceniczne.<\/p><br><p><strong>W\u0142asno\u015b\u0107 intelektualna<\/strong><\/p><br><p>Nasza us\u0142uga i wszystkie tre\u015bci, w tym mi\u0119dzy innymi tekst, obrazy, grafiki lub kod, s\u0105 w\u0142asno\u015bci\u0105 sklepu internetowego dalvin online dispensary Store i s\u0105 chronione prawem autorskim, znakami towarowymi, bazami danych i innymi prawami w\u0142asno\u015bci intelektualnej. U\u017cytkownik mo\u017ce wy\u015bwietla\u0107, kopiowa\u0107, pobiera\u0107 lub drukowa\u0107 fragmenty materia\u0142\u00f3w z r\u00f3\u017cnych obszar\u00f3w us\u0142ugi wy\u0142\u0105cznie do u\u017cytku niekomercyjnego lub w celu z\u0142o\u017cenia zam\u00f3wienia w <strong>Kief Online<\/strong>  Sklep internetowy. Jakiekolwiek inne wykorzystanie jest surowo zabronione i mo\u017ce stanowi\u0107 naruszenie praw autorskich, znak\u00f3w towarowych i innych przepis\u00f3w. Niniejsze warunki nie udzielaj\u0105 u\u017cytkownikowi licencji na korzystanie z jakichkolwiek znak\u00f3w towarowych sklepu internetowego dalvin lub jego podmiot\u00f3w stowarzyszonych. U\u017cytkownik zobowi\u0105zuje si\u0119 ponadto nie wykorzystywa\u0107, nie zmienia\u0107 ani nie usuwa\u0107 \u017cadnych informacji o prawach w\u0142asno\u015bci z materia\u0142\u00f3w pobranych z serwisu.<\/p><br><p><strong>Linki do innych stron internetowych<\/strong><\/p><br><p>Us\u0142uga mo\u017ce zawiera\u0107 linki do stron internetowych lub us\u0142ug stron trzecich, kt\u00f3re nie s\u0105 w\u0142asno\u015bci\u0105 ani nie s\u0105 kontrolowane przez <strong>Kief Online<\/strong> Sklep apteczny.<\/p><br><p><strong>Kief Online<\/strong> Sklep apteczny nie ma kontroli nad tre\u015bci\u0105, polityk\u0105 prywatno\u015bci ani praktykami stron internetowych lub us\u0142ug stron trzecich i nie ponosi za nie \u017cadnej odpowiedzialno\u015bci. Ponadto u\u017cytkownik przyjmuje do wiadomo\u015bci i zgadza si\u0119, \u017ce <strong>Kief Online<\/strong> Sklep apteczny. nie ponosi odpowiedzialno\u015bci, bezpo\u015brednio ani po\u015brednio, za jakiekolwiek szkody lub straty spowodowane lub rzekomo spowodowane przez lub w zwi\u0105zku z korzystaniem lub poleganiem na takich tre\u015bciach, towarach lub us\u0142ugach dost\u0119pnych na lub za po\u015brednictwem takich stron internetowych lub us\u0142ug.<\/p><br><p>Zdecydowanie zalecamy zapoznanie si\u0119 z warunkami u\u017cytkowania i polityk\u0105 prywatno\u015bci wszystkich stron internetowych lub us\u0142ug stron trzecich, kt\u00f3re odwiedzasz.<\/p><br><p><strong>Wypowiedzenie<\/strong><\/p><br><p>Mo\u017cemy natychmiastowo zako\u0144czy\u0107 lub zawiesi\u0107 dost\u0119p do naszych us\u0142ug bez uprzedniego powiadomienia i bez ponoszenia odpowiedzialno\u015bci z jakiegokolwiek powodu, w tym mi\u0119dzy innymi w przypadku naruszenia przez u\u017cytkownika niniejszych Warunk\u00f3w.<\/p><br><p>Wszystkie postanowienia Warunk\u00f3w pozostaj\u0105 w mocy po wyga\u015bni\u0119ciu umowy, w tym mi\u0119dzy innymi postanowienia dotycz\u0105ce w\u0142asno\u015bci, wy\u0142\u0105czenia odpowiedzialno\u015bci z tytu\u0142u gwarancji, odszkodowa\u0144 i ogranicze\u0144 odpowiedzialno\u015bci.<\/p><br><p>W momencie wypowiedzenia Twoje prawo do korzystania z us\u0142ugi natychmiast wyga\u015bnie. Je\u015bli chcesz zamkn\u0105\u0107 swoje konto, mo\u017cesz po prostu przesta\u0107 korzysta\u0107 z Us\u0142ugi.<\/p><br><p><strong>Odszkodowanie<\/strong><\/p><br><p>Zgadzasz si\u0119 zabezpieczy\u0107, broni\u0107 i chroni\u0107 przed odpowiedzialno\u015bci\u0105 <strong>Kief Online<\/strong> sklep apteczny, jego kierownictwo, cz\u0142onk\u00f3w zarz\u0105du, dyrektor\u00f3w, przedstawicieli, pracownik\u00f3w, wykonawc\u00f3w, licencjodawc\u00f3w, licencjobiorc\u00f3w, dostawc\u00f3w i agent\u00f3w, przed wszelkimi roszczeniami, stratami, szkodami, zobowi\u0105zaniami, kosztami, dzia\u0142aniami lub \u017c\u0105daniami.<\/p><br><p>Obejmuj\u0105 one mi\u0119dzy innymi: (a) op\u0142aty prawne i ksi\u0119gowe wynikaj\u0105ce z korzystania z us\u0142ugi; (b) naruszenie kt\u00f3regokolwiek z niniejszych Warunk\u00f3w; (c) wszelkie tre\u015bci publikowane lub przesy\u0142ane do Us\u0142ugi; oraz (d) wszelkie dzia\u0142ania zwi\u0105zane z kontem u\u017cytkownika. Obejmuje to wszelkie zaniedbania lub niezgodne z prawem dzia\u0142ania u\u017cytkownika, ka\u017cdej osoby lub podmiotu korzystaj\u0105cego z us\u0142ugi za pomoc\u0105 konta u\u017cytkownika, niezale\u017cnie od tego, czy dost\u0119p ten zosta\u0142 uzyskany w spos\u00f3b nieuczciwy lub niezgodny z prawem.<\/p><br><p><strong>Ograniczenie odpowiedzialno\u015bci<\/strong><\/p><br><p><strong>Kief Online<\/strong> Sklep apteczny, jego dyrektorzy, pracownicy, partnerzy, agenci, dostawcy lub podmioty stowarzyszone nie ponosz\u0105 odpowiedzialno\u015bci za jakiekolwiek straty lub szkody, bezpo\u015brednie lub po\u015brednie, przypadkowe, szczeg\u00f3lne, wynikowe lub karne, w tym mi\u0119dzy innymi straty ekonomiczne, utrat\u0119 lub uszkodzenie no\u015bnik\u00f3w elektronicznych lub danych, utrat\u0119 warto\u015bci firmy lub inne straty niematerialne, wynikaj\u0105ce z (i) dost\u0119pu u\u017cytkownika do Us\u0142ugi lub korzystania z niej; (ii) niemo\u017cno\u015bci uzyskania dost\u0119pu do Us\u0142ugi lub korzystania z niej; (iii) wszelkich zachowa\u0144 lub tre\u015bci os\u00f3b trzecich w ramach Us\u0142ugi lub zwi\u0105zanych z Us\u0142ug\u0105; (iv) wszelkich tre\u015bci uzyskanych z Us\u0142ugi lub za jej po\u015brednictwem; oraz (v) nieuprawnionego dost\u0119pu, wykorzystania lub zmiany transmisji lub tre\u015bci u\u017cytkownika, niezale\u017cnie od tego, czy opiera si\u0119 to na gwarancji, umowie, delikcie (w tym zaniedbaniu) lub innym roszczeniu prawnym, niezale\u017cnie od tego, czy zostali\u015bmy poinformowani o mo\u017cliwo\u015bci wyst\u0105pienia takich szk\u00f3d, a nawet je\u015bli \u015brodek zaradczy okre\u015blony w niniejszym dokumencie oka\u017ce si\u0119 nieskuteczny w osi\u0105gni\u0119ciu swojego zasadniczego celu.<\/p><br><p><strong>Zastrze\u017cenie i nie zrzeczenie si\u0119 praw<\/strong><\/p><br><p><strong>Kief Online<\/strong> Sklep apteczny. nie udziela \u017cadnych gwarancji ani o\u015bwiadcze\u0144 dotycz\u0105cych strony internetowej i powi\u0105zanej technologii. Wszelkie rzekomo obowi\u0105zuj\u0105ce gwarancje, warunki i postanowienia s\u0105 wy\u0142\u0105czone w najszerszym zakresie dozwolonym przez prawo. Korzystasz z Us\u0142ugi na w\u0142asne ryzyko. Us\u0142uga jest \u015bwiadczona na zasadzie \u201etak jak jest\u201d i \u201etak jak jest dost\u0119pna\u201d. Us\u0142uga jest \u015bwiadczona bez jakichkolwiek gwarancji, wyra\u017anych lub dorozumianych, w tym mi\u0119dzy innymi dorozumianych gwarancji przydatno\u015bci handlowej, przydatno\u015bci do okre\u015blonego celu, nienaruszalno\u015bci lub przebiegu wykonania, z wyj\u0105tkiem przypadk\u00f3w przewidzianych w przepisach prawa dowolnej prowincji Kanady. W takich przypadkach prawo prowincji ma zastosowanie w niezb\u0119dnym zakresie.<\/p><br><p><strong>Kief Online<\/strong> Sklep apteczny. Jego sp\u00f3\u0142ki zale\u017cne, stowarzyszone i licencjodawcy nie gwarantuj\u0105, \u017ce: a) us\u0142uga b\u0119dzie dzia\u0142a\u0107 nieprzerwanie, bezpiecznie lub b\u0119dzie dost\u0119pna w okre\u015blonym czasie lub miejscu; b) wszelkie b\u0142\u0119dy lub usterki zostan\u0105 naprawione; c) us\u0142uga jest wolna od wirus\u00f3w lub innych szkodliwych element\u00f3w; lub d) wyniki korzystania z us\u0142ugi b\u0119d\u0105 spe\u0142nia\u0107 wymagania u\u017cytkownika.<\/p><br><p>Je\u015bli naruszycie kt\u00f3rykolwiek z tych warunk\u00f3w i <strong>Kief Online<\/strong> Sklep apteczny. decyduje si\u0119 nie podejmowa\u0107 natychmiastowych dzia\u0142a\u0144 lub nie podejmowa\u0107 \u017cadnych dzia\u0142a\u0144, <strong>Kief Online<\/strong> Sklep apteczny. Nadal b\u0119dzie uprawniony do wszystkich praw i \u015brodk\u00f3w prawnych w dowolnym p\u00f3\u017aniejszym terminie lub w ka\u017cdej innej sytuacji, w kt\u00f3rej u\u017cytkownik naruszy niniejsze warunki. <strong>Kief Online<\/strong> Sklep apteczny. Nie zrzeka si\u0119 \u017cadnych swoich praw. <strong>Kief Online<\/strong> Sklep apteczny. nie ponosi odpowiedzialno\u015bci za jakiekolwiek domniemane naruszenie niniejszych warunk\u00f3w spowodowane okoliczno\u015bciami pozostaj\u0105cymi poza jego kontrol\u0105. Osoba nieb\u0119d\u0105ca stron\u0105 niniejszych warunk\u00f3w nie ma prawa do ich egzekwowania.<\/p><br><p>Nie mo\u017cesz cedowa\u0107, udziela\u0107 sublicencji ani w inny spos\u00f3b przenosi\u0107 \u017cadnych swoich praw wynikaj\u0105cych z niniejszych Warunk\u00f3w.<\/p><br><p><strong>Wy\u0142\u0105czenia<\/strong><\/p><br><p>Jak wspomniano powy\u017cej, niekt\u00f3re jurysdykcje nie zezwalaj\u0105 na wy\u0142\u0105czenie niekt\u00f3rych gwarancji lub wy\u0142\u0105czenie lub ograniczenie odpowiedzialno\u015bci za szkody wynikowe lub przypadkowe, wi\u0119c powy\u017csze ograniczenia mog\u0105 nie mie\u0107 zastosowania w Twoim przypadku. Do niekt\u00f3rych produkt\u00f3w i us\u0142ug mog\u0105 mie\u0107 zastosowanie przepisy prawa prowincjonalnego Kanady.<\/p><br><p><strong>Prawo w\u0142a\u015bciwe<\/strong><\/p><br><p>Niniejsze warunki podlegaj\u0105 prawu prowincji Ontario oraz prawu Kanady, zgodnie z ich interpretacj\u0105 i egzekwowaniem.<\/p><br><p>Je\u015bli kt\u00f3rekolwiek z postanowie\u0144 niniejszych warunk\u00f3w zostanie uznane za niewa\u017cne lub niewykonalne przez w\u0142a\u015bciwy s\u0105d, pozosta\u0142e postanowienia niniejszych warunk\u00f3w pozostaj\u0105 w mocy. Niniejsze warunki stanowi\u0105 ca\u0142o\u015b\u0107 porozumienia mi\u0119dzy nami a u\u017cytkownikiem w odniesieniu do naszej Us\u0142ugi i zast\u0119puj\u0105 wszelkie wcze\u015bniejsze porozumienia, ustne lub inne, dotycz\u0105ce tej us\u0142ugi.<\/p><br><p><strong>Zmiany<\/strong><\/p><br><p>Zastrzegamy sobie prawo, wed\u0142ug w\u0142asnego uznania, do zmiany lub zast\u0105pienia niniejszych warunk\u00f3w w dowolnym momencie. Je\u015bli zmiana b\u0119dzie mia\u0142a charakter istotny, do\u0142o\u017cymy wszelkich stara\u0144, aby powiadomi\u0107 o tym z co najmniej 30-dniowym wyprzedzeniem przed wej\u015bciem w \u017cycie nowych warunk\u00f3w. To, co stanowi istotn\u0105 zmian\u0119, zostanie okre\u015blone wed\u0142ug naszego wy\u0142\u0105cznego uznania.<\/p><br><p>Kontynuuj\u0105c korzystanie z naszych us\u0142ug po wej\u015bciu w \u017cycie zmian, wyra\u017casz zgod\u0119 na przestrzeganie zmienionych warunk\u00f3w. Je\u015bli nie zgadzasz si\u0119 z nowymi warunkami, w ca\u0142o\u015bci lub w cz\u0119\u015bci, prosimy o zaprzestanie korzystania ze strony internetowej i us\u0142ug.<\/p><br><p><strong>Zwroty<\/strong><\/p><br><p><strong>Kief Online<\/strong> Sklep apteczny dokona zwrotu koszt\u00f3w wy\u0142\u0105cznie po wydaniu nakazu wycofania produktu i przyjmie produkt z powrotem. Tak jest. <strong>Kief Online<\/strong> Apteka mo\u017ce skutecznie zg\u0142asza\u0107 dane do Health Canada. Zwroty musz\u0105 by\u0107 realizowane zgodnie z wytycznymi ACMPR.<\/p><br><p><strong>Skontaktuj si\u0119 z nami<\/strong><\/p><br><p>Je\u015bli masz jakiekolwiek pytania dotycz\u0105ce niniejszych Warunk\u00f3w, skontaktuj si\u0119 z nami.<\/p><\/p>","protected":false},"excerpt":{"rendered":"<p>Please read these terms and conditions carefully before using our service. Your access to and use of our service is based on your acceptance of and compliance to the following terms. These terms apply to all who access or use the service. By accessing or using our service you agree to be bound by these [&hellip;]<\/p>","protected":false},"author":1,"featured_media":0,"parent":0,"menu_order":0,"comment_status":"closed","ping_status":"closed","template":"","meta":{"_monsterinsights_skip_tracking":false,"_monsterinsights_sitenote_active":false,"_monsterinsights_sitenote_note":"","_monsterinsights_sitenote_category":0,"_joinchat":[],"footnotes":""},"yst_prominent_words":[],"class_list":["post-2","page","type-page","status-publish","hentry"],"yoast_head":"<!-- This site is optimized with the Yoast SEO Premium plugin v14.5 - https:\/\/yoast.com\/wordpress\/plugins\/seo\/ -->\n<title>Terms and conditions - Kief Online Shop<\/title>\n<meta name=\"robots\" content=\"index, follow\" \/>\n<meta name=\"googlebot\" content=\"index, follow, max-snippet:-1, max-image-preview:large, max-video-preview:-1\" \/>\n<meta name=\"bingbot\" content=\"index, follow, max-snippet:-1, max-image-preview:large, max-video-preview:-1\" \/>\n<link rel=\"canonical\" href=\"https:\/\/kiefonline.com\/pl\/terms-and-conditions\/\" \/>\n<meta property=\"og:locale\" content=\"pl_PL\" \/>\n<meta property=\"og:type\" content=\"article\" \/>\n<meta property=\"og:title\" content=\"Terms and conditions - Kief Online Shop\" \/>\n<meta property=\"og:description\" content=\"Please read these terms and conditions carefully before using our service. Your access to and use of our service is based on your acceptance of and compliance to the following terms. These terms apply to all who access or use the service. By accessing or using our service you agree to be bound by these [&hellip;]\" \/>\n<meta property=\"og:url\" content=\"https:\/\/kiefonline.com\/pl\/terms-and-conditions\/\" \/>\n<meta property=\"og:site_name\" content=\"Kief Online Shop\" \/>\n<meta property=\"article:modified_time\" content=\"2026-01-20T12:05:01+00:00\" \/>\n<meta name=\"twitter:card\" content=\"summary_large_image\" \/>\n<script type=\"application\/ld+json\" class=\"yoast-schema-graph\">{\"@context\":\"https:\/\/schema.org\",\"@graph\":[{\"@type\":\"WebSite\",\"@id\":\"https:\/\/kiefonline.com\/pl\/#website\",\"url\":\"https:\/\/kiefonline.com\/pl\/\",\"name\":\"Kief Online Shop\",\"description\":\"Cannabis products for sale\",\"potentialAction\":[{\"@type\":\"SearchAction\",\"target\":\"https:\/\/kiefonline.com\/pl\/?s={search_term_string}\",\"query-input\":\"required name=search_term_string\"}],\"inLanguage\":\"pl-PL\"},{\"@type\":\"WebPage\",\"@id\":\"https:\/\/kiefonline.com\/terms-and-conditions\/#webpage\",\"url\":\"https:\/\/kiefonline.com\/terms-and-conditions\/\",\"name\":\"Terms and conditions - Kief Online Shop\",\"isPartOf\":{\"@id\":\"https:\/\/kiefonline.com\/pl\/#website\"},\"datePublished\":\"2020-05-06T01:32:59+00:00\",\"dateModified\":\"2026-01-20T12:05:01+00:00\",\"inLanguage\":\"pl-PL\",\"potentialAction\":[{\"@type\":\"ReadAction\",\"target\":[\"https:\/\/kiefonline.com\/terms-and-conditions\/\"]}]},{\"@type\":\"Place\",\"@id\":\"https:\/\/kiefonline.com\/terms-and-conditions\/#local-place\",\"address\":{\"@type\":\"PostalAddress\",\"@id\":\"https:\/\/kiefonline.com\/terms-and-conditions\/#local-place-address\",\"streetAddress\":\"\",\"addressLocality\":\"\",\"postalCode\":\"\",\"addressRegion\":\"\",\"addressCountry\":\"\"},\"geo\":{\"@type\":\"GeoCoordinates\",\"latitude\":\"\",\"longitude\":\"\"},\"openingHoursSpecification\":[{\"@type\":\"OpeningHoursSpecification\",\"dayOfWeek\":[\"Monday\",\"Tuesday\",\"Wednesday\",\"Thursday\",\"Friday\",\"Saturday\",\"Sunday\"],\"opens\":\"09:00\",\"closes\":\"17:00\"}]}]}<\/script>\n<!-- \/ Yoast SEO Premium plugin. -->","jetpack_sharing_enabled":true,"_links":{"self":[{"href":"https:\/\/kiefonline.com\/pl\/wp-json\/wp\/v2\/pages\/2","targetHints":{"allow":["GET"]}}],"collection":[{"href":"https:\/\/kiefonline.com\/pl\/wp-json\/wp\/v2\/pages"}],"about":[{"href":"https:\/\/kiefonline.com\/pl\/wp-json\/wp\/v2\/types\/page"}],"author":[{"embeddable":true,"href":"https:\/\/kiefonline.com\/pl\/wp-json\/wp\/v2\/users\/1"}],"replies":[{"embeddable":true,"href":"https:\/\/kiefonline.com\/pl\/wp-json\/wp\/v2\/comments?post=2"}],"version-history":[{"count":2,"href":"https:\/\/kiefonline.com\/pl\/wp-json\/wp\/v2\/pages\/2\/revisions"}],"predecessor-version":[{"id":9327,"href":"https:\/\/kiefonline.com\/pl\/wp-json\/wp\/v2\/pages\/2\/revisions\/9327"}],"wp:attachment":[{"href":"https:\/\/kiefonline.com\/pl\/wp-json\/wp\/v2\/media?parent=2"}],"wp:term":[{"taxonomy":"yst_prominent_words","embeddable":true,"href":"https:\/\/kiefonline.com\/pl\/wp-json\/wp\/v2\/yst_prominent_words?post=2"}],"curies":[{"name":"wp","href":"https:\/\/api.w.org\/{rel}","templated":true}]}}