{"id":491,"date":"2014-11-12T14:41:47","date_gmt":"2014-11-12T14:41:47","guid":{"rendered":"https:\/\/kiefonline.com\/?page_id=491"},"modified":"2026-01-20T13:43:37","modified_gmt":"2026-01-20T13:43:37","slug":"how-to-order","status":"publish","type":"page","link":"https:\/\/kiefonline.com\/is\/how-to-order\/","title":{"rendered":"Hvernig \u00e1 a\u00f0 panta"},"content":{"rendered":"<h2><em>Vi\u00f0 hugsa vel um \u00feig eins og mamma \u00fe\u00edn.<\/em><\/h2>\n<h2><em>myndi<\/em><\/h2>\n<h3>Klukkustundir<\/h3>\n<p>S\u00edmapantanir: M\u00e1n-Lau 10:00\u201322:00 || Sun 10:00\u201320:00<br \/>\nNetpantanir: 24 klukkustundir \u00e1 dag, 7 daga vikunnar<br \/>\n<strong>Afhendingart\u00edmi: M\u00e1n-Lau 00:30\u201321:00 || Sun 11:30\u201320:00<\/strong><\/p>\n<p><strong>\u00d3KEYPIS HEIMASENDING \u2013 l\u00e1gmarksp\u00f6ntunarfj\u00e1rh\u00e6\u00f0 \u00e1kvar\u00f0ast af p\u00f3stn\u00fameri<br \/>\n<\/strong><\/p>\n<p><strong>Afhendingar- og grei\u00f0slum\u00f6guleikar: Vi\u00f0 t\u00f6kum vi\u00f0 bitcoin, debetkortum \u00ed gegnum Cash App og E-Transfers (au\u00f0kenni krafist fyrir PayPal-grei\u00f0slu)<\/strong><\/p>\n<h3>B\u00f3ka afhendingu<\/h3>\n<p>Vi\u00f0 t\u00f6kum vi\u00f0 p\u00f6ntunum \u00ed s\u00edma \u00e1 venjulegum opnunart\u00edma. \u00de\u00fa getur einnig lagt pantanir \u00e1 vefs\u00ed\u00f0unni okkar allan s\u00f3larhringinn, alla daga vikunnar.<br \/>\n\u00deegar \u00fe\u00fa leggur inn p\u00f6ntun mun \u00f6kuma\u00f0urinn okkar sta\u00f0festa afhendingart\u00edmann* \u00ed s\u00edma. Eftir sta\u00f0festingu \u00fearf vi\u00f0skiptavinurinn a\u00f0 vera til sta\u00f0ar \u00e1 tilgreindri heimilisfangi \u00e1 afhendingart\u00edmanum.<\/p>\n<p>Afhending fer fram \u00ed gegnum USPS, UPS, FedEx e\u00f0a Royal Mail me\u00f0 Discreet Dropoff, sem einnig sj\u00e1 um a\u00f0 s\u00e6kja pakkann og afhenda hann \u00e1 tilgreinda heimilisfangi\u00f0.<br \/>\n*Allir t\u00edmar eru \u00e1\u00e6tla\u00f0ir og geta veri\u00f0 h\u00e1\u00f0ir umfer\u00f0.<\/p>\n<h3>\u00d6ryggislei\u00f0beiningar<\/h3>\n<ul>\n<li>Misnotkun \u00fej\u00f3nustunnar e\u00f0a starfsf\u00f3lks okkar mun lei\u00f0a til \u00fej\u00f3nustusviptingar.<\/li>\n<li>B\u00edlstj\u00f3rinn flytur engan v\u00f6ru nema p\u00f6ntun \u00fe\u00edna.<\/li>\n<li>P\u00f6ntun ver\u00f0ur endanleg \u00feegar \u00fe\u00fa smellir \u00e1 'Senda'.<\/li>\n<li>\u00d6kut\u00e6ki Driver eru me\u00f0 \u00f6ryggismyndav\u00e9lar og eru rakin me\u00f0 GPS \u00ed gegnum \u00f6ryggismi\u00f0st\u00f6\u00f0ina.<\/li>\n<li>B\u00edlstj\u00f3rar hafa r\u00e9tt til a\u00f0 neita \u00fej\u00f3nustu hvers sem er.<\/li>\n<li>Vi\u00f0 sendum eing\u00f6ngu til heimilis, vinnusta\u00f0ar e\u00f0a h\u00f3tels \u00fear sem \u00fe\u00fa ert innrita\u00f0ur. Heimilisf\u00f6ng og s\u00edman\u00famer ver\u00f0a sta\u00f0fest.<\/li>\n<\/ul>\n<p>B\u00edlstj\u00f3rar okkar ver\u00f0a \u00ed einkennisfatna\u00f0i en ekki \u00ed merktum b\u00edlum. B\u00edlstj\u00f3rar eru handah\u00f3fskennt og nafnlaust fylgdir af \u00fej\u00e1lfu\u00f0u \u00f6ryggisstarfsf\u00f3lki okkar til a\u00f0 tryggja bestu starfsh\u00e6tti.<\/p>\n<p>Afhendingar eru pakka\u00f0ar \u00ed dulb\u00fanum lyfjaboxum og mar\u00edh\u00faanaefni\u00f0 er loftt\u00e6mt innpakka\u00f0 \u00ed \u00e1l-l\u00edmdu mylar-\u00fe\u00e9ttipokum.<\/p>","protected":false},"excerpt":{"rendered":"<p>We take care of you like your mama would.\u201d Hours Phone orders: Mon-Sat 10am-10pm\u00a0 ||\u00a0 Sun 10am-8pm Online orders: 24 hours a day 7 days a week Delivery Hours:\u00a0Mon-Sat 12:30am-9pm || Sun 11:30am-8pm FREE DELIVERY \u2013 minimum order amount determined by zip code Delivery Payment Options: We accept bitcoin, debit cards via Cash App and [&hellip;]<\/p>","protected":false},"author":1,"featured_media":0,"parent":0,"menu_order":0,"comment_status":"closed","ping_status":"closed","template":"","meta":{"_monsterinsights_skip_tracking":false,"_monsterinsights_sitenote_active":false,"_monsterinsights_sitenote_note":"","_monsterinsights_sitenote_category":0,"_joinchat":[],"footnotes":""},"yst_prominent_words":[],"class_list":["post-491","page","type-page","status-publish","hentry"],"yoast_head":"<!-- This site is optimized with the Yoast SEO Premium plugin v14.5 - https:\/\/yoast.com\/wordpress\/plugins\/seo\/ -->\n<title>How to order - Kief Online Shop<\/title>\n<meta name=\"robots\" content=\"index, follow\" \/>\n<meta name=\"googlebot\" content=\"index, follow, max-snippet:-1, max-image-preview:large, max-video-preview:-1\" \/>\n<meta name=\"bingbot\" content=\"index, follow, max-snippet:-1, max-image-preview:large, max-video-preview:-1\" \/>\n<link rel=\"canonical\" href=\"https:\/\/kiefonline.com\/is\/how-to-order\/\" \/>\n<meta property=\"og:locale\" content=\"is_IS\" \/>\n<meta property=\"og:type\" content=\"article\" \/>\n<meta property=\"og:title\" content=\"How to order - Kief Online Shop\" \/>\n<meta property=\"og:description\" content=\"We take care of you like your mama would.\u201d Hours Phone orders: Mon-Sat 10am-10pm\u00a0 ||\u00a0 Sun 10am-8pm Online orders: 24 hours a day 7 days a week Delivery Hours:\u00a0Mon-Sat 12:30am-9pm || Sun 11:30am-8pm FREE DELIVERY \u2013 minimum order amount determined by zip code Delivery Payment Options: We accept bitcoin, debit cards via Cash App and [&hellip;]\" \/>\n<meta property=\"og:url\" content=\"https:\/\/kiefonline.com\/is\/how-to-order\/\" \/>\n<meta property=\"og:site_name\" content=\"Kief Online Shop\" \/>\n<meta property=\"article:modified_time\" content=\"2026-01-20T13:43:37+00:00\" \/>\n<meta name=\"twitter:card\" content=\"summary_large_image\" \/>\n<script type=\"application\/ld+json\" class=\"yoast-schema-graph\">{\"@context\":\"https:\/\/schema.org\",\"@graph\":[{\"@type\":\"WebSite\",\"@id\":\"https:\/\/kiefonline.com\/is\/#website\",\"url\":\"https:\/\/kiefonline.com\/is\/\",\"name\":\"Kief Online Shop\",\"description\":\"Cannabis products for sale\",\"potentialAction\":[{\"@type\":\"SearchAction\",\"target\":\"https:\/\/kiefonline.com\/is\/?s={search_term_string}\",\"query-input\":\"required name=search_term_string\"}],\"inLanguage\":\"is\"},{\"@type\":\"WebPage\",\"@id\":\"https:\/\/kiefonline.com\/how-to-order\/#webpage\",\"url\":\"https:\/\/kiefonline.com\/how-to-order\/\",\"name\":\"How to order - Kief Online Shop\",\"isPartOf\":{\"@id\":\"https:\/\/kiefonline.com\/is\/#website\"},\"datePublished\":\"2014-11-12T14:41:47+00:00\",\"dateModified\":\"2026-01-20T13:43:37+00:00\",\"inLanguage\":\"is\",\"potentialAction\":[{\"@type\":\"ReadAction\",\"target\":[\"https:\/\/kiefonline.com\/how-to-order\/\"]}]},{\"@type\":\"Place\",\"@id\":\"https:\/\/kiefonline.com\/how-to-order\/#local-place\",\"address\":{\"@type\":\"PostalAddress\",\"@id\":\"https:\/\/kiefonline.com\/how-to-order\/#local-place-address\",\"streetAddress\":\"\",\"addressLocality\":\"\",\"postalCode\":\"\",\"addressRegion\":\"\",\"addressCountry\":\"\"},\"geo\":{\"@type\":\"GeoCoordinates\",\"latitude\":\"\",\"longitude\":\"\"},\"openingHoursSpecification\":[{\"@type\":\"OpeningHoursSpecification\",\"dayOfWeek\":[\"Monday\",\"Tuesday\",\"Wednesday\",\"Thursday\",\"Friday\",\"Saturday\",\"Sunday\"],\"opens\":\"09:00\",\"closes\":\"17:00\"}]}]}<\/script>\n<!-- \/ Yoast SEO Premium plugin. -->","jetpack_sharing_enabled":true,"_links":{"self":[{"href":"https:\/\/kiefonline.com\/is\/wp-json\/wp\/v2\/pages\/491","targetHints":{"allow":["GET"]}}],"collection":[{"href":"https:\/\/kiefonline.com\/is\/wp-json\/wp\/v2\/pages"}],"about":[{"href":"https:\/\/kiefonline.com\/is\/wp-json\/wp\/v2\/types\/page"}],"author":[{"embeddable":true,"href":"https:\/\/kiefonline.com\/is\/wp-json\/wp\/v2\/users\/1"}],"replies":[{"embeddable":true,"href":"https:\/\/kiefonline.com\/is\/wp-json\/wp\/v2\/comments?post=491"}],"version-history":[{"count":2,"href":"https:\/\/kiefonline.com\/is\/wp-json\/wp\/v2\/pages\/491\/revisions"}],"predecessor-version":[{"id":8588,"href":"https:\/\/kiefonline.com\/is\/wp-json\/wp\/v2\/pages\/491\/revisions\/8588"}],"wp:attachment":[{"href":"https:\/\/kiefonline.com\/is\/wp-json\/wp\/v2\/media?parent=491"}],"wp:term":[{"taxonomy":"yst_prominent_words","embeddable":true,"href":"https:\/\/kiefonline.com\/is\/wp-json\/wp\/v2\/yst_prominent_words?post=491"}],"curies":[{"name":"wp","href":"https:\/\/api.w.org\/{rel}","templated":true}]}}