{"id":3,"date":"2020-05-06T01:32:59","date_gmt":"2020-05-06T01:32:59","guid":{"rendered":"https:\/\/kiefonline.com\/?page_id=3"},"modified":"2026-01-20T13:17:38","modified_gmt":"2026-01-20T13:17:38","slug":"privacy-policy","status":"publish","type":"page","link":"https:\/\/kiefonline.com\/is\/privacy-policy\/","title":{"rendered":"Pers\u00f3nuverndarstefna"},"content":{"rendered":"<p><strong>R\u00e9ttur \u00feinn til einkal\u00edfs<\/strong><\/p>\n<p>\u00cd \u00feessari yfirl\u00fdsingu \u00fatsk\u00fdrum vi\u00f0 hvernig Kief Online vir\u00f0ir fri\u00f0helgi \u00fe\u00edna \u00ed tengslum vi\u00f0 samskipti \u00e1 \u00feessari vefs\u00ed\u00f0u og \u00ed Kief Online Store-forritinu. \u00deegar vi\u00f0 t\u00f6lum um forrit \u00e1ttum vi\u00f0 vi\u00f0 Kief Online Store-forrit sem h\u00e6gt er a\u00f0 hla\u00f0a ni\u00f0ur \u00far hugb\u00fana\u00f0arforriti \u00e1 fars\u00edma og nota til a\u00f0 n\u00e1lgast vefs\u00ed\u00f0ur Kief Online Store og\/e\u00f0a \u00fej\u00f3nustu Kief Online Store Inc.<\/p>\n<p>When we talk about \u201dkanashop Store\u201d or \u201cus\u201d or \u201cwe\u201d in this statement we are referring to Buds4high\u00a0 \u201cKief Online\u201d refers to Kief Online, its subsidiaries, affiliates and their respective parent and subsidiary companies.<\/p>\n<p><strong>S\u00f6fnun og notkun uppl\u00fdsinga<\/strong><\/p>\n<p>Vi\u00f0 s\u00f6fnum pers\u00f3nuuppl\u00fdsingum um \u00feig sem vi\u00f0skiptavin og g\u00f6gnum sem tengjast samskiptum \u00fe\u00ednum vi\u00f0 netr\u00e1sir okkar, svo sem en ekki takmarka\u00f0 vi\u00f0 Kief Online. Vi\u00f0 munum alltaf l\u00e1ta \u00feig vita hvernig vi\u00f0 hyggjumst nota uppl\u00fdsingarnar \u00fe\u00ednar \u00e1\u00f0ur en vi\u00f0 s\u00f6fnum \u00feeim, svo \u00fe\u00fa getir \u00e1kve\u00f0i\u00f0 hvort \u00fe\u00fa viljir veita \u00fe\u00e6r uppl\u00fdsingar. \u00de\u00fa \u00e6ttir a\u00f0 lesa tilkynningu okkar um pers\u00f3nuvernd e\u00f0a hafa beint samband vi\u00f0 okkur til a\u00f0 f\u00e1 n\u00e1nari uppl\u00fdsingar um hvernig vi\u00f0 notum uppl\u00fdsingarnar \u00fe\u00ednar.<\/p>\n<p>\u00deegar \u00fe\u00fa flettir \u00ed gegnum vefs\u00ed\u00f0una okkar og notar forritin okkar safna vef\u00fej\u00f3nar okkar g\u00f6gnum sem tengjast heims\u00f3kn \u00feinni, svo sem:<\/p>\n<ul>\n<li>Hva\u00f0a s\u00ed\u00f0ur \u00fe\u00fa hefur sko\u00f0a\u00f0;<\/li>\n<li>\u00c1kve\u00f0nar samskipti sem \u00fe\u00fa hefur \u00e1tt \u00e1 \u00feessum s\u00ed\u00f0um;<\/li>\n<li>Fj\u00f6ldi skipta sem \u00fe\u00fa g\u00e6tir hafa heims\u00f3tt \u00e1kve\u00f0na s\u00ed\u00f0u; e\u00f0a<\/li>\n<li>Hversu miklum t\u00edma \u00fe\u00fa g\u00e6tir hafa eytt \u00e1 \u00e1kve\u00f0num s\u00ed\u00f0um.<\/li>\n<\/ul>\n<p>&nbsp;<\/p>\n<p>\u00cd sumum tilvikum ver\u00f0a g\u00f6gnin sem vi\u00f0 s\u00f6fnum nafnlaus og segja okkur einfaldlega hva\u00f0a s\u00ed\u00f0ur hafa fengi\u00f0 mest virkni og hva\u00f0a s\u00ed\u00f0ur vekja s\u00e9rstakan \u00e1huga hj\u00e1 vi\u00f0skiptavinum okkar almennt. \u00deegar \u00fe\u00fa skr\u00e1ir \u00feig inn \u00e1 og notar Kief Online Internet Sites og\/e\u00f0a hva\u00f0a Kief Online Services sem er, munum vi\u00f0 geta greint hva\u00f0a s\u00ed\u00f0ur \u00fe\u00fa hefur s\u00fdnt s\u00e9rstakan \u00e1huga \u00e1, hva\u00f0a s\u00ed\u00f0ur \u00fe\u00fa hefur heims\u00f3tt oftar en einu sinni og hva\u00f0a s\u00ed\u00f0ur \u00fe\u00fa hefur eytt mestum t\u00edma \u00e1. Vi\u00f0 munum a\u00f0 mestu leyti sinna \u00feessu sj\u00e1lf, en stundum munum vi\u00f0 nota Google Analytics til a\u00f0sto\u00f0ar. \u00cd \u00f6llum tilvikum munum vi\u00f0 framkv\u00e6ma \u00feetta \u00e1 \u00e1byrgan h\u00e1tt.<\/p>\n<p>\u00deessi g\u00f6gn gera okkur kleift a\u00f0 veita \u00fe\u00e9r skilvirkari og \u00e1rangursr\u00edkari \u00fej\u00f3nustu me\u00f0 \u00fev\u00ed a\u00f0 efla v\u00ed\u00f0t\u00e6kari skilning og vir\u00f0ingu fyrir vi\u00f0skiptavinah\u00f3pnum okkar. \u00dear sem vi\u00f0 h\u00f6fum s\u00e9rstaklega au\u00f0kennt \u00feig getum vi\u00f0 bo\u00f0i\u00f0 \u00fe\u00e9r s\u00e9rsni\u00f0nari notendaupplifun og a\u00f0sto\u00f0a\u00f0 \u00feig vi\u00f0 \u00f6ll \u00fej\u00f3nustuverktal sem \u00fe\u00fa hefur upplifa\u00f0 e\u00f0a g\u00e6tir veri\u00f0 a\u00f0 upplifa.<\/p>\n<p><strong>gagnvirk sv\u00e6\u00f0i<\/strong><\/p>\n<p>Vefs\u00ed\u00f0an okkar og forritin bj\u00f3\u00f0a stundum upp \u00e1 spjallvalkosti sem gera \u00fe\u00e9r kleift a\u00f0 tala beint vi\u00f0 starfsmann Kief Online Inc \u00e1 me\u00f0an \u00fe\u00fa vafrar \u00e1 netinu. Stundum birtast \u00feessir spjallvalkostir sj\u00e1lfkrafa \u00e1 skj\u00e1num \u00fe\u00ednum; \u00feeir eru valfrj\u00e1ls \u00fej\u00f3nusta og \u00fe\u00fa getur \u00e1kve\u00f0i\u00f0 hvort \u00fe\u00fa vilt eiga samskipti vi\u00f0 \u00fe\u00e1 e\u00f0a ekki. \u00deessi spjall\u00fej\u00f3nusta er stj\u00f3rna\u00f0 af notkunarskilm\u00e1lum Kief Online Inc sem eru a\u00f0gengilegir \u00e1 vefs\u00ed\u00f0u okkar og sem \u00fe\u00fa \u00e6ttir a\u00f0 lesa \u00e1\u00f0ur en \u00fe\u00fa notar spjallvalkost. Mikilv\u00e6gt er a\u00f0 \u00feegar \u00fe\u00fa \u00e1tt samskipti vi\u00f0 \u00feessa spjallvalkosti og \u00f6nnur gagnvirk sv\u00e6\u00f0i (umr\u00e6\u00f0uvettvang, tilkynningabor\u00f0, blogg) gerir \u00fe\u00fa \u00fea\u00f0 \u00e1 \u00e1byrgan h\u00e1tt. Undir engum kringumst\u00e6\u00f0um \u00e6ttir \u00fe\u00fa a\u00f0 veita pers\u00f3nu- e\u00f0a fj\u00e1rhagsuppl\u00fdsingar \u00feegar \u00fe\u00fa notar \u00feessar \u00fej\u00f3nustur. \u00de\u00fa getur \u00fe\u00f3 vali\u00f0 a\u00f0 veita okkur \u00e1kve\u00f0nar uppl\u00fdsingar, svo sem nafn \u00feitt og tengili\u00f0auppl\u00fdsingar, ef \u00fe\u00fa vilt a\u00f0 vi\u00f0 h\u00f6fum beint samband vi\u00f0 \u00feig. Ef \u00fe\u00fa gerir \u00fea\u00f0 munum vi\u00f0 nota \u00feessar uppl\u00fdsingar eing\u00f6ngu til a\u00f0 svara og takast \u00e1 vi\u00f0 athugasemdir \u00fe\u00ednar e\u00f0a fyrirspurnir.<\/p>\n<p><strong>Hvernig vi\u00f0 tryggjum \u00f6ryggi uppl\u00fdsinga \u00feinna<\/strong><\/p>\n<p>Vi\u00f0 vitum a\u00f0 \u00fe\u00e9r er annt um hvernig uppl\u00fdsingar \u00fe\u00ednar eru nota\u00f0ar, geymdar og deilt. Vi\u00f0 \u00fe\u00f6kkum \u00fe\u00e9r fyrir trausti\u00f0 sem \u00fe\u00fa s\u00fdnir okkur. Til a\u00f0 vernda uppl\u00fdsingar \u00fe\u00ednar notum vi\u00f0 \u00f6ryggisr\u00e1\u00f0stafanir sem samr\u00e6mast kanad\u00edskum l\u00f6gum og uppfylla sta\u00f0la Evr\u00f3pusambandsins. \u00deetta felur \u00ed s\u00e9r t\u00f6lvu\u00f6ryggisr\u00e1\u00f0stafanir, \u00f6rugga skr\u00e1ningu og \u00f6ruggar byggingar. \u00c1 vefs\u00ed\u00f0u Kief Online getur\u00f0u lesi\u00f0 n\u00e1nari uppl\u00fdsingar um hvernig vi\u00f0 verndum fri\u00f0helgi \u00fe\u00edna og pers\u00f3nuuppl\u00fdsingar.<\/p>\n<p><strong>A\u00f0gangur \u00feinn<\/strong><\/p>\n<p>Samkv\u00e6mt pers\u00f3nuverndarl\u00f6gum hefur \u00fe\u00fa r\u00e9tt \u00e1 a\u00f0 sj\u00e1 pers\u00f3nuuppl\u00fdsingarnar sem vi\u00f0 geymum um \u00feig. Til a\u00f0 f\u00e1 afrit af \u00feessum uppl\u00fdsingum skaltu skrifa okkur \u00e1: Subject Access Request (SARS), Kief Online, 18 Canso Road, Toronto, ON M9W 4L8. Ef uppl\u00fdsingar \u00fe\u00ednar breytast e\u00f0a \u00fe\u00fa telur a\u00f0 \u00fe\u00e6r s\u00e9u \u00f3n\u00e1kv\u00e6mar e\u00f0a ekki uppf\u00e6r\u00f0ar, l\u00e1ttu okkur vita og vi\u00f0 munum breyta \u00feeim.<\/p>\n<p>&nbsp;<\/p>\n<p><strong>K\u00f6kur<\/strong><\/p>\n<p>\u00deessi kafli segir \u00fe\u00e9r almennt fr\u00e1 k\u00f6kum, hvernig vi\u00f0 notum \u00fe\u00e6r, hvers vegna vi\u00f0 notum \u00fe\u00e6r og hvernig \u00fea\u00f0 gerir okkur kleift a\u00f0 b\u00e6ta \u00fej\u00f3nustu okkar vi\u00f0 \u00feig. Me\u00f0 \u00fev\u00ed a\u00f0 nota vefs\u00ed\u00f0ur okkar og forrit (\u00e1 hva\u00f0a t\u00e6ki sem er) sam\u00feykkir \u00fe\u00fa a\u00f0 \u00feessi notkun k\u00f6kna gildi umfram a\u00f0rar skilm\u00e1la sem kunna a\u00f0 gilda. Notkun Kief Online Inc \u00e1 k\u00f6kum getur breyst fr\u00e1 einum t\u00edma til annars. Allar sl\u00edkar breytingar munu birtast h\u00e9r og taka gildi strax. \u00dear sem \u00fe\u00fa heldur \u00e1fram a\u00f0 nota vefs\u00ed\u00f0ur okkar og forrit telst \u00fe\u00fa sam\u00feykkja sl\u00edkar breytingar.<\/p>\n<ul>\n<li>Hva\u00f0 er sm\u00e1kaka? \u2013 Sm\u00e1k\u00f6kur eru litlar textaskr\u00e1r sem eru sendar til og vista\u00f0ar \u00e1 t\u00f6lvunni \u00feinni, snjalls\u00edmanum, spjaldt\u00f6lvunni e\u00f0a \u00f6\u00f0rum t\u00e6kjum sem nota interneti\u00f0, \u00ed hvert sinn sem \u00fe\u00fa heims\u00e6kir vefs\u00ed\u00f0u e\u00f0a notar netforrit okkar. Sm\u00e1k\u00f6kur eru nota\u00f0ar til a\u00f0 vi\u00f0halda heildst\u00e6\u00f0ni vafravi\u00f0veru \u00feinnar \u00feegar \u00fe\u00fa heims\u00e6kir vefs\u00ed\u00f0u og geta einnig veri\u00f0 nota\u00f0ar til a\u00f0 s\u00e9rsn\u00ed\u00f0a og \u00fear me\u00f0 b\u00e6ta upplifun hvers vi\u00f0skiptavinar. Sm\u00e1k\u00f6kur \u00f3gna ekki \u00f6ryggi t\u00f6lvunnar \u00feinnar \u00e1 nokkurn h\u00e1tt. \u00de\u00fa getur haldi\u00f0 \u00e1fram a\u00f0 nota \u00feessa vefs\u00ed\u00f0u \u00e1n \u00feess a\u00f0 virkni sker\u00f0ist ef \u00fe\u00fa velur a\u00f0 sl\u00f6kkva \u00e1 k\u00f6kum \u00e1 t\u00f6lvunni \u00feinni. Notkun \u00e1 vefs\u00ed\u00f0um og forritum Kief Online krefst \u00feess hins vegar a\u00f0 k\u00f6kur s\u00e9u virkja\u00f0ar svo \u00fej\u00f3nustan okkar virki \u00f6rugglega og r\u00e9tt. Almennar uppl\u00fdsingar um k\u00f6kur m\u00e1 finna \u00e1 aboutcookies.org. \u00dear m\u00e1 einnig finna uppl\u00fdsingar um hvernig \u00e1 a\u00f0 sl\u00f6kkva \u00e1 k\u00f6kum. Lei\u00f0beiningar fr\u00e1 emb\u00e6tti pers\u00f3nuverndarfulltr\u00faa um efni og notkun pers\u00f3nuverndaryfirl\u00fdsinga \u00e1 vefs\u00ed\u00f0um, \u00fear \u00e1 me\u00f0al v\u00e6ntanlegar sta\u00f0lar fyrir sm\u00e1k\u00f6kur, m\u00e1 finna \u00e1 http:\/\/www.dataprotection.ie\/docs\/PrivStatements\/290.htm<\/li>\n<li>Hvernig vi\u00f0 notum k\u00f6kur \u2013 Kief Online Inc notar k\u00f6kur til a\u00f0 fylgjast me\u00f0 umfer\u00f0 \u00e1 vefs\u00ed\u00f0unni okkar, tryggja betri \u00fej\u00f3nustustig og gera okkur kleift a\u00f0 bj\u00f3\u00f0a \u00fe\u00e9r upp \u00e1 vi\u00f0b\u00f3tareiginleika, svo sem s\u00e9rsni\u00f0na \u00fej\u00f3nustu. Til a\u00f0 n\u00e1 \u00feessu eru nota\u00f0ar mismunandi tegundir af k\u00f6kum. \u00de\u00e6r virka allar \u00e1 sama h\u00e1tt en hafa sm\u00e1v\u00e6gileg misr\u00e6mi sem \u00fatsk\u00fdrt er h\u00e9r a\u00f0 ne\u00f0an.<\/li>\n<li>Ger\u00f0ir sm\u00e1k\u00f6kur \u2013\n<ul>\n<li>Fundark\u00f6kur \u2013 Fundark\u00f6kur vara a\u00f0eins \u00ed heims\u00f3kn \u00feinni og eru eytt \u00feegar \u00fe\u00fa lokar vafranum. \u00de\u00e6r eru nau\u00f0synlegar til a\u00f0 tryggja \u00f6rugga notendalei\u00f0s\u00f6gn um s\u00ed\u00f0una og gera kleift a\u00f0 veita grunnvirkni. N\u00e1nar tilteki\u00f0 tryggja \u00fe\u00e6r \u00f6ryggi og heilindi lotunnar \u00feinnar, koma \u00ed veg fyrir sviksamlega notkun og halda \u00fe\u00e9r innskr\u00e1\u00f0 me\u00f0an \u00fe\u00fa flettir milli s\u00ed\u00f0a og sinnir reikningnum \u00fe\u00ednum.<\/li>\n<li>Varanlegar k\u00f6kur \u2013 Varanlegar k\u00f6kur vara \u00e1fram eftir a\u00f0 \u00fe\u00fa lokar vafranum \u00fe\u00ednum og gera okkur kleift a\u00f0 muna athafnir \u00fe\u00ednar og stillingar \u00e1 vefs\u00ed\u00f0unni. Kief Online Inc notar varanlegar k\u00f6kur til a\u00f0 greina heims\u00f3knir vi\u00f0skiptavina \u00e1 vefs\u00ed\u00f0ur okkar. \u00deessar k\u00f6kur hj\u00e1lpa okkur a\u00f0 skilja hvernig vi\u00f0skiptavinir komast \u00e1 vefs\u00ed\u00f0ur okkar og hvernig \u00feeir nota \u00fe\u00e6r, svo vi\u00f0 getum b\u00e6tt heildarupplifun notenda \u00e1 Kief Online.<\/li>\n<li>Greiningark\u00f6kur \u2013 A\u00f0 lokum notum vi\u00f0 greiningark\u00f6kur til a\u00f0 hj\u00e1lpa okkur a\u00f0 gera vefs\u00ed\u00f0urnar okkar enn betri fyrir \u00fe\u00e1 sem heims\u00e6kja \u00fe\u00e6r reglulega. \u00deessi tegund k\u00f6kna hj\u00e1lpar okkur a\u00f0 skilja betur hvernig einstakir gestir nota net\u00fej\u00f3nustur okkar og gerir okkur kleift a\u00f0 b\u00e6ta heildar\u00fej\u00f3nustu og v\u00f6rur sem vi\u00f0 bj\u00f3\u00f0um \u00fe\u00e9r.<\/li>\n<\/ul>\n<\/li>\n<\/ul>\n<p>&nbsp;<\/p>\n<p><strong>\u00c1byrg\u00f0arskjal<\/strong><\/p>\n<p>\u00deessi s\u00ed\u00f0a og forritin okkar geta innihaldi\u00f0 hlekki \u00e1 tengdar vefs\u00ed\u00f0ur sem Kief Online Inc rekur, og \u00fe\u00e9r er bent \u00e1 a\u00f0 \u00feegar \u00fe\u00fa heims\u00e6kir sl\u00edkar s\u00ed\u00f0ur gildi skilm\u00e1lar og skilyr\u00f0i \u00feeirra. Einnig geta veri\u00f0 tenglar \u00e1 vefs\u00ed\u00f0ur sem Kief Online rekur ekki, og \u00fe\u00fa ert vara\u00f0ur vi\u00f0 \u00fev\u00ed a\u00f0 \u00feegar \u00fe\u00fa opnar a\u00f0rar vefs\u00ed\u00f0ur me\u00f0 sl\u00edkum tenglum ver\u00f0ir \u00fe\u00fa ekki bundinn skilm\u00e1lum Kief Online og munt ekki nj\u00f3ta \u00feeirrar verndar sem vefs\u00ed\u00f0an okkar veitir. Kief Online Dispensary Store Inc ber enga \u00e1byrg\u00f0 \u00e1 efni, a\u00f0gengi e\u00f0a notkun sl\u00edkra vefs\u00ed\u00f0na \u00feri\u00f0ja a\u00f0ila, og \u00fe\u00fa notar sl\u00edkar tengingar alfari\u00f0 \u00e1 eigin \u00e1byrg\u00f0.<\/p>\n<p><strong>Vi\u00f0b\u00f3taruppl\u00fdsingar<\/strong><\/p>\n<p>Kief Online Inc vinnur me\u00f0 \u00feri\u00f0ja a\u00f0ilum sem veita okkur \u00fej\u00f3nustu. \u00de\u00fa getur fari\u00f0 \u00e1 vefs\u00ed\u00f0ur \u00feessara a\u00f0ila fr\u00e1 okkar vefs\u00ed\u00f0u. Samstarfsa\u00f0ilar okkar kunna a\u00f0 nota k\u00f6kur, og \u00fe\u00fa getur fengi\u00f0 n\u00e1nari uppl\u00fdsingar \u00e1 vefs\u00ed\u00f0um \u00feeirra.<\/p>\n<p><strong>Breytingar<\/strong><\/p>\n<p>Kief Online Inc \u00e1skilur s\u00e9r r\u00e9tt til, a\u00f0 eigin vali, a\u00f0 breyta \u00feessari pers\u00f3nuverndarstefnu hven\u00e6r sem er. \u00de\u00fa \u00e6ttir reglulega a\u00f0 athuga \u00feessa pers\u00f3nuverndarstefnu til a\u00f0 sj\u00e1 hvort breytingar hafi veri\u00f0 ger\u00f0ar.<\/p>\n<p><strong>Skilm\u00e1lar og skilm\u00e1lar<\/strong><\/p>\n<p>\u00deessi pers\u00f3nuverndaryfirl\u00fdsing er h\u00e1\u00f0 notkunarskilm\u00e1lum vefs\u00ed\u00f0u Kief Online. Eintak af \u00feeim er a\u00f0gengilegt \u00e1 www.cannmart.com. Mikilv\u00e6gt er a\u00f0 \u00fe\u00fa lesir notkunarskilm\u00e1lana, \u00fev\u00ed ef \u00e1greiningur er milli \u00feessarar pers\u00f3nuverndaryfirl\u00fdsingar og notkunarskilm\u00e1lanna gilda notkunarskilm\u00e1larnir.<\/p>\n<p>Me\u00f0 \u00fev\u00ed a\u00f0 opna og halda \u00e1fram a\u00f0 vafra um \u00feessa vefs\u00ed\u00f0u e\u00f0a me\u00f0 \u00fev\u00ed a\u00f0 hla\u00f0a ni\u00f0ur og nota forritin okkar sam\u00feykkir \u00fe\u00fa vinnslu pers\u00f3nuuppl\u00fdsinga \u00feinna \u00e1 \u00feann h\u00e1tt sem l\u00fdst er h\u00e9r a\u00f0 ofan. \u00de\u00fa sam\u00feykkir einnig a\u00f0 \u00ed \u00e1kve\u00f0num tilvikum kunnum vi\u00f0 a\u00f0 vera skyldug til a\u00f0 afhenda pers\u00f3nuuppl\u00fdsingar um \u00feig til \u00feri\u00f0ja a\u00f0ila til a\u00f0 koma \u00ed veg fyrir, greina e\u00f0a koma \u00ed veg fyrir svik.<\/p>","protected":false},"excerpt":{"rendered":"<p>Your Right to Privacy In this statement, we explain how \u201cKief Online\u201d respect your privacy in relation to interactions with this website and any Kief Online Store App. When we talk about Apps we mean a Kief Online Store application which can either be downloaded from a software application to a mobile device and can [&hellip;]<\/p>","protected":false},"author":1,"featured_media":0,"parent":0,"menu_order":0,"comment_status":"closed","ping_status":"open","template":"","meta":{"_monsterinsights_skip_tracking":false,"_monsterinsights_sitenote_active":false,"_monsterinsights_sitenote_note":"","_monsterinsights_sitenote_category":0,"_joinchat":[],"footnotes":""},"yst_prominent_words":[],"class_list":["post-3","page","type-page","status-publish","hentry"],"yoast_head":"<!-- This site is optimized with the Yoast SEO Premium plugin v14.5 - https:\/\/yoast.com\/wordpress\/plugins\/seo\/ -->\n<title>Privacy Policy - Kief Online Shop<\/title>\n<meta name=\"robots\" content=\"index, follow\" \/>\n<meta name=\"googlebot\" content=\"index, follow, max-snippet:-1, max-image-preview:large, max-video-preview:-1\" \/>\n<meta name=\"bingbot\" content=\"index, follow, max-snippet:-1, max-image-preview:large, max-video-preview:-1\" \/>\n<link rel=\"canonical\" href=\"https:\/\/kiefonline.com\/is\/privacy-policy\/\" \/>\n<meta property=\"og:locale\" content=\"is_IS\" \/>\n<meta property=\"og:type\" content=\"article\" \/>\n<meta property=\"og:title\" content=\"Privacy Policy - Kief Online Shop\" \/>\n<meta property=\"og:description\" content=\"Your Right to Privacy In this statement, we explain how \u201cKief Online\u201d respect your privacy in relation to interactions with this website and any Kief Online Store App. When we talk about Apps we mean a Kief Online Store application which can either be downloaded from a software application to a mobile device and can [&hellip;]\" \/>\n<meta property=\"og:url\" content=\"https:\/\/kiefonline.com\/is\/privacy-policy\/\" \/>\n<meta property=\"og:site_name\" content=\"Kief Online Shop\" \/>\n<meta property=\"article:modified_time\" content=\"2026-01-20T13:17:38+00:00\" \/>\n<meta name=\"twitter:card\" content=\"summary_large_image\" \/>\n<script type=\"application\/ld+json\" class=\"yoast-schema-graph\">{\"@context\":\"https:\/\/schema.org\",\"@graph\":[{\"@type\":\"WebSite\",\"@id\":\"https:\/\/kiefonline.com\/is\/#website\",\"url\":\"https:\/\/kiefonline.com\/is\/\",\"name\":\"Kief Online Shop\",\"description\":\"Cannabis products for sale\",\"potentialAction\":[{\"@type\":\"SearchAction\",\"target\":\"https:\/\/kiefonline.com\/is\/?s={search_term_string}\",\"query-input\":\"required name=search_term_string\"}],\"inLanguage\":\"is\"},{\"@type\":\"WebPage\",\"@id\":\"https:\/\/kiefonline.com\/privacy-policy\/#webpage\",\"url\":\"https:\/\/kiefonline.com\/privacy-policy\/\",\"name\":\"Privacy Policy - Kief Online Shop\",\"isPartOf\":{\"@id\":\"https:\/\/kiefonline.com\/is\/#website\"},\"datePublished\":\"2020-05-06T01:32:59+00:00\",\"dateModified\":\"2026-01-20T13:17:38+00:00\",\"inLanguage\":\"is\",\"potentialAction\":[{\"@type\":\"ReadAction\",\"target\":[\"https:\/\/kiefonline.com\/privacy-policy\/\"]}]},{\"@type\":\"Place\",\"@id\":\"https:\/\/kiefonline.com\/privacy-policy\/#local-place\",\"address\":{\"@type\":\"PostalAddress\",\"@id\":\"https:\/\/kiefonline.com\/privacy-policy\/#local-place-address\",\"streetAddress\":\"\",\"addressLocality\":\"\",\"postalCode\":\"\",\"addressRegion\":\"\",\"addressCountry\":\"\"},\"geo\":{\"@type\":\"GeoCoordinates\",\"latitude\":\"\",\"longitude\":\"\"},\"openingHoursSpecification\":[{\"@type\":\"OpeningHoursSpecification\",\"dayOfWeek\":[\"Monday\",\"Tuesday\",\"Wednesday\",\"Thursday\",\"Friday\",\"Saturday\",\"Sunday\"],\"opens\":\"09:00\",\"closes\":\"17:00\"}]}]}<\/script>\n<!-- \/ Yoast SEO Premium plugin. -->","jetpack_sharing_enabled":true,"_links":{"self":[{"href":"https:\/\/kiefonline.com\/is\/wp-json\/wp\/v2\/pages\/3","targetHints":{"allow":["GET"]}}],"collection":[{"href":"https:\/\/kiefonline.com\/is\/wp-json\/wp\/v2\/pages"}],"about":[{"href":"https:\/\/kiefonline.com\/is\/wp-json\/wp\/v2\/types\/page"}],"author":[{"embeddable":true,"href":"https:\/\/kiefonline.com\/is\/wp-json\/wp\/v2\/users\/1"}],"replies":[{"embeddable":true,"href":"https:\/\/kiefonline.com\/is\/wp-json\/wp\/v2\/comments?post=3"}],"version-history":[{"count":4,"href":"https:\/\/kiefonline.com\/is\/wp-json\/wp\/v2\/pages\/3\/revisions"}],"predecessor-version":[{"id":9325,"href":"https:\/\/kiefonline.com\/is\/wp-json\/wp\/v2\/pages\/3\/revisions\/9325"}],"wp:attachment":[{"href":"https:\/\/kiefonline.com\/is\/wp-json\/wp\/v2\/media?parent=3"}],"wp:term":[{"taxonomy":"yst_prominent_words","embeddable":true,"href":"https:\/\/kiefonline.com\/is\/wp-json\/wp\/v2\/yst_prominent_words?post=3"}],"curies":[{"name":"wp","href":"https:\/\/api.w.org\/{rel}","templated":true}]}}