{"id":2,"date":"2020-05-06T01:32:59","date_gmt":"2020-05-06T01:32:59","guid":{"rendered":"https:\/\/kiefonline.com\/?page_id=2"},"modified":"2026-01-20T12:05:01","modified_gmt":"2026-01-20T12:05:01","slug":"terms-and-conditions","status":"publish","type":"page","link":"https:\/\/kiefonline.com\/is\/terms-and-conditions\/","title":{"rendered":"Skilm\u00e1lar og skilm\u00e1lar"},"content":{"rendered":"<p><p><strong>Vinsamlegast lestu \u00feessa skilm\u00e1la og skilyr\u00f0i vandlega \u00e1\u00f0ur en \u00fe\u00fa notar \u00fej\u00f3nustu okkar.<\/strong><\/p><br><p>A\u00f0gangur \u00feinn a\u00f0 \u00fej\u00f3nustunni og notkun hennar byggist \u00e1 \u00fev\u00ed a\u00f0 \u00fe\u00fa sam\u00feykkir og fylgir eftirfarandi skilm\u00e1lum. \u00deessir skilm\u00e1lar gilda um alla sem hafa a\u00f0gang a\u00f0 \u00fej\u00f3nustunni e\u00f0a nota hana.<\/p><br><p>Me\u00f0 \u00fev\u00ed a\u00f0 n\u00e1lgast e\u00f0a nota \u00fej\u00f3nustu okkar sam\u00feykkir \u00fe\u00fa a\u00f0 vera bundinn af \u00feessum skilm\u00e1lum og sam\u00feykkir allar lagalegar aflei\u00f0ingar. Ef \u00fe\u00fa ert ekki samm\u00e1la skilm\u00e1lum og skilyr\u00f0um okkar, a\u00f0 \u00f6llu leyti e\u00f0a a\u00f0 hluta, vinsamlegast nota\u00f0u ekki \u00fej\u00f3nustu okkar.<\/p><br><p><strong>Kaup<\/strong><\/p><br><p>Ef \u00fe\u00fa vilt kaupa einhverja af v\u00f6rum e\u00f0a \u00fej\u00f3nustum sem bo\u00f0i\u00f0 er upp \u00e1 \u00ed gegnum \u00feessa \u00fej\u00f3nustu, g\u00e6tir \u00fe\u00fa \u00feurft a\u00f0 veita uppl\u00fdsingar sem tengjast kaupum \u00fe\u00ednum, \u00fear \u00e1 me\u00f0al en ekki takmarka\u00f0 vi\u00f0: kreditkortan\u00famer \u00feitt og gildist\u00edma \u00feess; reikningsfang \u00feitt; og sendingaruppl\u00fdsingar.<\/p><br><p>\u00de\u00fa sta\u00f0festir og \u00e1byrgist a\u00f0: (i) \u00fe\u00fa hafir lagalegt leyfi til a\u00f0 nota hva\u00f0a kreditkort sem er e\u00f0a a\u00f0ra grei\u00f0slua\u00f0fer\u00f0 \u00ed tengslum vi\u00f0 kaup, og a\u00f0 (ii) \u00fe\u00e6r uppl\u00fdsingar sem \u00fe\u00fa gefur okkur s\u00e9u sannar, r\u00e9ttar og fullkomnar.<\/p><br><p>By submitting this information, you grant us the right to provide the information to third parties for purposes of facilitating the completion of purchases.<\/p><br><p>Vi\u00f0 \u00e1skiljum okkur r\u00e9tt til a\u00f0 hafna e\u00f0a h\u00e6tta vi\u00f0 p\u00f6ntun \u00fe\u00edna hven\u00e6r sem er af \u00e1st\u00e6\u00f0um sem me\u00f0al annars eru: frambo\u00f0 v\u00f6ru e\u00f0a \u00fej\u00f3nustu, villur \u00ed l\u00fdsingu e\u00f0a ver\u00f0i v\u00f6ru e\u00f0a \u00fej\u00f3nustu, villur \u00ed p\u00f6ntun \u00feinni e\u00f0a a\u00f0rar \u00e1st\u00e6\u00f0ur.<\/p><br><p>Vi\u00f0 \u00e1skiljum okkur r\u00e9tt til a\u00f0 hafna e\u00f0a h\u00e6tta vi\u00f0 p\u00f6ntun \u00fe\u00edna ef grunur leikur \u00e1 svikum, \u00f3heimilum e\u00f0a \u00f3l\u00f6gm\u00e6tum vi\u00f0skiptum. Vi\u00f0 berum enga \u00e1byrg\u00f0 \u00e1 misbresti vi\u00f0 a\u00f0 kaupanemg\u00f6ngu lj\u00faki n\u00e9 \u00e1 neinum tapi e\u00f0a ska\u00f0a sem \u00fe\u00fa kannt a\u00f0 ver\u00f0a fyrir vegna \u00feess.<\/p><br><p><strong>F\u00e1anleiki, villur og \u00f3n\u00e1kv\u00e6mni<\/strong><\/p><br><p>Til a\u00f0 veita sem bestu \u00fej\u00f3nustu og n\u00e1kv\u00e6mni uppf\u00e6rum vi\u00f0 v\u00f6rur og \u00fej\u00f3nustu reglulega.<\/p><br><p>Vi\u00f0 getum ekki og tryggjum ekki n\u00e1kv\u00e6mni n\u00e9 fullkomleika allra uppl\u00fdsinga, \u00fear \u00e1 me\u00f0al ver\u00f0, v\u00f6rumynda, t\u00e6knil\u00fdsinga, frambo\u00f0s og \u00fej\u00f3nustu. Vi\u00f0 \u00e1skiljum okkur r\u00e9tt til a\u00f0 breyta e\u00f0a uppf\u00e6ra uppl\u00fdsingar og lei\u00f0r\u00e9tta villur, \u00f3n\u00e1kv\u00e6mni e\u00f0a yfirsj\u00f3nir hven\u00e6r sem er \u00e1n fyrirvara.<\/p><br><p>\u00der\u00e1tt fyrir a\u00f0 vi\u00f0 leggjum okkur fram um n\u00e1kv\u00e6mni geta v\u00f6rur e\u00f0a \u00fej\u00f3nusta sem bo\u00f0i\u00f0 er upp \u00e1 \u00ed \u00fej\u00f3nustu okkar innihaldi\u00f0 villu var\u00f0andi ver\u00f0, veri\u00f0 ranglega l\u00fdst e\u00f0a veri\u00f0 \u00f3a\u00f0gengilegar.<\/p><br><p><strong>Reikningar<\/strong><\/p><br><p>\u00deegar \u00fe\u00fa stofnar reikning hj\u00e1 okkur ver\u00f0ur \u00fe\u00fa a\u00f0 veita okkur n\u00e1kv\u00e6mar, fullkomnar og uppf\u00e6r\u00f0ar uppl\u00fdsingar. Vanr\u00e6ksla \u00e1 a\u00f0 veita \u00feessar uppl\u00fdsingar telst brot \u00e1 skilm\u00e1lum okkar sem getur leitt til tafarlausrar lokunar reikningsins \u00fe\u00edns \u00ed \u00fej\u00f3nustu okkar.<\/p><br><p>\u00de\u00fa ber\u00f0 pers\u00f3nulega \u00e1byrg\u00f0 \u00e1 a\u00f0 vernda lykilor\u00f0i\u00f0 sem \u00fe\u00fa notar til a\u00f0 f\u00e1 a\u00f0gang a\u00f0 \u00fej\u00f3nustunni og fyrir allar athafnir e\u00f0a a\u00f0ger\u00f0ir sem ger\u00f0ar eru undir lykilor\u00f0inu \u00fe\u00ednu, hvort sem lykilor\u00f0i\u00f0 \u00feitt er hj\u00e1 \u00fej\u00f3nustu okkar e\u00f0a hj\u00e1 \u00feri\u00f0ja a\u00f0ila.<\/p><br><p>Me\u00f0 \u00fev\u00ed a\u00f0 nota \u00fej\u00f3nustu okkar sam\u00feykkir \u00fe\u00fa a\u00f0 afhenda ekki lykilor\u00f0i\u00f0 \u00feitt neinum \u00feri\u00f0ja a\u00f0ila. \u00de\u00fa ver\u00f0ur a\u00f0 tilkynna okkur strax um lei\u00f0 og \u00fe\u00fa ver\u00f0ur var vi\u00f0 \u00f6ryggisbrest e\u00f0a \u00f3leyfilega notkun reikningsins \u00fe\u00edns.<\/p><br><p>\u00de\u00fa m\u00e1tt ekki nota sem notendanafn nafn annars einstaklings e\u00f0a a\u00f0ila sem ekki er l\u00f6glega tilt\u00e6kt til notkunar, nafn e\u00f0a v\u00f6rumerki sem er h\u00e1\u00f0 r\u00e9ttindum annars einstaklings e\u00f0a a\u00f0ila en \u00fe\u00edn \u00e1n vi\u00f0eigandi heimildar, n\u00e9 nafn sem er \u00e1 annan h\u00e1tt m\u00f3\u00f0gandi, d\u00f3nalegt e\u00f0a kl\u00e1mfengi\u00f0.<\/p><br><p><strong>Viturlegan eignarr\u00e9tt<\/strong><\/p><br><p>\u00dej\u00f3nustan okkar og allt efni, \u00fear \u00e1 me\u00f0al en ekki takmarka\u00f0 vi\u00f0 texta, myndir, graf\u00edk e\u00f0a k\u00f3\u00f0a, eru eign dalvin online dispensary Store. og verndu\u00f0 me\u00f0 h\u00f6fundarr\u00e9tti, v\u00f6rumerki, gagnagrunnsr\u00e9tti og \u00f6\u00f0rum hugverkar\u00e9ttindum. \u00de\u00fa m\u00e1tt birta, afrita, hla\u00f0a ni\u00f0ur e\u00f0a prenta \u00fat hluta af efni \u00far mismunandi sv\u00e6\u00f0um \u00fej\u00f3nustunnar eing\u00f6ngu fyrir eigin \u00f3vi\u00f0skiptalega notkun e\u00f0a til a\u00f0 leggja inn p\u00f6ntun hj\u00e1 <strong>Kief Online<\/strong>  Ap\u00f3tek. \u00d6nnur notkun er stranglega b\u00f6nnu\u00f0 og getur broti\u00f0 gegn h\u00f6fundarr\u00e9tti, v\u00f6rumerkjar\u00e9tti og \u00f6\u00f0rum l\u00f6gum. \u00deessir skilm\u00e1lar veita \u00fe\u00e9r ekki leyfi til a\u00f0 nota neitt v\u00f6rumerki dalvin netap\u00f3teksins e\u00f0a tengdra f\u00e9laga \u00feess. \u00de\u00fa sam\u00feykkir jafnframt a\u00f0 ekki nota, breyta n\u00e9 ey\u00f0a neinum eignarr\u00e9ttartilkynningum \u00far efni sem s\u00f3tt er \u00far \u00fej\u00f3nustunni.<\/p><br><p><strong>Tenglar \u00e1 a\u00f0rar vefs\u00ed\u00f0ur<\/strong><\/p><br><p>\u00dej\u00f3nustan getur innihaldi\u00f0 tengla \u00e1 vefs\u00ed\u00f0ur e\u00f0a \u00fej\u00f3nustu \u00feri\u00f0ja a\u00f0ila sem ekki eru \u00ed eigu n\u00e9 undir stj\u00f3rn <strong>Kief Online<\/strong> Lyfjaap\u00f3tek.<\/p><br><p><strong>Kief Online<\/strong> Ap\u00f3tek. hefur enga stj\u00f3rn \u00e1 og ber enga \u00e1byrg\u00f0 \u00e1 efni, pers\u00f3nuverndarstefnu e\u00f0a starfsh\u00e1ttum neinna vefs\u00ed\u00f0na e\u00f0a \u00fej\u00f3nustu \u00feri\u00f0ja a\u00f0ila. \u00de\u00fa vi\u00f0urkennir ennfremur og sam\u00feykkir a\u00f0 <strong>Kief Online<\/strong> Ap\u00f3tek. ber ekki \u00e1byrg\u00f0 n\u00e9 er \u00fea\u00f0 ska\u00f0ab\u00f3taskylt, beint n\u00e9 \u00f3beint, fyrir nokkurn ska\u00f0a e\u00f0a tap sem tali\u00f0 er a\u00f0 hafi orsakast af e\u00f0a \u00ed tengslum vi\u00f0 notkun e\u00f0a traust \u00e1 sl\u00edkum efnum, v\u00f6rum e\u00f0a \u00fej\u00f3nustu sem eru a\u00f0gengileg \u00e1 e\u00f0a \u00ed gegnum sl\u00edkar vefs\u00ed\u00f0ur e\u00f0a \u00fej\u00f3nustur.<\/p><br><p>Vi\u00f0 r\u00e1\u00f0leggjum \u00fe\u00e9r eindregi\u00f0 a\u00f0 lesa notkunarskilm\u00e1la og pers\u00f3nuverndarstefnu allra vefs\u00ed\u00f0na e\u00f0a \u00fej\u00f3nustu \u00feri\u00f0ja a\u00f0ila sem \u00fe\u00fa heims\u00e6kir.<\/p><br><p><strong>Riftun<\/strong><\/p><br><p>Vi\u00f0 getum tafarlaust loka\u00f0 a\u00f0gangi \u00fe\u00ednum a\u00f0 \u00fej\u00f3nustunni e\u00f0a takmarka\u00f0 hann, \u00e1n fyrirvara og \u00e1n \u00e1byrg\u00f0ar, af hva\u00f0a \u00e1st\u00e6\u00f0u sem er, \u00fear me\u00f0 tali\u00f0, \u00e1n takmarkana, ef \u00fe\u00fa br\u00fdtur gegn skilm\u00e1lunum.<\/p><br><p>Allar \u00e1kv\u00e6\u00f0i Skilm\u00e1la skulu gilda \u00e1fram eftir lokum samnings, \u00fear \u00e1 me\u00f0al, \u00e1n takmarkana, \u00e1kv\u00e6\u00f0i um eignarr\u00e9tt, \u00e1byrg\u00f0arsk\u00edrslur, ska\u00f0ab\u00e6tur og takmarkanir \u00e1 \u00e1byrg\u00f0.<\/p><br><p>Vi\u00f0 lok samningsins fellur r\u00e9ttur \u00feinn til a\u00f0 nota \u00fej\u00f3nustuna samstundis ni\u00f0ur. Ef \u00fe\u00fa vilt loka reikningnum \u00fe\u00ednum getur\u00f0u einfaldlega h\u00e6tt a\u00f0 nota \u00fej\u00f3nustuna.<\/p><br><p><strong>B\u00f3taskylda<\/strong><\/p><br><p>\u00de\u00fa sam\u00feykkir a\u00f0 b\u00e6ta tj\u00f3n, verja og halda ska\u00f0lausum. <strong>Kief Online<\/strong> lyfjab\u00fa\u00f0in, stj\u00f3rnendur hennar, emb\u00e6ttismenn, stj\u00f3rnarmenn, fulltr\u00faar, starfsmenn, verktakar, leyfisveitendur, leyfishafar, birgjar og umbo\u00f0smenn, fr\u00e1 og gegn \u00f6llum kr\u00f6fum, tapi, ska\u00f0a, skuldbindingum, kostna\u00f0i, m\u00e1ls\u00f3knum e\u00f0a kr\u00f6fum.<\/p><br><p>\u00deetta felur me\u00f0al annars \u00ed s\u00e9r, en er ekki takmarka\u00f0 vi\u00f0: (a) l\u00f6gfr\u00e6\u00f0ikostna\u00f0 og b\u00f3khaldskostna\u00f0 sem stafar af notkun \u00feinni \u00e1 \u00fej\u00f3nustunni; (b) brot \u00feitt \u00e1 \u00feessum skilm\u00e1lum; (c) allt sem \u00fe\u00fa birtir \u00e1 e\u00f0a hle\u00f0ur upp \u00ed \u00fej\u00f3nustuna; og (d) alla starfsemi sem tengist reikningi \u00fe\u00ednum. \u00deetta felur einnig \u00ed s\u00e9r g\u00e1leysislega e\u00f0a \u00f3l\u00f6glega h\u00e1ttsemi af \u00feinni h\u00e1lfu, sem og h\u00e1ttsemi hvers einstaklings e\u00f0a a\u00f0ila sem f\u00e6r a\u00f0gang a\u00f0 \u00fej\u00f3nustunni me\u00f0 reikningi \u00fe\u00ednum, hvort sem sl\u00edkur a\u00f0gangur er afla\u00f0ur me\u00f0 sviks\u00f6mum e\u00f0a \u00f3l\u00f6gm\u00e6tum h\u00e6tti.<\/p><br><p><strong>Takm\u00f6rkun \u00e1byrg\u00f0ar<\/strong><\/p><br><p><strong>Kief Online<\/strong> Dispensary Store, stj\u00f3rnendur \u00feess, starfsmenn, samstarfsa\u00f0ilar, umbo\u00f0smenn, birgjar e\u00f0a tengdir a\u00f0ilar skulu ekki bera \u00e1byrg\u00f0 \u00e1 neinum tapi e\u00f0a ska\u00f0a, beinum e\u00f0a \u00f3beinum, tilviljunarkenndum, s\u00e9rst\u00f6kum, aflei\u00f0ingartengdum e\u00f0a refsingu, \u00fear me\u00f0 tali\u00f0, \u00e1n takmarkana, efnahagslegu tapi, tapi e\u00f0a skemmdum \u00e1 rafr\u00e6num mi\u00f0lum e\u00f0a g\u00f6gnum, or\u00f0spori e\u00f0a \u00f6\u00f0rum \u00f3efnislegum tapi, sem stafar af (i) a\u00f0gangi \u00fe\u00ednum a\u00f0 e\u00f0a notkun \u00feinni \u00e1 \u00fej\u00f3nustunni; (ii) \u00fev\u00ed a\u00f0 \u00fe\u00fa getir ekki fengi\u00f0 a\u00f0gang a\u00f0 \u00fej\u00f3nustunni e\u00f0a nota\u00f0 hana; (iii) hva\u00f0a h\u00e1ttsemi e\u00f0a efni \u00feri\u00f0ja a\u00f0ila \u00e1 e\u00f0a tengt \u00fej\u00f3nustunni; (iv) efni sem afla\u00f0 er \u00far e\u00f0a \u00ed gegnum \u00fej\u00f3nustuna; og (v) \u00f3heimilan a\u00f0gang a\u00f0, notkun e\u00f0a breytingu \u00e1 sendingum \u00fe\u00ednum e\u00f0a efni \u00fe\u00ednu, hvort sem \u00fea\u00f0 er byggt \u00e1 \u00e1byrg\u00f0, samningi, ska\u00f0ab\u00f3tum (\u00fear me\u00f0 tali\u00f0 g\u00e1leysi) e\u00f0a \u00f6\u00f0rum lagalegum kr\u00f6fum, \u00f3h\u00e1\u00f0 \u00fev\u00ed hvort okkur hafi veri\u00f0 tilkynnt um m\u00f6guleika \u00e1 sl\u00edkum ska\u00f0a e\u00f0a ekki, og jafnvel \u00fe\u00f3 a\u00f0 \u00farr\u00e6\u00f0i sem h\u00e9r er kve\u00f0i\u00f0 \u00e1 um reynist hafa brug\u00f0ist \u00ed megin tilgangi s\u00ednum.<\/p><br><p><strong>\u00c1byrg\u00f0arsk\u00edrteini og fr\u00e1v\u00edkjun r\u00e9ttinda<\/strong><\/p><br><p><strong>Kief Online<\/strong> Verslun Dispensary veitir engar tryggingar, yfirl\u00fdsingar n\u00e9 \u00e1byrg\u00f0ir af neinu tagi var\u00f0andi vefs\u00ed\u00f0una og tengda t\u00e6kni. Allar hugsanlega gildandi \u00e1byrg\u00f0ir, skilm\u00e1lar og skilyr\u00f0i eru undanskildar, a\u00f0 \u00fev\u00ed marki sem l\u00f6g leyfa. Notkun \u00fe\u00edn \u00e1 \u00fej\u00f3nustunni er \u00e1 \u00fe\u00edna eigin \u00e1h\u00e6ttu. \u00dej\u00f3nustan er veitt eins og h\u00fan er og eftir \u00fev\u00ed sem h\u00fan er tilt\u00e6k. \u00dej\u00f3nustan er veitt \u00e1n \u00e1byrg\u00f0ar af neinu tagi, hvort sem h\u00fan er bein e\u00f0a \u00f3bein, \u00fear me\u00f0 tali\u00f0 en ekki takmarka\u00f0 vi\u00f0 \u00f3beina \u00e1byrg\u00f0 um s\u00f6luh\u00e6fi, h\u00e6fi til tiltekins notkunar, bann vi\u00f0 brotum \u00e1 r\u00e9ttindum annarra e\u00f0a framkv\u00e6md, nema anna\u00f0 s\u00e9 kve\u00f0i\u00f0 \u00e1 um \u00ed l\u00f6gum h\u00e9ra\u00f0a \u00ed Kanada. \u00cd sl\u00edkum tilvikum gilda l\u00f6g vi\u00f0komandi h\u00e9ra\u00f0s a\u00f0 \u00fev\u00ed marki sem \u00fe\u00f6rf krefur.<\/p><br><p><strong>Kief Online<\/strong> Ap\u00f3tek. D\u00f3tturfyrirt\u00e6ki \u00feess, tengd f\u00e9l\u00f6g og leyfisveitendur \u00feess veita ekki tryggingu um a\u00f0 a) \u00fej\u00f3nustan muni virka \u00e1n truflana, \u00f6rugg e\u00f0a a\u00f0gengileg \u00e1 hva\u00f0a t\u00edma sem er e\u00f0a \u00e1 hva\u00f0a sta\u00f0 sem er; b) allir gallar e\u00f0a galla ver\u00f0i lei\u00f0r\u00e9ttir; c) \u00fej\u00f3nustan s\u00e9 laus vi\u00f0 veirur e\u00f0a \u00f6nnur ska\u00f0leg forrit; e\u00f0a d) ni\u00f0urst\u00f6\u00f0ur notkunar \u00fej\u00f3nustunnar muni uppfylla kr\u00f6fur \u00fe\u00ednar.<\/p><br><p>Ef \u00fe\u00fa br\u00fdtur gegn einhverjum \u00feessara skilm\u00e1la og <strong>Kief Online<\/strong> Ap\u00f3tek. k\u00fds a\u00f0 gr\u00edpa ekki til a\u00f0ger\u00f0a strax, e\u00f0a k\u00fds a\u00f0 gr\u00edpa ekki til a\u00f0ger\u00f0a yfir h\u00f6fu\u00f0, <strong>Kief Online<\/strong> Ap\u00f3tek. mun enn hafa \u00f6ll r\u00e9ttindi og \u00farr\u00e6\u00f0i \u00e1 s\u00ed\u00f0ar t\u00edma e\u00f0a \u00ed \u00f6\u00f0rum a\u00f0st\u00e6\u00f0um \u00fear sem \u00fe\u00fa br\u00fdtur gegn \u00feessum skilm\u00e1lum. <strong>Kief Online<\/strong> Ap\u00f3tek. Afsalar s\u00e9r engum r\u00e9tti s\u00ednum. <strong>Kief Online<\/strong> Ap\u00f3tek. skal ekki bera \u00e1byrg\u00f0 \u00e1 neinni meinta brot \u00e1 \u00feessum skilm\u00e1lum sem stafar af a\u00f0st\u00e6\u00f0um utan \u00feess stj\u00f3rnar. S\u00e1 sem er ekki a\u00f0ili a\u00f0 \u00feessum skilm\u00e1lum hefur engin r\u00e9ttindi til a\u00f0 krefjast framfylgdar.<\/p><br><p>\u00de\u00fa m\u00e1tt ekki framselja, veita undirlisens e\u00f0a \u00e1 annan h\u00e1tt flytja nokkur af r\u00e9ttindum \u00fe\u00ednum samkv\u00e6mt \u00feessum skilm\u00e1lum.<\/p><br><p><strong>Undantekningar<\/strong><\/p><br><p>Eins og fram kemur h\u00e9r a\u00f0 ofan leyfa sum l\u00f6gsagnarumd\u00e6mi ekki a\u00f0 \u00fatiloka \u00e1kve\u00f0nar \u00e1byrg\u00f0ir n\u00e9 a\u00f0 \u00fatiloka e\u00f0a takmarka \u00e1byrg\u00f0 fyrir aflei\u00f0ingar- e\u00f0a tilviljunartj\u00f3n, svo ofangreindar takmarkanir kunna ekki a\u00f0 gilda um \u00feig. L\u00f6g h\u00e9ra\u00f0a \u00ed Kanada kunna a\u00f0 gilda um \u00e1kve\u00f0nar v\u00f6rur og \u00fej\u00f3nustu sem veitt er.<\/p><br><p><strong>Gildandi l\u00f6g<\/strong><\/p><br><p>\u00deessir skilm\u00e1lar skulu l\u00fata l\u00f6gum Ontario-h\u00e9ra\u00f0s og l\u00f6gum Kanada, eftir \u00fev\u00ed sem vi\u00f0 \u00e1, og skulu sk\u00fdr\u00f0ir og framfylgt \u00ed samr\u00e6mi vi\u00f0 \u00feau.<\/p><br><p>Ef einhver \u00e1kv\u00e6\u00f0i \u00feessara skilm\u00e1la er tali\u00f0 \u00f3gilt e\u00f0a \u00f3framkv\u00e6manlegt af d\u00f3mst\u00f3li me\u00f0 l\u00f6gm\u00e6ta l\u00f6gs\u00f6gu, skulu hin \u00e1kv\u00e6\u00f0in \u00e1fram gilda. \u00deessir skilm\u00e1lar mynda allan samninginn milli okkar um \u00fej\u00f3nustuna og ganga \u00feeir framar og koma \u00ed sta\u00f0 allra fyrri samninga, munnlegra sem annarra, um \u00fej\u00f3nustuna.<\/p><br><p><strong>Breytingar<\/strong><\/p><br><p>Vi\u00f0 \u00e1skiljum okkur r\u00e9tt, eftir eigin ge\u00f0\u00fe\u00f3tta, til a\u00f0 breyta e\u00f0a skipta \u00fat \u00feessum skilm\u00e1lum hven\u00e6r sem er. Ef um verulega breytingu er a\u00f0 r\u00e6\u00f0a munum vi\u00f0 gera sanngjarnar tilraunir til a\u00f0 veita a\u00f0 minnsta kosti 30 daga fyrirvara \u00e1\u00f0ur en n\u00fdir skilm\u00e1lar taka gildi. Hva\u00f0 teljist veruleg breyting er \u00e1kve\u00f0i\u00f0 eftir okkar eigin ge\u00f0\u00fe\u00f3tta.<\/p><br><p>Me\u00f0 \u00fev\u00ed a\u00f0 halda \u00e1fram a\u00f0 n\u00e1lgast e\u00f0a nota \u00fej\u00f3nustu okkar eftir a\u00f0 \u00feessar breytingar taka gildi sam\u00feykkir \u00fe\u00fa a\u00f0 vera bundinn vi\u00f0 breytt skilm\u00e1la. Ef \u00fe\u00fa sam\u00feykkir ekki n\u00fdju skilm\u00e1lana, a\u00f0 \u00f6llu leyti e\u00f0a hluta, vinsamlegast h\u00e6ttu a\u00f0 nota vefs\u00ed\u00f0una og \u00fej\u00f3nustuna.<\/p><br><p><strong>Endurgrei\u00f0slur<\/strong><\/p><br><p><strong>Kief Online<\/strong> Ap\u00f3tek mun a\u00f0eins endurgrei\u00f0a \u00feegar innk\u00f6llun hefur veri\u00f0 gefin \u00fat og mun taka v\u00f6runa til baka. \u00deetta er svo <strong>Kief Online<\/strong> Ap\u00f3tek getur skila\u00f0 g\u00f6gnum til Health Canada \u00e1 \u00e1hrifar\u00edkan h\u00e1tt. Skil skulu fara fram \u00ed samr\u00e6mi vi\u00f0 lei\u00f0beiningar ACMPR.<\/p><br><p><strong>Haf\u00f0u samband<\/strong><\/p><br><p>Ef \u00fe\u00fa hefur einhverjar spurningar um \u00feessa skilm\u00e1la, vinsamlegast haf\u00f0u samband vi\u00f0 okkur.<\/p><\/p>","protected":false},"excerpt":{"rendered":"<p>Please read these terms and conditions carefully before using our service. Your access to and use of our service is based on your acceptance of and compliance to the following terms. These terms apply to all who access or use the service. By accessing or using our service you agree to be bound by these [&hellip;]<\/p>","protected":false},"author":1,"featured_media":0,"parent":0,"menu_order":0,"comment_status":"closed","ping_status":"closed","template":"","meta":{"_monsterinsights_skip_tracking":false,"_monsterinsights_sitenote_active":false,"_monsterinsights_sitenote_note":"","_monsterinsights_sitenote_category":0,"_joinchat":[],"footnotes":""},"yst_prominent_words":[],"class_list":["post-2","page","type-page","status-publish","hentry"],"yoast_head":"<!-- This site is optimized with the Yoast SEO Premium plugin v14.5 - https:\/\/yoast.com\/wordpress\/plugins\/seo\/ -->\n<title>Terms and conditions - Kief Online Shop<\/title>\n<meta name=\"robots\" content=\"index, follow\" \/>\n<meta name=\"googlebot\" content=\"index, follow, max-snippet:-1, max-image-preview:large, max-video-preview:-1\" \/>\n<meta name=\"bingbot\" content=\"index, follow, max-snippet:-1, max-image-preview:large, max-video-preview:-1\" \/>\n<link rel=\"canonical\" href=\"https:\/\/kiefonline.com\/is\/terms-and-conditions\/\" \/>\n<meta property=\"og:locale\" content=\"is_IS\" \/>\n<meta property=\"og:type\" content=\"article\" \/>\n<meta property=\"og:title\" content=\"Terms and conditions - Kief Online Shop\" \/>\n<meta property=\"og:description\" content=\"Please read these terms and conditions carefully before using our service. Your access to and use of our service is based on your acceptance of and compliance to the following terms. These terms apply to all who access or use the service. By accessing or using our service you agree to be bound by these [&hellip;]\" \/>\n<meta property=\"og:url\" content=\"https:\/\/kiefonline.com\/is\/terms-and-conditions\/\" \/>\n<meta property=\"og:site_name\" content=\"Kief Online Shop\" \/>\n<meta property=\"article:modified_time\" content=\"2026-01-20T12:05:01+00:00\" \/>\n<meta name=\"twitter:card\" content=\"summary_large_image\" \/>\n<script type=\"application\/ld+json\" class=\"yoast-schema-graph\">{\"@context\":\"https:\/\/schema.org\",\"@graph\":[{\"@type\":\"WebSite\",\"@id\":\"https:\/\/kiefonline.com\/is\/#website\",\"url\":\"https:\/\/kiefonline.com\/is\/\",\"name\":\"Kief Online Shop\",\"description\":\"Cannabis products for sale\",\"potentialAction\":[{\"@type\":\"SearchAction\",\"target\":\"https:\/\/kiefonline.com\/is\/?s={search_term_string}\",\"query-input\":\"required name=search_term_string\"}],\"inLanguage\":\"is\"},{\"@type\":\"WebPage\",\"@id\":\"https:\/\/kiefonline.com\/terms-and-conditions\/#webpage\",\"url\":\"https:\/\/kiefonline.com\/terms-and-conditions\/\",\"name\":\"Terms and conditions - Kief Online Shop\",\"isPartOf\":{\"@id\":\"https:\/\/kiefonline.com\/is\/#website\"},\"datePublished\":\"2020-05-06T01:32:59+00:00\",\"dateModified\":\"2026-01-20T12:05:01+00:00\",\"inLanguage\":\"is\",\"potentialAction\":[{\"@type\":\"ReadAction\",\"target\":[\"https:\/\/kiefonline.com\/terms-and-conditions\/\"]}]},{\"@type\":\"Place\",\"@id\":\"https:\/\/kiefonline.com\/terms-and-conditions\/#local-place\",\"address\":{\"@type\":\"PostalAddress\",\"@id\":\"https:\/\/kiefonline.com\/terms-and-conditions\/#local-place-address\",\"streetAddress\":\"\",\"addressLocality\":\"\",\"postalCode\":\"\",\"addressRegion\":\"\",\"addressCountry\":\"\"},\"geo\":{\"@type\":\"GeoCoordinates\",\"latitude\":\"\",\"longitude\":\"\"},\"openingHoursSpecification\":[{\"@type\":\"OpeningHoursSpecification\",\"dayOfWeek\":[\"Monday\",\"Tuesday\",\"Wednesday\",\"Thursday\",\"Friday\",\"Saturday\",\"Sunday\"],\"opens\":\"09:00\",\"closes\":\"17:00\"}]}]}<\/script>\n<!-- \/ Yoast SEO Premium plugin. -->","jetpack_sharing_enabled":true,"_links":{"self":[{"href":"https:\/\/kiefonline.com\/is\/wp-json\/wp\/v2\/pages\/2","targetHints":{"allow":["GET"]}}],"collection":[{"href":"https:\/\/kiefonline.com\/is\/wp-json\/wp\/v2\/pages"}],"about":[{"href":"https:\/\/kiefonline.com\/is\/wp-json\/wp\/v2\/types\/page"}],"author":[{"embeddable":true,"href":"https:\/\/kiefonline.com\/is\/wp-json\/wp\/v2\/users\/1"}],"replies":[{"embeddable":true,"href":"https:\/\/kiefonline.com\/is\/wp-json\/wp\/v2\/comments?post=2"}],"version-history":[{"count":2,"href":"https:\/\/kiefonline.com\/is\/wp-json\/wp\/v2\/pages\/2\/revisions"}],"predecessor-version":[{"id":9327,"href":"https:\/\/kiefonline.com\/is\/wp-json\/wp\/v2\/pages\/2\/revisions\/9327"}],"wp:attachment":[{"href":"https:\/\/kiefonline.com\/is\/wp-json\/wp\/v2\/media?parent=2"}],"wp:term":[{"taxonomy":"yst_prominent_words","embeddable":true,"href":"https:\/\/kiefonline.com\/is\/wp-json\/wp\/v2\/yst_prominent_words?post=2"}],"curies":[{"name":"wp","href":"https:\/\/api.w.org\/{rel}","templated":true}]}}