{"id":491,"date":"2014-11-12T14:41:47","date_gmt":"2014-11-12T14:41:47","guid":{"rendered":"https:\/\/kiefonline.com\/?page_id=491"},"modified":"2026-01-20T13:43:37","modified_gmt":"2026-01-20T13:43:37","slug":"how-to-order","status":"publish","type":"page","link":"https:\/\/kiefonline.com\/hu\/how-to-order\/","title":{"rendered":"Hogyan rendelhet"},"content":{"rendered":"<h2><em>Gondoskodunk r\u00f3lad, mint az anyuk\u00e1d<\/em><\/h2>\n<h2><em>tenne.\u201d<\/em><\/h2>\n<h3>\u00d3r\u00e1k<\/h3>\n<p>Telefonos megrendel\u00e9sek: H\u00e9tf\u0151-szombat 10:00-22:00  ||  Vas\u00e1rnap 10:00-20:00<br \/>\nOnline megrendel\u00e9sek: a nap 24 \u00f3r\u00e1j\u00e1ban, a h\u00e9t 7 napj\u00e1n<br \/>\n<strong>Sz\u00e1ll\u00edt\u00e1si id\u0151: H\u00e9tf\u0151-szombat 12:30-21:00 || Vas\u00e1rnap 11:30-20:00<\/strong><\/p>\n<p><strong>INGYENES SZ\u00c1LL\u00cdT\u00c1S \u2013 a minim\u00e1lis rendel\u00e9si \u00f6sszeg a postai ir\u00e1ny\u00edt\u00f3sz\u00e1m alapj\u00e1n ker\u00fcl meghat\u00e1roz\u00e1sra<br \/>\n<\/strong><\/p>\n<p><strong>Sz\u00e1ll\u00edt\u00e1si fizet\u00e9si lehet\u0151s\u00e9gek: Elfogadunk bitcoint, bankk\u00e1rty\u00e1t a Cash App \u00e9s az E-Transfers alkalmaz\u00e1son kereszt\u00fcl (PayPal fizet\u00e9shez szem\u00e9lyi igazolv\u00e1ny sz\u00fcks\u00e9ges).<\/strong><\/p>\n<h3>Sz\u00e1ll\u00edt\u00e1s \u00fctemez\u00e9se<\/h3>\n<p>Rendel\u00e9seket telefonon fogadunk a szok\u00e1sos \u00fczleti \u00f3r\u00e1ink alatt. Rendel\u00e9seket a weboldalunkon is leadhat, a nap 24 \u00f3r\u00e1j\u00e1ban, a h\u00e9t minden napj\u00e1n.<br \/>\nA megrendel\u00e9skor sof\u0151r\u00fcnk telefonon meger\u0151s\u00edti a sz\u00e1ll\u00edt\u00e1si id\u0151pontot*. A meger\u0151s\u00edt\u00e9s ut\u00e1n az \u00fcgyf\u00e9lnek a megadott c\u00edmen kell tart\u00f3zkodnia a sz\u00e1ll\u00edt\u00e1si id\u0151pontban.<\/p>\n<p>A sz\u00e1ll\u00edt\u00e1s az USPS, UPS, Fedex vagy Royal Mail seg\u00edts\u00e9g\u00e9vel t\u00f6rt\u00e9nik a Discreet Dropoff-on kereszt\u00fcl, amely a csomag felv\u00e9tel\u00e9t \u00e9s a megadott sz\u00e1ll\u00edt\u00e1si c\u00edmre t\u00f6rt\u00e9n\u0151 kisz\u00e1ll\u00edt\u00e1s\u00e1t is v\u00e9gzi.<br \/>\n*Az id\u0151pontok hozz\u00e1vet\u0151legesek \u00e9s a forgalom hat\u00e1s\u00e1ra v\u00e1ltozhatnak.<\/p>\n<h3>Biztons\u00e1gi ir\u00e1nyelvek<\/h3>\n<ul>\n<li>A szolg\u00e1ltat\u00e1s vagy szem\u00e9lyzet\u00fcnk vissza\u00e9l\u00e9se a szolg\u00e1ltat\u00e1s megtagad\u00e1s\u00e1t vonja maga ut\u00e1n.<\/li>\n<li>A sof\u0151r a megrendel\u00e9sen k\u00edv\u00fcli m\u00e1s term\u00e9ket nem sz\u00e1ll\u00edt.<\/li>\n<li>A megrendel\u00e9s v\u00e9glegesnek kell lennie, amikor a \u201eK\u00fcld\u00e9s\u201d gombra kattint.<\/li>\n<li>A j\u00e1rm\u0171vek biztons\u00e1gi kamer\u00e1kkal vannak felszerelve, \u00e9s GPS-en kereszt\u00fcl a biztons\u00e1gi k\u00f6zpontb\u00f3l k\u00f6vetik nyomon \u0151ket.<\/li>\n<li>A sof\u0151r\u00f6k fenntartj\u00e1k a jogot, hogy b\u00e1rkinek megtagadj\u00e1k a szolg\u00e1ltat\u00e1st.<\/li>\n<li>Csak lak\u00f3helyre, munkahelyre vagy a bejelentkezett sz\u00e1llod\u00e1ba sz\u00e1ll\u00edtunk. A c\u00edmeket \u00e9s a kapcsolattart\u00e1si sz\u00e1mokat ellen\u0151rizz\u00fck.<\/li>\n<\/ul>\n<p>Sof\u0151rjeink egyenruh\u00e1t viselnek, \u00e9s nem jel\u00f6lt aut\u00f3val k\u00f6zlekednek. A sof\u0151r\u00f6ket k\u00e9pzett biztons\u00e1gi szem\u00e9lyzet\u00fcnk v\u00e9letlenszer\u0171en \u00e9s n\u00e9vtelen\u00fcl k\u00f6veti, hogy a legjobb gyakorlatot biztos\u00edtsa.<\/p>\n<p>A sz\u00e1ll\u00edtm\u00e1nyokat \u00e1lc\u00e1zott gy\u00f3gyszeres dobozokba csomagolj\u00e1k, \u00e9s a marihu\u00e1n\u00e1t alum\u00edniummal lamin\u00e1lt mylar tasakokba v\u00e1kuumozz\u00e1k.<\/p>","protected":false},"excerpt":{"rendered":"<p>We take care of you like your mama would.\u201d Hours Phone orders: Mon-Sat 10am-10pm\u00a0 ||\u00a0 Sun 10am-8pm Online orders: 24 hours a day 7 days a week Delivery Hours:\u00a0Mon-Sat 12:30am-9pm || Sun 11:30am-8pm FREE DELIVERY \u2013 minimum order amount determined by zip code Delivery Payment Options: We accept bitcoin, debit cards via Cash App and [&hellip;]<\/p>","protected":false},"author":1,"featured_media":0,"parent":0,"menu_order":0,"comment_status":"closed","ping_status":"closed","template":"","meta":{"_monsterinsights_skip_tracking":false,"_monsterinsights_sitenote_active":false,"_monsterinsights_sitenote_note":"","_monsterinsights_sitenote_category":0,"_joinchat":[],"footnotes":""},"yst_prominent_words":[],"class_list":["post-491","page","type-page","status-publish","hentry"],"yoast_head":"<!-- This site is optimized with the Yoast SEO Premium plugin v14.5 - https:\/\/yoast.com\/wordpress\/plugins\/seo\/ -->\n<title>How to order - Kief Online Shop<\/title>\n<meta name=\"robots\" content=\"index, follow\" \/>\n<meta name=\"googlebot\" content=\"index, follow, max-snippet:-1, max-image-preview:large, max-video-preview:-1\" \/>\n<meta name=\"bingbot\" content=\"index, follow, max-snippet:-1, max-image-preview:large, max-video-preview:-1\" \/>\n<link rel=\"canonical\" href=\"https:\/\/kiefonline.com\/hu\/how-to-order\/\" \/>\n<meta property=\"og:locale\" content=\"hu_HU\" \/>\n<meta property=\"og:type\" content=\"article\" \/>\n<meta property=\"og:title\" content=\"How to order - Kief Online Shop\" \/>\n<meta property=\"og:description\" content=\"We take care of you like your mama would.\u201d Hours Phone orders: Mon-Sat 10am-10pm\u00a0 ||\u00a0 Sun 10am-8pm Online orders: 24 hours a day 7 days a week Delivery Hours:\u00a0Mon-Sat 12:30am-9pm || Sun 11:30am-8pm FREE DELIVERY \u2013 minimum order amount determined by zip code Delivery Payment Options: We accept bitcoin, debit cards via Cash App and [&hellip;]\" \/>\n<meta property=\"og:url\" content=\"https:\/\/kiefonline.com\/hu\/how-to-order\/\" \/>\n<meta property=\"og:site_name\" content=\"Kief Online Shop\" \/>\n<meta property=\"article:modified_time\" content=\"2026-01-20T13:43:37+00:00\" \/>\n<meta name=\"twitter:card\" content=\"summary_large_image\" \/>\n<script type=\"application\/ld+json\" class=\"yoast-schema-graph\">{\"@context\":\"https:\/\/schema.org\",\"@graph\":[{\"@type\":\"WebSite\",\"@id\":\"https:\/\/kiefonline.com\/hu\/#website\",\"url\":\"https:\/\/kiefonline.com\/hu\/\",\"name\":\"Kief Online Shop\",\"description\":\"Cannabis products for sale\",\"potentialAction\":[{\"@type\":\"SearchAction\",\"target\":\"https:\/\/kiefonline.com\/hu\/?s={search_term_string}\",\"query-input\":\"required name=search_term_string\"}],\"inLanguage\":\"hu\"},{\"@type\":\"WebPage\",\"@id\":\"https:\/\/kiefonline.com\/how-to-order\/#webpage\",\"url\":\"https:\/\/kiefonline.com\/how-to-order\/\",\"name\":\"How to order - Kief Online Shop\",\"isPartOf\":{\"@id\":\"https:\/\/kiefonline.com\/hu\/#website\"},\"datePublished\":\"2014-11-12T14:41:47+00:00\",\"dateModified\":\"2026-01-20T13:43:37+00:00\",\"inLanguage\":\"hu\",\"potentialAction\":[{\"@type\":\"ReadAction\",\"target\":[\"https:\/\/kiefonline.com\/how-to-order\/\"]}]},{\"@type\":\"Place\",\"@id\":\"https:\/\/kiefonline.com\/how-to-order\/#local-place\",\"address\":{\"@type\":\"PostalAddress\",\"@id\":\"https:\/\/kiefonline.com\/how-to-order\/#local-place-address\",\"streetAddress\":\"\",\"addressLocality\":\"\",\"postalCode\":\"\",\"addressRegion\":\"\",\"addressCountry\":\"\"},\"geo\":{\"@type\":\"GeoCoordinates\",\"latitude\":\"\",\"longitude\":\"\"},\"openingHoursSpecification\":[{\"@type\":\"OpeningHoursSpecification\",\"dayOfWeek\":[\"Monday\",\"Tuesday\",\"Wednesday\",\"Thursday\",\"Friday\",\"Saturday\",\"Sunday\"],\"opens\":\"09:00\",\"closes\":\"17:00\"}]}]}<\/script>\n<!-- \/ Yoast SEO Premium plugin. -->","jetpack_sharing_enabled":true,"_links":{"self":[{"href":"https:\/\/kiefonline.com\/hu\/wp-json\/wp\/v2\/pages\/491","targetHints":{"allow":["GET"]}}],"collection":[{"href":"https:\/\/kiefonline.com\/hu\/wp-json\/wp\/v2\/pages"}],"about":[{"href":"https:\/\/kiefonline.com\/hu\/wp-json\/wp\/v2\/types\/page"}],"author":[{"embeddable":true,"href":"https:\/\/kiefonline.com\/hu\/wp-json\/wp\/v2\/users\/1"}],"replies":[{"embeddable":true,"href":"https:\/\/kiefonline.com\/hu\/wp-json\/wp\/v2\/comments?post=491"}],"version-history":[{"count":2,"href":"https:\/\/kiefonline.com\/hu\/wp-json\/wp\/v2\/pages\/491\/revisions"}],"predecessor-version":[{"id":8588,"href":"https:\/\/kiefonline.com\/hu\/wp-json\/wp\/v2\/pages\/491\/revisions\/8588"}],"wp:attachment":[{"href":"https:\/\/kiefonline.com\/hu\/wp-json\/wp\/v2\/media?parent=491"}],"wp:term":[{"taxonomy":"yst_prominent_words","embeddable":true,"href":"https:\/\/kiefonline.com\/hu\/wp-json\/wp\/v2\/yst_prominent_words?post=491"}],"curies":[{"name":"wp","href":"https:\/\/api.w.org\/{rel}","templated":true}]}}