{"id":3,"date":"2020-05-06T01:32:59","date_gmt":"2020-05-06T01:32:59","guid":{"rendered":"https:\/\/kiefonline.com\/?page_id=3"},"modified":"2026-01-20T13:17:38","modified_gmt":"2026-01-20T13:17:38","slug":"privacy-policy","status":"publish","type":"page","link":"https:\/\/kiefonline.com\/hu\/privacy-policy\/","title":{"rendered":"Adatv\u00e9delmi ir\u00e1nyelvek"},"content":{"rendered":"<p><strong>Az \u00d6n mag\u00e1n\u00e9lethez val\u00f3 joga<\/strong><\/p>\n<p>Ebben a nyilatkozatban elmagyar\u00e1zzuk, hogy a \u201eKief Online\u201d hogyan tiszteletben tartja az \u00d6n mag\u00e1n\u00e9let\u00e9t a weboldallal \u00e9s a Kief Online Store alkalmaz\u00e1ssal val\u00f3 interakci\u00f3k sor\u00e1n. Az alkalmaz\u00e1sok alatt a Kief Online Store alkalmaz\u00e1st \u00e9rtj\u00fck, amely let\u00f6lthet\u0151 egy szoftveralkalmaz\u00e1sb\u00f3l egy mobil eszk\u00f6zre, \u00e9s amely a Kief Online Store internetes oldalakhoz \u00e9s\/vagy a Kief Online Store Inc szolg\u00e1ltat\u00e1sokhoz val\u00f3 hozz\u00e1f\u00e9r\u00e9sre haszn\u00e1lhat\u00f3.<\/p>\n<p>When we talk about \u201dkanashop Store\u201d or \u201cus\u201d or \u201cwe\u201d in this statement we are referring to Buds4high\u00a0 \u201cKief Online\u201d refers to Kief Online, its subsidiaries, affiliates and their respective parent and subsidiary companies.<\/p>\n<p><strong>Inform\u00e1ci\u00f3k gy\u0171jt\u00e9se \u00e9s felhaszn\u00e1l\u00e1sa<\/strong><\/p>\n<p>\u00d6sszegy\u0171jtj\u00fck az \u00d6nr\u0151l, mint \u00fcgyf\u00e9lr\u0151l sz\u00f3l\u00f3 szem\u00e9lyes adatokat, valamint az online csatorn\u00e1inkkal, p\u00e9ld\u00e1ul, de nem kiz\u00e1r\u00f3lagosan a Kief Online-nal val\u00f3 interakci\u00f3ival kapcsolatos adatokat. Az adatok gy\u0171jt\u00e9se el\u0151tt mindig t\u00e1j\u00e9koztatjuk \u00d6nt arr\u00f3l, hogy hogyan sz\u00e1nd\u00e9kozunk felhaszn\u00e1lni az adatait, hogy \u00d6n eld\u00f6nthesse, k\u00edv\u00e1nja-e megadni azokat. K\u00e9rj\u00fck, olvassa el adatv\u00e9delmi nyilatkozatunkat, vagy vegye fel vel\u00fcnk k\u00f6zvetlen\u00fcl a kapcsolatot, ha tov\u00e1bbi inform\u00e1ci\u00f3t szeretne kapni arr\u00f3l, hogyan haszn\u00e1ljuk fel az adatait.<\/p>\n<p>Amikor b\u00f6ng\u00e9szi weboldalunkat \u00e9s haszn\u00e1lja alkalmaz\u00e1sainkat, webszervereink olyan adatokat gy\u0171jtenek, amelyek kapcsol\u00f3dnak l\u00e1togat\u00e1s\u00e1hoz, p\u00e9ld\u00e1ul:<\/p>\n<ul>\n<li>Mely oldalakat n\u00e9zte meg;<\/li>\n<li>Az \u00d6n \u00e1ltal azokon az oldalakon v\u00e9gzett bizonyos interakci\u00f3k;<\/li>\n<li>Az adott oldalt megl\u00e1togatta alkalmak sz\u00e1ma; vagy<\/li>\n<li>Az egyes oldalakon elt\u00f6lt\u00f6tt id\u0151 mennyis\u00e9ge.<\/li>\n<\/ul>\n<p>&nbsp;<\/p>\n<p>Bizonyos esetekben az \u00e1ltalunk gy\u0171jt\u00f6tt adatok n\u00e9vtelenek lesznek, \u00e9s egyszer\u0171en csak azt fogj\u00e1k megmutatni, hogy mely oldalak voltak a legakt\u00edvabbak \u00e9s melyek \u00e9rdeklik legink\u00e1bb \u00fcgyfeleinket \u00e1ltal\u00e1ban. Amikor \u00d6n bejelentkezik \u00e9s haszn\u00e1lja a Kief Online internetes oldalait \u00e9s\/vagy b\u00e1rmely Kief Online szolg\u00e1ltat\u00e1st, mi azonos\u00edtani tudjuk, hogy mely oldalak ir\u00e1nt mutatott k\u00fcl\u00f6n\u00f6s \u00e9rdekl\u0151d\u00e9st, mely oldalakat l\u00e1togatta meg t\u00f6bbsz\u00f6r, \u00e9s mely oldalakon t\u00f6lt\u00f6tte a legt\u00f6bb id\u0151t. Ezt a munk\u00e1t t\u00f6bbnyire magunk v\u00e9gezz\u00fck, de n\u00e9ha a Google Analytics seg\u00edts\u00e9g\u00e9t is ig\u00e9nybe vessz\u00fck. Minden esetben felel\u0151ss\u00e9gteljesen v\u00e9gezz\u00fck ezt a munk\u00e1t.<\/p>\n<p>Ezek az adatok lehet\u0151v\u00e9 teszik sz\u00e1munkra, hogy hat\u00e9konyabb \u00e9s eredm\u00e9nyesebb \u00fcgyf\u00e9lszolg\u00e1latot ny\u00fajtsunk \u00d6nnek, mivel \u00edgy sz\u00e9lesebb k\u00f6r\u0171 ismereteket \u00e9s meg\u00e9rt\u00e9st szerezhet\u00fcnk \u00fcgyf\u00e9lk\u00f6r\u00fcnkr\u0151l. Amennyiben konkr\u00e9tan azonos\u00edtottuk \u00d6nt, szem\u00e9lyre szabottabb felhaszn\u00e1l\u00f3i \u00e9lm\u00e9nyt tudunk ny\u00fajtani, \u00e9s seg\u00edts\u00e9get tudunk ny\u00fajtani az \u00d6n \u00e1ltal tapasztalt vagy esetlegesen tapasztalt \u00fcgyf\u00e9lszolg\u00e1lati probl\u00e9m\u00e1k megold\u00e1s\u00e1ban.<\/p>\n<p><strong>Interakt\u00edv ter\u00fcletek<\/strong><\/p>\n<p>Weboldalunk \u00e9s alkalmaz\u00e1saink n\u00e9ha cseveg\u00e9si lehet\u0151s\u00e9geket k\u00edn\u00e1lnak, amelyek lehet\u0151v\u00e9 teszik, hogy online b\u00f6ng\u00e9sz\u00e9s k\u00f6zben k\u00f6zvetlen\u00fcl besz\u00e9ljen a Kief Online Inc. munkat\u00e1rs\u00e1val. Ezek a cseveg\u00e9si lehet\u0151s\u00e9gek n\u00e9ha automatikusan megjelennek a k\u00e9perny\u0151n, opcion\u00e1lis szolg\u00e1ltat\u00e1sok, \u00e9s \u00d6n d\u00f6ntheti el, hogy szeretne-e vel\u00fck interakci\u00f3ba l\u00e9pni. Ez a cseveg\u00e9si szolg\u00e1ltat\u00e1s a Kief Online Inc. felhaszn\u00e1l\u00e1si felt\u00e9teleinek hat\u00e1lya al\u00e1 tartozik, amelyek honlapunkon el\u00e9rhet\u0151k, \u00e9s amelyeket a cseveg\u00e9si lehet\u0151s\u00e9g haszn\u00e1lata el\u0151tt el kell olvasnia. Fontos, hogy amikor ezekkel a cseveg\u00e9si lehet\u0151s\u00e9gekkel \u00e9s m\u00e1s interakt\u00edv ter\u00fcletekkel (vitak\u00f6r\u00f6k, hirdet\u0151t\u00e1bl\u00e1k, blogok) interakci\u00f3ba l\u00e9p, azt felel\u0151ss\u00e9gteljesen tegye. Semmilyen k\u00f6r\u00fclm\u00e9nyek k\u00f6z\u00f6tt ne adjon meg szem\u00e9lyes vagy p\u00e9nz\u00fcgyi inform\u00e1ci\u00f3kat, amikor ezeket a szolg\u00e1ltat\u00e1sokat haszn\u00e1lja. Azonban d\u00f6nthet \u00fagy, hogy megad nek\u00fcnk bizonyos inform\u00e1ci\u00f3kat, p\u00e9ld\u00e1ul a nev\u00e9t \u00e9s el\u00e9rhet\u0151s\u00e9g\u00e9t, ha szeretn\u00e9, hogy k\u00f6zvetlen\u00fcl kapcsolatba l\u00e9pj\u00fcnk \u00d6nnel. Ha \u00edgy d\u00f6nt, akkor ezeket az inform\u00e1ci\u00f3kat kiz\u00e1r\u00f3lag az \u00d6n megjegyz\u00e9seinek vagy k\u00e9rd\u00e9seinek megv\u00e1laszol\u00e1s\u00e1ra \u00e9s kezel\u00e9s\u00e9re fogjuk felhaszn\u00e1lni.<\/p>\n<p><strong>Hogyan v\u00e9dj\u00fck az \u00d6n adatait<\/strong><\/p>\n<p>Tudjuk, hogy fontos \u00d6nnek, hogyan haszn\u00e1ljuk, t\u00e1roljuk \u00e9s osztjuk meg az adatait. Nagyra \u00e9rt\u00e9kelj\u00fck, hogy b\u00edzik benn\u00fcnk. Adatainak v\u00e9delme \u00e9rdek\u00e9ben olyan biztons\u00e1gi int\u00e9zked\u00e9seket alkalmazunk, amelyek megfelelnek a kanadai t\u00f6rv\u00e9nyeknek \u00e9s az Eur\u00f3pai Uni\u00f3 szabv\u00e1nyainak. Ez mag\u00e1ban foglalja a sz\u00e1m\u00edt\u00f3g\u00e9pes v\u00e9delmet, a biztons\u00e1gos f\u00e1jlokat \u00e9s \u00e9p\u00fcleteket. A Kief Online weboldalon tov\u00e1bbi inform\u00e1ci\u00f3kat tal\u00e1lhat arr\u00f3l, hogyan v\u00e9dj\u00fck az \u00d6n mag\u00e1n\u00e9let\u00e9t \u00e9s szem\u00e9lyes adatait.<\/p>\n<p><strong>Hozz\u00e1f\u00e9r\u00e9shez val\u00f3 jog<\/strong><\/p>\n<p>Az adatv\u00e9delmi t\u00f6rv\u00e9nyek \u00e9rtelm\u00e9ben \u00d6nnek joga van megtekinteni az \u00d6nr\u0151l t\u00e1rolt szem\u00e9lyes adatait. Az adatok m\u00e1solat\u00e1t a k\u00f6vetkez\u0151 c\u00edmen k\u00e9rheti: Subject Access Request (SARS), Kief Online., 18 Canso Road Toronto, ON M9W 4L8. Ha adataiban v\u00e1ltoz\u00e1s t\u00f6rt\u00e9nt, vagy \u00fagy v\u00e9li, hogy az adatok pontatlanok vagy elavultak, k\u00e9rj\u00fck, jelezze nek\u00fcnk, \u00e9s mi m\u00f3dos\u00edtjuk azokat.<\/p>\n<p>&nbsp;<\/p>\n<p><strong>S\u00fctik<\/strong><\/p>\n<p>Ez a szakasz \u00e1ltal\u00e1nos inform\u00e1ci\u00f3kat tartalmaz a cookie-kr\u00f3l, azok haszn\u00e1lat\u00e1r\u00f3l, haszn\u00e1latuk ok\u00e1r\u00f3l, valamint arr\u00f3l, hogy ez hogyan seg\u00edt jav\u00edtani az \u00d6nnek ny\u00fajtott szolg\u00e1ltat\u00e1sainkat. Webhelyeink \u00e9s alkalmaz\u00e1saink (b\u00e1rmely eszk\u00f6z\u00f6n t\u00f6rt\u00e9n\u0151) haszn\u00e1lat\u00e1val \u00d6n elfogadja, hogy a cookie-k haszn\u00e1lata az egy\u00e9b alkalmazand\u00f3 felt\u00e9teleken t\u00falmen\u0151en vonatkozik az adott haszn\u00e1latra is. A Kief Online Inc. cookie-k haszn\u00e1lata id\u0151r\u0151l id\u0151re v\u00e1ltozhat. Az ilyen v\u00e1ltoz\u00e1sok itt jelennek meg, \u00e9s azonnal hat\u00e1lyba l\u00e9pnek. Webhelyeink \u00e9s alkalmaz\u00e1saink tov\u00e1bbi haszn\u00e1lata azt jelenti, hogy \u00d6n elfogadja az ilyen v\u00e1ltoz\u00e1sokat.<\/p>\n<ul>\n<li>Mi az a cookie? \u2013 A cookie-k kis sz\u00f6veges f\u00e1jlok, amelyeket az \u00d6n sz\u00e1m\u00edt\u00f3g\u00e9p\u00e9re, okostelefonj\u00e1ra, t\u00e1blag\u00e9p\u00e9re vagy m\u00e1s internet-hozz\u00e1f\u00e9r\u00e9st biztos\u00edt\u00f3 eszk\u00f6z\u00e9re k\u00fcld\u00fcnk \u00e9s t\u00e1rolunk, amikor \u00d6n megl\u00e1togat egy weboldalt vagy haszn\u00e1lja online alkalmaz\u00e1sainkat. A cookie-k a b\u00f6ng\u00e9sz\u00e9si tev\u00e9kenys\u00e9gek integrit\u00e1s\u00e1nak fenntart\u00e1s\u00e1ra szolg\u00e1lnak, amikor \u00d6n megl\u00e1togat egy weboldalt, \u00e9s felhaszn\u00e1lhat\u00f3k az egy\u00e9ni \u00fcgyf\u00e9l\u00e9lm\u00e9ny testreszab\u00e1s\u00e1ra \u00e9s jav\u00edt\u00e1s\u00e1ra is. A cookie-k semmilyen m\u00f3don nem vesz\u00e9lyeztetik a sz\u00e1m\u00edt\u00f3g\u00e9p biztons\u00e1g\u00e1t. Ha \u00fagy d\u00f6nt, hogy letiltja a cookie-kat a sz\u00e1m\u00edt\u00f3g\u00e9p\u00e9n, akkor tov\u00e1bbra is haszn\u00e1lhatja ezt a weboldalt, an\u00e9lk\u00fcl, hogy a funkcionalit\u00e1s cs\u00f6kkenne. A Kief Online weboldalak \u00e9s alkalmaz\u00e1sok haszn\u00e1lat\u00e1hoz azonban a cookie-k enged\u00e9lyez\u00e9se sz\u00fcks\u00e9ges, hogy szolg\u00e1ltat\u00e1saink biztons\u00e1gosan \u00e9s megfelel\u0151en m\u0171k\u00f6djenek. \u00c1ltal\u00e1nosabb inform\u00e1ci\u00f3k a cookie-kr\u00f3l az aboutcookies.org oldalon tal\u00e1lhat\u00f3k. Ez mag\u00e1ban foglalja a cookie-k letilt\u00e1s\u00e1nak m\u00f3dj\u00e1r\u00f3l sz\u00f3l\u00f3 inform\u00e1ci\u00f3kat is. Az Adatv\u00e9delmi Biztos Hivatal\u00e1nak ir\u00e1nymutat\u00e1sai a weboldalak adatv\u00e9delmi nyilatkozatainak tartalm\u00e1r\u00f3l \u00e9s haszn\u00e1lat\u00e1r\u00f3l, bele\u00e9rtve a cookie-kra vonatkoz\u00f3 elv\u00e1rt szabv\u00e1nyokat, az http:\/\/www.dataprotection.ie\/docs\/PrivStatements\/290.htm oldalon tal\u00e1lhat\u00f3k.<\/li>\n<li>A cookie-k haszn\u00e1lata \u2013 A Kief Online Inc cookie-kat haszn\u00e1l weboldalunk forgalm\u00e1nak figyelemmel k\u00eds\u00e9r\u00e9s\u00e9re, a szolg\u00e1ltat\u00e1sok sz\u00ednvonal\u00e1nak jav\u00edt\u00e1s\u00e1ra, valamint arra, hogy tov\u00e1bbi funkci\u00f3kat tudjunk ny\u00fajtani \u00d6nnek, p\u00e9ld\u00e1ul szem\u00e9lyre szabott szolg\u00e1ltat\u00e1sokat. Ehhez k\u00fcl\u00f6nb\u00f6z\u0151 t\u00edpus\u00fa cookie-kat haszn\u00e1lunk. Mindegyik\u00fck ugyan\u00fagy m\u0171k\u00f6dik, de vannak k\u00f6zt\u00fck kisebb k\u00fcl\u00f6nbs\u00e9gek, amelyeket az al\u00e1bbiakban ismertet\u00fcnk.<\/li>\n<li>A cookie-k t\u00edpusai \u2013\n<ul>\n<li>Munkamenet-cookie-k \u2013 A munkamenet-cookie-k csak a l\u00e1togat\u00e1s ideje alatt maradnak meg, \u00e9s a b\u00f6ng\u00e9sz\u0151 bez\u00e1r\u00e1s\u00e1val t\u00f6rl\u0151dnek. Ezek elengedhetetlenek a webhelyen val\u00f3 biztons\u00e1gos navig\u00e1l\u00e1shoz, \u00e9s lehet\u0151v\u00e9 teszik az alapvet\u0151 funkci\u00f3k m\u0171k\u00f6d\u00e9s\u00e9t. Konkr\u00e9tan biztos\u00edtj\u00e1k a munkamenet biztons\u00e1g\u00e1t \u00e9s integrit\u00e1s\u00e1t, megakad\u00e1lyozz\u00e1k a csal\u00e1rd haszn\u00e1latot, \u00e9s fenntartj\u00e1k a bejelentkez\u00e9st, mik\u00f6zben az oldalak k\u00f6z\u00f6tt mozog \u00e9s fi\u00f3kj\u00e1t haszn\u00e1lja.<\/li>\n<li>\u00c1lland\u00f3 cookie-k \u2013 Az \u00e1lland\u00f3 cookie-k a b\u00f6ng\u00e9sz\u0151 bez\u00e1r\u00e1sa ut\u00e1n is megmaradnak, \u00e9s lehet\u0151v\u00e9 teszik sz\u00e1munkra, hogy megjegyezz\u00fck az \u00d6n tev\u00e9kenys\u00e9g\u00e9t \u00e9s webhelypreferenci\u00e1it. A Kief Online Inc. \u00e1lland\u00f3 cookie-kat haszn\u00e1l a webhelyeinkre l\u00e1togat\u00f3 \u00fcgyfelek elemz\u00e9s\u00e9re. Ezek a cookie-k seg\u00edtenek meg\u00e9rteni, hogy az \u00fcgyfelek hogyan \u00e9rkeznek webhelyeinkre \u00e9s hogyan haszn\u00e1lj\u00e1k azokat, \u00edgy jav\u00edthatjuk a Kief Online \u00e1ltal\u00e1nos online \u00e9lm\u00e9ny\u00e9t.<\/li>\n<li>Analitikai cookie-k \u2013 V\u00e9g\u00fcl, analitikai cookie-kat haszn\u00e1lunk, hogy webhelyeinket m\u00e9g jobb\u00e1 tegy\u00fck azok sz\u00e1m\u00e1ra, akik rendszeresen l\u00e1togatj\u00e1k \u0151ket. Ez a t\u00edpus\u00fa cookie seg\u00edt nek\u00fcnk jobban meg\u00e9rteni, hogy az egyes l\u00e1togat\u00f3k hogyan haszn\u00e1lj\u00e1k online szolg\u00e1ltat\u00e1sainkat, \u00e9s lehet\u0151v\u00e9 teszi sz\u00e1munkra, hogy jav\u00edtsuk az \u00d6nnek k\u00edn\u00e1lt \u00e1ltal\u00e1nos szolg\u00e1ltat\u00e1sokat \u00e9s term\u00e9keket.<\/li>\n<\/ul>\n<\/li>\n<\/ul>\n<p>&nbsp;<\/p>\n<p><strong>Jogi nyilatkozat<\/strong><\/p>\n<p>Ez a webhely \u00e9s alkalmaz\u00e1saink hipertext linkeket tartalmazhatnak a Kief Online Inc. \u00e1ltal fenntartott kapcsol\u00f3d\u00f3 webhelyekre, \u00e9s figyelmeztetj\u00fck \u00d6nt, hogy amikor ilyen webhelyekre l\u00e9p, azok felt\u00e9teleinek \u00e9s kik\u00f6t\u00e9seinek hat\u00e1lya al\u00e1 ker\u00fcl. Lehetnek olyan linkek is, amelyek nem a Kief Online \u00e1ltal \u00fczemeltetett webhelyekre mutatnak, \u00e9s felh\u00edvjuk figyelm\u00e9t, hogy amikor ilyen hipertext linkeken kereszt\u00fcl m\u00e1s webhelyekre l\u00e9p, akkor nem vonatkoznak \u00d6nre a Kief Online \u00e1ltal\u00e1nos szerz\u0151d\u00e9si felt\u00e9telei, \u00e9s nem r\u00e9szes\u00fcl a webhely\u00fcnk haszn\u00e1lat\u00e1val biztos\u00edtott v\u00e9delemben. A Kief Online Dispensary Store Inc. semmilyen felel\u0151ss\u00e9get nem v\u00e1llal az ilyen harmadik f\u00e9l webhelyeinek tartalm\u00e1\u00e9rt, el\u00e9rhet\u0151s\u00e9g\u00e9\u00e9rt vagy haszn\u00e1lat\u00e1\u00e9rt, \u00e9s \u00d6n ezeket a linkeket teljes m\u00e9rt\u00e9kben saj\u00e1t felel\u0151ss\u00e9g\u00e9re haszn\u00e1lja.<\/p>\n<p><strong>Tov\u00e1bbi inform\u00e1ci\u00f3k<\/strong><\/p>\n<p>A Kief Online Inc. olyan harmadik felekkel \u00e1ll partners\u00e9gben, akik szolg\u00e1ltat\u00e1sokat ny\u00fajtanak sz\u00e1munkra. Weboldalunkr\u00f3l eljuthat ezeknek a feleknek a weboldalaira. Partnereink cookie-kat haszn\u00e1lhatnak, amelyekr\u0151l tov\u00e1bbi inform\u00e1ci\u00f3kat weboldalukon tal\u00e1lhat.<\/p>\n<p><strong>M\u00f3dos\u00edt\u00e1sok<\/strong><\/p>\n<p>A Kief Online Inc. fenntartja a jogot, hogy saj\u00e1t bel\u00e1t\u00e1sa szerint b\u00e1rmikor m\u00f3dos\u00edtsa ezt az adatv\u00e9delmi nyilatkozatot. K\u00e9rj\u00fck, rendszeresen ellen\u0151rizze ezt az adatv\u00e9delmi nyilatkozatot, hogy \u00e9rtes\u00fclj\u00f6n az esetleges m\u00f3dos\u00edt\u00e1sokr\u00f3l.<\/p>\n<p><strong>\u00c1ltal\u00e1nos Szerz\u0151d\u00e9si Felt\u00e9telek<\/strong><\/p>\n<p>Ez az Adatv\u00e9delmi nyilatkozat a Kief Online weboldal Felhaszn\u00e1l\u00e1si felt\u00e9teleinek hat\u00e1lya al\u00e1 tartozik, amelyek m\u00e1solata el\u00e9rhet\u0151 a www.cannmart.com oldalon. Fontos, hogy elolvassa a felhaszn\u00e1l\u00e1si felt\u00e9teleket, mivel amennyiben ez az Adatv\u00e9delmi nyilatkozat \u00e9s a Felhaszn\u00e1l\u00e1si felt\u00e9telek k\u00f6z\u00f6tt ellentmond\u00e1s mer\u00fcl fel, a Felhaszn\u00e1l\u00e1si felt\u00e9telek az ir\u00e1nyad\u00f3k.<\/p>\n<p>A weboldalra val\u00f3 bel\u00e9p\u00e9ssel \u00e9s a b\u00f6ng\u00e9sz\u00e9s folytat\u00e1s\u00e1val, illetve az alkalmaz\u00e1saink let\u00f6lt\u00e9s\u00e9vel \u00e9s haszn\u00e1lat\u00e1val \u00d6n tudom\u00e1sul veszi \u00e9s elfogadja a szem\u00e9lyes adatainak a fent le\u00edrt m\u00f3don t\u00f6rt\u00e9n\u0151 feldolgoz\u00e1s\u00e1t. \u00d6n tov\u00e1bb\u00e1 elfogadja, hogy bizonyos k\u00f6r\u00fclm\u00e9nyek k\u00f6z\u00f6tt k\u00f6telesek lehet\u00fcnk az \u00d6nnel kapcsolatos szem\u00e9lyes adatokat harmadik feleknek tov\u00e1bb\u00edtani a csal\u00e1sok megel\u0151z\u00e9se, felder\u00edt\u00e9se vagy megakad\u00e1lyoz\u00e1sa \u00e9rdek\u00e9ben.<\/p>","protected":false},"excerpt":{"rendered":"<p>Your Right to Privacy In this statement, we explain how \u201cKief Online\u201d respect your privacy in relation to interactions with this website and any Kief Online Store App. When we talk about Apps we mean a Kief Online Store application which can either be downloaded from a software application to a mobile device and can [&hellip;]<\/p>","protected":false},"author":1,"featured_media":0,"parent":0,"menu_order":0,"comment_status":"closed","ping_status":"open","template":"","meta":{"_monsterinsights_skip_tracking":false,"_monsterinsights_sitenote_active":false,"_monsterinsights_sitenote_note":"","_monsterinsights_sitenote_category":0,"_joinchat":[],"footnotes":""},"yst_prominent_words":[],"class_list":["post-3","page","type-page","status-publish","hentry"],"yoast_head":"<!-- This site is optimized with the Yoast SEO Premium plugin v14.5 - https:\/\/yoast.com\/wordpress\/plugins\/seo\/ -->\n<title>Privacy Policy - Kief Online Shop<\/title>\n<meta name=\"robots\" content=\"index, follow\" \/>\n<meta name=\"googlebot\" content=\"index, follow, max-snippet:-1, max-image-preview:large, max-video-preview:-1\" \/>\n<meta name=\"bingbot\" content=\"index, follow, max-snippet:-1, max-image-preview:large, max-video-preview:-1\" \/>\n<link rel=\"canonical\" href=\"https:\/\/kiefonline.com\/hu\/privacy-policy\/\" \/>\n<meta property=\"og:locale\" content=\"hu_HU\" \/>\n<meta property=\"og:type\" content=\"article\" \/>\n<meta property=\"og:title\" content=\"Privacy Policy - Kief Online Shop\" \/>\n<meta property=\"og:description\" content=\"Your Right to Privacy In this statement, we explain how \u201cKief Online\u201d respect your privacy in relation to interactions with this website and any Kief Online Store App. When we talk about Apps we mean a Kief Online Store application which can either be downloaded from a software application to a mobile device and can [&hellip;]\" \/>\n<meta property=\"og:url\" content=\"https:\/\/kiefonline.com\/hu\/privacy-policy\/\" \/>\n<meta property=\"og:site_name\" content=\"Kief Online Shop\" \/>\n<meta property=\"article:modified_time\" content=\"2026-01-20T13:17:38+00:00\" \/>\n<meta name=\"twitter:card\" content=\"summary_large_image\" \/>\n<script type=\"application\/ld+json\" class=\"yoast-schema-graph\">{\"@context\":\"https:\/\/schema.org\",\"@graph\":[{\"@type\":\"WebSite\",\"@id\":\"https:\/\/kiefonline.com\/hu\/#website\",\"url\":\"https:\/\/kiefonline.com\/hu\/\",\"name\":\"Kief Online Shop\",\"description\":\"Cannabis products for sale\",\"potentialAction\":[{\"@type\":\"SearchAction\",\"target\":\"https:\/\/kiefonline.com\/hu\/?s={search_term_string}\",\"query-input\":\"required name=search_term_string\"}],\"inLanguage\":\"hu\"},{\"@type\":\"WebPage\",\"@id\":\"https:\/\/kiefonline.com\/privacy-policy\/#webpage\",\"url\":\"https:\/\/kiefonline.com\/privacy-policy\/\",\"name\":\"Privacy Policy - Kief Online Shop\",\"isPartOf\":{\"@id\":\"https:\/\/kiefonline.com\/hu\/#website\"},\"datePublished\":\"2020-05-06T01:32:59+00:00\",\"dateModified\":\"2026-01-20T13:17:38+00:00\",\"inLanguage\":\"hu\",\"potentialAction\":[{\"@type\":\"ReadAction\",\"target\":[\"https:\/\/kiefonline.com\/privacy-policy\/\"]}]},{\"@type\":\"Place\",\"@id\":\"https:\/\/kiefonline.com\/privacy-policy\/#local-place\",\"address\":{\"@type\":\"PostalAddress\",\"@id\":\"https:\/\/kiefonline.com\/privacy-policy\/#local-place-address\",\"streetAddress\":\"\",\"addressLocality\":\"\",\"postalCode\":\"\",\"addressRegion\":\"\",\"addressCountry\":\"\"},\"geo\":{\"@type\":\"GeoCoordinates\",\"latitude\":\"\",\"longitude\":\"\"},\"openingHoursSpecification\":[{\"@type\":\"OpeningHoursSpecification\",\"dayOfWeek\":[\"Monday\",\"Tuesday\",\"Wednesday\",\"Thursday\",\"Friday\",\"Saturday\",\"Sunday\"],\"opens\":\"09:00\",\"closes\":\"17:00\"}]}]}<\/script>\n<!-- \/ Yoast SEO Premium plugin. -->","jetpack_sharing_enabled":true,"_links":{"self":[{"href":"https:\/\/kiefonline.com\/hu\/wp-json\/wp\/v2\/pages\/3","targetHints":{"allow":["GET"]}}],"collection":[{"href":"https:\/\/kiefonline.com\/hu\/wp-json\/wp\/v2\/pages"}],"about":[{"href":"https:\/\/kiefonline.com\/hu\/wp-json\/wp\/v2\/types\/page"}],"author":[{"embeddable":true,"href":"https:\/\/kiefonline.com\/hu\/wp-json\/wp\/v2\/users\/1"}],"replies":[{"embeddable":true,"href":"https:\/\/kiefonline.com\/hu\/wp-json\/wp\/v2\/comments?post=3"}],"version-history":[{"count":4,"href":"https:\/\/kiefonline.com\/hu\/wp-json\/wp\/v2\/pages\/3\/revisions"}],"predecessor-version":[{"id":9325,"href":"https:\/\/kiefonline.com\/hu\/wp-json\/wp\/v2\/pages\/3\/revisions\/9325"}],"wp:attachment":[{"href":"https:\/\/kiefonline.com\/hu\/wp-json\/wp\/v2\/media?parent=3"}],"wp:term":[{"taxonomy":"yst_prominent_words","embeddable":true,"href":"https:\/\/kiefonline.com\/hu\/wp-json\/wp\/v2\/yst_prominent_words?post=3"}],"curies":[{"name":"wp","href":"https:\/\/api.w.org\/{rel}","templated":true}]}}