{"id":491,"date":"2014-11-12T14:41:47","date_gmt":"2014-11-12T14:41:47","guid":{"rendered":"https:\/\/kiefonline.com\/?page_id=491"},"modified":"2026-01-20T13:43:37","modified_gmt":"2026-01-20T13:43:37","slug":"how-to-order","status":"publish","type":"page","link":"https:\/\/kiefonline.com\/fr\/how-to-order\/","title":{"rendered":"Comment commander"},"content":{"rendered":"<h2><em>Nous prenons soin de vous comme votre maman.<\/em><\/h2>\n<h2><em>le ferait. \u00bb<\/em><\/h2>\n<h3>Heures<\/h3>\n<p>Commandes par t\u00e9l\u00e9phone : du lundi au samedi, de 10 h \u00e0 22 h  ||  le dimanche, de 10 h \u00e0 20 h<br \/>\nCommandes en ligne : 24 heures sur 24, 7 jours sur 7<br \/>\n<strong>Heures de livraison : du lundi au samedi, de 12 h 30 \u00e0 21 h || le dimanche, de 11 h 30 \u00e0 20 h<\/strong><\/p>\n<p><strong>LIVRAISON GRATUITE \u2013 montant minimum de commande d\u00e9termin\u00e9 par le code postal<br \/>\n<\/strong><\/p>\n<p><strong>Options de paiement \u00e0 la livraison : nous acceptons les bitcoins, les cartes de d\u00e9bit via Cash App et les virements \u00e9lectroniques (pi\u00e8ce d'identit\u00e9 requise pour les paiements PayPal).<\/strong><\/p>\n<h3>Planifier une livraison<\/h3>\n<p>Nous prenons les commandes par t\u00e9l\u00e9phone pendant nos heures d'ouverture habituelles. Vous pouvez \u00e9galement passer commande sur notre site Web 24 heures sur 24, 7 jours sur 7.<br \/>\nAu moment de votre commande, notre chauffeur vous confirmera l'heure de livraison* par t\u00e9l\u00e9phone. Apr\u00e8s confirmation, le client doit \u00eatre disponible \u00e0 l'adresse indiqu\u00e9e \u00e0 l'heure de livraison.<\/p>\n<p>La livraison est assur\u00e9e par USPS, UPS, Fedex ou Royal Mail via Discreet Dropoff, qui se charge \u00e9galement de r\u00e9cup\u00e9rer et de livrer le colis \u00e0 l'adresse de livraison indiqu\u00e9e.<br \/>\n*Tous les horaires sont approximatifs et peuvent \u00eatre affect\u00e9s par le trafic.<\/p>\n<h3>Consignes de s\u00e9curit\u00e9<\/h3>\n<ul>\n<li>Tout abus du service ou de notre personnel entra\u00eenera le refus du service.<\/li>\n<li>Le chauffeur ne transporte aucun autre produit que votre commande.<\/li>\n<li>La commande doit \u00eatre d\u00e9finitive lorsque vous cliquez sur \u00ab Soumettre \u00bb.<\/li>\n<li>Les v\u00e9hicules des chauffeurs sont \u00e9quip\u00e9s de cam\u00e9ras de s\u00e9curit\u00e9 et sont suivis par GPS depuis le centre de s\u00e9curit\u00e9.<\/li>\n<li>Les chauffeurs se r\u00e9servent le droit de refuser de transporter toute personne.<\/li>\n<li>Nous livrons uniquement \u00e0 votre domicile, sur votre lieu de travail ou \u00e0 l'h\u00f4tel o\u00f9 vous \u00eates enregistr\u00e9. Les adresses et num\u00e9ros de t\u00e9l\u00e9phone seront v\u00e9rifi\u00e9s.<\/li>\n<\/ul>\n<p>Nos chauffeurs porteront un uniforme et ne conduiront pas de voiture banalis\u00e9e. Ils seront suivis de mani\u00e8re al\u00e9atoire et anonyme par notre personnel de s\u00e9curit\u00e9 qualifi\u00e9 afin de garantir le respect des meilleures pratiques.<\/p>\n<p>Les livraisons sont emball\u00e9es dans des bo\u00eetes pharmaceutiques banalis\u00e9es et le contenu, de la marijuana, est scell\u00e9 sous vide dans des sachets en mylar lamin\u00e9 d'aluminium.<\/p>","protected":false},"excerpt":{"rendered":"<p>We take care of you like your mama would.\u201d Hours Phone orders: Mon-Sat 10am-10pm\u00a0 ||\u00a0 Sun 10am-8pm Online orders: 24 hours a day 7 days a week Delivery Hours:\u00a0Mon-Sat 12:30am-9pm || Sun 11:30am-8pm FREE DELIVERY \u2013 minimum order amount determined by zip code Delivery Payment Options: We accept bitcoin, debit cards via Cash App and [&hellip;]<\/p>","protected":false},"author":1,"featured_media":0,"parent":0,"menu_order":0,"comment_status":"closed","ping_status":"closed","template":"","meta":{"_monsterinsights_skip_tracking":false,"_monsterinsights_sitenote_active":false,"_monsterinsights_sitenote_note":"","_monsterinsights_sitenote_category":0,"_joinchat":[],"footnotes":""},"yst_prominent_words":[],"class_list":["post-491","page","type-page","status-publish","hentry"],"yoast_head":"<!-- This site is optimized with the Yoast SEO Premium plugin v14.5 - https:\/\/yoast.com\/wordpress\/plugins\/seo\/ -->\n<title>How to order - Kief Online Shop<\/title>\n<meta name=\"robots\" content=\"index, follow\" \/>\n<meta name=\"googlebot\" content=\"index, follow, max-snippet:-1, max-image-preview:large, max-video-preview:-1\" \/>\n<meta name=\"bingbot\" content=\"index, follow, max-snippet:-1, max-image-preview:large, max-video-preview:-1\" \/>\n<link rel=\"canonical\" href=\"https:\/\/kiefonline.com\/fr\/how-to-order\/\" \/>\n<meta property=\"og:locale\" content=\"fr_FR\" \/>\n<meta property=\"og:type\" content=\"article\" \/>\n<meta property=\"og:title\" content=\"How to order - Kief Online Shop\" \/>\n<meta property=\"og:description\" content=\"We take care of you like your mama would.\u201d Hours Phone orders: Mon-Sat 10am-10pm\u00a0 ||\u00a0 Sun 10am-8pm Online orders: 24 hours a day 7 days a week Delivery Hours:\u00a0Mon-Sat 12:30am-9pm || Sun 11:30am-8pm FREE DELIVERY \u2013 minimum order amount determined by zip code Delivery Payment Options: We accept bitcoin, debit cards via Cash App and [&hellip;]\" \/>\n<meta property=\"og:url\" content=\"https:\/\/kiefonline.com\/fr\/how-to-order\/\" \/>\n<meta property=\"og:site_name\" content=\"Kief Online Shop\" \/>\n<meta property=\"article:modified_time\" content=\"2026-01-20T13:43:37+00:00\" \/>\n<meta name=\"twitter:card\" content=\"summary_large_image\" \/>\n<script type=\"application\/ld+json\" class=\"yoast-schema-graph\">{\"@context\":\"https:\/\/schema.org\",\"@graph\":[{\"@type\":\"WebSite\",\"@id\":\"https:\/\/kiefonline.com\/fr\/#website\",\"url\":\"https:\/\/kiefonline.com\/fr\/\",\"name\":\"Kief Online Shop\",\"description\":\"Cannabis products for sale\",\"potentialAction\":[{\"@type\":\"SearchAction\",\"target\":\"https:\/\/kiefonline.com\/fr\/?s={search_term_string}\",\"query-input\":\"required name=search_term_string\"}],\"inLanguage\":\"fr-FR\"},{\"@type\":\"WebPage\",\"@id\":\"https:\/\/kiefonline.com\/how-to-order\/#webpage\",\"url\":\"https:\/\/kiefonline.com\/how-to-order\/\",\"name\":\"How to order - Kief Online Shop\",\"isPartOf\":{\"@id\":\"https:\/\/kiefonline.com\/fr\/#website\"},\"datePublished\":\"2014-11-12T14:41:47+00:00\",\"dateModified\":\"2026-01-20T13:43:37+00:00\",\"inLanguage\":\"fr-FR\",\"potentialAction\":[{\"@type\":\"ReadAction\",\"target\":[\"https:\/\/kiefonline.com\/how-to-order\/\"]}]},{\"@type\":\"Place\",\"@id\":\"https:\/\/kiefonline.com\/how-to-order\/#local-place\",\"address\":{\"@type\":\"PostalAddress\",\"@id\":\"https:\/\/kiefonline.com\/how-to-order\/#local-place-address\",\"streetAddress\":\"\",\"addressLocality\":\"\",\"postalCode\":\"\",\"addressRegion\":\"\",\"addressCountry\":\"\"},\"geo\":{\"@type\":\"GeoCoordinates\",\"latitude\":\"\",\"longitude\":\"\"},\"openingHoursSpecification\":[{\"@type\":\"OpeningHoursSpecification\",\"dayOfWeek\":[\"Monday\",\"Tuesday\",\"Wednesday\",\"Thursday\",\"Friday\",\"Saturday\",\"Sunday\"],\"opens\":\"09:00\",\"closes\":\"17:00\"}]}]}<\/script>\n<!-- \/ Yoast SEO Premium plugin. -->","jetpack_sharing_enabled":true,"_links":{"self":[{"href":"https:\/\/kiefonline.com\/fr\/wp-json\/wp\/v2\/pages\/491","targetHints":{"allow":["GET"]}}],"collection":[{"href":"https:\/\/kiefonline.com\/fr\/wp-json\/wp\/v2\/pages"}],"about":[{"href":"https:\/\/kiefonline.com\/fr\/wp-json\/wp\/v2\/types\/page"}],"author":[{"embeddable":true,"href":"https:\/\/kiefonline.com\/fr\/wp-json\/wp\/v2\/users\/1"}],"replies":[{"embeddable":true,"href":"https:\/\/kiefonline.com\/fr\/wp-json\/wp\/v2\/comments?post=491"}],"version-history":[{"count":2,"href":"https:\/\/kiefonline.com\/fr\/wp-json\/wp\/v2\/pages\/491\/revisions"}],"predecessor-version":[{"id":8588,"href":"https:\/\/kiefonline.com\/fr\/wp-json\/wp\/v2\/pages\/491\/revisions\/8588"}],"wp:attachment":[{"href":"https:\/\/kiefonline.com\/fr\/wp-json\/wp\/v2\/media?parent=491"}],"wp:term":[{"taxonomy":"yst_prominent_words","embeddable":true,"href":"https:\/\/kiefonline.com\/fr\/wp-json\/wp\/v2\/yst_prominent_words?post=491"}],"curies":[{"name":"wp","href":"https:\/\/api.w.org\/{rel}","templated":true}]}}