{"id":4182,"date":"2015-06-20T16:11:19","date_gmt":"2015-06-20T16:11:19","guid":{"rendered":"https:\/\/kiefonline.com\/?page_id=4182"},"modified":"2026-01-20T14:00:34","modified_gmt":"2026-01-20T14:00:34","slug":"about-us","status":"publish","type":"page","link":"https:\/\/kiefonline.com\/fr\/about-us\/","title":{"rendered":"\u00c0 propos de nous"},"content":{"rendered":"<div class=\"wpb-content-wrapper\"><div class=\"vc_row wpb_row vc_row-fluid vc_row-o-content-middle vc_row-flex ts-row-wide\"  ><div class=\"wpb_column vc_column_container vc_col-sm-6 vc_custom_1479046050772\">\n\t<div class=\"wpb_wrapper\">\n\t\n\t<div class=\"wpb_text_column wpb_content_element\" >\n\t\t<div class=\"wpb_wrapper\">\n\t\t\t<h4><span style=\"color: #000000;\">QUI SOMMES-NOUS ?<\/span><\/h4>\n<blockquote><p>\n\u00c0 <strong>Kief Online<\/strong>, nous nous effor\u00e7ons de fournir des produits et services li\u00e9s au cannabis m\u00e9dical qui satisfont pleinement nos clients. Nous ferons tout notre possible pour r\u00e9pondre \u00e0 vos attentes. Gr\u00e2ce \u00e0 notre large gamme de produits, nous sommes certains que vous serez satisfait de travailler avec nous. N'h\u00e9sitez pas \u00e0 consulter notre site Web et \u00e0 nous contacter si vous avez des commentaires ou des questions. Nous esp\u00e9rons vous revoir bient\u00f4t ! Revenez plus tard pour d\u00e9couvrir les nouvelles mises \u00e0 jour de notre site Web. Il y a encore beaucoup \u00e0 venir ! Avec Buds4high, le meilleur reste \u00e0 venir.<\/p>\n<p>Nos valeurs sont les trois valeurs de Roche : int\u00e9grit\u00e9, courage et passion. Elles sont au c\u0153ur de la mani\u00e8re dont nous voulons nous comporter, en tant qu'individus et collectivement en tant qu'organisation. La passion signifie que nous utilisons notre dynamisme et notre engagement pour dynamiser, impliquer et inspirer les autres. Le courage signifie que nous avons l'esprit d'entreprise et que nous prenons donc des risques, d\u00e9passons les limites et exp\u00e9rimentons. L'int\u00e9grit\u00e9 signifie que nous sommes toujours ouverts, honn\u00eates, \u00e9thiques et authentiques. Ces valeurs d\u00e9finissent les attributs fondamentaux qui guident les d\u00e9cisions et les actions menant \u00e0 une innovation et \u00e0 des performances commerciales accrues.\n<\/p><\/blockquote>\n\n\t\t<\/div>\n\t<\/div>\n<div class=\"ts-button-wrapper\"><div class=\"ts-shortcode-custom-style hidden\">.ts-button-wrapper a.ts-button-1{background:#ffffff;border-color:#cccccc;border-width:1px ;color:#000000;}.ts-button-wrapper a.ts-button-1:hover{background:#000000;border-color:#000000;color:#ffffff;}<\/div><a href=\"https:\/\/kiefonline.com\/fr\/?page_id=1613\" target=\"_self\" class=\"ts-button ts-button-1 medium\">CONTACTEZ-NOUS D\u00c8S MAINTENANT<\/a><\/div>\t<\/div>\n<\/div><div class=\"wpb_column vc_column_container vc_col-sm-6 vc_custom_1435218298098\">\n\t<div class=\"wpb_wrapper\">\n\t\n\t<div class=\"wpb_text_column wpb_content_element\" >\n\t\t<div class=\"wpb_wrapper\">\n\t\t\t<p><img loading=\"lazy\" decoding=\"async\" class=\"alignnone wp-image-8551\" src=\"https:\/\/kiefonline.com\/wp-content\/uploads\/2020\/05\/kush-in-close-up-photography-3676962-300x195.jpg\" alt=\"\" width=\"580\" height=\"377\" srcset=\"https:\/\/kiefonline.com\/wp-content\/uploads\/2020\/05\/kush-in-close-up-photography-3676962-300x195.jpg 300w, https:\/\/kiefonline.com\/wp-content\/uploads\/2020\/05\/kush-in-close-up-photography-3676962-550x358.jpg 550w, https:\/\/kiefonline.com\/wp-content\/uploads\/2020\/05\/kush-in-close-up-photography-3676962.jpg 580w\" sizes=\"auto, (max-width: 580px) 100vw, 580px\" \/><\/p>\n\n\t\t<\/div>\n\t<\/div>\n\t<\/div>\n<\/div><\/div>\t<div  class=\"vc_row wpb_row vc_row-fluid ts-row-wide\"  ><div class=\"wpb_column vc_column_container vc_col-sm-12 vc_custom_1494128134903\">\n\t<div class=\"wpb_wrapper\">\n\t\n\t<div class=\"wpb_text_column wpb_content_element vc_custom_1589288812594\" >\n\t\t<div class=\"wpb_wrapper\">\n\t\t\t<h4><span style=\"color: #000000;\">NOS VALEURS FONDAMENTALES<\/span><\/h4>\n\n\t\t<\/div>\n\t<\/div>\n<div class=\"vc_row wpb_row vc_inner vc_row-fluid\"><div class=\"wpb_column vc_column_container vc_col-sm-3\"><div class=\"vc_column-inner\"><div class=\"wpb_wrapper\">\n\t<div class=\"wpb_text_column wpb_content_element\" >\n\t\t<div class=\"wpb_wrapper\">\n\t\t\t<h5>Assurance qualit\u00e9<\/h5>\n<p>Notre \u00e9quipe d'experts hautement qualifi\u00e9s vous offre une assistance 24 heures sur 24, 7 jours sur 7, pour r\u00e9pondre \u00e0 vos besoins.<\/p>\n\n\t\t<\/div>\n\t<\/div>\n<\/div><\/div><\/div><div class=\"wpb_column vc_column_container vc_col-sm-3\"><div class=\"vc_column-inner\"><div class=\"wpb_wrapper\">\n\t<div class=\"wpb_text_column wpb_content_element\" >\n\t\t<div class=\"wpb_wrapper\">\n\t\t\t<h5>Vari\u00e9t\u00e9 de choix<\/h5>\n<p>Profitez d'un large choix de vari\u00e9t\u00e9s et de concentr\u00e9s provenant de marques internationales, ainsi que de produits bien adapt\u00e9s.<\/p>\n\n\t\t<\/div>\n\t<\/div>\n<\/div><\/div><\/div><div class=\"wpb_column vc_column_container vc_col-sm-3\"><div class=\"vc_column-inner\"><div class=\"wpb_wrapper\">\n\t<div class=\"wpb_text_column wpb_content_element\" >\n\t\t<div class=\"wpb_wrapper\">\n\t\t\t<h5>S\u00e9curit\u00e9 des achats<\/h5>\n<p>Nous ne partageons pas vos informations personnelles avec des soci\u00e9t\u00e9s tierces. Consultez notre politique de confidentialit\u00e9.<\/p>\n\n\t\t<\/div>\n\t<\/div>\n<\/div><\/div><\/div><div class=\"wpb_column vc_column_container vc_col-sm-3\"><div class=\"vc_column-inner\"><div class=\"wpb_wrapper\">\n\t<div class=\"wpb_text_column wpb_content_element\" >\n\t\t<div class=\"wpb_wrapper\">\n\t\t\t<h5>Livraison pratique<\/h5>\n<p>Nous offrons la livraison gratuite pour les clients r\u00e9sidant \u00e0 Santa Cruz, en Californie, et pour les commandes sup\u00e9rieures \u00e0 500,00 $. <em>\u20ac<\/em><\/p>\n\n\t\t<\/div>\n\t<\/div>\n<\/div><\/div><\/div><\/div>\t<\/div>\n<\/div><\/div>\t<div  class=\"vc_row wpb_row vc_row-fluid vc_custom_1589302474518 ts-row-wide ts-parallax-bg\"  data-vc-full-width=\"true\" data-vc-full-width-init=\"false\"  style=\"background-image: url(https:\/\/kiefonline.com\/wp-content\/uploads\/2020\/05\/testi_cover.jpg);\"><div class=\"wpb_column vc_column_container vc_col-sm-12\">\n\t<div class=\"wpb_wrapper\">\n\t\n\t<div class=\"wpb_text_column wpb_content_element\" >\n\t\t<div class=\"wpb_wrapper\">\n\t\t\t<h5 class=\"heading-title\" style=\"text-align: center; margin: 0 0 -20px 0;\"><span style=\"color: #ffffff;\">CE QU'ILS ONT DIT<\/span><\/h5>\n\n\t\t<\/div>\n\t<\/div>\n\t\t<div class=\"ts-testimonial-wrapper text-light  show-dots ts-slider loading\" \n\t\t\tdata-nav=\"0\" data-dots=\"1\" data-autoplay=\"1\">\n\t\t\t\t\t<div class=\"item has-image\">\n\t\t\t\t<div class=\"testimonial-content\">\n\t\t\t\t\t\t\t\t\t\t<div class=\"image\">\n\t\t\t\t\t\t<img loading=\"lazy\" decoding=\"async\" width=\"100\" height=\"100\" src=\"https:\/\/kiefonline.com\/wp-content\/uploads\/2017\/05\/100x100-100x100.png\" class=\"attachment-100x100 size-100x100 wp-post-image\" alt=\"\" \/>\t\t\t\t\t<\/div>\n\t\t\t\t\t\t\t\t\t\t\n\t\t\t\t\t\t\t\t\t\t<div class=\"rating\" title=\"Rated 3 out of 5\">\n\t\t\t\t\t\t<span style=\"width: 60%\">Rated 3 out of 5<\/span>\n\t\t\t\t\t<\/div>\n\t\t\t\t\t\t\t\t\t\t\n\t\t\t\t\t<div class=\"content\">\n\t\t\t\t\t\tC'est un service de qualit\u00e9, sans aucun doute ! Un accueil tr\u00e8s chaleureux avec des rafra\u00eechissements. Notre vendeuse Nicole est formidable. Manny est comp\u00e9tent et tr\u00e8s orient\u00e9 vers le client. Je n'irai nulle part ailleurs.\t\t\t\t\t<\/div>\n\t\t\t\t\t\n\t\t\t\t\t<h4 class=\"name\">\n\t\t\t\t\t\t<a href=\"#\" target=\"_blank\">\n\t\t\t\t\t\t\tWilliam\t\t\t\t\t\t<\/a>\n\t\t\t\t\t<\/h4>\n\t\t\t\t\t\n\t\t\t\t\t\t\t\t\t\t\n\t\t\t\t<\/div>\n\t\t\t<\/div>\n\t\t\t\t\t\t<div class=\"item has-image\">\n\t\t\t\t<div class=\"testimonial-content\">\n\t\t\t\t\t\t\t\t\t\t<div class=\"image\">\n\t\t\t\t\t\t<img loading=\"lazy\" decoding=\"async\" width=\"100\" height=\"100\" src=\"https:\/\/kiefonline.com\/wp-content\/uploads\/2017\/05\/100x100-100x100.png\" class=\"attachment-100x100 size-100x100 wp-post-image\" alt=\"\" \/>\t\t\t\t\t<\/div>\n\t\t\t\t\t\t\t\t\t\t\n\t\t\t\t\t\t\t\t\t\t<div class=\"rating\" title=\"Rated 4.5 out of 5\">\n\t\t\t\t\t\t<span style=\"width: 90%\">Rated 4.5 out of 5<\/span>\n\t\t\t\t\t<\/div>\n\t\t\t\t\t\t\t\t\t\t\n\t\t\t\t\t<div class=\"content\">\n\t\t\t\t\t\tLa livraison a \u00e9t\u00e9 rapide. Je trouve que la qualit\u00e9 est tr\u00e8s bonne. Effet imm\u00e9diat sur l'humeur et la qualit\u00e9 du sommeil. Apr\u00e8s environ 5 jours, j'ai remarqu\u00e9 que mes douleurs chroniques au cou avaient disparu. J'ai toujours des douleurs, mais l'une d'entre elles a disparu et les autres ont diminu\u00e9.\t\t\t\t\t<\/div>\n\t\t\t\t\t\n\t\t\t\t\t<h4 class=\"name\">\n\t\t\t\t\t\t<a href=\"http:\/\/theme-sky.com\" target=\"_blank\">\n\t\t\t\t\t\t\tMiss. Bonni\t\t\t\t\t\t<\/a>\n\t\t\t\t\t<\/h4>\n\t\t\t\t\t\n\t\t\t\t\t\t\t\t\t\t<div class=\"byline\">\n\t\t\t\t\t\tCEO - Themesky\t\t\t\t\t<\/div>\n\t\t\t\t\t\t\t\t\t\t\n\t\t\t\t<\/div>\n\t\t\t<\/div>\n\t\t\t\t\t\t<div class=\"item has-image\">\n\t\t\t\t<div class=\"testimonial-content\">\n\t\t\t\t\t\t\t\t\t\t<div class=\"image\">\n\t\t\t\t\t\t<img loading=\"lazy\" decoding=\"async\" width=\"100\" height=\"100\" src=\"https:\/\/kiefonline.com\/wp-content\/uploads\/2017\/05\/100x100-100x100.png\" class=\"attachment-100x100 size-100x100 wp-post-image\" alt=\"\" \/>\t\t\t\t\t<\/div>\n\t\t\t\t\t\t\t\t\t\t\n\t\t\t\t\t\t\t\t\t\t<div class=\"rating\" title=\"Rated 5 out of 5\">\n\t\t\t\t\t\t<span style=\"width: 100%\">Rated 5 out of 5<\/span>\n\t\t\t\t\t<\/div>\n\t\t\t\t\t\t\t\t\t\t\n\t\t\t\t\t<div class=\"content\">\n\t\t\t\t\t\tLes produits que j'ai achet\u00e9s chez eux sont tous d'excellente qualit\u00e9 ! Chaque vari\u00e9t\u00e9 est trait\u00e9e correctement et arrive parfaitement s\u00e9ch\u00e9e et affin\u00e9e. Et leurs stylos \u00e0 distillat sont g\u00e9niaux pour se soigner discr\u00e8tement lors de vos d\u00e9placements ! Je recommande vivement cette boutique.\t\t\t\t\t<\/div>\n\t\t\t\t\t\n\t\t\t\t\t<h4 class=\"name\">\n\t\t\t\t\t\t<a href=\"http:\/\/theme-sky.com\" target=\"_blank\">\n\t\t\t\t\t\t\tMrs.Jane\t\t\t\t\t\t<\/a>\n\t\t\t\t\t<\/h4>\n\t\t\t\t\t\n\t\t\t\t\t\t\t\t\t\t<div class=\"byline\">\n\t\t\t\t\t\tCEO - Themesky\t\t\t\t\t<\/div>\n\t\t\t\t\t\t\t\t\t\t\n\t\t\t\t<\/div>\n\t\t\t<\/div>\n\t\t\t\t\t<\/div>\n\t\t\t<\/div>\n<\/div><\/div><div class=\"vc_row-full-width\"><\/div>\n<\/div>","protected":false},"excerpt":{"rendered":"Les produits que j'ai achet\u00e9s chez eux sont tous d'excellente qualit\u00e9 ! Chaque vari\u00e9t\u00e9 est trait\u00e9e correctement et arrive parfaitement s\u00e9ch\u00e9e et affin\u00e9e. Et leurs stylos \u00e0 distillat sont g\u00e9niaux pour se soigner discr\u00e8tement lors de vos d\u00e9placements ! Je recommande vivement cette boutique.","protected":false},"author":1,"featured_media":0,"parent":0,"menu_order":0,"comment_status":"closed","ping_status":"closed","template":"","meta":{"_monsterinsights_skip_tracking":false,"_monsterinsights_sitenote_active":false,"_monsterinsights_sitenote_note":"","_monsterinsights_sitenote_category":0,"_joinchat":[],"footnotes":""},"yst_prominent_words":[],"class_list":["post-4182","page","type-page","status-publish","hentry"],"yoast_head":"<!-- This site is optimized with the Yoast SEO Premium plugin v14.5 - https:\/\/yoast.com\/wordpress\/plugins\/seo\/ -->\n<title>About us - Kief Online Shop<\/title>\n<meta name=\"robots\" content=\"index, follow\" \/>\n<meta name=\"googlebot\" content=\"index, follow, max-snippet:-1, max-image-preview:large, max-video-preview:-1\" \/>\n<meta name=\"bingbot\" content=\"index, follow, max-snippet:-1, max-image-preview:large, max-video-preview:-1\" \/>\n<link rel=\"canonical\" href=\"https:\/\/kiefonline.com\/fr\/about-us\/\" \/>\n<meta property=\"og:locale\" content=\"fr_FR\" \/>\n<meta property=\"og:type\" content=\"article\" \/>\n<meta property=\"og:title\" content=\"About us - Kief Online Shop\" \/>\n<meta property=\"og:url\" content=\"https:\/\/kiefonline.com\/fr\/about-us\/\" \/>\n<meta property=\"og:site_name\" content=\"Kief Online Shop\" \/>\n<meta property=\"article:modified_time\" content=\"2026-01-20T14:00:34+00:00\" \/>\n<meta property=\"og:image\" content=\"https:\/\/kiefonline.com\/wp-content\/uploads\/2020\/05\/kush-in-close-up-photography-3676962-300x195.jpg\" \/>\n<meta name=\"twitter:card\" content=\"summary_large_image\" \/>\n<script type=\"application\/ld+json\" class=\"yoast-schema-graph\">{\"@context\":\"https:\/\/schema.org\",\"@graph\":[{\"@type\":\"WebSite\",\"@id\":\"https:\/\/kiefonline.com\/fr\/#website\",\"url\":\"https:\/\/kiefonline.com\/fr\/\",\"name\":\"Kief Online Shop\",\"description\":\"Cannabis products for sale\",\"potentialAction\":[{\"@type\":\"SearchAction\",\"target\":\"https:\/\/kiefonline.com\/fr\/?s={search_term_string}\",\"query-input\":\"required name=search_term_string\"}],\"inLanguage\":\"fr-FR\"},{\"@type\":\"ImageObject\",\"@id\":\"https:\/\/kiefonline.com\/about-us\/#primaryimage\",\"inLanguage\":\"fr-FR\",\"url\":\"https:\/\/kiefonline.com\/wp-content\/uploads\/2020\/05\/kush-in-close-up-photography-3676962.jpg\",\"width\":580,\"height\":377},{\"@type\":\"WebPage\",\"@id\":\"https:\/\/kiefonline.com\/about-us\/#webpage\",\"url\":\"https:\/\/kiefonline.com\/about-us\/\",\"name\":\"About us - Kief Online Shop\",\"isPartOf\":{\"@id\":\"https:\/\/kiefonline.com\/fr\/#website\"},\"primaryImageOfPage\":{\"@id\":\"https:\/\/kiefonline.com\/about-us\/#primaryimage\"},\"datePublished\":\"2015-06-20T16:11:19+00:00\",\"dateModified\":\"2026-01-20T14:00:34+00:00\",\"inLanguage\":\"fr-FR\",\"potentialAction\":[{\"@type\":\"ReadAction\",\"target\":[\"https:\/\/kiefonline.com\/about-us\/\"]}]},{\"@type\":\"Place\",\"@id\":\"https:\/\/kiefonline.com\/about-us\/#local-place\",\"address\":{\"@type\":\"PostalAddress\",\"@id\":\"https:\/\/kiefonline.com\/about-us\/#local-place-address\",\"streetAddress\":\"\",\"addressLocality\":\"\",\"postalCode\":\"\",\"addressRegion\":\"\",\"addressCountry\":\"\"},\"geo\":{\"@type\":\"GeoCoordinates\",\"latitude\":\"\",\"longitude\":\"\"},\"openingHoursSpecification\":[{\"@type\":\"OpeningHoursSpecification\",\"dayOfWeek\":[\"Monday\",\"Tuesday\",\"Wednesday\",\"Thursday\",\"Friday\",\"Saturday\",\"Sunday\"],\"opens\":\"09:00\",\"closes\":\"17:00\"}]}]}<\/script>\n<!-- \/ Yoast SEO Premium plugin. -->","jetpack_sharing_enabled":true,"_links":{"self":[{"href":"https:\/\/kiefonline.com\/fr\/wp-json\/wp\/v2\/pages\/4182","targetHints":{"allow":["GET"]}}],"collection":[{"href":"https:\/\/kiefonline.com\/fr\/wp-json\/wp\/v2\/pages"}],"about":[{"href":"https:\/\/kiefonline.com\/fr\/wp-json\/wp\/v2\/types\/page"}],"author":[{"embeddable":true,"href":"https:\/\/kiefonline.com\/fr\/wp-json\/wp\/v2\/users\/1"}],"replies":[{"embeddable":true,"href":"https:\/\/kiefonline.com\/fr\/wp-json\/wp\/v2\/comments?post=4182"}],"version-history":[{"count":23,"href":"https:\/\/kiefonline.com\/fr\/wp-json\/wp\/v2\/pages\/4182\/revisions"}],"predecessor-version":[{"id":9346,"href":"https:\/\/kiefonline.com\/fr\/wp-json\/wp\/v2\/pages\/4182\/revisions\/9346"}],"wp:attachment":[{"href":"https:\/\/kiefonline.com\/fr\/wp-json\/wp\/v2\/media?parent=4182"}],"wp:term":[{"taxonomy":"yst_prominent_words","embeddable":true,"href":"https:\/\/kiefonline.com\/fr\/wp-json\/wp\/v2\/yst_prominent_words?post=4182"}],"curies":[{"name":"wp","href":"https:\/\/api.w.org\/{rel}","templated":true}]}}