{"id":2,"date":"2020-05-06T01:32:59","date_gmt":"2020-05-06T01:32:59","guid":{"rendered":"https:\/\/kiefonline.com\/?page_id=2"},"modified":"2026-01-20T12:05:01","modified_gmt":"2026-01-20T12:05:01","slug":"terms-and-conditions","status":"publish","type":"page","link":"https:\/\/kiefonline.com\/fr\/terms-and-conditions\/","title":{"rendered":"Conditions g\u00e9n\u00e9rales"},"content":{"rendered":"<p><p><strong>Veuillez lire attentivement les pr\u00e9sentes conditions g\u00e9n\u00e9rales avant d'utiliser notre service.<\/strong><\/p><br><p>Votre acc\u00e8s \u00e0 notre service et son utilisation sont soumis \u00e0 votre acceptation et \u00e0 votre respect des conditions suivantes. Ces conditions s'appliquent \u00e0 toutes les personnes qui acc\u00e8dent au service ou l'utilisent.<\/p><br><p>En acc\u00e9dant \u00e0 notre service ou en l'utilisant, vous acceptez d'\u00eatre li\u00e9 par ces conditions et d'en accepter toutes les cons\u00e9quences juridiques. Si vous n'acceptez pas nos conditions g\u00e9n\u00e9rales, en tout ou en partie, veuillez ne pas utiliser notre service.<\/p><br><p><strong>Achats<\/strong><\/p><br><p>Si vous souhaitez acheter l'un des produits ou services propos\u00e9s par le biais du service, vous devrez peut-\u00eatre fournir certaines informations relatives \u00e0 votre achat, notamment, mais sans s'y limiter : votre num\u00e9ro de carte de cr\u00e9dit et sa date d'expiration, votre adresse de facturation et les informations relatives \u00e0 la livraison.<\/p><br><p>Vous d\u00e9clarez et garantissez que : (i) vous avez le droit l\u00e9gal d'utiliser toute carte de cr\u00e9dit ou autre moyen de paiement dans le cadre de tout achat et que (ii) les informations que vous nous fournissez sont v\u00e9ridiques, exactes et compl\u00e8tes.<\/p><br><p>By submitting this information, you grant us the right to provide the information to third parties for purposes of facilitating the completion of purchases.<\/p><br><p>Nous nous r\u00e9servons le droit de refuser ou d'annuler votre commande \u00e0 tout moment pour des raisons incluant, sans s'y limiter : la disponibilit\u00e9 du produit ou du service, des erreurs dans la description ou le prix du produit ou du service, une erreur dans votre commande ou d'autres raisons.<\/p><br><p>Nous nous r\u00e9servons le droit de refuser ou d'annuler votre commande si nous soup\u00e7onnons une fraude, une transaction non autoris\u00e9e ou ill\u00e9gale. Nous ne serons pas tenus responsables de tout \u00e9chec dans la finalisation de l'achat, ni des pertes ou dommages qui pourraient en r\u00e9sulter pour vous.<\/p><br><p><strong>Disponibilit\u00e9, erreurs et inexactitudes<\/strong><\/p><br><p>Afin de fournir le meilleur service et la plus grande pr\u00e9cision possible, nous mettons r\u00e9guli\u00e8rement \u00e0 jour nos produits et services.<\/p><br><p>Nous ne pouvons garantir et ne garantissons pas l'exactitude ou l'exhaustivit\u00e9 des informations, y compris les prix, les images des produits, les sp\u00e9cifications, la disponibilit\u00e9 et les services. Nous nous r\u00e9servons le droit de modifier ou de mettre \u00e0 jour les informations et de corriger les erreurs, inexactitudes ou omissions \u00e0 tout moment sans pr\u00e9avis.<\/p><br><p>Malgr\u00e9 nos efforts pour garantir l'exactitude des informations, les produits ou services disponibles sur notre service peuvent pr\u00e9senter des erreurs de prix, \u00eatre d\u00e9crits de mani\u00e8re inexacte ou \u00eatre indisponibles.<\/p><br><p><strong>Comptes<\/strong><\/p><br><p>Lorsque vous cr\u00e9ez un compte chez nous, vous devez nous fournir des informations exactes, compl\u00e8tes et \u00e0 jour. Le fait de ne pas fournir ces informations constitue une violation de nos conditions g\u00e9n\u00e9rales, ce qui peut entra\u00eener la r\u00e9siliation imm\u00e9diate de votre compte sur notre service.<\/p><br><p>Vous \u00eates personnellement responsable de la protection du mot de passe que vous utilisez pour acc\u00e9der au service et de toutes les activit\u00e9s ou actions effectu\u00e9es sous votre mot de passe, que celui-ci soit li\u00e9 \u00e0 notre service ou \u00e0 un service tiers.<\/p><br><p>En utilisant notre service, vous acceptez de ne divulguer votre mot de passe \u00e0 aucun tiers. Vous devez nous informer imm\u00e9diatement d\u00e8s que vous constatez une violation de la s\u00e9curit\u00e9 ou une utilisation non autoris\u00e9e de votre compte.<\/p><br><p>Vous ne pouvez pas utiliser comme nom d'utilisateur le nom d'une autre personne ou entit\u00e9, ou un nom qui n'est pas l\u00e9galement disponible \u00e0 l'utilisation, un nom ou une marque commerciale soumis \u00e0 des droits appartenant \u00e0 une autre personne ou entit\u00e9 que vous-m\u00eame sans autorisation appropri\u00e9e, ou un nom qui est offensant, vulgaire ou obsc\u00e8ne.<\/p><br><p><strong>Propri\u00e9t\u00e9 intellectuelle<\/strong><\/p><br><p>Notre service et tous ses contenus, y compris, mais sans s'y limiter, les textes, images, graphiques ou codes, sont la propri\u00e9t\u00e9 de dalvin online dispensary Store. et sont prot\u00e9g\u00e9s par des droits d'auteur, des marques commerciales, des bases de donn\u00e9es et d'autres droits de propri\u00e9t\u00e9 intellectuelle. Vous pouvez afficher, copier, t\u00e9l\u00e9charger ou imprimer des parties du mat\u00e9riel provenant des diff\u00e9rentes sections du service uniquement pour votre usage personnel et non commercial, ou pour passer une commande aupr\u00e8s de <strong>Kief Online<\/strong>  Magasin dispensaire. Toute autre utilisation est strictement interdite et peut constituer une violation des lois sur les droits d'auteur, les marques commerciales et autres. Les pr\u00e9sentes conditions ne vous accordent pas le droit d'utiliser les marques commerciales du magasin dispensaire en ligne Dalvin ou de ses filiales. Vous acceptez en outre de ne pas utiliser, modifier ou supprimer les mentions de propri\u00e9t\u00e9 figurant sur les documents t\u00e9l\u00e9charg\u00e9s \u00e0 partir du service.<\/p><br><p><strong>Liens vers d'autres sites Web<\/strong><\/p><br><p>Le service peut contenir des liens vers des sites Web ou des services tiers qui ne sont ni d\u00e9tenus ni contr\u00f4l\u00e9s par <strong>Kief Online<\/strong> Magasin de pharmacie.<\/p><br><p><strong>Kief Online<\/strong> dispensary Store. n'a aucun contr\u00f4le et n'assume aucune responsabilit\u00e9 quant au contenu, aux politiques de confidentialit\u00e9 ou aux pratiques des sites Web ou services tiers. Vous reconnaissez et acceptez en outre que <strong>Kief Online<\/strong> dispensaire Store. ne saurait \u00eatre tenu responsable, directement ou indirectement, de tout dommage ou perte caus\u00e9 ou pr\u00e9tendument caus\u00e9 par ou en relation avec l'utilisation ou la confiance accord\u00e9e \u00e0 tout contenu, produit ou service disponible sur ou via ces sites Web ou services.<\/p><br><p>Nous vous recommandons vivement de lire les conditions g\u00e9n\u00e9rales et les politiques de confidentialit\u00e9 de tous les sites Web ou services tiers que vous visitez.<\/p><br><p><strong>R\u00e9siliation<\/strong><\/p><br><p>Nous pouvons r\u00e9silier ou suspendre l'acc\u00e8s \u00e0 notre service imm\u00e9diatement, sans pr\u00e9avis ni responsabilit\u00e9 pour quelque raison que ce soit, y compris, sans limitation, si vous enfreignez les Conditions.<\/p><br><p>Toutes les dispositions des Conditions resteront en vigueur apr\u00e8s la r\u00e9siliation, y compris, sans limitation, les dispositions relatives \u00e0 la propri\u00e9t\u00e9, les exclusions de garantie, l'indemnisation et les limitations de responsabilit\u00e9.<\/p><br><p>En cas de r\u00e9siliation, votre droit d'utiliser le service cessera imm\u00e9diatement. Si vous souhaitez r\u00e9silier votre compte, il vous suffit de cesser d'utiliser le service.<\/p><br><p><strong>Indemnisation<\/strong><\/p><br><p>Vous acceptez d'indemniser, de d\u00e9fendre et de d\u00e9gager de toute responsabilit\u00e9 <strong>Kief Online<\/strong> dispensaire Store, ses dirigeants, cadres, administrateurs, repr\u00e9sentants, employ\u00e9s, sous-traitants, conc\u00e9dants de licence, licenci\u00e9s, fournisseurs et agents, contre toute r\u00e9clamation, perte, dommage, obligation, co\u00fbt, action ou demande.<\/p><br><p>Cela comprend, sans s'y limiter : (a) les frais juridiques et comptables r\u00e9sultant de votre utilisation du service ; (b) votre violation de l'une des pr\u00e9sentes Conditions ; (c) tout ce que vous publiez ou t\u00e9l\u00e9chargez sur le Service ; et (d) toute activit\u00e9 li\u00e9e \u00e0 votre compte. Cela inclut toute conduite n\u00e9gligente ou ill\u00e9gale de votre part, de la part de toute personne ou entit\u00e9 acc\u00e9dant au service \u00e0 l'aide de votre compte, que cet acc\u00e8s soit obtenu par des moyens frauduleux ou ill\u00e9gaux.<\/p><br><p><strong>Limitation de responsabilit\u00e9<\/strong><\/p><br><p><strong>Kief Online<\/strong> Dispensary Store, ses administrateurs, employ\u00e9s, partenaires, agents, fournisseurs ou affili\u00e9s ne peuvent \u00eatre tenus responsables de toute perte ou dommage, direct ou indirect, accessoire, sp\u00e9cial, cons\u00e9cutif ou punitif, y compris, sans limitation, les pertes \u00e9conomiques, les pertes ou dommages caus\u00e9s aux supports \u00e9lectroniques ou aux donn\u00e9es, la perte de client\u00e8le ou autres pertes intangibles, r\u00e9sultant (i) de votre acc\u00e8s au Service ou de votre utilisation de celui-ci ; (ii) de votre incapacit\u00e9 \u00e0 acc\u00e9der au Service ou \u00e0 l'utiliser ; (iii) tout comportement ou contenu d'un tiers sur ou li\u00e9 au service ; (iv) tout contenu obtenu \u00e0 partir du service ou par son interm\u00e9diaire ; et (v) l'acc\u00e8s non autoris\u00e9, l'utilisation ou la modification de vos transmissions ou de votre contenu, qu'il s'agisse d'une garantie, d'un contrat, d'un d\u00e9lit (y compris la n\u00e9gligence) ou de toute autre r\u00e9clamation en droit, que nous ayons \u00e9t\u00e9 inform\u00e9s ou non de la possibilit\u00e9 d'un tel dommage, et m\u00eame si un recours pr\u00e9vu dans les pr\u00e9sentes s'av\u00e8re avoir manqu\u00e9 \u00e0 son objectif essentiel.<\/p><br><p><strong>Avertissement et non-renonciation aux droits<\/strong><\/p><br><p><strong>Kief Online<\/strong> dispensary Store. n'offre aucune garantie, d\u00e9claration ou assurance de quelque nature que ce soit concernant le site web et la technologie associ\u00e9e. Toutes les garanties, conditions g\u00e9n\u00e9rales et modalit\u00e9s pr\u00e9tendument applicables sont exclues, dans toute la mesure permise par la loi. Vous utilisez le Service \u00e0 vos propres risques. Le Service est fourni \u00ab tel quel \u00bb et \u00ab tel que disponible \u00bb. Le Service est fourni sans garantie d'aucune sorte, expresse ou implicite, y compris, mais sans s'y limiter, les garanties implicites de qualit\u00e9 marchande, d'ad\u00e9quation \u00e0 un usage particulier, de non-contrefa\u00e7on ou de d\u00e9roulement des prestations, sauf dans les cas pr\u00e9vus par les lois de toute province du Canada. Dans de tels cas, la loi provinciale s'applique dans la mesure n\u00e9cessaire.<\/p><br><p><strong>Kief Online<\/strong> Dispensaire Store, ses filiales, ses soci\u00e9t\u00e9s affili\u00e9es et ses conc\u00e9dants de licence ne garantissent pas que a) le service fonctionnera sans interruption, de mani\u00e8re s\u00e9curis\u00e9e ou sera disponible \u00e0 un moment ou \u00e0 un endroit particulier ; b) les erreurs ou d\u00e9fauts seront corrig\u00e9s ; c) le service est exempt de virus ou d'autres composants nuisibles ; ou d) les r\u00e9sultats de l'utilisation du service r\u00e9pondront \u00e0 vos exigences.<\/p><br><p>Si vous enfreignez l'une de ces conditions et <strong>Kief Online<\/strong> Magasin de vente au d\u00e9tail. choisit de ne pas agir imm\u00e9diatement, ou choisit de ne pas agir du tout, <strong>Kief Online<\/strong> Magasin de dispensation. conservera tous ses droits et recours \u00e0 toute date ult\u00e9rieure ou dans toute autre situation o\u00f9 vous enfreindrez les pr\u00e9sentes conditions. <strong>Kief Online<\/strong> Magasin dispensaire. Ne renonce \u00e0 aucun de ses droits. <strong>Kief Online<\/strong> Magasin dispensaire. ne saurait \u00eatre tenu responsable de toute violation pr\u00e9sum\u00e9e des pr\u00e9sentes conditions caus\u00e9e par des circonstances ind\u00e9pendantes de sa volont\u00e9. Une personne qui n'est pas partie aux pr\u00e9sentes conditions n'aura aucun droit d'ex\u00e9cution.<\/p><br><p>Vous ne pouvez c\u00e9der, sous-licencier ou transf\u00e9rer de quelque mani\u00e8re que ce soit vos droits en vertu des pr\u00e9sentes Conditions.<\/p><br><p><strong>Exclusions<\/strong><\/p><br><p>Comme indiqu\u00e9 ci-dessus, certaines juridictions n'autorisent pas l'exclusion de certaines garanties ou l'exclusion ou la limitation de responsabilit\u00e9 pour les dommages indirects ou accessoires. Par cons\u00e9quent, les limitations ci-dessus peuvent ne pas s'appliquer \u00e0 vous. Les lois provinciales du Canada peuvent s'appliquer \u00e0 certains produits et services fournis.<\/p><br><p><strong>Loi applicable<\/strong><\/p><br><p>Les pr\u00e9sentes conditions sont r\u00e9gies, interpr\u00e9t\u00e9es et appliqu\u00e9es conform\u00e9ment aux lois de la province de l'Ontario et aux lois du Canada, selon le cas.<\/p><br><p>Si une disposition des pr\u00e9sentes conditions est jug\u00e9e invalide ou inapplicable par un tribunal comp\u00e9tent, les autres dispositions des pr\u00e9sentes conditions resteront en vigueur. Les pr\u00e9sentes conditions constituent l'int\u00e9gralit\u00e9 de l'accord entre nous concernant notre Service et remplacent tout accord ant\u00e9rieur, oral ou autre, concernant le service.<\/p><br><p><strong>Changements<\/strong><\/p><br><p>Nous nous r\u00e9servons le droit, \u00e0 notre seule discr\u00e9tion, de modifier ou de remplacer ces conditions \u00e0 tout moment. Si une r\u00e9vision est importante, nous ferons des efforts raisonnables pour fournir un pr\u00e9avis d'au moins 30 jours avant l'entr\u00e9e en vigueur des nouvelles conditions. Ce qui constitue un changement important sera d\u00e9termin\u00e9 \u00e0 notre seule discr\u00e9tion.<\/p><br><p>En continuant \u00e0 acc\u00e9der \u00e0 notre service ou \u00e0 l'utiliser apr\u00e8s l'entr\u00e9e en vigueur de ces modifications, vous acceptez d'\u00eatre li\u00e9 par les conditions r\u00e9vis\u00e9es. Si vous n'acceptez pas les nouvelles conditions, en tout ou en partie, veuillez cesser d'utiliser le site web et le service.<\/p><br><p><strong>Retours<\/strong><\/p><br><p><strong>Kief Online<\/strong> Le dispensaire ne proc\u00e9dera au remboursement qu'apr\u00e8s \u00e9mission d'un rappel et acceptera le retour du produit. Il en est ainsi <strong>Kief Online<\/strong> Le dispensaire peut communiquer efficacement les donn\u00e9es \u00e0 Sant\u00e9 Canada. Les retours doivent \u00eatre effectu\u00e9s conform\u00e9ment aux directives du RACRM.<\/p><br><p><strong>Contactez-nous<\/strong><\/p><br><p>Si vous avez des questions concernant les pr\u00e9sentes Conditions, veuillez nous contacter.<\/p><\/p>","protected":false},"excerpt":{"rendered":"<p>Please read these terms and conditions carefully before using our service. Your access to and use of our service is based on your acceptance of and compliance to the following terms. These terms apply to all who access or use the service. By accessing or using our service you agree to be bound by these [&hellip;]<\/p>","protected":false},"author":1,"featured_media":0,"parent":0,"menu_order":0,"comment_status":"closed","ping_status":"closed","template":"","meta":{"_monsterinsights_skip_tracking":false,"_monsterinsights_sitenote_active":false,"_monsterinsights_sitenote_note":"","_monsterinsights_sitenote_category":0,"_joinchat":[],"footnotes":""},"yst_prominent_words":[],"class_list":["post-2","page","type-page","status-publish","hentry"],"yoast_head":"<!-- This site is optimized with the Yoast SEO Premium plugin v14.5 - https:\/\/yoast.com\/wordpress\/plugins\/seo\/ -->\n<title>Terms and conditions - Kief Online Shop<\/title>\n<meta name=\"robots\" content=\"index, follow\" \/>\n<meta name=\"googlebot\" content=\"index, follow, max-snippet:-1, max-image-preview:large, max-video-preview:-1\" \/>\n<meta name=\"bingbot\" content=\"index, follow, max-snippet:-1, max-image-preview:large, max-video-preview:-1\" \/>\n<link rel=\"canonical\" href=\"https:\/\/kiefonline.com\/fr\/terms-and-conditions\/\" \/>\n<meta property=\"og:locale\" content=\"fr_FR\" \/>\n<meta property=\"og:type\" content=\"article\" \/>\n<meta property=\"og:title\" content=\"Terms and conditions - Kief Online Shop\" \/>\n<meta property=\"og:description\" content=\"Please read these terms and conditions carefully before using our service. Your access to and use of our service is based on your acceptance of and compliance to the following terms. These terms apply to all who access or use the service. By accessing or using our service you agree to be bound by these [&hellip;]\" \/>\n<meta property=\"og:url\" content=\"https:\/\/kiefonline.com\/fr\/terms-and-conditions\/\" \/>\n<meta property=\"og:site_name\" content=\"Kief Online Shop\" \/>\n<meta property=\"article:modified_time\" content=\"2026-01-20T12:05:01+00:00\" \/>\n<meta name=\"twitter:card\" content=\"summary_large_image\" \/>\n<script type=\"application\/ld+json\" class=\"yoast-schema-graph\">{\"@context\":\"https:\/\/schema.org\",\"@graph\":[{\"@type\":\"WebSite\",\"@id\":\"https:\/\/kiefonline.com\/fr\/#website\",\"url\":\"https:\/\/kiefonline.com\/fr\/\",\"name\":\"Kief Online Shop\",\"description\":\"Cannabis products for sale\",\"potentialAction\":[{\"@type\":\"SearchAction\",\"target\":\"https:\/\/kiefonline.com\/fr\/?s={search_term_string}\",\"query-input\":\"required name=search_term_string\"}],\"inLanguage\":\"fr-FR\"},{\"@type\":\"WebPage\",\"@id\":\"https:\/\/kiefonline.com\/terms-and-conditions\/#webpage\",\"url\":\"https:\/\/kiefonline.com\/terms-and-conditions\/\",\"name\":\"Terms and conditions - Kief Online Shop\",\"isPartOf\":{\"@id\":\"https:\/\/kiefonline.com\/fr\/#website\"},\"datePublished\":\"2020-05-06T01:32:59+00:00\",\"dateModified\":\"2026-01-20T12:05:01+00:00\",\"inLanguage\":\"fr-FR\",\"potentialAction\":[{\"@type\":\"ReadAction\",\"target\":[\"https:\/\/kiefonline.com\/terms-and-conditions\/\"]}]},{\"@type\":\"Place\",\"@id\":\"https:\/\/kiefonline.com\/terms-and-conditions\/#local-place\",\"address\":{\"@type\":\"PostalAddress\",\"@id\":\"https:\/\/kiefonline.com\/terms-and-conditions\/#local-place-address\",\"streetAddress\":\"\",\"addressLocality\":\"\",\"postalCode\":\"\",\"addressRegion\":\"\",\"addressCountry\":\"\"},\"geo\":{\"@type\":\"GeoCoordinates\",\"latitude\":\"\",\"longitude\":\"\"},\"openingHoursSpecification\":[{\"@type\":\"OpeningHoursSpecification\",\"dayOfWeek\":[\"Monday\",\"Tuesday\",\"Wednesday\",\"Thursday\",\"Friday\",\"Saturday\",\"Sunday\"],\"opens\":\"09:00\",\"closes\":\"17:00\"}]}]}<\/script>\n<!-- \/ Yoast SEO Premium plugin. -->","jetpack_sharing_enabled":true,"_links":{"self":[{"href":"https:\/\/kiefonline.com\/fr\/wp-json\/wp\/v2\/pages\/2","targetHints":{"allow":["GET"]}}],"collection":[{"href":"https:\/\/kiefonline.com\/fr\/wp-json\/wp\/v2\/pages"}],"about":[{"href":"https:\/\/kiefonline.com\/fr\/wp-json\/wp\/v2\/types\/page"}],"author":[{"embeddable":true,"href":"https:\/\/kiefonline.com\/fr\/wp-json\/wp\/v2\/users\/1"}],"replies":[{"embeddable":true,"href":"https:\/\/kiefonline.com\/fr\/wp-json\/wp\/v2\/comments?post=2"}],"version-history":[{"count":2,"href":"https:\/\/kiefonline.com\/fr\/wp-json\/wp\/v2\/pages\/2\/revisions"}],"predecessor-version":[{"id":9327,"href":"https:\/\/kiefonline.com\/fr\/wp-json\/wp\/v2\/pages\/2\/revisions\/9327"}],"wp:attachment":[{"href":"https:\/\/kiefonline.com\/fr\/wp-json\/wp\/v2\/media?parent=2"}],"wp:term":[{"taxonomy":"yst_prominent_words","embeddable":true,"href":"https:\/\/kiefonline.com\/fr\/wp-json\/wp\/v2\/yst_prominent_words?post=2"}],"curies":[{"name":"wp","href":"https:\/\/api.w.org\/{rel}","templated":true}]}}