{"id":491,"date":"2014-11-12T14:41:47","date_gmt":"2014-11-12T14:41:47","guid":{"rendered":"https:\/\/kiefonline.com\/?page_id=491"},"modified":"2026-01-20T13:43:37","modified_gmt":"2026-01-20T13:43:37","slug":"how-to-order","status":"publish","type":"page","link":"https:\/\/kiefonline.com\/de\/how-to-order\/","title":{"rendered":"So bestellen Sie"},"content":{"rendered":"<h2><em>Wir k\u00fcmmern uns um dich wie deine Mama.<\/em><\/h2>\n<h2><em>w\u00fcrde.\u201c<\/em><\/h2>\n<h3>\u00d6ffnungszeiten<\/h3>\n<p>Telefonische Bestellungen: Mo\u2013Sa 10\u201322 Uhr  ||  So 10\u201320 Uhr<br \/>\nOnline-Bestellungen: 24 Stunden am Tag, 7 Tage die Woche<br \/>\n<strong>Lieferzeiten: Mo\u2013Sa 12:30\u201321:00 Uhr || So 11:30\u201320:00 Uhr<\/strong><\/p>\n<p><strong>KOSTENLOSE LIEFERUNG \u2013 Mindestbestellwert je nach Postleitzahl<br \/>\n<\/strong><\/p>\n<p><strong>Zahlungsoptionen f\u00fcr die Lieferung: Wir akzeptieren Bitcoin, Debitkarten \u00fcber Cash App und E-\u00dcberweisungen (f\u00fcr PayPal-Zahlungen ist eine ID erforderlich).<\/strong><\/p>\n<h3>Lieferung planen<\/h3>\n<p>Wir nehmen Bestellungen w\u00e4hrend unserer regul\u00e4ren Gesch\u00e4ftszeiten telefonisch entgegen. Sie k\u00f6nnen auch rund um die Uhr, sieben Tage die Woche Bestellungen auf unserer Website aufgeben.<br \/>\nZum Zeitpunkt Ihrer Bestellung best\u00e4tigt unser Fahrer die Lieferzeit* telefonisch. Nach der Best\u00e4tigung muss der Kunde zum angegebenen Liefertermin an der angegebenen Adresse erreichbar sein.<\/p>\n<p>Die Lieferung erfolgt \u00fcber USPS, UPS, Fedex oder Royal Mail durch Discreet Dropoff, die auch f\u00fcr die Abholung und Zustellung des Pakets an die angegebene Lieferadresse zust\u00e4ndig sind.<br \/>\n*Alle Zeiten sind ungef\u00e4hre Angaben und k\u00f6nnen durch den Verkehr beeinflusst werden.<\/p>\n<h3>Sicherheitsrichtlinien<\/h3>\n<ul>\n<li>Der Missbrauch des Dienstes oder unseres Personals f\u00fchrt zur Verweigerung des Dienstes.<\/li>\n<li>Der Fahrer bef\u00f6rdert keine anderen Produkte als Ihre Bestellung.<\/li>\n<li>Die Bestellung muss endg\u00fcltig sein, wenn Sie auf \u201eAbsenden\u201c klicken.<\/li>\n<li>Die Fahrzeuge der Fahrer sind mit \u00dcberwachungskameras ausgestattet und werden \u00fcber GPS von der Sicherheitszentrale aus verfolgt.<\/li>\n<li>Fahrer behalten sich das Recht vor, die Bef\u00f6rderung von Personen zu verweigern.<\/li>\n<li>Wir liefern nur an Wohnadressen, Ihren Arbeitsplatz oder das Hotel, in dem Sie eingecheckt sind. Adressen und Kontaktnummern werden \u00fcberpr\u00fcft.<\/li>\n<\/ul>\n<p>Unsere Fahrer tragen Uniform und fahren in unbeschrifteten Fahrzeugen. Die Fahrer werden nach dem Zufallsprinzip und anonym von unserem geschulten Sicherheitspersonal begleitet, um die Einhaltung der besten Praktiken sicherzustellen.<\/p>\n<p>Die Lieferungen werden in getarnten Arzneimittelkartons verpackt und der Marihuana-Inhalt in vakuumversiegelten Beuteln aus aluminiumlaminiertem Mylar-Material versandt.<\/p>","protected":false},"excerpt":{"rendered":"<p>We take care of you like your mama would.\u201d Hours Phone orders: Mon-Sat 10am-10pm\u00a0 ||\u00a0 Sun 10am-8pm Online orders: 24 hours a day 7 days a week Delivery Hours:\u00a0Mon-Sat 12:30am-9pm || Sun 11:30am-8pm FREE DELIVERY \u2013 minimum order amount determined by zip code Delivery Payment Options: We accept bitcoin, debit cards via Cash App and [&hellip;]<\/p>","protected":false},"author":1,"featured_media":0,"parent":0,"menu_order":0,"comment_status":"closed","ping_status":"closed","template":"","meta":{"_monsterinsights_skip_tracking":false,"_monsterinsights_sitenote_active":false,"_monsterinsights_sitenote_note":"","_monsterinsights_sitenote_category":0,"_joinchat":[],"footnotes":""},"yst_prominent_words":[],"class_list":["post-491","page","type-page","status-publish","hentry"],"yoast_head":"<!-- This site is optimized with the Yoast SEO Premium plugin v14.5 - https:\/\/yoast.com\/wordpress\/plugins\/seo\/ -->\n<title>How to order - Kief Online Shop<\/title>\n<meta name=\"robots\" content=\"index, follow\" \/>\n<meta name=\"googlebot\" content=\"index, follow, max-snippet:-1, max-image-preview:large, max-video-preview:-1\" \/>\n<meta name=\"bingbot\" content=\"index, follow, max-snippet:-1, max-image-preview:large, max-video-preview:-1\" \/>\n<link rel=\"canonical\" href=\"https:\/\/kiefonline.com\/de\/how-to-order\/\" \/>\n<meta property=\"og:locale\" content=\"de_DE\" \/>\n<meta property=\"og:type\" content=\"article\" \/>\n<meta property=\"og:title\" content=\"How to order - Kief Online Shop\" \/>\n<meta property=\"og:description\" content=\"We take care of you like your mama would.\u201d Hours Phone orders: Mon-Sat 10am-10pm\u00a0 ||\u00a0 Sun 10am-8pm Online orders: 24 hours a day 7 days a week Delivery Hours:\u00a0Mon-Sat 12:30am-9pm || Sun 11:30am-8pm FREE DELIVERY \u2013 minimum order amount determined by zip code Delivery Payment Options: We accept bitcoin, debit cards via Cash App and [&hellip;]\" \/>\n<meta property=\"og:url\" content=\"https:\/\/kiefonline.com\/de\/how-to-order\/\" \/>\n<meta property=\"og:site_name\" content=\"Kief Online Shop\" \/>\n<meta property=\"article:modified_time\" content=\"2026-01-20T13:43:37+00:00\" \/>\n<meta name=\"twitter:card\" content=\"summary_large_image\" \/>\n<script type=\"application\/ld+json\" class=\"yoast-schema-graph\">{\"@context\":\"https:\/\/schema.org\",\"@graph\":[{\"@type\":\"WebSite\",\"@id\":\"https:\/\/kiefonline.com\/de\/#website\",\"url\":\"https:\/\/kiefonline.com\/de\/\",\"name\":\"Kief Online Shop\",\"description\":\"Cannabis products for sale\",\"potentialAction\":[{\"@type\":\"SearchAction\",\"target\":\"https:\/\/kiefonline.com\/de\/?s={search_term_string}\",\"query-input\":\"required name=search_term_string\"}],\"inLanguage\":\"de\"},{\"@type\":\"WebPage\",\"@id\":\"https:\/\/kiefonline.com\/how-to-order\/#webpage\",\"url\":\"https:\/\/kiefonline.com\/how-to-order\/\",\"name\":\"How to order - Kief Online Shop\",\"isPartOf\":{\"@id\":\"https:\/\/kiefonline.com\/de\/#website\"},\"datePublished\":\"2014-11-12T14:41:47+00:00\",\"dateModified\":\"2026-01-20T13:43:37+00:00\",\"inLanguage\":\"de\",\"potentialAction\":[{\"@type\":\"ReadAction\",\"target\":[\"https:\/\/kiefonline.com\/how-to-order\/\"]}]},{\"@type\":\"Place\",\"@id\":\"https:\/\/kiefonline.com\/how-to-order\/#local-place\",\"address\":{\"@type\":\"PostalAddress\",\"@id\":\"https:\/\/kiefonline.com\/how-to-order\/#local-place-address\",\"streetAddress\":\"\",\"addressLocality\":\"\",\"postalCode\":\"\",\"addressRegion\":\"\",\"addressCountry\":\"\"},\"geo\":{\"@type\":\"GeoCoordinates\",\"latitude\":\"\",\"longitude\":\"\"},\"openingHoursSpecification\":[{\"@type\":\"OpeningHoursSpecification\",\"dayOfWeek\":[\"Monday\",\"Tuesday\",\"Wednesday\",\"Thursday\",\"Friday\",\"Saturday\",\"Sunday\"],\"opens\":\"09:00\",\"closes\":\"17:00\"}]}]}<\/script>\n<!-- \/ Yoast SEO Premium plugin. -->","jetpack_sharing_enabled":true,"_links":{"self":[{"href":"https:\/\/kiefonline.com\/de\/wp-json\/wp\/v2\/pages\/491","targetHints":{"allow":["GET"]}}],"collection":[{"href":"https:\/\/kiefonline.com\/de\/wp-json\/wp\/v2\/pages"}],"about":[{"href":"https:\/\/kiefonline.com\/de\/wp-json\/wp\/v2\/types\/page"}],"author":[{"embeddable":true,"href":"https:\/\/kiefonline.com\/de\/wp-json\/wp\/v2\/users\/1"}],"replies":[{"embeddable":true,"href":"https:\/\/kiefonline.com\/de\/wp-json\/wp\/v2\/comments?post=491"}],"version-history":[{"count":2,"href":"https:\/\/kiefonline.com\/de\/wp-json\/wp\/v2\/pages\/491\/revisions"}],"predecessor-version":[{"id":8588,"href":"https:\/\/kiefonline.com\/de\/wp-json\/wp\/v2\/pages\/491\/revisions\/8588"}],"wp:attachment":[{"href":"https:\/\/kiefonline.com\/de\/wp-json\/wp\/v2\/media?parent=491"}],"wp:term":[{"taxonomy":"yst_prominent_words","embeddable":true,"href":"https:\/\/kiefonline.com\/de\/wp-json\/wp\/v2\/yst_prominent_words?post=491"}],"curies":[{"name":"wp","href":"https:\/\/api.w.org\/{rel}","templated":true}]}}