{"id":2,"date":"2020-05-06T01:32:59","date_gmt":"2020-05-06T01:32:59","guid":{"rendered":"https:\/\/kiefonline.com\/?page_id=2"},"modified":"2026-01-20T12:05:01","modified_gmt":"2026-01-20T12:05:01","slug":"terms-and-conditions","status":"publish","type":"page","link":"https:\/\/kiefonline.com\/de\/terms-and-conditions\/","title":{"rendered":"Allgemeine Gesch\u00e4ftsbedingungen"},"content":{"rendered":"<p><p><strong>Bitte lesen Sie diese Allgemeinen Gesch\u00e4ftsbedingungen sorgf\u00e4ltig durch, bevor Sie unseren Service nutzen.<\/strong><\/p><br><p>Ihr Zugriff auf unseren Service und dessen Nutzung basieren auf Ihrer Zustimmung zu den folgenden Bedingungen und deren Einhaltung. Diese Bedingungen gelten f\u00fcr alle, die auf den Service zugreifen oder ihn nutzen.<\/p><br><p>Durch den Zugriff auf oder die Nutzung unseres Dienstes erkl\u00e4ren Sie sich mit diesen Bedingungen einverstanden und akzeptieren alle rechtlichen Konsequenzen. Wenn Sie unseren Gesch\u00e4ftsbedingungen ganz oder teilweise nicht zustimmen, nutzen Sie unseren Dienst bitte nicht.<\/p><br><p><strong>Eink\u00e4ufe<\/strong><\/p><br><p>Wenn Sie eines der \u00fcber den Dienst angebotenen Produkte oder eine der angebotenen Dienstleistungen erwerben m\u00f6chten, m\u00fcssen Sie m\u00f6glicherweise einige f\u00fcr Ihren Kauf relevante Informationen angeben, darunter unter anderem: Ihre Kreditkartennummer und das Ablaufdatum, Ihre Rechnungsadresse und Versandinformationen.<\/p><br><p>Sie versichern und garantieren, dass: (i) Sie das gesetzliche Recht haben, Kreditkarten oder andere Zahlungsmethoden im Zusammenhang mit einem Kauf zu verwenden, und dass (ii) die Informationen, die Sie uns zur Verf\u00fcgung stellen, wahr, korrekt und vollst\u00e4ndig sind.<\/p><br><p>By submitting this information, you grant us the right to provide the information to third parties for purposes of facilitating the completion of purchases.<\/p><br><p>Wir behalten uns das Recht vor, Ihre Bestellung jederzeit aus Gr\u00fcnden abzulehnen oder zu stornieren, einschlie\u00dflich, aber nicht beschr\u00e4nkt auf: Verf\u00fcgbarkeit von Produkten oder Dienstleistungen, Fehler in der Beschreibung oder im Preis des Produkts oder der Dienstleistung, Fehler in Ihrer Bestellung oder andere Gr\u00fcnde.<\/p><br><p>Wir behalten uns das Recht vor, Ihre Bestellung abzulehnen oder zu stornieren, wenn der Verdacht auf Betrug, eine nicht autorisierte oder illegale Transaktion besteht. Wir \u00fcbernehmen keine Verantwortung oder Haftung f\u00fcr das Scheitern des Kaufs oder daraus resultierende Verluste oder Sch\u00e4den f\u00fcr Sie.<\/p><br><p><strong>Verf\u00fcgbarkeit, Fehler und Ungenauigkeiten<\/strong><\/p><br><p>Um Ihnen den bestm\u00f6glichen Service und h\u00f6chste Genauigkeit zu bieten, aktualisieren wir unsere Produkte und Dienstleistungen regelm\u00e4\u00dfig.<\/p><br><p>Wir k\u00f6nnen und werden keine Gew\u00e4hr f\u00fcr die Richtigkeit oder Vollst\u00e4ndigkeit der Informationen \u00fcbernehmen, einschlie\u00dflich Preise, Produktbilder, Spezifikationen, Verf\u00fcgbarkeit und Dienstleistungen. Wir behalten uns das Recht vor, Informationen jederzeit ohne vorherige Ank\u00fcndigung zu \u00e4ndern oder zu aktualisieren und Fehler, Ungenauigkeiten oder Auslassungen zu korrigieren.<\/p><br><p>Trotz aller Bem\u00fchungen um Genauigkeit k\u00f6nnen die auf unserer Website angebotenen Produkte oder Dienstleistungen Fehler hinsichtlich des Preises enthalten, ungenau beschrieben oder nicht verf\u00fcgbar sein.<\/p><br><p><strong>Konten<\/strong><\/p><br><p>Wenn Sie ein Konto bei uns erstellen, m\u00fcssen Sie uns genaue, vollst\u00e4ndige und aktuelle Informationen zur Verf\u00fcgung stellen. Die Nichtbereitstellung dieser Informationen stellt einen Versto\u00df gegen unsere Bedingungen dar, was zur sofortigen K\u00fcndigung Ihres Kontos bei unserem Dienst f\u00fchren kann.<\/p><br><p>Sie sind pers\u00f6nlich daf\u00fcr verantwortlich, das Passwort, das Sie f\u00fcr den Zugriff auf den Dienst verwenden, zu sch\u00fctzen und f\u00fcr alle Aktivit\u00e4ten oder Handlungen, die unter Ihrem Passwort erfolgen, unabh\u00e4ngig davon, ob Ihr Passwort f\u00fcr unseren Dienst oder einen Drittanbieter-Dienst gilt.<\/p><br><p>Durch die Nutzung unseres Dienstes erkl\u00e4ren Sie sich damit einverstanden, Ihr Passwort nicht an Dritte weiterzugeben. Sie m\u00fcssen uns unverz\u00fcglich benachrichtigen, sobald Sie Kenntnis von einer Sicherheitsverletzung oder einer unbefugten Nutzung Ihres Kontos erhalten.<\/p><br><p>Sie d\u00fcrfen als Benutzernamen weder den Namen einer anderen Person oder Organisation noch einen Namen verwenden, der nicht rechtm\u00e4\u00dfig zur Verwendung verf\u00fcgbar ist, einen Namen oder eine Marke, die ohne entsprechende Genehmigung den Rechten einer anderen Person oder Organisation unterliegen, oder einen Namen, der in anderer Weise beleidigend, vulg\u00e4r oder obsz\u00f6n ist.<\/p><br><p><strong>Geistiges Eigentum<\/strong><\/p><br><p>Unser Service und alle Inhalte, einschlie\u00dflich, aber nicht beschr\u00e4nkt auf Texte, Bilder, Grafiken oder Codes, sind Eigentum von dalvin online dispensary Store. und sind durch Urheberrechte, Marken, Datenbanken und andere Rechte an geistigem Eigentum gesch\u00fctzt. Sie d\u00fcrfen Teile des Materials aus den verschiedenen Bereichen des Dienstes nur f\u00fcr Ihren eigenen, nicht kommerziellen Gebrauch anzeigen, kopieren, herunterladen oder ausdrucken oder um eine Bestellung aufzugeben bei <strong>Kief Online<\/strong>  Apotheke Store. Jede andere Verwendung ist strengstens untersagt und kann gegen Urheberrechts-, Marken- und andere Gesetze versto\u00dfen. Diese Bedingungen gew\u00e4hren Ihnen keine Lizenz zur Nutzung von Markenzeichen der Dalvin Online-Apotheke Store oder ihrer verbundenen Unternehmen. Sie erkl\u00e4ren sich ferner damit einverstanden, keine Eigentumsvermerke aus Materialien zu verwenden, zu \u00e4ndern oder zu l\u00f6schen, die Sie aus dem Dienst heruntergeladen haben.<\/p><br><p><strong>Links zu anderen Websites<\/strong><\/p><br><p>Der Dienst kann Links zu Websites oder Diensten Dritter enthalten, die nicht Eigentum von sind oder von kontrolliert werden. <strong>Kief Online<\/strong> Apotheke.<\/p><br><p><strong>Kief Online<\/strong> Dispensary Store hat keine Kontrolle \u00fcber die Inhalte, Datenschutzrichtlinien oder Praktiken von Websites oder Diensten Dritter und \u00fcbernimmt keine Verantwortung daf\u00fcr. Sie erkennen ferner an und stimmen zu, dass <strong>Kief Online<\/strong> Apotheke Store. \u00fcbernimmt weder direkt noch indirekt Verantwortung oder Haftung f\u00fcr Sch\u00e4den oder Verluste, die durch oder in Verbindung mit der Nutzung oder dem Vertrauen auf solche Inhalte, Waren oder Dienstleistungen, die auf oder \u00fcber solche Websites oder Dienste verf\u00fcgbar sind, verursacht wurden oder angeblich verursacht wurden.<\/p><br><p>Wir empfehlen Ihnen dringend, die Nutzungsbedingungen und Datenschutzrichtlinien aller Websites oder Dienste von Drittanbietern, die Sie besuchen, zu lesen.<\/p><br><p><strong>K\u00fcndigung<\/strong><\/p><br><p>Wir k\u00f6nnen den Zugang zu unserem Dienst ohne vorherige Ank\u00fcndigung und ohne Haftung aus beliebigen Gr\u00fcnden sofort beenden oder aussetzen, insbesondere wenn Sie gegen die Nutzungsbedingungen versto\u00dfen.<\/p><br><p>Alle Bestimmungen der Nutzungsbedingungen bleiben auch nach der K\u00fcndigung bestehen, einschlie\u00dflich, aber nicht beschr\u00e4nkt auf Bestimmungen zum Eigentum, Gew\u00e4hrleistungsausschl\u00fcsse, Entsch\u00e4digungen und Haftungsbeschr\u00e4nkungen.<\/p><br><p>Bei K\u00fcndigung erlischt Ihr Recht zur Nutzung des Dienstes sofort. Wenn Sie Ihr Konto k\u00fcndigen m\u00f6chten, k\u00f6nnen Sie einfach die Nutzung des Dienstes einstellen.<\/p><br><p><strong>Entsch\u00e4digung<\/strong><\/p><br><p>Sie erkl\u00e4ren sich damit einverstanden, zu entsch\u00e4digen, zu verteidigen und schadlos zu halten <strong>Kief Online<\/strong> Dispensary Store, seine Gesch\u00e4ftsf\u00fchrer, leitenden Angestellten, Direktoren, Vertreter, Mitarbeiter, Auftragnehmer, Lizenzgeber, Lizenznehmer, Lieferanten und Beauftragten von allen Anspr\u00fcchen, Verlusten, Sch\u00e4den, Verpflichtungen, Kosten, Klagen oder Forderungen freizustellen und schadlos zu halten.<\/p><br><p>Dazu geh\u00f6ren unter anderem: (a) Rechts- und Buchhaltungskosten, die durch Ihre Nutzung des Dienstes entstehen; (b) Ihre Verletzung einer dieser Bedingungen; (c) alles, was Sie auf dem Dienst ver\u00f6ffentlichen oder hochladen; und (d) alle Aktivit\u00e4ten im Zusammenhang mit Ihrem Konto. Dazu geh\u00f6ren fahrl\u00e4ssiges oder illegales Verhalten Ihrerseits, jeder Person oder Organisation, die \u00fcber Ihr Konto auf den Dienst zugreift, unabh\u00e4ngig davon, ob dieser Zugriff durch betr\u00fcgerische oder illegale Mittel erfolgt ist.<\/p><br><p><strong>Haftungsbeschr\u00e4nkung<\/strong><\/p><br><p><strong>Kief Online<\/strong> Dispensary Store, seine Direktoren, Mitarbeiter, Partner, Vertreter, Lieferanten oder verbundenen Unternehmen haften nicht f\u00fcr direkte oder indirekte Verluste oder Sch\u00e4den, zuf\u00e4llige, besondere, Folge- oder Strafsch\u00e4den, einschlie\u00dflich, aber nicht beschr\u00e4nkt auf wirtschaftliche Verluste, Verluste oder Sch\u00e4den an elektronischen Medien oder Daten, Goodwill oder andere immaterielle Verluste, die sich aus (i) Ihrem Zugriff auf oder Ihrer Nutzung des Dienstes, (ii) Ihrer Unf\u00e4higkeit, auf den Dienst zuzugreifen oder ihn zu nutzen, (iii) jeglichem Verhalten oder Inhalt Dritter auf oder in Verbindung mit dem Dienst; (iv) Inhalten, die \u00fcber den Dienst oder von diesem bezogen wurden; und (v) dem unbefugten Zugriff auf, der Nutzung oder \u00c4nderung Ihrer \u00dcbertragungen oder Inhalte, unabh\u00e4ngig davon, ob diese auf Gew\u00e4hrleistung, Vertrag, unerlaubter Handlung (einschlie\u00dflich Fahrl\u00e4ssigkeit) oder anderen Rechtsanspr\u00fcchen beruhen, unabh\u00e4ngig davon, ob wir \u00fcber die M\u00f6glichkeit solcher Sch\u00e4den informiert wurden oder nicht, und selbst wenn eine hierin dargelegte Abhilfema\u00dfnahme ihren wesentlichen Zweck verfehlt hat.<\/p><br><p><strong>Haftungsausschluss und Nichtverzicht auf Rechte<\/strong><\/p><br><p><strong>Kief Online<\/strong> Dispensary Store \u00fcbernimmt keinerlei Garantien, Zusicherungen oder Gew\u00e4hrleistungen jeglicher Art in Bezug auf die Website und die damit verbundene Technologie. Alle angeblich geltenden Gew\u00e4hrleistungen und Gesch\u00e4ftsbedingungen sind im gesetzlich zul\u00e4ssigen Umfang ausgeschlossen. Die Nutzung des Dienstes erfolgt auf Ihr eigenes Risiko. Der Dienst wird \u201ewie besehen\u201c und \u201ewie verf\u00fcgbar\u201c bereitgestellt. Der Dienst wird ohne jegliche ausdr\u00fcckliche oder stillschweigende Gew\u00e4hrleistung bereitgestellt, einschlie\u00dflich, aber nicht beschr\u00e4nkt auf stillschweigende Gew\u00e4hrleistungen der Marktg\u00e4ngigkeit, Eignung f\u00fcr einen bestimmten Zweck, Nichtverletzung von Rechten oder Leistungsablauf, au\u00dfer wie nach den Gesetzen einer Provinz in Kanada vorgesehen. In solchen F\u00e4llen gilt das Provinzrecht im erforderlichen Umfang.<\/p><br><p><strong>Kief Online<\/strong> Dispensary Store. Seine Tochtergesellschaften, verbundenen Unternehmen und Lizenzgeber garantieren nicht, dass a) der Dienst zu einem bestimmten Zeitpunkt oder an einem bestimmten Ort ununterbrochen, sicher oder verf\u00fcgbar ist; b) Fehler oder M\u00e4ngel behoben werden; c) der Dienst frei von Viren oder anderen sch\u00e4dlichen Komponenten ist; oder d) die Ergebnisse der Nutzung des Dienstes Ihren Anforderungen entsprechen.<\/p><br><p>Wenn Sie gegen eine dieser Bedingungen versto\u00dfen und <strong>Kief Online<\/strong> Apotheke. entscheidet sich, nicht sofort zu handeln oder gar nicht zu handeln, <strong>Kief Online<\/strong> Apotheke Store. beh\u00e4lt sich alle Rechte und Rechtsmittel zu einem sp\u00e4teren Zeitpunkt oder in jeder anderen Situation vor, in der Sie gegen diese Bedingungen versto\u00dfen. <strong>Kief Online<\/strong> Apotheke. verzichtet nicht auf ihre Rechte. <strong>Kief Online<\/strong> Apotheke. haftet nicht f\u00fcr angebliche Verst\u00f6\u00dfe gegen diese Bedingungen, die durch Umst\u00e4nde au\u00dferhalb ihrer Kontrolle verursacht wurden. Eine Person, die nicht Vertragspartei dieser Bedingungen ist, hat keine Durchsetzungsrechte.<\/p><br><p>Sie d\u00fcrfen Ihre Rechte aus diesen Bedingungen nicht abtreten, unterlizenzieren oder anderweitig \u00fcbertragen.<\/p><br><p><strong>Ausschl\u00fcsse<\/strong><\/p><br><p>Wie oben dargelegt, lassen einige Rechtsordnungen den Ausschluss bestimmter Gew\u00e4hrleistungen oder den Ausschluss oder die Beschr\u00e4nkung der Haftung f\u00fcr Folgesch\u00e4den oder zuf\u00e4llige Sch\u00e4den nicht zu, sodass die oben genannten Beschr\u00e4nkungen m\u00f6glicherweise nicht f\u00fcr Sie gelten. F\u00fcr bestimmte Produkte und Dienstleistungen k\u00f6nnen die Provinzgesetze Kanadas gelten.<\/p><br><p><strong>Anwendbares Recht<\/strong><\/p><br><p>Diese Bedingungen unterliegen den Gesetzen der Provinz Ontario und den Gesetzen Kanadas, soweit anwendbar, und werden in \u00dcbereinstimmung mit diesen ausgelegt und durchgesetzt.<\/p><br><p>Sollte eine Bestimmung dieser Bedingungen von einem zust\u00e4ndigen Gericht f\u00fcr ung\u00fcltig oder nicht durchsetzbar befunden werden, bleiben die \u00fcbrigen Bestimmungen dieser Bedingungen weiterhin in Kraft. Diese Bedingungen stellen die gesamte Vereinbarung zwischen uns in Bezug auf unseren Service dar und ersetzen alle fr\u00fcheren m\u00fcndlichen oder sonstigen Vereinbarungen in Bezug auf den Service.<\/p><br><p><strong>\u00c4nderungen<\/strong><\/p><br><p>Wir behalten uns das Recht vor, diese Bedingungen jederzeit nach eigenem Ermessen zu \u00e4ndern oder zu ersetzen. Bei wesentlichen \u00c4nderungen werden wir uns in angemessener Weise bem\u00fchen, mindestens 30 Tage vor Inkrafttreten der neuen Bedingungen eine entsprechende Mitteilung zu machen. Was eine wesentliche \u00c4nderung darstellt, wird nach unserem alleinigen Ermessen festgelegt.<\/p><br><p>Durch die weitere Nutzung unseres Dienstes nach Inkrafttreten dieser \u00c4nderungen erkl\u00e4ren Sie sich mit den ge\u00e4nderten Bedingungen einverstanden. Wenn Sie mit den neuen Bedingungen ganz oder teilweise nicht einverstanden sind, stellen Sie bitte die Nutzung der Website und des Dienstes ein.<\/p><br><p><strong>R\u00fcckgaben<\/strong><\/p><br><p><strong>Kief Online<\/strong> Der Apothekenladen gew\u00e4hrt nur bei R\u00fcckruf eine R\u00fcckerstattung und nimmt das Produkt zur\u00fcck. Dies ist so <strong>Kief Online<\/strong> Die Apotheke kann die Daten effektiv an Health Canada melden. R\u00fcckgaben m\u00fcssen gem\u00e4\u00df den ACMPR-Richtlinien erfolgen.<\/p><br><p><strong>Kontaktieren Sie uns<\/strong><\/p><br><p>Wenn Sie Fragen zu diesen Bedingungen haben, wenden Sie sich bitte an uns.<\/p><\/p>","protected":false},"excerpt":{"rendered":"<p>Please read these terms and conditions carefully before using our service. Your access to and use of our service is based on your acceptance of and compliance to the following terms. These terms apply to all who access or use the service. By accessing or using our service you agree to be bound by these [&hellip;]<\/p>","protected":false},"author":1,"featured_media":0,"parent":0,"menu_order":0,"comment_status":"closed","ping_status":"closed","template":"","meta":{"_monsterinsights_skip_tracking":false,"_monsterinsights_sitenote_active":false,"_monsterinsights_sitenote_note":"","_monsterinsights_sitenote_category":0,"_joinchat":[],"footnotes":""},"yst_prominent_words":[],"class_list":["post-2","page","type-page","status-publish","hentry"],"yoast_head":"<!-- This site is optimized with the Yoast SEO Premium plugin v14.5 - https:\/\/yoast.com\/wordpress\/plugins\/seo\/ -->\n<title>Terms and conditions - Kief Online Shop<\/title>\n<meta name=\"robots\" content=\"index, follow\" \/>\n<meta name=\"googlebot\" content=\"index, follow, max-snippet:-1, max-image-preview:large, max-video-preview:-1\" \/>\n<meta name=\"bingbot\" content=\"index, follow, max-snippet:-1, max-image-preview:large, max-video-preview:-1\" \/>\n<link rel=\"canonical\" href=\"https:\/\/kiefonline.com\/de\/terms-and-conditions\/\" \/>\n<meta property=\"og:locale\" content=\"de_DE\" \/>\n<meta property=\"og:type\" content=\"article\" \/>\n<meta property=\"og:title\" content=\"Terms and conditions - Kief Online Shop\" \/>\n<meta property=\"og:description\" content=\"Please read these terms and conditions carefully before using our service. Your access to and use of our service is based on your acceptance of and compliance to the following terms. These terms apply to all who access or use the service. By accessing or using our service you agree to be bound by these [&hellip;]\" \/>\n<meta property=\"og:url\" content=\"https:\/\/kiefonline.com\/de\/terms-and-conditions\/\" \/>\n<meta property=\"og:site_name\" content=\"Kief Online Shop\" \/>\n<meta property=\"article:modified_time\" content=\"2026-01-20T12:05:01+00:00\" \/>\n<meta name=\"twitter:card\" content=\"summary_large_image\" \/>\n<script type=\"application\/ld+json\" class=\"yoast-schema-graph\">{\"@context\":\"https:\/\/schema.org\",\"@graph\":[{\"@type\":\"WebSite\",\"@id\":\"https:\/\/kiefonline.com\/de\/#website\",\"url\":\"https:\/\/kiefonline.com\/de\/\",\"name\":\"Kief Online Shop\",\"description\":\"Cannabis products for sale\",\"potentialAction\":[{\"@type\":\"SearchAction\",\"target\":\"https:\/\/kiefonline.com\/de\/?s={search_term_string}\",\"query-input\":\"required name=search_term_string\"}],\"inLanguage\":\"de\"},{\"@type\":\"WebPage\",\"@id\":\"https:\/\/kiefonline.com\/terms-and-conditions\/#webpage\",\"url\":\"https:\/\/kiefonline.com\/terms-and-conditions\/\",\"name\":\"Terms and conditions - Kief Online Shop\",\"isPartOf\":{\"@id\":\"https:\/\/kiefonline.com\/de\/#website\"},\"datePublished\":\"2020-05-06T01:32:59+00:00\",\"dateModified\":\"2026-01-20T12:05:01+00:00\",\"inLanguage\":\"de\",\"potentialAction\":[{\"@type\":\"ReadAction\",\"target\":[\"https:\/\/kiefonline.com\/terms-and-conditions\/\"]}]},{\"@type\":\"Place\",\"@id\":\"https:\/\/kiefonline.com\/terms-and-conditions\/#local-place\",\"address\":{\"@type\":\"PostalAddress\",\"@id\":\"https:\/\/kiefonline.com\/terms-and-conditions\/#local-place-address\",\"streetAddress\":\"\",\"addressLocality\":\"\",\"postalCode\":\"\",\"addressRegion\":\"\",\"addressCountry\":\"\"},\"geo\":{\"@type\":\"GeoCoordinates\",\"latitude\":\"\",\"longitude\":\"\"},\"openingHoursSpecification\":[{\"@type\":\"OpeningHoursSpecification\",\"dayOfWeek\":[\"Monday\",\"Tuesday\",\"Wednesday\",\"Thursday\",\"Friday\",\"Saturday\",\"Sunday\"],\"opens\":\"09:00\",\"closes\":\"17:00\"}]}]}<\/script>\n<!-- \/ Yoast SEO Premium plugin. -->","jetpack_sharing_enabled":true,"_links":{"self":[{"href":"https:\/\/kiefonline.com\/de\/wp-json\/wp\/v2\/pages\/2","targetHints":{"allow":["GET"]}}],"collection":[{"href":"https:\/\/kiefonline.com\/de\/wp-json\/wp\/v2\/pages"}],"about":[{"href":"https:\/\/kiefonline.com\/de\/wp-json\/wp\/v2\/types\/page"}],"author":[{"embeddable":true,"href":"https:\/\/kiefonline.com\/de\/wp-json\/wp\/v2\/users\/1"}],"replies":[{"embeddable":true,"href":"https:\/\/kiefonline.com\/de\/wp-json\/wp\/v2\/comments?post=2"}],"version-history":[{"count":2,"href":"https:\/\/kiefonline.com\/de\/wp-json\/wp\/v2\/pages\/2\/revisions"}],"predecessor-version":[{"id":9327,"href":"https:\/\/kiefonline.com\/de\/wp-json\/wp\/v2\/pages\/2\/revisions\/9327"}],"wp:attachment":[{"href":"https:\/\/kiefonline.com\/de\/wp-json\/wp\/v2\/media?parent=2"}],"wp:term":[{"taxonomy":"yst_prominent_words","embeddable":true,"href":"https:\/\/kiefonline.com\/de\/wp-json\/wp\/v2\/yst_prominent_words?post=2"}],"curies":[{"name":"wp","href":"https:\/\/api.w.org\/{rel}","templated":true}]}}